{"id":2816,"date":"2021-03-01T16:14:42","date_gmt":"2021-03-01T15:14:42","guid":{"rendered":"https:\/\/www.csa.be\/egalitediversite\/?page_id=2816"},"modified":"2021-09-30T10:41:30","modified_gmt":"2021-09-30T08:41:30","slug":"barometre-2019-methodologie-du-barometre-pub","status":"publish","type":"page","link":"https:\/\/www.csa.be\/egalitediversite\/barometre-2019-methodologie-du-barometre-pub\/","title":{"rendered":"Barom\u00e8tre 2019: m\u00e9thodologie du Barom\u00e8tre PUB"},"content":{"rendered":"<p>[et_pb_section fb_built=\u00a0\u00bb1&Prime; _builder_version=\u00a0\u00bb4.5.6&Prime; _module_preset=\u00a0\u00bbdefault\u00a0\u00bb background_color=\u00a0\u00bbrgba(0,0,0,0)\u00a0\u00bb use_background_color_gradient=\u00a0\u00bbon\u00a0\u00bb background_color_gradient_start=\u00a0\u00bb#4fb798&Prime; background_color_gradient_end=\u00a0\u00bb#005497&Prime; custom_margin=\u00a0\u00bb||-10px|||\u00a0\u00bb custom_padding=\u00a0\u00bb||9px|||\u00a0\u00bb][et_pb_row _builder_version=\u00a0\u00bb3.25&Prime; use_background_color_gradient=\u00a0\u00bbon\u00a0\u00bb background_color_gradient_start=\u00a0\u00bbrgba(26,24,68,0)\u00a0\u00bb background_color_gradient_end=\u00a0\u00bb#1a1844&Prime; background_color_gradient_overlays_image=\u00a0\u00bbon\u00a0\u00bb background_image=\u00a0\u00bbhttps:\/\/www.csa.be\/egalitediversite\/wp-content\/uploads\/sites\/2\/2020\/08\/podcast-02-1.png\u00a0\u00bb background_position=\u00a0\u00bbtop_center\u00a0\u00bb width=\u00a0\u00bb100%\u00a0\u00bb max_width=\u00a0\u00bb100%\u00a0\u00bb custom_margin=\u00a0\u00bb-99px|auto|-5px|auto||\u00a0\u00bb custom_padding=\u00a0\u00bb143px|10%|199px|10%||true\u00a0\u00bb animation_style=\u00a0\u00bbslide\u00a0\u00bb animation_direction=\u00a0\u00bbbottom\u00a0\u00bb animation_intensity_slide=\u00a0\u00bb1%\u00a0\u00bb use_custom_width=\u00a0\u00bbon\u00a0\u00bb width_unit=\u00a0\u00bboff\u00a0\u00bb custom_width_percent=\u00a0\u00bb100%\u00a0\u00bb][et_pb_column type=\u00a0\u00bb4_4&Prime; _builder_version=\u00a0\u00bb3.25&Prime; custom_padding=\u00a0\u00bb|||\u00a0\u00bb custom_padding__hover=\u00a0\u00bb|||\u00a0\u00bb][et_pb_menu menu_id=\u00a0\u00bb24&Prime; menu_style=\u00a0\u00bbcentered\u00a0\u00bb active_link_color=\u00a0\u00bb#ffffff\u00a0\u00bb dropdown_menu_bg_color=\u00a0\u00bb#0c71c3&Prime; dropdown_menu_line_color=\u00a0\u00bbrgba(0,0,0,0)\u00a0\u00bb dropdown_menu_text_color=\u00a0\u00bb#ffffff\u00a0\u00bb mobile_menu_text_color=\u00a0\u00bb#ffffff\u00a0\u00bb show_search_icon=\u00a0\u00bbon\u00a0\u00bb search_icon_color=\u00a0\u00bb#ffffff\u00a0\u00bb _builder_version=\u00a0\u00bb4.5.6&Prime; _module_preset=\u00a0\u00bbdefault\u00a0\u00bb menu_text_color=\u00a0\u00bb#ffffff\u00a0\u00bb background_color=\u00a0\u00bbrgba(0,0,0,0)\u00a0\u00bb z_index=\u00a0\u00bb43&Prime; custom_padding=\u00a0\u00bb||0px|||\u00a0\u00bb custom_css_main_element=\u00a0\u00bbz-index: 999999 !important;\u00a0\u00bb][\/et_pb_menu][et_pb_text _builder_version=\u00a0\u00bb4.5.6&Prime; text_font=\u00a0\u00bb||||||||\u00a0\u00bb text_font_size=\u00a0\u00bb20px\u00a0\u00bb text_line_height=\u00a0\u00bb1.8em\u00a0\u00bb header_font=\u00a0\u00bbLato|900|||||||\u00a0\u00bb header_font_size=\u00a0\u00bb82px\u00a0\u00bb header_letter_spacing=\u00a0\u00bb1px\u00a0\u00bb header_line_height=\u00a0\u00bb1.2em\u00a0\u00bb header_4_font=\u00a0\u00bbRaleway|||on|||||\u00a0\u00bb header_4_font_size=\u00a0\u00bb22px\u00a0\u00bb header_4_letter_spacing=\u00a0\u00bb4px\u00a0\u00bb header_4_line_height=\u00a0\u00bb1.6em\u00a0\u00bb text_orientation=\u00a0\u00bbcenter\u00a0\u00bb background_layout=\u00a0\u00bbdark\u00a0\u00bb max_width=\u00a0\u00bb800px\u00a0\u00bb module_alignment=\u00a0\u00bbcenter\u00a0\u00bb text_font_size_tablet=\u00a0\u00bb\u00a0\u00bb text_font_size_phone=\u00a0\u00bb14px\u00a0\u00bb text_font_size_last_edited=\u00a0\u00bbon|desktop\u00a0\u00bb header_font_size_tablet=\u00a0\u00bb62px\u00a0\u00bb header_font_size_phone=\u00a0\u00bb38px\u00a0\u00bb header_font_size_last_edited=\u00a0\u00bbon|phone\u00a0\u00bb][\/et_pb_text][et_pb_image src=\u00a0\u00bbhttps:\/\/www.csa.be\/egalitediversite\/wp-content\/uploads\/sites\/2\/2021\/02\/BAROMETRE-Radio_logo-BLANC.png\u00a0\u00bb title_text=\u00a0\u00bbBAROMETRE-Radio_logo-BLANC\u00a0\u00bb align=\u00a0\u00bbcenter\u00a0\u00bb _builder_version=\u00a0\u00bb4.5.6&Prime; _module_preset=\u00a0\u00bbdefault\u00a0\u00bb min_height=\u00a0\u00bb737px\u00a0\u00bb custom_margin=\u00a0\u00bb-136px||||false|false\u00a0\u00bb custom_padding=\u00a0\u00bb0px|0px|1px||false|false\u00a0\u00bb custom_css_main_element=\u00a0\u00bbz-index:99;\u00a0\u00bb][\/et_pb_image][et_pb_text _builder_version=\u00a0\u00bb4.5.6&Prime; _module_preset=\u00a0\u00bbdefault\u00a0\u00bb text_text_color=\u00a0\u00bb#ffffff\u00a0\u00bb text_font_size=\u00a0\u00bb65px\u00a0\u00bb text_line_height=\u00a0\u00bb1.9em\u00a0\u00bb background_color=\u00a0\u00bbrgba(0,0,0,0)\u00a0\u00bb background_layout=\u00a0\u00bbdark\u00a0\u00bb width=\u00a0\u00bb65%\u00a0\u00bb module_alignment=\u00a0\u00bbcenter\u00a0\u00bb custom_margin=\u00a0\u00bb-33px||||false|false\u00a0\u00bb custom_padding=\u00a0\u00bb0px|||||\u00a0\u00bb]<\/p>\n<p style=\"text-align: center;\"><strong>M\u00e9thodologie du Barom\u00e8tre PUB<br \/> <\/strong><\/p>\n<p>[\/et_pb_text][\/et_pb_column][\/et_pb_row][\/et_pb_section][et_pb_section fb_built=\u00a0\u00bb1&Prime; _builder_version=\u00a0\u00bb4.5.6&Prime; _module_preset=\u00a0\u00bbdefault\u00a0\u00bb min_height=\u00a0\u00bb420px\u00a0\u00bb custom_margin=\u00a0\u00bb||-80px|||\u00a0\u00bb][et_pb_row _builder_version=\u00a0\u00bb4.5.6&Prime; _module_preset=\u00a0\u00bbdefault\u00a0\u00bb custom_margin=\u00a0\u00bb0px|auto||auto||\u00a0\u00bb custom_padding=\u00a0\u00bb60px||0px|||\u00a0\u00bb][et_pb_column type=\u00a0\u00bb4_4&Prime; _builder_version=\u00a0\u00bb4.5.6&Prime; _module_preset=\u00a0\u00bbdefault\u00a0\u00bb][et_pb_text _builder_version=\u00a0\u00bb4.5.6&Prime; _module_preset=\u00a0\u00bbdefault\u00a0\u00bb text_text_color=\u00a0\u00bb#ffffff\u00a0\u00bb header_font=\u00a0\u00bbLato|900|||||||\u00a0\u00bb header_text_color=\u00a0\u00bb#ffffff\u00a0\u00bb header_font_size=\u00a0\u00bb60px\u00a0\u00bb header_line_height=\u00a0\u00bb1.2em\u00a0\u00bb header_2_font=\u00a0\u00bb|700|||||||\u00a0\u00bb header_2_text_color=\u00a0\u00bb#ffffff\u00a0\u00bb header_2_font_size=\u00a0\u00bb22px\u00a0\u00bb header_2_line_height=\u00a0\u00bb1.6em\u00a0\u00bb custom_margin=\u00a0\u00bb||20px|||\u00a0\u00bb]<\/p>\n<h2><span style=\"color: #33cccc;\">M\u00e9thodologie et terrain de l&rsquo;\u00e9tude<\/span><\/h2>\n<h1><span color=\"#1a1844\" style=\"color: #1a1844;\"><strong>Une m\u00eame question de recherche \u2026 mais une m\u00e9thodologie repens\u00e9e<\/strong><br \/> <\/span><\/h1>\n<ul><\/ul>\n<p>[\/et_pb_text][et_pb_divider color=\u00a0\u00bb#1a1844&Prime; divider_weight=\u00a0\u00bb3px\u00a0\u00bb _builder_version=\u00a0\u00bb4.5.6&Prime; _module_preset=\u00a0\u00bbdefault\u00a0\u00bb width=\u00a0\u00bb20%\u00a0\u00bb module_alignment=\u00a0\u00bbleft\u00a0\u00bb][\/et_pb_divider][\/et_pb_column][\/et_pb_row][\/et_pb_section][et_pb_section fb_built=\u00a0\u00bb1&Prime; _builder_version=\u00a0\u00bb4.5.6&Prime; _module_preset=\u00a0\u00bbdefault\u00a0\u00bb custom_margin=\u00a0\u00bb-1px|||||\u00a0\u00bb][et_pb_row _builder_version=\u00a0\u00bb4.5.6&Prime; _module_preset=\u00a0\u00bbdefault\u00a0\u00bb custom_padding=\u00a0\u00bb5px|||||\u00a0\u00bb][et_pb_column type=\u00a0\u00bb4_4&Prime; _builder_version=\u00a0\u00bb4.5.6&Prime; _module_preset=\u00a0\u00bbdefault\u00a0\u00bb][et_pb_text _builder_version=\u00a0\u00bb4.5.6&Prime; _module_preset=\u00a0\u00bbdefault\u00a0\u00bb]<\/p>\n<h2><span style=\"color: #33cccc;\"><strong>Objectifs et question de recherche\u00a0:<\/strong><\/span><\/h2>\n<p style=\"text-align: justify;\">Ce Barom\u00e8tre vise \u00e0 analyser la repr\u00e9sentation des genres au sein de la communication commerciale radiophonique.<\/p>\n<p style=\"text-align: justify;\">La notion de <em>genre<\/em> d\u00e9signe\u00a0: les r\u00f4les, les comportements, les activit\u00e9s et les attributions socialement construits, qu\u2019une soci\u00e9t\u00e9 donn\u00e9e consid\u00e8re comme appropri\u00e9s pour les femmes et les hommes. Il s\u2019agit de la d\u00e9finition \u00e9nonc\u00e9e dans la <em>Convention du Conseil de l&rsquo;Europe sur la pr\u00e9vention et la lutte contre la violence \u00e0 l&rsquo;\u00e9gard des femmes et la violence domestique<\/em>, dite Convention d&rsquo;Istanbul<a href=\"#_ftn1\" name=\"_ftnref1\"><span>[1]<\/span><\/a>.<\/p>\n<p style=\"text-align: justify;\">Nous proposons d\u2019\u00e9tudier la repr\u00e9sentation de ces constructions sociales dans la communication commerciale en nous posant la question de savoir si un r\u00f4le social est \u00ab assign\u00e9 \u00bb<a href=\"#_ftn2\" name=\"_ftnref2\"><span>[2]<\/span><\/a> aux personnages de la communication commerciale en fonction de leur sexe. D\u00e8s lors, existe-t-il des st\u00e9r\u00e9otypes de genre\u00a0?<\/p>\n<h2><span style=\"color: #33cccc;\"><strong>Unit\u00e9 d&rsquo;encodage:<\/strong><\/span><\/h2>\n<p>L\u2019unit\u00e9 d\u2019encodage est l\u2019intervenant.e. S\u2019agissant de la communication commerciale en radio, l\u2019intervenant.e est d\u00e9fini\u00b7e comme la personne qui prend la parole \u00e0 l\u2019int\u00e9rieur ou non d\u2019une di\u00e9g\u00e8se<a href=\"#_ftn1\" name=\"_ftnref1\"><span>[3]<\/span><\/a> (<strong>personnages et narrateurs.trices<\/strong>), ainsi que les <strong>interpr\u00e8tes d\u2019\u00e9pisodes musicaux<\/strong> (\u00e0 l\u2019exclusion de la musique utilis\u00e9e comme fond sonore) <strong>et de slogans<\/strong>.<\/p>\n<p>L\u2019indexation des intervenant.e.s se r\u00e9alise en fonction de l\u2019appr\u00e9ciation du sens commun. C\u2019est-\u00e0-dire que pour chacun des individus index\u00e9s, il faut se poser la question\u00a0: comment cet individu est-il per\u00e7u par l\u2019auditeur.trice\u00a0? Dans le Barom\u00e8tre, on ne cherche pas \u00e0 savoir qui est intrins\u00e8quement la personne, mais comment elle est per\u00e7ue par le public.<\/p>\n<h2>\u00a0<span style=\"color: #33cccc;\"><strong>Echantillon:<\/strong><\/span><\/h2>\n<p><span style=\"color: #33cccc;\"><strong><\/strong><\/span><\/p>\n<p style=\"padding-left: 30px;\"><span style=\"color: #000000;\"><strong>&#8211; Publicit\u00e9s et parrainages<\/strong><\/span><\/p>\n<p>Bien que le d\u00e9cret coordonn\u00e9 sur les services de m\u00e9dias audiovisuels recense huit formes de communication commerciale, nous \u00e9tudions exclusivement deux formats, la publicit\u00e9 et les parrainages. Ce sont les formats les plus fr\u00e9quents au sein de la communication commerciale des services radiophoniques.<\/p>\n<p style=\"padding-left: 30px;\"><span style=\"color: #000000;\"><strong>&#8211; Dix services radiophoniques<\/strong><\/span><\/p>\n<p>L\u2019\u00e9tude porte sur dix cha\u00eenes\/services\u00a0: les radios de service public et les radios priv\u00e9es en r\u00e9seau \u00e0 couverture communautaire et urbaine. Seuls les services radiophoniques diffus\u00e9s en FM sont int\u00e9gr\u00e9s \u00e0 l\u2019analyse. Il s\u2019agit des services suivants : Classic 21, La Premi\u00e8re, Musiq3, Pure FM, VivaCit\u00e9 Bruxelles (RTBF), ainsi que Bel RTL, Fun Radio, Nostalgie, NRJ, Radio Contact (radios en r\u00e9seaux).<\/p>\n<p style=\"padding-left: 30px;\"><span style=\"color: #020202;\"><strong>&#8211; Quatre dates<\/strong><\/span><\/p>\n<p>L\u2019encodage porte sur 4 dates\u00a0et 2 \u00ab\u00a0temporalit\u00e9s\u00a0\u00bb\u00a0:<\/p>\n<ul>\n<li>Une temporalit\u00e9 \u00ab\u00a0marqu\u00e9e\u00a0\u00bb en termes de genre\u00a0: la veille de la F\u00eate des M\u00e8res, le samedi 11 mai 2019.<\/li>\n<li>Une temporalit\u00e9 \u00ab\u00a0neutre\u00a0\u00bb, c\u2019est-\u00e0-dire qui n\u2019est pas susceptible <em>a priori<\/em> d\u2019influencer la repr\u00e9sentation des genres. Deux jours de semaine (mardi et jeudi) et un jour de weekend (dimanche), r\u00e9partis sur deux semaines, ont \u00e9t\u00e9 int\u00e9gr\u00e9s \u00e0 l\u2019analyse : mardi 11 juin 2019, dimanche 16 juin 2019, jeudi 20 juin 2019.<\/li>\n<\/ul>\n<p style=\"padding-left: 30px;\"><span style=\"color: #020202;\"><strong>&#8211; Heures de grande audience<\/strong><\/span><\/p>\n<p>Nous nous sommes focalis\u00e9.e.s sur la communication commerciale diffus\u00e9e aux heures de grande audience, soit de 6h00 \u00e0 10h00 en semaine (les matinales) et de 10h00 \u00e0 14h00 le week-end.<\/p>\n<p style=\"padding-left: 30px;\"><span style=\"color: #020202;\"><strong>&#8211; Volume de communications commerciales et d\u2019intervenant.e.s encod\u00e9.e.s\u00a0<\/strong><\/span><\/p>\n<p>Au total, 2555 spots publicitaires ont \u00e9t\u00e9 \u00e9cout\u00e9s. 514 communications commerciales (hors rediffusions) ont \u00e9t\u00e9 encod\u00e9es. Cela repr\u00e9sente un total de <strong>1009 intervenant.e.s<\/strong>.<\/p>\n<h2><span style=\"color: #33cccc;\"><strong>Grille d&rsquo;analyse:<\/strong><\/span><\/h2>\n<p>Chaque intervenant.e a \u00e9t\u00e9 \u00e9tudi\u00e9.e selon plusieurs composants\u00a0:<\/p>\n<ul>\n<li>Les attributs constitutifs de son identit\u00e9 dans le r\u00e9cit\u00a0: genre, \u00e2ge, \u00e9tat-civil, orientation sexuelle, maternit\u00e9\/paternit\u00e9, cat\u00e9gorie socio-professionnelle, origine per\u00e7ue.<\/li>\n<li>Son r\u00f4le narratif\u00a0: personnage, narrateur.trice, interpr\u00e8te de slogans, interpr\u00e8te d\u2019\u00e9pisode musical.<\/li>\n<li>Ses occupations ou actions dans le r\u00e9cit et les espaces de r\u00e9f\u00e9rence dans lesquels il.elle \u00e9volue.<\/li>\n<li>Le langage utilis\u00e9\u00a0: slogans publicitaires et champs lexicaux, pr\u00e9sence d\u2019actes de langage humoristiques.<\/li>\n<li>Les tons et timbres de voix.<\/li>\n<\/ul>\n<p>Enfin, on a proc\u00e9d\u00e9 \u00e0 une relecture de l\u2019ensemble afin de d\u00e9terminer la pr\u00e9sence de st\u00e9r\u00e9otypes de genre, voire de renversement ou de d\u00e9construction de st\u00e9r\u00e9otypes.<\/p>\n<p>&nbsp;<\/p>\n<p><span style=\"font-size: x-small;\"><\/span><span style=\"font-size: x-small;\"><a href=\"#_ftnref1\" name=\"_ftn1\">[1]<\/a> F\u00e9d\u00e9ration Wallonie-Bruxelles, Direction de l\u2019Egalit\u00e9 des chances, Le lexique\u00a0: <a href=\"http:\/\/www.egalite.cfwb.be\/index.php?id=lexique\">http:\/\/www.egalite.cfwb.be\/index.php?id=lexique<\/a>.<\/span><\/p>\n<p><a href=\"#_ftnref1\" name=\"_ftn1\"><span><\/span><\/a><span style=\"font-size: x-small;\"><a href=\"#_ftnref2\" name=\"_ftn2\">[2]<\/a> Damian-Gaillard et al., <em>L\u2019assignation de genre dans les m\u00e9dias. Attentes, perturbations, reconfigurations<\/em>, Rennes\u00a0: Presses universitaires de Rennes, 2014, p. 13.<\/span><\/p>\n<p><span style=\"font-size: x-small;\"><a href=\"#_ftnref1\" name=\"_ftn1\">[3]<\/a> Pour G\u00e9rard Genette dans <em>Figures III<\/em> \u00ab\u00a0La di\u00e9g\u00e8se est l&rsquo;univers spatio-temporel d\u00e9sign\u00e9 par le r\u00e9cit\u00a0\u00bb. Il s\u2019agit de l\u2019ensemble des donn\u00e9es narratives pr\u00e9sent\u00e9es, mises en sc\u00e8ne, dans un r\u00e9cit. Genette G. (1972), cit\u00e9 in Lits, Marc, Desterbecq, Jo\u00eblle, <em>Du r\u00e9cit au r\u00e9cit m\u00e9diatique<\/em>, Bruxelles, De Boeck, 2<sup>\u00e8me<\/sup> \u00e9d. 2017.<\/span><\/p>\n<p>[\/et_pb_text][et_pb_divider _builder_version=\u00a0\u00bb4.5.6&Prime; _module_preset=\u00a0\u00bbdefault\u00a0\u00bb][\/et_pb_divider][et_pb_button button_url=\u00a0\u00bbhttps:\/\/www.csa.be\/egalitediversite\/wp-content\/uploads\/sites\/2\/2021\/03\/CSA_barometre-RADIO-Pub-2019-WEB.pdf\u00a0\u00bb button_text=\u00a0\u00bbT\u00e9l\u00e9chargez le Barom\u00e8tre PUB \u00a0\u00bb button_alignment=\u00a0\u00bbcenter\u00a0\u00bb _builder_version=\u00a0\u00bb4.5.6&Prime; _module_preset=\u00a0\u00bbdefault\u00a0\u00bb custom_button=\u00a0\u00bbon\u00a0\u00bb button_bg_color=\u00a0\u00bb#4db295&Prime; background_layout=\u00a0\u00bbdark\u00a0\u00bb][\/et_pb_button][et_pb_button button_url=\u00a0\u00bbhttps:\/\/www.csa.be\/egalitediversite\/wp-content\/uploads\/sites\/2\/2021\/03\/Synthese-Barometre-PUB-pour-site.pdf\u00a0\u00bb button_text=\u00a0\u00bbT\u00e9l\u00e9chargez la synth\u00e8se du Barom\u00e8tre PUB\u00a0\u00bb button_alignment=\u00a0\u00bbcenter\u00a0\u00bb _builder_version=\u00a0\u00bb4.5.6&Prime; _module_preset=\u00a0\u00bbdefault\u00a0\u00bb custom_button=\u00a0\u00bbon\u00a0\u00bb button_bg_color=\u00a0\u00bb#4db295&Prime; background_layout=\u00a0\u00bbdark\u00a0\u00bb][\/et_pb_button][et_pb_divider _builder_version=\u00a0\u00bb4.5.6&Prime; _module_preset=\u00a0\u00bbdefault\u00a0\u00bb][\/et_pb_divider][et_pb_button button_url=\u00a0\u00bbhttps:\/\/www.csa.be\/egalitediversite\/wp-content\/uploads\/sites\/2\/2021\/09\/CSA_barometre-RADIO-Programme-2019-WEB.pdf\u00a0\u00bb button_text=\u00a0\u00bbT\u00e9l\u00e9chargez le Barom\u00e8tre Programmes\u00a0\u00bb button_alignment=\u00a0\u00bbcenter\u00a0\u00bb _builder_version=\u00a0\u00bb4.5.6&Prime; _module_preset=\u00a0\u00bbdefault\u00a0\u00bb custom_button=\u00a0\u00bbon\u00a0\u00bb button_text_color=\u00a0\u00bb#4db295&Prime; background_layout=\u00a0\u00bbdark\u00a0\u00bb custom_padding=\u00a0\u00bb||17px|||\u00a0\u00bb hover_enabled=\u00a0\u00bb0&Prime;][\/et_pb_button][et_pb_button button_url=\u00a0\u00bbhttps:\/\/www.csa.be\/egalitediversite\/wp-content\/uploads\/sites\/2\/2021\/04\/Synthese-Barometre-programmes-2019.pdf\u00a0\u00bb button_text=\u00a0\u00bbT\u00e9l\u00e9chargez la synth\u00e8se du Barom\u00e8tre Programmes\u00a0\u00bb button_alignment=\u00a0\u00bbcenter\u00a0\u00bb _builder_version=\u00a0\u00bb4.5.6&Prime; _module_preset=\u00a0\u00bbdefault\u00a0\u00bb custom_button=\u00a0\u00bbon\u00a0\u00bb button_text_color=\u00a0\u00bb#4db295&Prime; background_layout=\u00a0\u00bbdark\u00a0\u00bb custom_padding=\u00a0\u00bb||17px|||\u00a0\u00bb][\/et_pb_button][\/et_pb_column][\/et_pb_row][\/et_pb_section]<\/p>\n","protected":false},"excerpt":{"rendered":"<p>M\u00e9thodologie du Barom\u00e8tre PUB M\u00e9thodologie et terrain de l&rsquo;\u00e9tude Une m\u00eame question de recherche \u2026 mais une m\u00e9thodologie repens\u00e9e Objectifs et question de recherche\u00a0: Ce Barom\u00e8tre vise \u00e0 analyser la repr\u00e9sentation des genres au sein de la communication commerciale radiophonique. La notion de genre d\u00e9signe\u00a0: les r\u00f4les, les comportements, les activit\u00e9s et les attributions socialement [&hellip;]<\/p>\n","protected":false},"author":2,"featured_media":0,"parent":0,"menu_order":0,"comment_status":"closed","ping_status":"closed","template":"","meta":{"_et_pb_use_builder":"on","_et_pb_old_content":"","_et_gb_content_width":"","footnotes":""},"class_list":["post-2816","page","type-page","status-publish","hentry"],"_links":{"self":[{"href":"https:\/\/www.csa.be\/egalitediversite\/wp-json\/wp\/v2\/pages\/2816","targetHints":{"allow":["GET"]}}],"collection":[{"href":"https:\/\/www.csa.be\/egalitediversite\/wp-json\/wp\/v2\/pages"}],"about":[{"href":"https:\/\/www.csa.be\/egalitediversite\/wp-json\/wp\/v2\/types\/page"}],"author":[{"embeddable":true,"href":"https:\/\/www.csa.be\/egalitediversite\/wp-json\/wp\/v2\/users\/2"}],"replies":[{"embeddable":true,"href":"https:\/\/www.csa.be\/egalitediversite\/wp-json\/wp\/v2\/comments?post=2816"}],"version-history":[{"count":13,"href":"https:\/\/www.csa.be\/egalitediversite\/wp-json\/wp\/v2\/pages\/2816\/revisions"}],"predecessor-version":[{"id":3220,"href":"https:\/\/www.csa.be\/egalitediversite\/wp-json\/wp\/v2\/pages\/2816\/revisions\/3220"}],"wp:attachment":[{"href":"https:\/\/www.csa.be\/egalitediversite\/wp-json\/wp\/v2\/media?parent=2816"}],"curies":[{"name":"wp","href":"https:\/\/api.w.org\/{rel}","templated":true}]}}