{"id":2848,"date":"2021-03-02T14:14:39","date_gmt":"2021-03-02T13:14:39","guid":{"rendered":"https:\/\/www.csa.be\/egalitediversite\/?page_id=2848"},"modified":"2021-09-30T10:42:05","modified_gmt":"2021-09-30T08:42:05","slug":"barometre-2019-en-bref-le-genre","status":"publish","type":"page","link":"https:\/\/www.csa.be\/egalitediversite\/barometre-2019-en-bref-le-genre\/","title":{"rendered":"Barom\u00e8tre 2019 en bref : le genre"},"content":{"rendered":"<p>[et_pb_section fb_built=\u00a0\u00bb1&Prime; _builder_version=\u00a0\u00bb4.5.6&Prime; _module_preset=\u00a0\u00bbdefault\u00a0\u00bb background_color=\u00a0\u00bbrgba(0,0,0,0)\u00a0\u00bb use_background_color_gradient=\u00a0\u00bbon\u00a0\u00bb background_color_gradient_start=\u00a0\u00bb#4fb798&Prime; background_color_gradient_end=\u00a0\u00bb#005497&Prime; custom_margin=\u00a0\u00bb||-10px|||\u00a0\u00bb custom_padding=\u00a0\u00bb||9px|||\u00a0\u00bb][et_pb_row _builder_version=\u00a0\u00bb3.25&Prime; use_background_color_gradient=\u00a0\u00bbon\u00a0\u00bb background_color_gradient_start=\u00a0\u00bbrgba(26,24,68,0)\u00a0\u00bb background_color_gradient_end=\u00a0\u00bb#1a1844&Prime; background_color_gradient_overlays_image=\u00a0\u00bbon\u00a0\u00bb background_image=\u00a0\u00bbhttps:\/\/www.csa.be\/egalitediversite\/wp-content\/uploads\/sites\/2\/2020\/08\/podcast-02-1.png\u00a0\u00bb background_position=\u00a0\u00bbtop_center\u00a0\u00bb width=\u00a0\u00bb100%\u00a0\u00bb max_width=\u00a0\u00bb100%\u00a0\u00bb custom_margin=\u00a0\u00bb-99px|auto|-5px|auto||\u00a0\u00bb custom_padding=\u00a0\u00bb143px|10%|199px|10%||true\u00a0\u00bb animation_style=\u00a0\u00bbslide\u00a0\u00bb animation_direction=\u00a0\u00bbbottom\u00a0\u00bb animation_intensity_slide=\u00a0\u00bb1%\u00a0\u00bb use_custom_width=\u00a0\u00bbon\u00a0\u00bb width_unit=\u00a0\u00bboff\u00a0\u00bb custom_width_percent=\u00a0\u00bb100%\u00a0\u00bb][et_pb_column type=\u00a0\u00bb4_4&Prime; _builder_version=\u00a0\u00bb3.25&Prime; custom_padding=\u00a0\u00bb|||\u00a0\u00bb custom_padding__hover=\u00a0\u00bb|||\u00a0\u00bb][et_pb_menu menu_id=\u00a0\u00bb24&Prime; menu_style=\u00a0\u00bbcentered\u00a0\u00bb active_link_color=\u00a0\u00bb#ffffff\u00a0\u00bb dropdown_menu_bg_color=\u00a0\u00bb#0c71c3&Prime; dropdown_menu_line_color=\u00a0\u00bbrgba(0,0,0,0)\u00a0\u00bb dropdown_menu_text_color=\u00a0\u00bb#ffffff\u00a0\u00bb mobile_menu_text_color=\u00a0\u00bb#ffffff\u00a0\u00bb show_search_icon=\u00a0\u00bbon\u00a0\u00bb search_icon_color=\u00a0\u00bb#ffffff\u00a0\u00bb _builder_version=\u00a0\u00bb4.5.6&Prime; _module_preset=\u00a0\u00bbdefault\u00a0\u00bb menu_text_color=\u00a0\u00bb#ffffff\u00a0\u00bb background_color=\u00a0\u00bbrgba(0,0,0,0)\u00a0\u00bb z_index=\u00a0\u00bb43&Prime; custom_padding=\u00a0\u00bb||0px|||\u00a0\u00bb custom_css_main_element=\u00a0\u00bbz-index: 999999 !important;\u00a0\u00bb][\/et_pb_menu][et_pb_text _builder_version=\u00a0\u00bb4.5.6&Prime; text_font=\u00a0\u00bb||||||||\u00a0\u00bb text_font_size=\u00a0\u00bb20px\u00a0\u00bb text_line_height=\u00a0\u00bb1.8em\u00a0\u00bb header_font=\u00a0\u00bbLato|900|||||||\u00a0\u00bb header_font_size=\u00a0\u00bb82px\u00a0\u00bb header_letter_spacing=\u00a0\u00bb1px\u00a0\u00bb header_line_height=\u00a0\u00bb1.2em\u00a0\u00bb header_4_font=\u00a0\u00bbRaleway|||on|||||\u00a0\u00bb header_4_font_size=\u00a0\u00bb22px\u00a0\u00bb header_4_letter_spacing=\u00a0\u00bb4px\u00a0\u00bb header_4_line_height=\u00a0\u00bb1.6em\u00a0\u00bb text_orientation=\u00a0\u00bbcenter\u00a0\u00bb background_layout=\u00a0\u00bbdark\u00a0\u00bb max_width=\u00a0\u00bb800px\u00a0\u00bb module_alignment=\u00a0\u00bbcenter\u00a0\u00bb text_font_size_tablet=\u00a0\u00bb\u00a0\u00bb text_font_size_phone=\u00a0\u00bb14px\u00a0\u00bb text_font_size_last_edited=\u00a0\u00bbon|desktop\u00a0\u00bb header_font_size_tablet=\u00a0\u00bb62px\u00a0\u00bb header_font_size_phone=\u00a0\u00bb38px\u00a0\u00bb header_font_size_last_edited=\u00a0\u00bbon|phone\u00a0\u00bb][\/et_pb_text][et_pb_image src=\u00a0\u00bbhttps:\/\/www.csa.be\/egalitediversite\/wp-content\/uploads\/sites\/2\/2021\/02\/BAROMETRE-Radio_logo-BLANC.png\u00a0\u00bb title_text=\u00a0\u00bbBAROMETRE-Radio_logo-BLANC\u00a0\u00bb align=\u00a0\u00bbcenter\u00a0\u00bb _builder_version=\u00a0\u00bb4.5.6&Prime; _module_preset=\u00a0\u00bbdefault\u00a0\u00bb min_height=\u00a0\u00bb737px\u00a0\u00bb custom_margin=\u00a0\u00bb-136px||||false|false\u00a0\u00bb custom_padding=\u00a0\u00bb0px|0px|1px||false|false\u00a0\u00bb custom_css_main_element=\u00a0\u00bbz-index:99;\u00a0\u00bb][\/et_pb_image][et_pb_text _builder_version=\u00a0\u00bb4.5.6&Prime; _module_preset=\u00a0\u00bbdefault\u00a0\u00bb text_text_color=\u00a0\u00bb#ffffff\u00a0\u00bb text_font_size=\u00a0\u00bb65px\u00a0\u00bb text_line_height=\u00a0\u00bb1.9em\u00a0\u00bb background_color=\u00a0\u00bbrgba(0,0,0,0)\u00a0\u00bb background_layout=\u00a0\u00bbdark\u00a0\u00bb width=\u00a0\u00bb65%\u00a0\u00bb module_alignment=\u00a0\u00bbcenter\u00a0\u00bb custom_margin=\u00a0\u00bb-33px||||false|false\u00a0\u00bb custom_padding=\u00a0\u00bb0px|||||\u00a0\u00bb]<\/p>\n<p style=\"text-align: center;\"><strong>Le Barom\u00e8tre programmes en bref<br \/> <\/strong><\/p>\n<p>[\/et_pb_text][\/et_pb_column][\/et_pb_row][\/et_pb_section][et_pb_section fb_built=\u00a0\u00bb1&Prime; _builder_version=\u00a0\u00bb4.5.6&Prime; _module_preset=\u00a0\u00bbdefault\u00a0\u00bb min_height=\u00a0\u00bb420px\u00a0\u00bb custom_margin=\u00a0\u00bb||-80px|||\u00a0\u00bb][et_pb_row _builder_version=\u00a0\u00bb4.5.6&Prime; _module_preset=\u00a0\u00bbdefault\u00a0\u00bb custom_margin=\u00a0\u00bb0px|auto||auto||\u00a0\u00bb custom_padding=\u00a0\u00bb60px||0px|||\u00a0\u00bb][et_pb_column type=\u00a0\u00bb4_4&Prime; _builder_version=\u00a0\u00bb4.5.6&Prime; _module_preset=\u00a0\u00bbdefault\u00a0\u00bb][et_pb_text _builder_version=\u00a0\u00bb4.5.6&Prime; _module_preset=\u00a0\u00bbdefault\u00a0\u00bb text_text_color=\u00a0\u00bb#ffffff\u00a0\u00bb header_font=\u00a0\u00bbLato|900|||||||\u00a0\u00bb header_text_color=\u00a0\u00bb#ffffff\u00a0\u00bb header_font_size=\u00a0\u00bb60px\u00a0\u00bb header_line_height=\u00a0\u00bb1.2em\u00a0\u00bb header_2_font=\u00a0\u00bb|700|||||||\u00a0\u00bb header_2_text_color=\u00a0\u00bb#ffffff\u00a0\u00bb header_2_font_size=\u00a0\u00bb22px\u00a0\u00bb header_2_line_height=\u00a0\u00bb1.6em\u00a0\u00bb custom_margin=\u00a0\u00bb||20px|||\u00a0\u00bb]<\/p>\n<h2><\/h2>\n<h1><span color=\"#1a1844\" style=\"color: #1a1844;\"><strong>Le genre\u00a0<\/strong><br \/> <\/span><\/h1>\n<ul><\/ul>\n<p>[\/et_pb_text][et_pb_divider color=\u00a0\u00bb#1a1844&Prime; divider_weight=\u00a0\u00bb3px\u00a0\u00bb _builder_version=\u00a0\u00bb4.5.6&Prime; _module_preset=\u00a0\u00bbdefault\u00a0\u00bb width=\u00a0\u00bb20%\u00a0\u00bb module_alignment=\u00a0\u00bbleft\u00a0\u00bb][\/et_pb_divider][\/et_pb_column][\/et_pb_row][\/et_pb_section][et_pb_section fb_built=\u00a0\u00bb1&Prime; _builder_version=\u00a0\u00bb4.5.6&Prime; _module_preset=\u00a0\u00bbdefault\u00a0\u00bb custom_margin=\u00a0\u00bb-1px|||||\u00a0\u00bb][et_pb_row _builder_version=\u00a0\u00bb4.5.6&Prime; _module_preset=\u00a0\u00bbdefault\u00a0\u00bb custom_padding=\u00a0\u00bb5px|||||\u00a0\u00bb][et_pb_column type=\u00a0\u00bb4_4&Prime; _builder_version=\u00a0\u00bb4.5.6&Prime; _module_preset=\u00a0\u00bbdefault\u00a0\u00bb][et_pb_text _builder_version=\u00a0\u00bb4.5.6&Prime; _module_preset=\u00a0\u00bbdefault\u00a0\u00bb custom_margin=\u00a0\u00bb|-90px|168px|||\u00a0\u00bb]<\/p>\n<h2>\u00a0<\/h2>\n<h2><span style=\"color: #33cccc;\"><strong>Le genre sur l&rsquo;ensemble des programmes<\/strong><\/span><\/h2>\n<h2><span style=\"color: #33cccc;\"><strong>\u00a0<\/strong><\/span><\/h2>\n<p>L\u2019analyse a montr\u00e9 que 63,69 % des personnes qui interviennent dans les programmes des matinales radiophoniques sont identifi\u00e9es comme des hommes, <strong>36,26 %<\/strong> comme des femmes, 0,01 % comme des personnes transgenres, 0,01 % comme des personnes travesties et 0,03 % comme des personnes \u00e0 l\u2019identit\u00e9 ou l\u2019expression non binaire.\u00a0 Au 1<sup>er<\/sup> janvier 2019, les femmes composaient 51 % de la population belge<a href=\"#_ftn1\" name=\"_ftnref1\">[1]<\/a>. Elles sont d\u00e8s lors sous-repr\u00e9sent\u00e9es dans les programmes des services radiophoniques.<\/p>\n<p>&nbsp;<\/p>\n<p><strong>R\u00e9partition des intervenant.e.s par genre sur l&rsquo;ensemble des programmes<\/strong><\/p>\n<p style=\"text-align: justify;\"><a href=\"https:\/\/www.csa.be\/egalitediversite\/barometre-2019-en-bref-le-genre\/repartition-genre-def\/\"><img loading=\"lazy\" decoding=\"async\" class=\"wp-image-2867 alignleft size-full\" src=\"https:\/\/www.csa.be\/egalitediversite\/wp-content\/uploads\/sites\/2\/2021\/03\/repartition-genre-def.jpg\" alt=\"\" width=\"801\" height=\"732\" srcset=\"https:\/\/www.csa.be\/egalitediversite\/wp-content\/uploads\/sites\/2\/2021\/03\/repartition-genre-def.jpg 801w, https:\/\/www.csa.be\/egalitediversite\/wp-content\/uploads\/sites\/2\/2021\/03\/repartition-genre-def-480x439.jpg 480w\" sizes=\"auto, (min-width: 0px) and (max-width: 480px) 480px, (min-width: 481px) 801px, 100vw\" \/><\/a><\/p>\n<p>&nbsp;<\/p>\n<p>&nbsp;<\/p>\n<p>&nbsp;<\/p>\n<p>&nbsp;<\/p>\n<p>&nbsp;<\/p>\n<p>&nbsp;<\/p>\n<p>&nbsp;<\/p>\n<p>&nbsp;<\/p>\n<p>&nbsp;<\/p>\n<p>&nbsp;<\/p>\n<p>&nbsp;<\/p>\n<p>&nbsp;<\/p>\n<p>&nbsp;<\/p>\n<p>&nbsp;<\/p>\n<p>&nbsp;<\/p>\n<p>&nbsp;<\/p>\n<p>&nbsp;<\/p>\n<p>&nbsp;<\/p>\n<p>&nbsp;<\/p>\n<p>&nbsp;<\/p>\n<p>&nbsp;<\/p>\n<p>\u00a0Cette sous-repr\u00e9sentation des femmes est un constat que nous formulons dans tous les Barom\u00e8tres. A titre de comparaison, le dernier Barom\u00e8tre des services t\u00e9l\u00e9visuels (2017) recensait 65,63 % d\u2019intervenant.e.s identifi\u00e9.e.s comme des hommes et <strong>34,33 %<\/strong> comme des femmes. On constate donc que la distribution des intervenant.e.s par genre est tr\u00e8s similaire en t\u00e9l\u00e9vision et en radio.<\/p>\n<p>&nbsp;<\/p>\n<p>\u00a0<a href=\"#_ftnref1\" name=\"_ftn1\">[1]<\/a> <a href=\"https:\/\/statbel.fgov.be\/fr\/themes\/population\/structure-de-la-population\">https:\/\/statbel.fgov.be\/fr\/themes\/population\/structure-de-la-population<\/a><\/p>\n<h2>\u00a0<\/h2>\n<h2><strong style=\"color: #33cccc; font-size: 26px;\">Le genre dans les diff\u00e9rentes s\u00e9quences<\/strong><\/h2>\n<p>&nbsp;<\/p>\n<p>Lorsqu\u2019on d\u00e9taille les formats de s\u00e9quences dans lesquels apparaissent les intervenantes, on voit que les s\u00e9quences qui laissent le plus de place aux femmes sont\u00a0: les \u00ab\u00a0titres, flashs infos\u00a0\u00bb (42,12 %), les \u00ab\u00a0infos insolites\u00a0\u00bb (40,67 %), les \u00ab jeux concours (38,13 %), les \u00ab\u00a0interactions indirectes avec les auditeur.rice.s\u00a0\u00bb ( 55,40 %), les \u00ab\u00a0habillages d\u2019antenne\u00a0\u00bb (43,93 %), les \u00ab\u00a0infos service\u00a0\u00bb (40,37 %). En revanche, les s\u00e9quences qui laissent le moins de place aux femmes sont : l\u2019\u00ab\u00a0entretien\/interview\u00a0\u00bb\u00a0 (26,01 %), les \u00ab\u00a0chronique relatives \u00e0 l\u2019actualit\u00e9\u00a0\u00bb (25,09 %), le \u00ab\u00a0documentaire\u00a0\u00bb (23,30 %) ou encore les \u00ab\u00a0chroniques ou capsules humoristiques\u00a0\u00bb (25,38 %).<\/p>\n<p>Lorsqu\u2019on agr\u00e8ge les donn\u00e9es on voit que ce sont <strong>les s\u00e9quences de type \u00ab\u00a0transversal\u00a0\u00bb<\/strong> (relatives \u00e0 l\u2019animation g\u00e9n\u00e9rale du programme, aux habillages d\u2019antenne, infos service et interactions avec les auditeur.trice.s) qui laissent le plus de places aux intervenantes (43,07%). La proportion de femmes est tr\u00e8s similaire dans les s\u00e9quences relevant de l\u2019information et de l\u2019actualit\u00e9 (JP, flashs infos, chroniques, interviews, d\u00e9bats, agenda, etc.\u00a0: 32,40 %) et dans celles relevant du divertissement et de l\u2019humour (jeux-concours, capsules humoristiques, billets d\u2019humeur, etc.\u00a0: 33,69 %).<\/p>\n<p>&nbsp;<\/p>\n<h2><span style=\"color: #33cccc;\"><strong>Le genre dans les r\u00f4les m\u00e9diatiques<\/strong><\/span><\/h2>\n<p>&nbsp;<\/p>\n<p>Concernant les r\u00f4les m\u00e9diatiques, on constate qu\u2019\u00e0 une exception pr\u00e8s tous les r\u00f4les m\u00e9diatiques sont majoritairement masculins. Les femmes sont en effet plus nombreuses que les hommes au sein d\u2019une seule cat\u00e9gorie de r\u00f4le m\u00e9diatique\u00a0: celui de <strong>candidat.e \u00e0 un jeu<\/strong> (55,21 % de femmes et 44,79 % d\u2019hommes). Comme nous l\u2019avions soulign\u00e9 dans les Barom\u00e8tres des services t\u00e9l\u00e9visuels 2010-2013, l\u2019identit\u00e9 f\u00e9minine est plus largement associ\u00e9e \u00e0 l\u2019univers ludique.<\/p>\n<p>Comme on le voit dans l\u2019analyse des formats de s\u00e9quences, l\u2019identit\u00e9 des cha\u00eenes et des programmes repose assez nettement sur les voix de femmes\u00a0: elles sont 42,82 % dans les <strong>voix d\u2019habillage d\u2019antenne<\/strong>.<\/p>\n<p>S\u2019agissant des registres plus actifs et discursifs, on rel\u00e8vera les tendances suivantes\u00a0: on d\u00e9nombre 38,29 % de femmes et 61,71 % d\u2019hommes dans le r\u00f4le de <strong>journaliste\/animateur.rice\/chroniqueur.euse.<\/strong> Les deux r\u00f4les m\u00e9diatiques dans lesquels les femmes sont les moins nombreuses comparativement aux hommes sont ceux <strong>d\u2019invit\u00e9.e politique et d\u2019expert.e<\/strong>. Dans le r\u00f4le d\u2019invit\u00e9.e politique on recense 78,24 % d\u2019hommes pour 21,76 % de femmes. Dans celui d\u2019experte, on identifie 73,97 % d\u2019hommes pour 26,03 % de femmes. En revanche, dans le r\u00f4le discursif de <strong>vox populi <\/strong>on recense une proportion plus \u00e9lev\u00e9e d\u2019intervenantes f\u00e9minines : elles sont 42,38 %. Ainsi, comme nous l\u2019avions d\u00e9j\u00e0 mentionn\u00e9 dans les Barom\u00e8tres des services t\u00e9l\u00e9visuels de 2011 \u00e0 2017\u00a0: les femmes apparaissent davantage dans les registres discursifs de l\u2019affect, du \u00ab\u00a0pathos\u00a0\u00bb que du \u00ab\u00a0logos\u00a0\u00bb. Elles sont moins sollicit\u00e9es pour leur discours critique, leur savoir que pour leur exp\u00e9rience personnelle, leur t\u00e9moignage ou leur avis cens\u00e9 refl\u00e9ter la parole du citoyen ordinaire.<\/p>\n<p>&nbsp;<\/p>\n<p><a href=\"https:\/\/www.csa.be\/egalitediversite\/role-mediatique-1\/\"><img loading=\"lazy\" decoding=\"async\" class=\"wp-image-2859 alignleft size-full\" src=\"https:\/\/www.csa.be\/egalitediversite\/wp-content\/uploads\/sites\/2\/2021\/03\/role-mediatique-1.png\" alt=\"\" width=\"595\" height=\"842\" srcset=\"https:\/\/www.csa.be\/egalitediversite\/wp-content\/uploads\/sites\/2\/2021\/03\/role-mediatique-1.png 595w, https:\/\/www.csa.be\/egalitediversite\/wp-content\/uploads\/sites\/2\/2021\/03\/role-mediatique-1-480x679.png 480w\" sizes=\"auto, (min-width: 0px) and (max-width: 480px) 480px, (min-width: 481px) 595px, 100vw\" \/><\/a><\/p>\n<p>&nbsp;<\/p>\n<p>&nbsp;<\/p>\n<p>&nbsp;<\/p>\n<p>&nbsp;<\/p>\n<p>&nbsp;<\/p>\n<p>&nbsp;<\/p>\n<p>&nbsp;<\/p>\n<p>&nbsp;<\/p>\n<p>&nbsp;<\/p>\n<p>&nbsp;<\/p>\n<p>&nbsp;<\/p>\n<p>&nbsp;<\/p>\n<p>&nbsp;<\/p>\n<p>&nbsp;<\/p>\n<p>&nbsp;<\/p>\n<p>&nbsp;<\/p>\n<p>&nbsp;<\/p>\n<p>&nbsp;<\/p>\n<p>&nbsp;<\/p>\n<p>&nbsp;<\/p>\n<p>&nbsp;<\/p>\n<p>&nbsp;<\/p>\n<p>&nbsp;<\/p>\n<p><a href=\"https:\/\/www.csa.be\/egalitediversite\/role-mediatique-2\/\"><img loading=\"lazy\" decoding=\"async\" class=\"wp-image-2860 alignleft size-full\" src=\"https:\/\/www.csa.be\/egalitediversite\/wp-content\/uploads\/sites\/2\/2021\/03\/role-mediatique-2.png\" alt=\"\" width=\"595\" height=\"842\" srcset=\"https:\/\/www.csa.be\/egalitediversite\/wp-content\/uploads\/sites\/2\/2021\/03\/role-mediatique-2.png 595w, https:\/\/www.csa.be\/egalitediversite\/wp-content\/uploads\/sites\/2\/2021\/03\/role-mediatique-2-480x679.png 480w\" sizes=\"auto, (min-width: 0px) and (max-width: 480px) 480px, (min-width: 481px) 595px, 100vw\" \/><\/a><\/p>\n<p>&nbsp;<\/p>\n<p>&nbsp;<\/p>\n<p>&nbsp;<\/p>\n<p>&nbsp;<\/p>\n<p>&nbsp;<\/p>\n<p>&nbsp;<\/p>\n<p>&nbsp;<\/p>\n<p>&nbsp;<\/p>\n<p>&nbsp;<\/p>\n<p>&nbsp;<\/p>\n<p>&nbsp;<\/p>\n<p>&nbsp;<\/p>\n<p>&nbsp;<\/p>\n<p>&nbsp;<\/p>\n<p>&nbsp;<\/p>\n<p>&nbsp;<\/p>\n<p>&nbsp;<\/p>\n<p>&nbsp;<\/p>\n<p>&nbsp;<\/p>\n<p>&nbsp;<\/p>\n<p>&nbsp;<\/p>\n<p>&nbsp;<\/p>\n<p>&nbsp;<\/p>\n<p>&nbsp;<\/p>\n<p>S\u2019agissant du r\u00f4le d\u2019experte, on rel\u00e8vera n\u00e9anmoins que les femmes sont un peu plus nombreuses en radio qu\u2019en t\u00e9l\u00e9vision dans ce r\u00f4le. On identifie en effet 73,97 % d\u2019hommes pour <strong>26,03 %<\/strong> de femmes dans ce Barom\u00e8tre des services radiophoniques. La proportion de femmes expertes \u00e9tait de 20,56 % dans le dernier Barom\u00e8tre des services t\u00e9l\u00e9visuels.<\/p>\n<p>&nbsp;<\/p>\n<h2><strong><span style=\"color: #33cccc;\">Le genre dans l&rsquo;information<\/span><\/strong><\/h2>\n<p>&nbsp;<\/p>\n<p>Si l\u2019on se penche sur les intervenant.e.s qui prennent place dans le genre de l\u2019information auxquel.le.s on additionne ceux.celles qui prennent place dans les s\u00e9quences de \u00ab\u00a0journaux parl\u00e9s\u00a0\u00bb et \u00ab\u00a0flashs infos\u00a0\u00bb situ\u00e9es dans les magazines, \u00e9missions de musique et divertissement, la proportion de femmes sur l\u2019ensemble des sujets d\u2019information est de <strong>36,02 %<\/strong>.<\/p>\n<p>La pr\u00e9sence de femmes au sein des sujets d\u2019information reste d\u00e8s lors largement en sous-repr\u00e9sentation\u00a0: ces chiffres sont encore \u00e9loign\u00e9s de la r\u00e9alit\u00e9 sociale. On notera que ce chiffre est tr\u00e8s similaire \u00e0 la proportion de femmes observ\u00e9e dans le genre informationnel au sein du Barom\u00e8tre 2017 des services radiophoniques\u00a0: 37,28 %.<\/p>\n<p>Lorsqu\u2019elles sont pr\u00e9sent\u00e9es dans le r\u00f4le de journaliste (au sein de l\u2019information), les femmes sont davantage au premier plan de la mise en sc\u00e8ne de l\u2019information qu\u2019au second plan. Ainsi, dans le r\u00f4le de journaliste\/animateur.rice principal.e, nous avons identifi\u00e9 <strong>59,36 %<\/strong> de femmes pour 40,64 % d\u2019hommes. En revanche, dans le r\u00f4le de journaliste\/animateur.rice second.e\/chroniqueur.euse, on recense <strong>30,22 %<\/strong> de femmes pour 69,78 % d\u2019hommes. On soulignera n\u00e9anmoins que les femmes journalistes principales\u00a0 se concentrent essentiellement sur les les \u00ab\u00a0flashs infos\u00a0\u00bb et, dans une moindre mesure les \u00ab\u00a0journaux parl\u00e9s\u00a0\u00bb, tandis que les hommes journalistes principaux se distribuent plus largement dans les diff\u00e9rents sous-genres de l\u2019information.<\/p>\n<p>&nbsp;<\/p>\n<h2><span style=\"color: #33cccc;\"><strong>Les titres musicaux<\/strong><\/span><\/h2>\n<p>&nbsp;<\/p>\n<p>Enfin, l\u2019analyse des titres musicaux met en exergue une nette sous-repr\u00e9sentation des artistes f\u00e9minines dans les programmations musicales des matinales radio.<\/p>\n<p>&nbsp;<\/p>\n<p>[\/et_pb_text][et_pb_divider _builder_version=\u00a0\u00bb4.5.6&Prime; _module_preset=\u00a0\u00bbdefault\u00a0\u00bb][\/et_pb_divider][et_pb_button button_url=\u00a0\u00bbhttps:\/\/www.csa.be\/egalitediversite\/wp-content\/uploads\/sites\/2\/2021\/03\/CSA_barometre-RADIO-Pub-2019-WEB.pdf\u00a0\u00bb button_text=\u00a0\u00bbT\u00e9l\u00e9chargez le Barom\u00e8tre PUB \u00a0\u00bb button_alignment=\u00a0\u00bbcenter\u00a0\u00bb _builder_version=\u00a0\u00bb4.5.6&Prime; _module_preset=\u00a0\u00bbdefault\u00a0\u00bb custom_button=\u00a0\u00bbon\u00a0\u00bb button_bg_color=\u00a0\u00bb#4db295&Prime; background_layout=\u00a0\u00bbdark\u00a0\u00bb][\/et_pb_button][et_pb_button button_url=\u00a0\u00bbhttps:\/\/www.csa.be\/egalitediversite\/wp-content\/uploads\/sites\/2\/2021\/03\/Synthese-Barometre-PUB-pour-site.pdf\u00a0\u00bb button_text=\u00a0\u00bbT\u00e9l\u00e9chargez la synth\u00e8se du Barom\u00e8tre PUB\u00a0\u00bb button_alignment=\u00a0\u00bbcenter\u00a0\u00bb _builder_version=\u00a0\u00bb4.5.6&Prime; _module_preset=\u00a0\u00bbdefault\u00a0\u00bb custom_button=\u00a0\u00bbon\u00a0\u00bb button_bg_color=\u00a0\u00bb#4db295&Prime; background_layout=\u00a0\u00bbdark\u00a0\u00bb][\/et_pb_button][et_pb_divider _builder_version=\u00a0\u00bb4.5.6&Prime; _module_preset=\u00a0\u00bbdefault\u00a0\u00bb][\/et_pb_divider][et_pb_button button_url=\u00a0\u00bbhttps:\/\/www.csa.be\/egalitediversite\/wp-content\/uploads\/sites\/2\/2021\/09\/CSA_barometre-RADIO-Programme-2019-WEB.pdf\u00a0\u00bb button_text=\u00a0\u00bbT\u00e9l\u00e9chargez le Barom\u00e8tre Programmes\u00a0\u00bb button_alignment=\u00a0\u00bbcenter\u00a0\u00bb _builder_version=\u00a0\u00bb4.5.6&Prime; _module_preset=\u00a0\u00bbdefault\u00a0\u00bb custom_button=\u00a0\u00bbon\u00a0\u00bb button_text_color=\u00a0\u00bb#4db295&Prime; background_layout=\u00a0\u00bbdark\u00a0\u00bb custom_padding=\u00a0\u00bb||17px|||\u00a0\u00bb hover_enabled=\u00a0\u00bb0&Prime;][\/et_pb_button][et_pb_button button_url=\u00a0\u00bbhttps:\/\/www.csa.be\/egalitediversite\/wp-content\/uploads\/sites\/2\/2021\/04\/Synthese-Barometre-programmes-2019.pdf\u00a0\u00bb button_text=\u00a0\u00bbT\u00e9l\u00e9chargez la synth\u00e8se du Barom\u00e8tre Programmes\u00a0\u00bb button_alignment=\u00a0\u00bbcenter\u00a0\u00bb _builder_version=\u00a0\u00bb4.5.6&Prime; _module_preset=\u00a0\u00bbdefault\u00a0\u00bb custom_button=\u00a0\u00bbon\u00a0\u00bb button_text_color=\u00a0\u00bb#4db295&Prime; background_layout=\u00a0\u00bbdark\u00a0\u00bb custom_padding=\u00a0\u00bb||17px|||\u00a0\u00bb][\/et_pb_button][\/et_pb_column][\/et_pb_row][\/et_pb_section]<\/p>\n","protected":false},"excerpt":{"rendered":"<p>Le Barom\u00e8tre programmes en bref Le genre\u00a0 \u00a0 Le genre sur l&rsquo;ensemble des programmes \u00a0 L\u2019analyse a montr\u00e9 que 63,69 % des personnes qui interviennent dans les programmes des matinales radiophoniques sont identifi\u00e9es comme des hommes, 36,26 % comme des femmes, 0,01 % comme des personnes transgenres, 0,01 % comme des personnes travesties et 0,03 [&hellip;]<\/p>\n","protected":false},"author":2,"featured_media":0,"parent":0,"menu_order":0,"comment_status":"closed","ping_status":"closed","template":"","meta":{"_et_pb_use_builder":"on","_et_pb_old_content":"","_et_gb_content_width":"","footnotes":""},"class_list":["post-2848","page","type-page","status-publish","hentry"],"_links":{"self":[{"href":"https:\/\/www.csa.be\/egalitediversite\/wp-json\/wp\/v2\/pages\/2848","targetHints":{"allow":["GET"]}}],"collection":[{"href":"https:\/\/www.csa.be\/egalitediversite\/wp-json\/wp\/v2\/pages"}],"about":[{"href":"https:\/\/www.csa.be\/egalitediversite\/wp-json\/wp\/v2\/types\/page"}],"author":[{"embeddable":true,"href":"https:\/\/www.csa.be\/egalitediversite\/wp-json\/wp\/v2\/users\/2"}],"replies":[{"embeddable":true,"href":"https:\/\/www.csa.be\/egalitediversite\/wp-json\/wp\/v2\/comments?post=2848"}],"version-history":[{"count":24,"href":"https:\/\/www.csa.be\/egalitediversite\/wp-json\/wp\/v2\/pages\/2848\/revisions"}],"predecessor-version":[{"id":3221,"href":"https:\/\/www.csa.be\/egalitediversite\/wp-json\/wp\/v2\/pages\/2848\/revisions\/3221"}],"wp:attachment":[{"href":"https:\/\/www.csa.be\/egalitediversite\/wp-json\/wp\/v2\/media?parent=2848"}],"curies":[{"name":"wp","href":"https:\/\/api.w.org\/{rel}","templated":true}]}}