{"id":3153,"date":"2021-03-23T08:44:38","date_gmt":"2021-03-23T07:44:38","guid":{"rendered":"https:\/\/www.csa.be\/egalitediversite\/?page_id=3153"},"modified":"2021-09-30T10:40:34","modified_gmt":"2021-09-30T08:40:34","slug":"barometre-2019-le-webinaire","status":"publish","type":"page","link":"https:\/\/www.csa.be\/egalitediversite\/barometre-2019-le-webinaire\/","title":{"rendered":"Barom\u00e8tre 2019: le webinaire"},"content":{"rendered":"<p>[et_pb_section fb_built=\u00a0\u00bb1&Prime; _builder_version=\u00a0\u00bb4.5.6&Prime; _module_preset=\u00a0\u00bbdefault\u00a0\u00bb background_color=\u00a0\u00bbrgba(0,0,0,0)\u00a0\u00bb use_background_color_gradient=\u00a0\u00bbon\u00a0\u00bb background_color_gradient_start=\u00a0\u00bb#4fb798&Prime; background_color_gradient_end=\u00a0\u00bb#005497&Prime; custom_margin=\u00a0\u00bb||-10px|||\u00a0\u00bb custom_padding=\u00a0\u00bb||80px|||\u00a0\u00bb][et_pb_row _builder_version=\u00a0\u00bb3.25&Prime; use_background_color_gradient=\u00a0\u00bbon\u00a0\u00bb background_color_gradient_start=\u00a0\u00bbrgba(26,24,68,0)\u00a0\u00bb background_color_gradient_end=\u00a0\u00bb#1a1844&Prime; background_color_gradient_overlays_image=\u00a0\u00bbon\u00a0\u00bb background_image=\u00a0\u00bbhttps:\/\/www.csa.be\/egalitediversite\/wp-content\/uploads\/sites\/2\/2020\/08\/podcast-02-1.png\u00a0\u00bb background_position=\u00a0\u00bbtop_center\u00a0\u00bb width=\u00a0\u00bb100%\u00a0\u00bb max_width=\u00a0\u00bb100%\u00a0\u00bb custom_margin=\u00a0\u00bb-99px|auto|-5px|auto||\u00a0\u00bb custom_padding=\u00a0\u00bb143px|10%|199px|10%||true\u00a0\u00bb animation_style=\u00a0\u00bbslide\u00a0\u00bb animation_direction=\u00a0\u00bbbottom\u00a0\u00bb animation_intensity_slide=\u00a0\u00bb1%\u00a0\u00bb use_custom_width=\u00a0\u00bbon\u00a0\u00bb width_unit=\u00a0\u00bboff\u00a0\u00bb custom_width_percent=\u00a0\u00bb100%\u00a0\u00bb][et_pb_column type=\u00a0\u00bb4_4&Prime; _builder_version=\u00a0\u00bb3.25&Prime; custom_padding=\u00a0\u00bb|||\u00a0\u00bb custom_padding__hover=\u00a0\u00bb|||\u00a0\u00bb][et_pb_menu menu_id=\u00a0\u00bb24&Prime; menu_style=\u00a0\u00bbcentered\u00a0\u00bb active_link_color=\u00a0\u00bb#ffffff\u00a0\u00bb dropdown_menu_bg_color=\u00a0\u00bb#0c71c3&Prime; dropdown_menu_line_color=\u00a0\u00bbrgba(0,0,0,0)\u00a0\u00bb dropdown_menu_text_color=\u00a0\u00bb#ffffff\u00a0\u00bb mobile_menu_text_color=\u00a0\u00bb#ffffff\u00a0\u00bb show_search_icon=\u00a0\u00bbon\u00a0\u00bb search_icon_color=\u00a0\u00bb#ffffff\u00a0\u00bb _builder_version=\u00a0\u00bb4.5.6&Prime; _module_preset=\u00a0\u00bbdefault\u00a0\u00bb menu_text_color=\u00a0\u00bb#ffffff\u00a0\u00bb background_color=\u00a0\u00bbrgba(0,0,0,0)\u00a0\u00bb z_index=\u00a0\u00bb43&Prime; custom_padding=\u00a0\u00bb||0px|||\u00a0\u00bb custom_css_main_element=\u00a0\u00bbz-index: 999999 !important;\u00a0\u00bb][\/et_pb_menu][et_pb_text _builder_version=\u00a0\u00bb4.5.6&Prime; text_font=\u00a0\u00bb||||||||\u00a0\u00bb text_font_size=\u00a0\u00bb20px\u00a0\u00bb text_line_height=\u00a0\u00bb1.8em\u00a0\u00bb header_font=\u00a0\u00bbLato|900|||||||\u00a0\u00bb header_font_size=\u00a0\u00bb82px\u00a0\u00bb header_letter_spacing=\u00a0\u00bb1px\u00a0\u00bb header_line_height=\u00a0\u00bb1.2em\u00a0\u00bb header_4_font=\u00a0\u00bbRaleway|||on|||||\u00a0\u00bb header_4_font_size=\u00a0\u00bb22px\u00a0\u00bb header_4_letter_spacing=\u00a0\u00bb4px\u00a0\u00bb header_4_line_height=\u00a0\u00bb1.6em\u00a0\u00bb text_orientation=\u00a0\u00bbcenter\u00a0\u00bb background_layout=\u00a0\u00bbdark\u00a0\u00bb max_width=\u00a0\u00bb800px\u00a0\u00bb module_alignment=\u00a0\u00bbcenter\u00a0\u00bb text_font_size_tablet=\u00a0\u00bb\u00a0\u00bb text_font_size_phone=\u00a0\u00bb14px\u00a0\u00bb text_font_size_last_edited=\u00a0\u00bbon|desktop\u00a0\u00bb header_font_size_tablet=\u00a0\u00bb62px\u00a0\u00bb header_font_size_phone=\u00a0\u00bb38px\u00a0\u00bb header_font_size_last_edited=\u00a0\u00bbon|phone\u00a0\u00bb][\/et_pb_text][et_pb_image src=\u00a0\u00bbhttps:\/\/www.csa.be\/egalitediversite\/wp-content\/uploads\/sites\/2\/2021\/02\/BAROMETRE-Radio_logo-BLANC.png\u00a0\u00bb title_text=\u00a0\u00bbBAROMETRE-Radio_logo-BLANC\u00a0\u00bb align=\u00a0\u00bbcenter\u00a0\u00bb _builder_version=\u00a0\u00bb4.5.6&Prime; _module_preset=\u00a0\u00bbdefault\u00a0\u00bb custom_margin=\u00a0\u00bb-136px||||false|false\u00a0\u00bb custom_padding=\u00a0\u00bb0px|0px|27px||false|false\u00a0\u00bb custom_css_main_element=\u00a0\u00bbz-index:99;\u00a0\u00bb][\/et_pb_image][et_pb_video src=\u00a0\u00bbhttps:\/\/www.youtube.com\/watch?v=iKkvosFplQ0&Prime; _builder_version=\u00a0\u00bb4.5.6&Prime; _module_preset=\u00a0\u00bbdefault\u00a0\u00bb][\/et_pb_video][et_pb_button button_url=\u00a0\u00bbhttps:\/\/www.csa.be\/egalitediversite\/wp-content\/uploads\/sites\/2\/2021\/03\/CSA_barometre-RADIO-Pub-2019-WEB.pdf\u00a0\u00bb button_text=\u00a0\u00bbT\u00e9l\u00e9chargez le Barom\u00e8tre PUB \u00a0\u00bb button_alignment=\u00a0\u00bbcenter\u00a0\u00bb _builder_version=\u00a0\u00bb4.5.6&Prime; _module_preset=\u00a0\u00bbdefault\u00a0\u00bb custom_button=\u00a0\u00bbon\u00a0\u00bb button_bg_color=\u00a0\u00bb#4db295&Prime; background_layout=\u00a0\u00bbdark\u00a0\u00bb][\/et_pb_button][et_pb_button button_url=\u00a0\u00bbhttps:\/\/www.csa.be\/egalitediversite\/wp-content\/uploads\/sites\/2\/2021\/03\/Synthese-Barometre-PUB-pour-site.pdf\u00a0\u00bb button_text=\u00a0\u00bbT\u00e9l\u00e9chargez la synth\u00e8se du Barom\u00e8tre PUB\u00a0\u00bb button_alignment=\u00a0\u00bbcenter\u00a0\u00bb _builder_version=\u00a0\u00bb4.5.6&Prime; _module_preset=\u00a0\u00bbdefault\u00a0\u00bb custom_button=\u00a0\u00bbon\u00a0\u00bb button_bg_color=\u00a0\u00bb#4db295&Prime; background_layout=\u00a0\u00bbdark\u00a0\u00bb][\/et_pb_button][et_pb_divider _builder_version=\u00a0\u00bb4.5.6&Prime; _module_preset=\u00a0\u00bbdefault\u00a0\u00bb][\/et_pb_divider][et_pb_button button_url=\u00a0\u00bbhttps:\/\/www.csa.be\/egalitediversite\/wp-content\/uploads\/sites\/2\/2021\/09\/CSA_barometre-RADIO-Programme-2019-WEB.pdf\u00a0\u00bb button_text=\u00a0\u00bbT\u00e9l\u00e9chargez le Barom\u00e8tre Programmes\u00a0\u00bb button_alignment=\u00a0\u00bbcenter\u00a0\u00bb _builder_version=\u00a0\u00bb4.5.6&Prime; _module_preset=\u00a0\u00bbdefault\u00a0\u00bb background_layout=\u00a0\u00bbdark\u00a0\u00bb custom_padding=\u00a0\u00bb||17px|||\u00a0\u00bb hover_enabled=\u00a0\u00bb0&Prime;][\/et_pb_button][et_pb_button button_url=\u00a0\u00bbhttps:\/\/www.csa.be\/egalitediversite\/wp-content\/uploads\/sites\/2\/2021\/04\/Synthese-Barometre-programmes-2019.pdf\u00a0\u00bb button_text=\u00a0\u00bbT\u00e9l\u00e9chargez la synth\u00e8se du Barom\u00e8tre Programmes\u00a0\u00bb button_alignment=\u00a0\u00bbcenter\u00a0\u00bb _builder_version=\u00a0\u00bb4.5.6&Prime; _module_preset=\u00a0\u00bbdefault\u00a0\u00bb background_layout=\u00a0\u00bbdark\u00a0\u00bb custom_padding=\u00a0\u00bb||17px|||\u00a0\u00bb][\/et_pb_button][\/et_pb_column][\/et_pb_row][\/et_pb_section]<\/p>\n","protected":false},"excerpt":{"rendered":"","protected":false},"author":2,"featured_media":0,"parent":0,"menu_order":0,"comment_status":"closed","ping_status":"closed","template":"","meta":{"_et_pb_use_builder":"on","_et_pb_old_content":"","_et_gb_content_width":"","footnotes":""},"class_list":["post-3153","page","type-page","status-publish","hentry"],"_links":{"self":[{"href":"https:\/\/www.csa.be\/egalitediversite\/wp-json\/wp\/v2\/pages\/3153","targetHints":{"allow":["GET"]}}],"collection":[{"href":"https:\/\/www.csa.be\/egalitediversite\/wp-json\/wp\/v2\/pages"}],"about":[{"href":"https:\/\/www.csa.be\/egalitediversite\/wp-json\/wp\/v2\/types\/page"}],"author":[{"embeddable":true,"href":"https:\/\/www.csa.be\/egalitediversite\/wp-json\/wp\/v2\/users\/2"}],"replies":[{"embeddable":true,"href":"https:\/\/www.csa.be\/egalitediversite\/wp-json\/wp\/v2\/comments?post=3153"}],"version-history":[{"count":7,"href":"https:\/\/www.csa.be\/egalitediversite\/wp-json\/wp\/v2\/pages\/3153\/revisions"}],"predecessor-version":[{"id":3218,"href":"https:\/\/www.csa.be\/egalitediversite\/wp-json\/wp\/v2\/pages\/3153\/revisions\/3218"}],"wp:attachment":[{"href":"https:\/\/www.csa.be\/egalitediversite\/wp-json\/wp\/v2\/media?parent=3153"}],"curies":[{"name":"wp","href":"https:\/\/api.w.org\/{rel}","templated":true}]}}