{"id":3380,"date":"2023-04-12T17:51:02","date_gmt":"2023-04-12T15:51:02","guid":{"rendered":"https:\/\/www.csa.be\/egalitediversite\/?page_id=3380"},"modified":"2023-04-28T10:31:27","modified_gmt":"2023-04-28T08:31:27","slug":"barometre-2021-le-handicap","status":"publish","type":"page","link":"https:\/\/www.csa.be\/egalitediversite\/barometre-2021-accueil\/barometre-2021-le-handicap\/","title":{"rendered":"Barom\u00e8tre 2021: le handicap en bref"},"content":{"rendered":"<p>[et_pb_section fb_built=\u00a0\u00bb1&Prime; _builder_version=\u00a0\u00bb4.5.6&Prime; _module_preset=\u00a0\u00bbdefault\u00a0\u00bb background_color=\u00a0\u00bb#f36f3a\u00a0\u00bb][et_pb_row _builder_version=\u00a0\u00bb4.5.6&Prime; _module_preset=\u00a0\u00bbdefault\u00a0\u00bb][et_pb_column type=\u00a0\u00bb4_4&Prime; _builder_version=\u00a0\u00bb4.5.6&Prime; _module_preset=\u00a0\u00bbdefault\u00a0\u00bb][et_pb_menu menu_id=\u00a0\u00bb56&Prime; menu_style=\u00a0\u00bbcentered\u00a0\u00bb active_link_color=\u00a0\u00bbrgba(0,0,0,0)\u00a0\u00bb dropdown_menu_bg_color=\u00a0\u00bb#ffffff\u00a0\u00bb dropdown_menu_line_color=\u00a0\u00bb#003160&Prime; dropdown_menu_text_color=\u00a0\u00bb#516bb3&Prime; mobile_menu_bg_color=\u00a0\u00bb#f36f3a\u00a0\u00bb _builder_version=\u00a0\u00bb4.6.6&Prime; _module_preset=\u00a0\u00bbdefault\u00a0\u00bb menu_text_color=\u00a0\u00bb#ffffff\u00a0\u00bb background_enable_color=\u00a0\u00bboff\u00a0\u00bb hover_enabled=\u00a0\u00bb0&Prime; sticky_enabled=\u00a0\u00bb0&Prime;][\/et_pb_menu][\/et_pb_column][\/et_pb_row][et_pb_row _builder_version=\u00a0\u00bb4.5.6&Prime; _module_preset=\u00a0\u00bbdefault\u00a0\u00bb][et_pb_column type=\u00a0\u00bb4_4&Prime; _builder_version=\u00a0\u00bb4.5.6&Prime; _module_preset=\u00a0\u00bbdefault\u00a0\u00bb][et_pb_image src=\u00a0\u00bbhttps:\/\/www.csa.be\/egalitediversite\/wp-content\/uploads\/sites\/2\/2023\/04\/BAROMETRE-10ans-BLANC_reduit.png\u00a0\u00bb title_text=\u00a0\u00bbBAROMETRE-10ans-BLANC_reduit\u00a0\u00bb align=\u00a0\u00bbcenter\u00a0\u00bb _builder_version=\u00a0\u00bb4.5.6&Prime; _module_preset=\u00a0\u00bbdefault\u00a0\u00bb][\/et_pb_image][\/et_pb_column][\/et_pb_row][et_pb_row _builder_version=\u00a0\u00bb4.5.6&Prime; _module_preset=\u00a0\u00bbdefault\u00a0\u00bb][et_pb_column type=\u00a0\u00bb4_4&Prime; _builder_version=\u00a0\u00bb4.5.6&Prime; _module_preset=\u00a0\u00bbdefault\u00a0\u00bb][et_pb_text _builder_version=\u00a0\u00bb4.5.6&Prime; _module_preset=\u00a0\u00bbdefault\u00a0\u00bb header_font=\u00a0\u00bb|800|||||||\u00a0\u00bb header_text_align=\u00a0\u00bbcenter\u00a0\u00bb header_text_color=\u00a0\u00bb#ffffff\u00a0\u00bb header_font_size=\u00a0\u00bb41px\u00a0\u00bb]<\/p>\n<h1>Le handicap en bref<\/h1>\n<p>[\/et_pb_text][\/et_pb_column][\/et_pb_row][\/et_pb_section][et_pb_section fb_built=\u00a0\u00bb1&Prime; _builder_version=\u00a0\u00bb4.5.6&Prime; _module_preset=\u00a0\u00bbdefault\u00a0\u00bb][et_pb_row _builder_version=\u00a0\u00bb4.5.6&Prime; _module_preset=\u00a0\u00bbdefault\u00a0\u00bb][et_pb_column type=\u00a0\u00bb4_4&Prime; _builder_version=\u00a0\u00bb4.5.6&Prime; _module_preset=\u00a0\u00bbdefault\u00a0\u00bb][et_pb_text _builder_version=\u00a0\u00bb4.5.6&Prime; _module_preset=\u00a0\u00bbdefault\u00a0\u00bb header_2_font=\u00a0\u00bb|800|||||||\u00a0\u00bb header_2_text_color=\u00a0\u00bb#f36f3a\u00a0\u00bb]<\/p>\n<h2>Le handicap<\/h2>\n<p>[\/et_pb_text][et_pb_divider color=\u00a0\u00bb#516bb3&Prime; divider_weight=\u00a0\u00bb6px\u00a0\u00bb _builder_version=\u00a0\u00bb4.5.6&Prime; _module_preset=\u00a0\u00bbdefault\u00a0\u00bb width=\u00a0\u00bb15%\u00a0\u00bb][\/et_pb_divider][et_pb_blurb image=\u00a0\u00bbhttps:\/\/www.csa.be\/egalitediversite\/wp-content\/uploads\/sites\/2\/2023\/04\/10ans-couleur_reduit.png\u00a0\u00bb image_max_width=\u00a0\u00bb84%\u00a0\u00bb _builder_version=\u00a0\u00bb4.5.6&Prime; _module_preset=\u00a0\u00bbdefault\u00a0\u00bb header_level=\u00a0\u00bbh3&Prime; header_text_color=\u00a0\u00bb#515151&Prime; header_font_size=\u00a0\u00bb28px\u00a0\u00bb body_font=\u00a0\u00bb|700|||||||\u00a0\u00bb body_text_color=\u00a0\u00bb#516bb3&Prime; body_font_size=\u00a0\u00bb21px\u00a0\u00bb]<\/p>\n<p><em>Les personnes per\u00e7ues comme \u00e9tant en situation de handicap invisibilis\u00e9es depuis plus de 10 ans <\/em><\/p>\n<p>&nbsp;<\/p>\n<p>[\/et_pb_blurb][et_pb_code _builder_version=\u00a0\u00bb4.6.6&Prime; _module_preset=\u00a0\u00bbdefault\u00a0\u00bb width=\u00a0\u00bb700px\u00a0\u00bb module_alignment=\u00a0\u00bbcenter\u00a0\u00bb]<script id=\"infogram_0_fc943cdd-989d-4048-9479-f1b97f241330\" title=\"Barom\u00e8tre 2021: Le handicap\" src=\"https:\/\/e.infogram.com\/js\/dist\/embed.js?GCl\" type=\"text\/javascript\"><\/script>[\/et_pb_code][et_pb_text _builder_version=\u00a0\u00bb4.5.6&Prime; _module_preset=\u00a0\u00bbdefault\u00a0\u00bb header_2_font=\u00a0\u00bb|800|||||||\u00a0\u00bb header_2_text_color=\u00a0\u00bb#f36f3a\u00a0\u00bb header_3_text_color=\u00a0\u00bb#516bb3&Prime; custom_padding=\u00a0\u00bb||0px|||\u00a0\u00bb]<\/p>\n<p><span>Les personnes per\u00e7ues comme \u00e9tant en situation de handicap sont pratiquement absentes de l\u2019\u00e9cran. Elles repr\u00e9sentent 0,47% de l\u2019ensemble du corpus de ce nouveau Barom\u00e8tre. <\/span><strong><span style=\"color: #ffcc99;\"><em>(Slide 1)<\/em><\/span><\/strong><span><br \/> <\/span><\/p>\n<p><span>En 2021, ces personnes sont tr\u00e8s majoritairement sollicit\u00e9es dans des programmes d\u2019information et des magazines-documentaires <strong><span style=\"color: #ffcc99;\"><em>(Slide 2)<\/em><\/span><\/strong>. L<\/span><span data-contrast=\"auto\">es r\u00f4les discursifs les plus valoris\u00e9s socialement sont ceux o\u00f9 la pr\u00e9sence des personnes per\u00e7ues comme \u00e9tant en situation de handicap est la plus faible<\/span><span data-contrast=\"auto\">. Ainsi, aucun.e journaliste-animateur.trice au sein des programmes d\u2019information n\u2019est per\u00e7u.e comme \u00e9tant en situation de handicap. Leurs r\u00f4les m\u00e9diatiques sont majoritairement passifs. \u00c0 titre d\u2019exemple, 83,52 % d\u2019entre elles <\/span><span data-contrast=\"auto\">endossent<\/span><span data-contrast=\"auto\"> un r\u00f4le de figurant.e. <strong><span style=\"color: #ffcc99;\"><em>(Slide 3)<\/em><\/span><\/strong><br \/> <\/span><\/p>\n<h3><span style=\"text-decoration: underline;\"><\/span><\/h3>\n<h3><span style=\"text-decoration: underline;\">Les programmes<span><strong><span style=\"color: #ffcc99;\"><em><br \/><\/em><\/span><\/strong><\/span><\/span><\/h3>\n<p>En 2011, 78,48 % des personnes per\u00e7ues comme \u00e9tant en situation de handicap \u00e9taient pr\u00e9sentes au sein des programmes d\u2019information. En 2021, la proportion des personnes per\u00e7ues comme \u00e9tant en situation de handicap au sein de l\u2019information atteint son taux le plus bas : 32,96 %.<\/p>\n<p>Les personnes per\u00e7ues comme \u00e9tant en situation de handicap restent par ailleurs absentes de la fiction alors qu\u2019en 2013 elles concentraient 13,68 %, et restent quasiment absentes du divertissement (1,39 %) alors qu\u2019elles concentraient 11,39 % en 2011.<\/p>\n<p><span><strong><span style=\"color: #ffcc99;\"><em>(Slide 2)<\/em><\/span><\/strong><\/span><\/p>\n<h3><span style=\"text-decoration: underline;\">Les r\u00f4les m\u00e9diatiques<\/span><\/h3>\n<p>De 2011 \u00e0 2021, les personnes en situation de handicap se concentrent syst\u00e9matiquement dans les r\u00f4les passifs de figurant.e et affectifs de vox populi. \u00c0 chaque \u00e9dition du Barom\u00e8tre, elles sont exclues des r\u00f4les d\u2019expert.e et de candidat.e \u00e0 un jeu, c\u2019est-\u00e0-dire de la parole d\u2019opinion mais aussi du r\u00eave et de l\u2019univers h\u00e9doniste.<\/p>\n<p><span data-contrast=\"auto\"><strong><span style=\"color: #ffcc99;\"><em>(Slide 3)<\/em><\/span><\/strong><\/span><\/p>\n<p>&nbsp;<\/p>\n<p>&nbsp;<\/p>\n<p>[\/et_pb_text][\/et_pb_column][\/et_pb_row][et_pb_row _builder_version=\u00a0\u00bb4.6.6&Prime; _module_preset=\u00a0\u00bbdefault\u00a0\u00bb custom_margin=\u00a0\u00bb-74px|auto||auto||\u00a0\u00bb][et_pb_column type=\u00a0\u00bb4_4&Prime; _builder_version=\u00a0\u00bb4.6.6&Prime; _module_preset=\u00a0\u00bbdefault\u00a0\u00bb][et_pb_toggle title=\u00a0\u00bbSynth\u00e8se des principaux r\u00e9sultats\u00a0\u00bb _builder_version=\u00a0\u00bb4.6.6&Prime; _module_preset=\u00a0\u00bbdefault\u00a0\u00bb]<\/p>\n<p><span data-contrast=\"auto\">Concernant la repr\u00e9sentation en termes de handicap, nous dressons les constats suivants\u202f:\u00a0<\/span><span data-ccp-props=\"{&quot;134233117&quot;:false,&quot;134233118&quot;:false,&quot;201341983&quot;:0,&quot;335551550&quot;:6,&quot;335551620&quot;:6,&quot;335559738&quot;:0,&quot;335559739&quot;:0,&quot;335559740&quot;:240}\">\u00a0<\/span><\/p>\n<ul>\n<li data-leveltext=\"-\" data-font=\"Segoe UI\" data-listid=\"6\" data-list-defn-props=\"{&quot;335551671&quot;:80,&quot;335552541&quot;:1,&quot;335559684&quot;:-2,&quot;335559685&quot;:720,&quot;335559991&quot;:360,&quot;469769226&quot;:&quot;Segoe UI&quot;,&quot;469769242&quot;:[8226],&quot;469777803&quot;:&quot;left&quot;,&quot;469777804&quot;:&quot;-&quot;,&quot;469777815&quot;:&quot;hybridMultilevel&quot;}\" aria-setsize=\"-1\" data-aria-posinset=\"80\" data-aria-level=\"1\"><span data-contrast=\"auto\">En 2021, sur les 80.939 intervenant.e.s, 361 sont per\u00e7u.e.s en situation de handicap, soit <\/span><b><span data-contrast=\"auto\">0,47 %<\/span><\/b><span data-contrast=\"auto\">. Pour comparaison, les donn\u00e9es fournies par Statbel indiquent qu\u2019en Belgique, en 2021<\/span><span data-contrast=\"none\">, 6 % de la population \u00e2g\u00e9e de 15 \u00e0 64 ans est limit\u00e9e pendant longtemps dans ses activit\u00e9s quotidiennes en raison d\u2019un handicap, d\u2019une affection ou d\u2019une maladie.<\/span><span data-contrast=\"auto\"> Ces donn\u00e9es sont \u00e0 saisir avec pr\u00e9caution dans la mesure o\u00f9 les donn\u00e9es concernant la situation de handicap au sein du Barom\u00e8tre et celles de Statbel ne rel\u00e8vent pas exactement de la m\u00eame r\u00e9alit\u00e9. Par exemple, le dispositif du Barom\u00e8tre se fondant sur la perception, le handicap invisible n\u2019est pas n\u00e9cessairement pris en compte sauf lorsqu\u2019il est mentionn\u00e9. C\u2019est une l\u00e9g\u00e8re augmentation depuis le premier Barom\u00e8tre (+0,14 %).<\/span><span data-contrast=\"auto\">\u202fEntre 2017 et 2021, sur la base d\u2019un \u00e9chantillon commun, la proportion de personnes per\u00e7ues en situation de handicap a diminu\u00e9 (-1,21 %). <\/span><span data-contrast=\"auto\">Cette diminution est \u00e0 prendre avec pr\u00e9caution car le pourcentage plus \u00e9lev\u00e9 de personnes per\u00e7u.e.s comme \u00e9tant en situation de handicap est li\u00e9e \u00e0 des sp\u00e9cificit\u00e9s du corpus 2017 (\u00ab\u202f<\/span><i><span data-contrast=\"auto\">Semaine du vivre ensemble<\/span><\/i><span data-contrast=\"auto\">\u202f\u00bb en 2017).<\/span><i><span data-contrast=\"auto\">\u00a0<\/span><\/i><span data-ccp-props=\"{&quot;134233117&quot;:false,&quot;134233118&quot;:false,&quot;201341983&quot;:0,&quot;335551550&quot;:6,&quot;335551620&quot;:6,&quot;335559738&quot;:0,&quot;335559739&quot;:0,&quot;335559740&quot;:240}\">\u00a0<\/span><\/li>\n<li data-leveltext=\"-\" data-font=\"Segoe UI\" data-listid=\"6\" data-list-defn-props=\"{&quot;335551671&quot;:80,&quot;335552541&quot;:1,&quot;335559684&quot;:-2,&quot;335559685&quot;:720,&quot;335559991&quot;:360,&quot;469769226&quot;:&quot;Segoe UI&quot;,&quot;469769242&quot;:[8226],&quot;469777803&quot;:&quot;left&quot;,&quot;469777804&quot;:&quot;-&quot;,&quot;469777815&quot;:&quot;hybridMultilevel&quot;}\" aria-setsize=\"-1\" data-aria-posinset=\"80\" data-aria-level=\"1\"><span data-contrast=\"auto\">Si l\u2019on se penche sur la r\u00e9partition des personnes per\u00e7ues comme \u00e9tant en situation de handicap au sein des diff\u00e9rents programmes en 2021, on constate que 37,40 % des personnes per\u00e7ues comme \u00e9tant en situation de handicap sont pr\u00e9sentes dans <\/span><span data-contrast=\"auto\">les magazines-documentaires, 32,96 % d\u2019entre eux.elles sont pr\u00e9sent.e.s dans l\u2019information 18,56 % dans les programmes courts et 8,31 % au sein des programmes sportifs. Quant au divertissement et aux autres \u00e9missions, ils rassemblent chacun 1,39 % des personnes per\u00e7ues comme \u00e9tant en situation de handicap. Notons par ailleurs, que <\/span><b><span data-contrast=\"auto\">le Barom\u00e8tre 2021 signe le plus faible taux de personnes per\u00e7ues comme \u00e9tant en situation de handicap au sein des programmes d\u2019information\u202f:<\/span><\/b> <b><span data-contrast=\"auto\">32,96 % des personnes per\u00e7ues comme \u00e9tant en situation de handicap, elles sont par ailleurs et totalement absentes de la fiction.<\/span><\/b><span data-ccp-props=\"{&quot;134233117&quot;:false,&quot;134233118&quot;:false,&quot;201341983&quot;:0,&quot;335551550&quot;:6,&quot;335551620&quot;:6,&quot;335559738&quot;:0,&quot;335559739&quot;:0,&quot;335559740&quot;:240}\">\u00a0<\/span><\/li>\n<li data-leveltext=\"-\" data-font=\"Segoe UI\" data-listid=\"6\" data-list-defn-props=\"{&quot;335551671&quot;:80,&quot;335552541&quot;:1,&quot;335559684&quot;:-2,&quot;335559685&quot;:720,&quot;335559991&quot;:360,&quot;469769226&quot;:&quot;Segoe UI&quot;,&quot;469769242&quot;:[8226],&quot;469777803&quot;:&quot;left&quot;,&quot;469777804&quot;:&quot;-&quot;,&quot;469777815&quot;:&quot;hybridMultilevel&quot;}\" aria-setsize=\"-1\" data-aria-posinset=\"80\" data-aria-level=\"1\"><span data-contrast=\"auto\">Si l\u2019on se penche sur la r\u00e9partition des personnes per\u00e7ues comme \u00e9tant en situation de handicap au sein des diff\u00e9rents r\u00f4les m\u00e9diatiques en 2021, on constate que celles-ci sont essentiellement cantonn\u00e9es \u00e0 des r\u00f4les d\u2019affect et d\u2019arri\u00e8re-plan. Ainsi, 83,52 % des personnes per\u00e7ues comme \u00e9tant issues en situation de handicap occupent <\/span><span data-contrast=\"auto\">le r\u00f4le de figurant.e, 12,57 % d\u2019entre elles incarnent le r\u00f4le de vox populi. <\/span><b><span data-contrast=\"auto\">On notera \u00e9galement que les r\u00f4les discursifs les plus valoris\u00e9s socialement sont ceux o\u00f9 la pr\u00e9sence des personnes per\u00e7ues en situation de handicap est la plus faible<\/span><\/b><span data-contrast=\"auto\">\u202f: journaliste-animateur.trice (0,09 % de la totalit\u00e9 des journalistes-animateur.trice.s), porte-parole (0,04 %), expert.e (0,42 %).\u202f<\/span><span data-contrast=\"auto\">\u202f<\/span><span data-ccp-props=\"{&quot;134233117&quot;:false,&quot;134233118&quot;:false,&quot;201341983&quot;:0,&quot;335551550&quot;:6,&quot;335551620&quot;:6,&quot;335559738&quot;:0,&quot;335559739&quot;:0,&quot;335559740&quot;:240}\">\u00a0<\/span><\/li>\n<li data-leveltext=\"-\" data-font=\"Segoe UI\" data-listid=\"6\" data-list-defn-props=\"{&quot;335551671&quot;:80,&quot;335552541&quot;:1,&quot;335559684&quot;:-2,&quot;335559685&quot;:720,&quot;335559991&quot;:360,&quot;469769226&quot;:&quot;Segoe UI&quot;,&quot;469769242&quot;:[8226],&quot;469777803&quot;:&quot;left&quot;,&quot;469777804&quot;:&quot;-&quot;,&quot;469777815&quot;:&quot;hybridMultilevel&quot;}\" aria-setsize=\"-1\" data-aria-posinset=\"80\" data-aria-level=\"1\"><b><span data-contrast=\"auto\">Pr\u00e8s d\u2019une personne sur deux per\u00e7ue comme \u00e9tant en situation de handicap est sollicit\u00e9e en tant que personne en situation de handicap. <\/span><\/b><span data-contrast=\"auto\">E<\/span><span data-contrast=\"auto\">n 2021, sur les 361 intervenant.e.s pr\u00e9sentant un handicap visible, 150 soit 41,55 % sont associ\u00e9.e.s au marqueur social handicap. Dans pr\u00e8s d\u2019un cas sur deux, les personnes per\u00e7ues comme \u00e9tant en situation de handicap sont sollicit\u00e9es pr\u00e9cis\u00e9ment en tant que personne en situation de handicap ou dans un sujet relatif au handicap.<\/span><span data-contrast=\"auto\">\u202f<\/span><b><span data-contrast=\"auto\">Les personnes en situation de handicap sont plus nombreuses que les autres \u00e0 ne pas avoir acc\u00e8s \u00e0 la parole. <\/span><\/b><span data-contrast=\"auto\">En effet, l<\/span><span data-contrast=\"auto\">es personnes per\u00e7ues comme \u00e9tant en situation de handicap sont proportionnellement plus nombreuses que les personnes per\u00e7ues comme n\u2019\u00e9tant pas en situation de handicap au sein des personnes que l\u2019on voit mais qui ne parlent pas (+7,30 %). A l\u2019inverse, lorsque le niveau d\u2019intervention est le plus \u00e9lev\u00e9 (que l\u2019on voit et qui parlent), les personnes per\u00e7ues comme \u00e9tant en situation de handicap sont proportionnellement moins nombreuses (-7,32 %).<\/span><span data-contrast=\"auto\">\u202f<\/span><span data-ccp-props=\"{&quot;134233117&quot;:false,&quot;134233118&quot;:false,&quot;201341983&quot;:0,&quot;335551550&quot;:6,&quot;335551620&quot;:6,&quot;335559738&quot;:0,&quot;335559739&quot;:0,&quot;335559740&quot;:240}\">\u00a0<\/span><\/li>\n<\/ul>\n<ul>\n<li data-leveltext=\"-\" data-font=\"Segoe UI\" data-listid=\"6\" data-list-defn-props=\"{&quot;335551671&quot;:80,&quot;335552541&quot;:1,&quot;335559684&quot;:-2,&quot;335559685&quot;:720,&quot;335559991&quot;:360,&quot;469769226&quot;:&quot;Segoe UI&quot;,&quot;469769242&quot;:[8226],&quot;469777803&quot;:&quot;left&quot;,&quot;469777804&quot;:&quot;-&quot;,&quot;469777815&quot;:&quot;hybridMultilevel&quot;}\" aria-setsize=\"-1\" data-aria-posinset=\"80\" data-aria-level=\"1\"><span data-contrast=\"auto\">De 2011 \u00e0 2021, les personnes en situation de handicap se concentrent syst\u00e9matiquement dans les r\u00f4les passifs de figurant.e et affectifs de vox populi. \u00c0 chaque \u00e9dition du Barom\u00e8tre, elles sont exclues des r\u00f4les d\u2019expert.e et de candidat.e \u00e0 un jeu, c\u2019est-\u00e0-dire de la parole d\u2019opinion mais aussi du r\u00eave et de l\u2019univers h\u00e9doniste.<\/span><span data-contrast=\"auto\">\u202f<\/span><span data-ccp-props=\"{&quot;134233117&quot;:false,&quot;134233118&quot;:false,&quot;201341983&quot;:0,&quot;335551550&quot;:6,&quot;335551620&quot;:6,&quot;335559738&quot;:0,&quot;335559739&quot;:0,&quot;335559740&quot;:240}\">\u00a0<\/span><\/li>\n<\/ul>\n<p>[\/et_pb_toggle][\/et_pb_column][\/et_pb_row][\/et_pb_section]<\/p>\n","protected":false},"excerpt":{"rendered":"<p>Le handicap en brefLe handicapLes personnes per\u00e7ues comme \u00e9tant en situation de handicap invisibilis\u00e9es depuis plus de 10 ans &nbsp;Les personnes per\u00e7ues comme \u00e9tant en situation de handicap sont pratiquement absentes de l\u2019\u00e9cran. Elles repr\u00e9sentent 0,47% de l\u2019ensemble du corpus de ce nouveau Barom\u00e8tre. (Slide 1) En 2021, ces personnes sont tr\u00e8s majoritairement sollicit\u00e9es dans [&hellip;]<\/p>\n","protected":false},"author":2,"featured_media":0,"parent":3463,"menu_order":0,"comment_status":"closed","ping_status":"closed","template":"","meta":{"_et_pb_use_builder":"on","_et_pb_old_content":"","_et_gb_content_width":"","footnotes":""},"class_list":["post-3380","page","type-page","status-publish","hentry"],"_links":{"self":[{"href":"https:\/\/www.csa.be\/egalitediversite\/wp-json\/wp\/v2\/pages\/3380","targetHints":{"allow":["GET"]}}],"collection":[{"href":"https:\/\/www.csa.be\/egalitediversite\/wp-json\/wp\/v2\/pages"}],"about":[{"href":"https:\/\/www.csa.be\/egalitediversite\/wp-json\/wp\/v2\/types\/page"}],"author":[{"embeddable":true,"href":"https:\/\/www.csa.be\/egalitediversite\/wp-json\/wp\/v2\/users\/2"}],"replies":[{"embeddable":true,"href":"https:\/\/www.csa.be\/egalitediversite\/wp-json\/wp\/v2\/comments?post=3380"}],"version-history":[{"count":12,"href":"https:\/\/www.csa.be\/egalitediversite\/wp-json\/wp\/v2\/pages\/3380\/revisions"}],"predecessor-version":[{"id":3613,"href":"https:\/\/www.csa.be\/egalitediversite\/wp-json\/wp\/v2\/pages\/3380\/revisions\/3613"}],"up":[{"embeddable":true,"href":"https:\/\/www.csa.be\/egalitediversite\/wp-json\/wp\/v2\/pages\/3463"}],"wp:attachment":[{"href":"https:\/\/www.csa.be\/egalitediversite\/wp-json\/wp\/v2\/media?parent=3380"}],"curies":[{"name":"wp","href":"https:\/\/api.w.org\/{rel}","templated":true}]}}