{"id":3386,"date":"2023-04-12T17:50:45","date_gmt":"2023-04-12T15:50:45","guid":{"rendered":"https:\/\/www.csa.be\/egalitediversite\/?page_id=3386"},"modified":"2023-04-28T10:30:54","modified_gmt":"2023-04-28T08:30:54","slug":"barometre-2021-lage","status":"publish","type":"page","link":"https:\/\/www.csa.be\/egalitediversite\/barometre-2021-accueil\/barometre-2021-lage\/","title":{"rendered":"Barom\u00e8tre 2021: l&rsquo;\u00e2ge en bref"},"content":{"rendered":"<p>[et_pb_section fb_built=\u00a0\u00bb1&Prime; _builder_version=\u00a0\u00bb4.5.6&Prime; _module_preset=\u00a0\u00bbdefault\u00a0\u00bb background_color=\u00a0\u00bb#f36f3a\u00a0\u00bb][et_pb_row _builder_version=\u00a0\u00bb4.5.6&Prime; _module_preset=\u00a0\u00bbdefault\u00a0\u00bb][et_pb_column type=\u00a0\u00bb4_4&Prime; _builder_version=\u00a0\u00bb4.5.6&Prime; _module_preset=\u00a0\u00bbdefault\u00a0\u00bb][et_pb_menu menu_id=\u00a0\u00bb56&Prime; menu_style=\u00a0\u00bbcentered\u00a0\u00bb active_link_color=\u00a0\u00bbrgba(0,0,0,0)\u00a0\u00bb dropdown_menu_bg_color=\u00a0\u00bb#ffffff\u00a0\u00bb dropdown_menu_line_color=\u00a0\u00bb#003160&Prime; dropdown_menu_text_color=\u00a0\u00bb#516bb3&Prime; mobile_menu_bg_color=\u00a0\u00bb#f36f3a\u00a0\u00bb _builder_version=\u00a0\u00bb4.6.6&Prime; _module_preset=\u00a0\u00bbdefault\u00a0\u00bb menu_text_color=\u00a0\u00bb#ffffff\u00a0\u00bb background_enable_color=\u00a0\u00bboff\u00a0\u00bb hover_enabled=\u00a0\u00bb0&Prime; sticky_enabled=\u00a0\u00bb0&Prime;][\/et_pb_menu][\/et_pb_column][\/et_pb_row][et_pb_row _builder_version=\u00a0\u00bb4.5.6&Prime; _module_preset=\u00a0\u00bbdefault\u00a0\u00bb][et_pb_column type=\u00a0\u00bb4_4&Prime; _builder_version=\u00a0\u00bb4.5.6&Prime; _module_preset=\u00a0\u00bbdefault\u00a0\u00bb][et_pb_image src=\u00a0\u00bbhttps:\/\/www.csa.be\/egalitediversite\/wp-content\/uploads\/sites\/2\/2023\/04\/BAROMETRE-10ans-BLANC_reduit.png\u00a0\u00bb title_text=\u00a0\u00bbBAROMETRE-10ans-BLANC_reduit\u00a0\u00bb align=\u00a0\u00bbcenter\u00a0\u00bb _builder_version=\u00a0\u00bb4.5.6&Prime; _module_preset=\u00a0\u00bbdefault\u00a0\u00bb][\/et_pb_image][\/et_pb_column][\/et_pb_row][et_pb_row _builder_version=\u00a0\u00bb4.5.6&Prime; _module_preset=\u00a0\u00bbdefault\u00a0\u00bb][et_pb_column type=\u00a0\u00bb4_4&Prime; _builder_version=\u00a0\u00bb4.5.6&Prime; _module_preset=\u00a0\u00bbdefault\u00a0\u00bb][et_pb_text _builder_version=\u00a0\u00bb4.5.6&Prime; _module_preset=\u00a0\u00bbdefault\u00a0\u00bb header_font=\u00a0\u00bb|800|||||||\u00a0\u00bb header_text_align=\u00a0\u00bbcenter\u00a0\u00bb header_text_color=\u00a0\u00bb#ffffff\u00a0\u00bb header_font_size=\u00a0\u00bb41px\u00a0\u00bb]<\/p>\n<h1>L&rsquo;\u00e2ge en bref<\/h1>\n<p>[\/et_pb_text][\/et_pb_column][\/et_pb_row][\/et_pb_section][et_pb_section fb_built=\u00a0\u00bb1&Prime; _builder_version=\u00a0\u00bb4.5.6&Prime; _module_preset=\u00a0\u00bbdefault\u00a0\u00bb][et_pb_row _builder_version=\u00a0\u00bb4.5.6&Prime; _module_preset=\u00a0\u00bbdefault\u00a0\u00bb][et_pb_column type=\u00a0\u00bb4_4&Prime; _builder_version=\u00a0\u00bb4.5.6&Prime; _module_preset=\u00a0\u00bbdefault\u00a0\u00bb][et_pb_text _builder_version=\u00a0\u00bb4.5.6&Prime; _module_preset=\u00a0\u00bbdefault\u00a0\u00bb header_2_font=\u00a0\u00bb|800|||||||\u00a0\u00bb header_2_text_color=\u00a0\u00bb#f36f3a\u00a0\u00bb]<\/p>\n<h2>L&rsquo;\u00e2ge<\/h2>\n<p>[\/et_pb_text][et_pb_divider color=\u00a0\u00bb#516bb3&Prime; divider_weight=\u00a0\u00bb6px\u00a0\u00bb _builder_version=\u00a0\u00bb4.5.6&Prime; _module_preset=\u00a0\u00bbdefault\u00a0\u00bb width=\u00a0\u00bb7%\u00a0\u00bb][\/et_pb_divider][et_pb_blurb image=\u00a0\u00bbhttps:\/\/www.csa.be\/egalitediversite\/wp-content\/uploads\/sites\/2\/2023\/04\/10ans-couleur_reduit.png\u00a0\u00bb image_max_width=\u00a0\u00bb84%\u00a0\u00bb _builder_version=\u00a0\u00bb4.5.6&Prime; _module_preset=\u00a0\u00bbdefault\u00a0\u00bb header_level=\u00a0\u00bbh3&Prime; header_text_color=\u00a0\u00bb#515151&Prime; header_font_size=\u00a0\u00bb28px\u00a0\u00bb body_font=\u00a0\u00bb|700|||||||\u00a0\u00bb body_text_color=\u00a0\u00bb#516bb3&Prime; body_font_size=\u00a0\u00bb21px\u00a0\u00bb]<\/p>\n<p><em>Dans tous les Barom\u00e8tres effectu\u00e9s depuis 2011, les 19-34 ans constituent la cat\u00e9gorie la plus repr\u00e9sent\u00e9e \u00e0 l\u2019\u00e9cran. Cette cat\u00e9gorie d\u2019\u00e2ge est surrepr\u00e9sent\u00e9e par rapport \u00e0 sa pr\u00e9sence au sein de la population belge.<span style=\"color: #f79548;\">(Slide1)<\/span><\/em><\/p>\n<p><em>\u00a0<\/em><\/p>\n<p>&nbsp;<\/p>\n<p>[\/et_pb_blurb][et_pb_code _builder_version=\u00a0\u00bb4.6.6&Prime; _module_preset=\u00a0\u00bbdefault\u00a0\u00bb width=\u00a0\u00bb700px\u00a0\u00bb module_alignment=\u00a0\u00bbcenter\u00a0\u00bb]<script id=\"infogram_0_d2f8fbdf-6a05-4db6-abbc-327dfc9a3044\" title=\"Barom\u00e8tre 2021: L&#39;\u00e2ge\" src=\"https:\/\/e.infogram.com\/js\/dist\/embed.js?2Hv\" type=\"text\/javascript\"><\/script>[\/et_pb_code][et_pb_text _builder_version=\u00a0\u00bb4.6.6&Prime; _module_preset=\u00a0\u00bbdefault\u00a0\u00bb header_2_font=\u00a0\u00bb|800|||||||\u00a0\u00bb header_2_text_color=\u00a0\u00bb#f36f3a\u00a0\u00bb header_3_text_color=\u00a0\u00bb#516bb3&Prime;]<\/p>\n<p><span data-contrast=\"auto\">Le Barom\u00e8tre 2021 est l\u2019occasion de souligner un rajeunissement significatif des intervenant.e.s \u00e0 l\u2019\u00e9cran.\u00a0 En effet, les 19-34 ans et les 35-49 ans dominent largement les programmes audiovisuels. <\/span><\/p>\n<p><span data-contrast=\"auto\">Durant les dix derni\u00e8res ann\u00e9es, les 19-34 ans ont domin\u00e9 l\u2019ensemble des programmes et constituent la cat\u00e9gorie la plus repr\u00e9sent\u00e9e \u00e0 l\u2019\u00e9cran. En 2021, cette cat\u00e9gorie d&rsquo;\u00e2ge rassemble pr\u00e8s de 35,02 % des intervenant.e.s , une surepr\u00e9sentation par rapport leur pr\u00e9sence au sein de la population belge (19,82 % de la population belge).\u00a0 Les 35-49 ans,\u00a0 rassemblent quant \u00e0 eux pr\u00e8s de 29,14 % des intervenant.e.s en 2021 alors qu&rsquo;ils ne constituent que 19,49%\u00a0 de la population belge. <br \/><\/span><\/p>\n<p><span data-contrast=\"auto\">En 2021, cette tendance au rajeunissement constat\u00e9e \u00e0 l&rsquo;\u00e9cran est particuli\u00e8rement visible pour les 19-34 ans au sein des programmes tels que le sport o\u00f9 ils.elles repr\u00e9sentent 66,40 % des intervenant.e.s, les magazines-documentaires (33,96 %) et l\u2019information (31,09 %). Quant aux 35-49 ans, ils.elles repr\u00e9sentent 30,76 % des intervenant.e.s de la fiction et 29,70 % <\/span><span>des intervenant.e.s <\/span><span data-contrast=\"auto\">dans l\u2019information <em><strong><span style=\"color: #f79548;\">(Slide 2)<\/span><\/strong><\/em>. Ce rajeunissement est d\u2019autant plus marqu\u00e9 dans certains r\u00f4les m\u00e9diatiques . <\/span><\/p>\n<p><span data-contrast=\"auto\">Au sein des r\u00f4les m\u00e9diatiques, on rel\u00e8ve \u00e9galement une surrepr\u00e9sentation des deux cat\u00e9gories d\u2019\u00e2ge\u202f: 19-34 ans et 35-49 ans. En 2021, les 19-34 ans sont la cat\u00e9gorie d\u2019\u00e2ge la plus repr\u00e9sent\u00e9e dans les r\u00f4les de candidat.e \u00e0 un jeu (41,33 %), de personnage de fiction (38,49 %) et de figurant.e (37,87 %). Les 35-49 ans sont la cat\u00e9gorie d\u2019\u00e2ge la plus repr\u00e9sent\u00e9e dans les r\u00f4les de journaliste-animateur.trice (54,85 %), expert.e (48,95 %) et porte-parole (41,77 %) <em><strong><span style=\"color: #f79548;\">(Slide 3)<\/span><\/strong><\/em>. <\/span><\/p>\n<p><span data-contrast=\"auto\"><\/span><\/p>\n<p><span data-contrast=\"auto\">Le rajeunissement dans les programmes est encore plus marqu\u00e9 lorsque l\u2019on croise la classe d\u2019\u00e2ge avec l\u2019origine per\u00e7ue puis le genre. Ainsi, plus les femmes sont jeunes, plus elles seront pr\u00e9sentes \u00e0 l\u2019\u00e9cran. De la m\u00eame mani\u00e8re, les personnes per\u00e7ues comme \u00e9tant issues de la diversit\u00e9 subissent aussi cette tendance au jeunisme\u202f: 3 personnes sur 4 per\u00e7ues comme issues de cette cat\u00e9gorie ont moins de 34 ans, tandis que c\u2019est le cas de moins de 2 personnes sur 4 pour les personnes per\u00e7ues comme non issues de la diversit\u00e9.\u00a0<\/span><span data-ccp-props=\"{&quot;201341983&quot;:0,&quot;335551550&quot;:6,&quot;335551620&quot;:6,&quot;335559739&quot;:160,&quot;335559740&quot;:256}\">\u00a0<\/span><\/p>\n<p>[\/et_pb_text][\/et_pb_column][\/et_pb_row][et_pb_row _builder_version=\u00a0\u00bb4.6.6&Prime; _module_preset=\u00a0\u00bbdefault\u00a0\u00bb][et_pb_column type=\u00a0\u00bb4_4&Prime; _builder_version=\u00a0\u00bb4.6.6&Prime; _module_preset=\u00a0\u00bbdefault\u00a0\u00bb][et_pb_toggle title=\u00a0\u00bbSynth\u00e8se des principaux r\u00e9sultats\u00a0\u00bb _builder_version=\u00a0\u00bb4.6.6&Prime; _module_preset=\u00a0\u00bbdefault\u00a0\u00bb]<\/p>\n<p><span data-contrast=\"auto\">Concernant la repr\u00e9sentation en termes d\u2019\u00e2ge, nous dressons les constats suivants\u202f:\u00a0<\/span><span data-ccp-props=\"{&quot;134233117&quot;:false,&quot;134233118&quot;:false,&quot;201341983&quot;:0,&quot;335551550&quot;:6,&quot;335551620&quot;:6,&quot;335559738&quot;:0,&quot;335559739&quot;:0,&quot;335559740&quot;:240}\">\u00a0<\/span><\/p>\n<ul>\n<li data-leveltext=\"-\" data-font=\"Segoe UI\" data-listid=\"6\" data-list-defn-props=\"{&quot;335551671&quot;:80,&quot;335552541&quot;:1,&quot;335559684&quot;:-2,&quot;335559685&quot;:720,&quot;335559991&quot;:360,&quot;469769226&quot;:&quot;Segoe UI&quot;,&quot;469769242&quot;:[8226],&quot;469777803&quot;:&quot;left&quot;,&quot;469777804&quot;:&quot;-&quot;,&quot;469777815&quot;:&quot;hybridMultilevel&quot;}\" aria-setsize=\"-1\" data-aria-posinset=\"80\" data-aria-level=\"1\"><span data-contrast=\"auto\">La premi\u00e8re cat\u00e9gorie d\u2019\u00e2ge la plus fr\u00e9quemment repr\u00e9sent\u00e9e est celle des 19-34 ans qui rassemble pr\u00e8s de 35,02 % des intervenant.e.s en 2021. Elle est surrepr\u00e9sent\u00e9e par rapport \u00e0 sa pr\u00e9sence au sein de la population belge (les 19-34 ans repr\u00e9sentent seulement 19,82 % de la population belge). La seconde cat\u00e9gorie d\u2019\u00e2ge la plus fr\u00e9quemment repr\u00e9sent\u00e9e est celle des 35-49 ans, qui rassemble pr\u00e8s de 29,14 % des intervenant.e.s en 2021. Elle est surrepr\u00e9sent\u00e9e par rapport \u00e0 sa pr\u00e9sence au sein de la population belge (les 35-49 ans repr\u00e9sentent 19,49 % de la population belge en 2021).<\/span> <b><span data-contrast=\"auto\">Durant les dix derni\u00e8res ann\u00e9es, les 19-34 ans ont domin\u00e9 l\u2019ensemble des programmes.<\/span><\/b> <span data-contrast=\"auto\">En effet, dans tous les Barom\u00e8tres effectu\u00e9s depuis 2011, les 19-34 ans constituent la cat\u00e9gorie la plus repr\u00e9sent\u00e9e \u00e0 l\u2019\u00e9cran<\/span><span data-contrast=\"auto\">.<\/span><span data-ccp-props=\"{&quot;134233117&quot;:false,&quot;134233118&quot;:false,&quot;201341983&quot;:0,&quot;335551550&quot;:6,&quot;335551620&quot;:6,&quot;335559738&quot;:0,&quot;335559739&quot;:0,&quot;335559740&quot;:240}\">\u00a0<\/span><\/li>\n<li data-leveltext=\"-\" data-font=\"Segoe UI\" data-listid=\"6\" data-list-defn-props=\"{&quot;335551671&quot;:80,&quot;335552541&quot;:1,&quot;335559684&quot;:-2,&quot;335559685&quot;:720,&quot;335559991&quot;:360,&quot;469769226&quot;:&quot;Segoe UI&quot;,&quot;469769242&quot;:[8226],&quot;469777803&quot;:&quot;left&quot;,&quot;469777804&quot;:&quot;-&quot;,&quot;469777815&quot;:&quot;hybridMultilevel&quot;}\" aria-setsize=\"-1\" data-aria-posinset=\"80\" data-aria-level=\"1\"><span data-contrast=\"auto\">En 2021, au sein des programmes, les 19-34 ans repr\u00e9sentent 66,40 % des intervenant.e.s dans le sport, 33,96 % dans les magazines-documentaires et 31,09 % dans l\u2019information. Les 35-49 ans sont pr\u00e9sent.e.s \u00e0 hauteur de 29,79 % dans les magazines-documentaires et 29,70 % dans l\u2019information.\u202fAu sein des programmes d\u2019information, les intervenant.e.s \u00e2g\u00e9.e.s de 19-34 ans augmentent de 10,40 % entre 2017 et 2021. Au sein des programmes sportifs, les intervenant.e.s \u00e2g\u00e9.e.s de 19-34 ans augmentent de 15,13 % entre 2017 et 2021.\u00a0<\/span><span data-ccp-props=\"{&quot;134233117&quot;:false,&quot;134233118&quot;:false,&quot;201341983&quot;:0,&quot;335551550&quot;:6,&quot;335551620&quot;:6,&quot;335559738&quot;:0,&quot;335559739&quot;:0,&quot;335559740&quot;:240}\">\u00a0<\/span><\/li>\n<li data-leveltext=\"-\" data-font=\"Segoe UI\" data-listid=\"6\" data-list-defn-props=\"{&quot;335551671&quot;:80,&quot;335552541&quot;:1,&quot;335559684&quot;:-2,&quot;335559685&quot;:720,&quot;335559991&quot;:360,&quot;469769226&quot;:&quot;Segoe UI&quot;,&quot;469769242&quot;:[8226],&quot;469777803&quot;:&quot;left&quot;,&quot;469777804&quot;:&quot;-&quot;,&quot;469777815&quot;:&quot;hybridMultilevel&quot;}\" aria-setsize=\"-1\" data-aria-posinset=\"80\" data-aria-level=\"1\"><span data-contrast=\"auto\">On observe qu\u2019entre 2011 et 2021 <\/span><b><span data-contrast=\"auto\">cette<\/span><\/b> <b><span data-contrast=\"auto\">augmentation constante des 19-34 ans se traduit par une r\u00e9duction des cat\u00e9gories d\u2019\u00e2ges les plus \u00e9lev\u00e9es<\/span><\/b><span data-contrast=\"auto\">. En effet, en mati\u00e8re d\u2019information, on constate une augmentation de la tranche d\u2019\u00e2ge des 19-34 ans (+5,74 %) et une diminution de la tranche des 35-49 ans (-6,29 %). Au sein des programmes sportifs, on constate une augmentation significative de la tranche d\u2019\u00e2ge des 19-34 ans (+26,01 %), <\/span><span data-contrast=\"auto\">qui se r\u00e9percute notamment sur l\u2019\u00e9volution de la repr\u00e9sentation des 35-49 ans (-13,94 %). Au sein des programmes courts, on note une augmentation consid\u00e9rable de la tranche des 19-34 ans (+24,54 %) qui se r\u00e9percute notamment sur la tranche d\u2019\u00e2ge des 50-64 ans (-22,55 %).\u202f<\/span><span data-contrast=\"auto\">\u202f<\/span><span data-ccp-props=\"{&quot;134233117&quot;:false,&quot;134233118&quot;:false,&quot;201341983&quot;:0,&quot;335551550&quot;:6,&quot;335551620&quot;:6,&quot;335559738&quot;:0,&quot;335559739&quot;:0,&quot;335559740&quot;:240}\">\u00a0<\/span><\/li>\n<\/ul>\n<ul>\n<li data-leveltext=\"-\" data-font=\"Segoe UI\" data-listid=\"6\" data-list-defn-props=\"{&quot;335551671&quot;:80,&quot;335552541&quot;:1,&quot;335559684&quot;:-2,&quot;335559685&quot;:720,&quot;335559991&quot;:360,&quot;469769226&quot;:&quot;Segoe UI&quot;,&quot;469769242&quot;:[8226],&quot;469777803&quot;:&quot;left&quot;,&quot;469777804&quot;:&quot;-&quot;,&quot;469777815&quot;:&quot;hybridMultilevel&quot;}\" aria-setsize=\"-1\" data-aria-posinset=\"80\" data-aria-level=\"1\"><b><span data-contrast=\"auto\">Au sein des r\u00f4les m\u00e9diatiques, on rel\u00e8ve \u00e9galement une surrepr\u00e9sentation des deux cat\u00e9gories d\u2019\u00e2ge<\/span><\/b><span data-contrast=\"auto\">\u202f: 19-34 ans et 35-49 ans. En 2021, les 19-34 ans sont la cat\u00e9gorie d\u2019\u00e2ge la plus repr\u00e9sent\u00e9e dans les r\u00f4les de candidat.e \u00e0 un jeu (41,33 %), de personnage de fiction (38,49 %) et de figurant.e (37,87 %). Les 35-49 ans sont la cat\u00e9gorie d\u2019\u00e2ge la plus repr\u00e9sent\u00e9e dans les r\u00f4les de journaliste-animateur.trice (54,85 %), expert.e (48,95 %) et porte-parole (41,77 %).\u202f\u202f<\/span><span data-ccp-props=\"{&quot;134233117&quot;:false,&quot;134233118&quot;:false,&quot;201341983&quot;:0,&quot;335551550&quot;:6,&quot;335551620&quot;:6,&quot;335559738&quot;:0,&quot;335559739&quot;:0,&quot;335559740&quot;:240}\">\u00a0<\/span><\/li>\n<li data-leveltext=\"-\" data-font=\"Segoe UI\" data-listid=\"6\" data-list-defn-props=\"{&quot;335551671&quot;:80,&quot;335552541&quot;:1,&quot;335559684&quot;:-2,&quot;335559685&quot;:720,&quot;335559991&quot;:360,&quot;469769226&quot;:&quot;Segoe UI&quot;,&quot;469769242&quot;:[8226],&quot;469777803&quot;:&quot;left&quot;,&quot;469777804&quot;:&quot;-&quot;,&quot;469777815&quot;:&quot;hybridMultilevel&quot;}\" aria-setsize=\"-1\" data-aria-posinset=\"80\" data-aria-level=\"1\"><b><span data-contrast=\"auto\">Entre 2011 et 2021, on remarque un vieillissement des journalistes-animateur.trice.s.<\/span><\/b> <span data-contrast=\"auto\">Cela se traduit par une diminution des 19-34 ans (-21,99 %) et une augmentation des 35-49 ans (+19,43 %). On observe la tendance inverse chez les porte-parole avec un rajeunissement d\u00fb \u00e0 l\u2019augmentation des 19-34 ans (+8,56 %) et une diminution des 35-49 ans (-4,99 %).<\/span><b><span data-contrast=\"auto\"> Toutefois, nous constatons un rajeunissement des journalistes-animateur.trice.s entre 2017 et 2021.<\/span><\/b> <span data-contrast=\"auto\">En effet, entre 2017 et 2021 (sur la base d\u2019un \u00e9chantillon commun), on constate un rajeunissement des journalistes-animateur.trice.s\u202f: une diminution des 50-64 ans (-7,83 %) au profit de l\u2019augmentation des 35-49 ans (+5,26 %) et des 19-34 ans (+1,94 %). On observe \u00e9galement un rajeunissement des expert.e.s et porte-parole, des r\u00f4les discursifs socialement valoris\u00e9s. Parmi les expert.e.s, on constate une augmentation des 35-49 ans (+15,25 %) et une diminution des 50-64 ans (13,66 %), parmi les porte-parole, on observe une augmentation des 19-34 ans (+13,17 %), et une diminution des 50-64 ans (-12,63 %).\u202f<\/span><span data-ccp-props=\"{&quot;134233117&quot;:false,&quot;134233118&quot;:false,&quot;201341983&quot;:0,&quot;335551550&quot;:6,&quot;335551620&quot;:6,&quot;335559738&quot;:0,&quot;335559739&quot;:0,&quot;335559740&quot;:240}\">\u00a0<\/span><\/li>\n<\/ul>\n<p><span data-ccp-props=\"{&quot;134233117&quot;:false,&quot;134233118&quot;:false,&quot;201341983&quot;:0,&quot;335551550&quot;:6,&quot;335551620&quot;:6,&quot;335559738&quot;:0,&quot;335559739&quot;:0,&quot;335559740&quot;:240}\">\u00a0<\/span><\/p>\n<p>[\/et_pb_toggle][\/et_pb_column][\/et_pb_row][\/et_pb_section]<\/p>\n","protected":false},"excerpt":{"rendered":"<p>L&rsquo;\u00e2ge en brefL&rsquo;\u00e2geDans tous les Barom\u00e8tres effectu\u00e9s depuis 2011, les 19-34 ans constituent la cat\u00e9gorie la plus repr\u00e9sent\u00e9e \u00e0 l\u2019\u00e9cran. Cette cat\u00e9gorie d\u2019\u00e2ge est surrepr\u00e9sent\u00e9e par rapport \u00e0 sa pr\u00e9sence au sein de la population belge.(Slide1) \u00a0 &nbsp;Le Barom\u00e8tre 2021 est l\u2019occasion de souligner un rajeunissement significatif des intervenant.e.s \u00e0 l\u2019\u00e9cran.\u00a0 En effet, les 19-34 [&hellip;]<\/p>\n","protected":false},"author":2,"featured_media":0,"parent":3463,"menu_order":0,"comment_status":"closed","ping_status":"closed","template":"","meta":{"_et_pb_use_builder":"on","_et_pb_old_content":"","_et_gb_content_width":"","footnotes":""},"class_list":["post-3386","page","type-page","status-publish","hentry"],"_links":{"self":[{"href":"https:\/\/www.csa.be\/egalitediversite\/wp-json\/wp\/v2\/pages\/3386","targetHints":{"allow":["GET"]}}],"collection":[{"href":"https:\/\/www.csa.be\/egalitediversite\/wp-json\/wp\/v2\/pages"}],"about":[{"href":"https:\/\/www.csa.be\/egalitediversite\/wp-json\/wp\/v2\/types\/page"}],"author":[{"embeddable":true,"href":"https:\/\/www.csa.be\/egalitediversite\/wp-json\/wp\/v2\/users\/2"}],"replies":[{"embeddable":true,"href":"https:\/\/www.csa.be\/egalitediversite\/wp-json\/wp\/v2\/comments?post=3386"}],"version-history":[{"count":16,"href":"https:\/\/www.csa.be\/egalitediversite\/wp-json\/wp\/v2\/pages\/3386\/revisions"}],"predecessor-version":[{"id":3612,"href":"https:\/\/www.csa.be\/egalitediversite\/wp-json\/wp\/v2\/pages\/3386\/revisions\/3612"}],"up":[{"embeddable":true,"href":"https:\/\/www.csa.be\/egalitediversite\/wp-json\/wp\/v2\/pages\/3463"}],"wp:attachment":[{"href":"https:\/\/www.csa.be\/egalitediversite\/wp-json\/wp\/v2\/media?parent=3386"}],"curies":[{"name":"wp","href":"https:\/\/api.w.org\/{rel}","templated":true}]}}