{"id":3422,"date":"2023-04-13T11:52:09","date_gmt":"2023-04-13T09:52:09","guid":{"rendered":"https:\/\/www.csa.be\/egalitediversite\/?page_id=3422"},"modified":"2023-04-28T10:32:04","modified_gmt":"2023-04-28T08:32:04","slug":"barometre-2021-les-categories-socio-professionnelles-en-bref","status":"publish","type":"page","link":"https:\/\/www.csa.be\/egalitediversite\/barometre-2021-accueil\/barometre-2021-les-categories-socio-professionnelles-en-bref\/","title":{"rendered":"Barom\u00e8tre 2021 : les cat\u00e9gories socio-professionnelles en bref"},"content":{"rendered":"<p>[et_pb_section fb_built=\u00a0\u00bb1&Prime; _builder_version=\u00a0\u00bb4.5.6&Prime; _module_preset=\u00a0\u00bbdefault\u00a0\u00bb background_color=\u00a0\u00bb#f36f3a\u00a0\u00bb][et_pb_row _builder_version=\u00a0\u00bb4.5.6&Prime; _module_preset=\u00a0\u00bbdefault\u00a0\u00bb][et_pb_column type=\u00a0\u00bb4_4&Prime; _builder_version=\u00a0\u00bb4.5.6&Prime; _module_preset=\u00a0\u00bbdefault\u00a0\u00bb][et_pb_menu menu_id=\u00a0\u00bb56&Prime; menu_style=\u00a0\u00bbcentered\u00a0\u00bb active_link_color=\u00a0\u00bbrgba(0,0,0,0)\u00a0\u00bb dropdown_menu_bg_color=\u00a0\u00bb#ffffff\u00a0\u00bb dropdown_menu_line_color=\u00a0\u00bb#003160&Prime; dropdown_menu_text_color=\u00a0\u00bb#516bb3&Prime; mobile_menu_bg_color=\u00a0\u00bb#f36f3a\u00a0\u00bb _builder_version=\u00a0\u00bb4.6.6&Prime; _module_preset=\u00a0\u00bbdefault\u00a0\u00bb menu_text_color=\u00a0\u00bb#ffffff\u00a0\u00bb background_enable_color=\u00a0\u00bboff\u00a0\u00bb hover_enabled=\u00a0\u00bb0&Prime; sticky_enabled=\u00a0\u00bb0&Prime;][\/et_pb_menu][\/et_pb_column][\/et_pb_row][et_pb_row _builder_version=\u00a0\u00bb4.5.6&Prime; _module_preset=\u00a0\u00bbdefault\u00a0\u00bb][et_pb_column type=\u00a0\u00bb4_4&Prime; _builder_version=\u00a0\u00bb4.5.6&Prime; _module_preset=\u00a0\u00bbdefault\u00a0\u00bb][et_pb_image src=\u00a0\u00bbhttps:\/\/www.csa.be\/egalitediversite\/wp-content\/uploads\/sites\/2\/2023\/04\/BAROMETRE-10ans-BLANC_reduit.png\u00a0\u00bb title_text=\u00a0\u00bbBAROMETRE-10ans-BLANC_reduit\u00a0\u00bb align=\u00a0\u00bbcenter\u00a0\u00bb _builder_version=\u00a0\u00bb4.5.6&Prime; _module_preset=\u00a0\u00bbdefault\u00a0\u00bb][\/et_pb_image][\/et_pb_column][\/et_pb_row][et_pb_row _builder_version=\u00a0\u00bb4.5.6&Prime; _module_preset=\u00a0\u00bbdefault\u00a0\u00bb][et_pb_column type=\u00a0\u00bb4_4&Prime; _builder_version=\u00a0\u00bb4.5.6&Prime; _module_preset=\u00a0\u00bbdefault\u00a0\u00bb][et_pb_text _builder_version=\u00a0\u00bb4.6.6&Prime; _module_preset=\u00a0\u00bbdefault\u00a0\u00bb header_font=\u00a0\u00bb|800|||||||\u00a0\u00bb header_text_align=\u00a0\u00bbcenter\u00a0\u00bb header_text_color=\u00a0\u00bb#ffffff\u00a0\u00bb header_font_size=\u00a0\u00bb41px\u00a0\u00bb]<\/p>\n<h1>Les cat\u00e9gories socio-professionnelles en bref (CSP)<\/h1>\n<p>[\/et_pb_text][\/et_pb_column][\/et_pb_row][\/et_pb_section][et_pb_section fb_built=\u00a0\u00bb1&Prime; _builder_version=\u00a0\u00bb4.5.6&Prime; _module_preset=\u00a0\u00bbdefault\u00a0\u00bb][et_pb_row _builder_version=\u00a0\u00bb4.5.6&Prime; _module_preset=\u00a0\u00bbdefault\u00a0\u00bb][et_pb_column type=\u00a0\u00bb4_4&Prime; _builder_version=\u00a0\u00bb4.5.6&Prime; _module_preset=\u00a0\u00bbdefault\u00a0\u00bb][et_pb_text _builder_version=\u00a0\u00bb4.6.6&Prime; _module_preset=\u00a0\u00bbdefault\u00a0\u00bb header_2_font=\u00a0\u00bb|800|||||||\u00a0\u00bb header_2_text_color=\u00a0\u00bb#f36f3a\u00a0\u00bb]<\/p>\n<h2>Les CSP<\/h2>\n<p>[\/et_pb_text][et_pb_divider color=\u00a0\u00bb#516bb3&Prime; divider_weight=\u00a0\u00bb6px\u00a0\u00bb _builder_version=\u00a0\u00bb4.6.6&Prime; _module_preset=\u00a0\u00bbdefault\u00a0\u00bb width=\u00a0\u00bb9%\u00a0\u00bb][\/et_pb_divider][et_pb_code _builder_version=\u00a0\u00bb4.6.6&Prime; _module_preset=\u00a0\u00bbdefault\u00a0\u00bb width=\u00a0\u00bb700px\u00a0\u00bb module_alignment=\u00a0\u00bbcenter\u00a0\u00bb]<\/p>\n<div class=\"infogram-embed\" data-id=\"de9df134-bf96-44ae-8e72-7fd509ec883b\" data-type=\"interactive\" data-title=\"Barom\u00e8tre 2021: CSP\"><\/div>\n<p><script>!function(e,i,n,s){var t=\"InfogramEmbeds\",d=e.getElementsByTagName(\"script\")[0];if(window[t]&&window[t].initialized)window[t].process&&window[t].process();else if(!e.getElementById(n)){var o=e.createElement(\"script\");o.async=1,o.id=n,o.src=\"https:\/\/e.infogram.com\/js\/dist\/embed-loader-min.js\",d.parentNode.insertBefore(o,d)}}(document,0,\"infogram-async\");<\/script>[\/et_pb_code][et_pb_text _builder_version=\u00a0\u00bb4.6.6&Prime; _module_preset=\u00a0\u00bbdefault\u00a0\u00bb header_2_font=\u00a0\u00bb|800|||||||\u00a0\u00bb header_2_text_color=\u00a0\u00bb#f36f3a\u00a0\u00bb header_3_text_color=\u00a0\u00bb#516bb3&Prime;]<\/p>\n<p><span>Lorsqu\u2019on parcourt transversalement toutes les cat\u00e9gories socio-professionnelles encod\u00e9es, on observe qu\u2019en 2021, \u00a0quatre types de profession rassemblent pr\u00e8s des 2\/3 des intervenant.e.s\u202f: les professionnel.le.s des m\u00e9dias (24,79 %), les professions artistiques (15,35 %), les sportif.ve.s professionnel.le.s (13,46 %), les \u00e9l\u00e8ves et \u00e9tudiant.e.s (11,09 %) (<\/span><span style=\"color: #ff6600;\"><strong>Slide 1<\/strong><\/span><span data-contrast=\"none\">).<\/span><span data-ccp-props=\"{&quot;134233117&quot;:false,&quot;134233118&quot;:false,&quot;201341983&quot;:0,&quot;335559738&quot;:0,&quot;335559739&quot;:0,&quot;335559740&quot;:240}\">\u00a0<\/span><\/p>\n<p><span data-contrast=\"auto\">Les cat\u00e9gories socio-professionnelles sup\u00e9rieures (dont les professionnel.le.s des m\u00e9dias et les professions artistiques sont issu.e.s) repr\u00e9sentent plus de la moiti\u00e9 des professions encod\u00e9es soit 55,29 % (<span style=\"color: #ff6600;\"><strong>Slide 2<\/strong><\/span>). Pour comparaison, en 2021, les cat\u00e9gories socio-professionnelles sup\u00e9rieures repr\u00e9sentent 32,5 % des personnes ayant une activit\u00e9 professionnelle. Lorsqu\u2019on se fonde sur un \u00e9chantillon commun, les cat\u00e9gories socio-professionnelles sup\u00e9rieures (dirigeant.e.s et cadres sup\u00e9rieur.e.s\/professions intellectuelles et scientifiques) connaissent une augmentation de 4,44 % entre 2017 et 2021. Entre 2017 et 2021, les inactif.ve.s connaissent une diminution\u202fde 6,49 %.\u202f\u202f\u202f<\/span><span data-ccp-props=\"{&quot;134233117&quot;:false,&quot;134233118&quot;:false,&quot;201341983&quot;:0,&quot;335551550&quot;:6,&quot;335551620&quot;:6,&quot;335559738&quot;:0,&quot;335559739&quot;:0,&quot;335559740&quot;:240}\">\u00a0<\/span><\/p>\n<p><span data-contrast=\"auto\">Entre 2011 et 2021, les CSP+ ont connu une augmentation consid\u00e9rable \u00e0 l\u2019\u00e9cran (+12,83 %). Une augmentation notamment due \u00e0 une repr\u00e9sentation accrue des professions intellectuelles et scientifiques (+14,87 % entre 2011 et 2021). On constate \u00e9galement une diminution des sportif.ve.s entre 2012 et 2021\u202f(-5,54 %) et des inactif.ve.s entre 2011 et 2021 (3,57 %). Parmi certaines cat\u00e9gories de programmes, on rel\u00e8ve des modifications significatives de la r\u00e9partition des CSP.<\/span><span data-contrast=\"auto\">\u202f<\/span><span data-ccp-props=\"{&quot;134233117&quot;:false,&quot;134233118&quot;:false,&quot;201341983&quot;:0,&quot;335551550&quot;:6,&quot;335551620&quot;:6,&quot;335559738&quot;:0,&quot;335559739&quot;:0,&quot;335559740&quot;:240}\">\u00a0<\/span><\/p>\n<p><span data-contrast=\"none\">Enfin, lorsque l\u2019on croise l\u2019origine avec d\u2019autres variables de l\u2019\u00e9galit\u00e9 et de la diversit\u00e9, on remarque que les constats du Barom\u00e8tre se renforcent En effet, au sein des CSP+, on constate que les hommes sont majoritaires (63,87%) par rapport aux femmes en 2021. Les CSP+ repr\u00e9sentent \u00e9galement aujourd\u2019hui 43,40 % de la cat\u00e9gorie des 19-34 ans, ce qui repr\u00e9sente une augmentation de plus de 10 % depuis 2011 (<strong><span style=\"color: #ff6600;\">Slide 3<\/span><\/strong>).<\/span><\/p>\n<h3><strong>Les programmes\u00a0<\/strong><\/h3>\n<p><span data-contrast=\"none\"><em>\u202f<\/em><\/span><span data-contrast=\"auto\">En termes de programmes, on note en 2021 une domination quasi exclusive des CSP+ au sein de tous les types de programmes \u00e0 l\u2019exception du sport (<strong><span style=\"color: #ff6600;\">Slide 4<\/span><\/strong>) Alors qu\u2019en 2017, les CSP+ <\/span><span data-contrast=\"auto\">n\u2019\u00e9taient pas majoritaires dans 3 cat\u00e9gories de programmes, \u00e0 savoir\u202f: la fiction, le sport et les \u00ab\u202fautres \u00e9missions\u202f\u00bb. En 2021, seuls les programmes sportifs \u00e9chappent \u00e0 la domination des CSP sup\u00e9rieures.<\/span><span data-contrast=\"auto\">\u202f\u202f<\/span><span data-ccp-props=\"{&quot;134233117&quot;:false,&quot;134233118&quot;:false,&quot;201341983&quot;:0,&quot;335559738&quot;:0,&quot;335559739&quot;:0,&quot;335559740&quot;:240}\">\u00a0<\/span><\/p>\n<p><span data-contrast=\"auto\">Entre 2011 et 2021, les CSP sup\u00e9rieures conservent leur position dominante parmi les intervenant.e.s des programmes d\u2019information, m\u00eame si l\u2019on constate une l\u00e9g\u00e8re baisse entre 2011 (54,01 %) et 2021 (53,75 %). Les sportif.ve.s diminuent l\u00e9g\u00e8rement entre 2012 et 2021 (-4,23 %), quant aux ouvrier.\u00e8re.s, artisan.e.s, agriculteur.trice.s, conducteur.trice.s d\u2019installations et employ\u00e9.e.s non qualifi\u00e9.e.s, leur proportion augmente, passant de 3,70 % en 2011 \u00e0 6,48 % en 2021.<\/span><span data-contrast=\"auto\"> Au sein de plusieurs cat\u00e9gories de programmes, nous avons identifi\u00e9 une augmentation cons\u00e9quente des CSP+ au d\u00e9triment d\u2019autres CSP parmi lesquelles les inactif.ve.s. Au sein des programmes courts, on note une forte augmentation de la pr\u00e9sence des cat\u00e9gories socio-professionnelles sup\u00e9rieures entre 2011 et 2021 (+24,89 %) et une r\u00e9duction de la pr\u00e9sence des inactif.ve.s\u202fentre 2011 et 2021 (-19,99 %). Au sein des programmes de fiction, <\/span><span data-contrast=\"auto\">on remarque que les CSP+ ont consid\u00e9rablement augment\u00e9 entre 2012 et 2021 (+31,12 %). Deux cat\u00e9gories socio-professionnelles se distinguent par leur diminution au sein des programmes de fiction : employ\u00e9.e.s administratif.ve.s, professions interm\u00e9diaires et personnel des services (-19,55 %) et inactif.ve.s au sens large (-13,84 %).\u202f\u202f<\/span><span data-ccp-props=\"{&quot;134233117&quot;:false,&quot;134233118&quot;:false,&quot;201341983&quot;:0,&quot;335551550&quot;:6,&quot;335551620&quot;:6,&quot;335559738&quot;:0,&quot;335559739&quot;:0,&quot;335559740&quot;:240}\">\u00a0<\/span><\/p>\n<h3><strong>Les r\u00f4les m\u00e9diatiques\u202f<\/strong><\/h3>\n<p><span data-contrast=\"none\">En termes de r\u00f4les m\u00e9diatiques, les r\u00f4les discursifs socialement valoris\u00e9s sont incarn\u00e9s principalement par les CSP+ et les r\u00f4les d\u2019arri\u00e8re-plan par les personnes inactives. Au sein des r\u00f4les discursifs socialement valoris\u00e9s, tels que porte-parole et expert.e, la proportion de CSP+ est la plus \u00e9lev\u00e9e\u202f: 67,88 % dans le r\u00f4le de porte-parole, 75,42 % dans le r\u00f4le d\u2019expert.e<\/span><span data-contrast=\"none\">. (<span style=\"color: #ff6600;\"><strong>Slide 5<\/strong><\/span>). En 2021, les personnes \u00ab\u202finactives au sens large\u202f\u00bb sont donc plus pr\u00e9sentes dans des r\u00f4les d\u2019arri\u00e8re-plan ou associ\u00e9es \u00e0 l\u2019univers de l\u2019affect et du ludique.<\/span><span data-contrast=\"none\">\u202f<\/span><\/p>\n<p>&nbsp;<\/p>\n<p>[\/et_pb_text][\/et_pb_column][\/et_pb_row][et_pb_row _builder_version=\u00a0\u00bb4.6.6&Prime; _module_preset=\u00a0\u00bbdefault\u00a0\u00bb][et_pb_column type=\u00a0\u00bb4_4&Prime; _builder_version=\u00a0\u00bb4.6.6&Prime; _module_preset=\u00a0\u00bbdefault\u00a0\u00bb][et_pb_toggle title=\u00a0\u00bbSynth\u00e8se des principaux r\u00e9sultats\u00a0\u00bb _builder_version=\u00a0\u00bb4.6.6&Prime; _module_preset=\u00a0\u00bbdefault\u00a0\u00bb]<\/p>\n<p><span data-contrast=\"auto\">Concernant la repr\u00e9sentation en termes de cat\u00e9gories socio-professionnelles, nous dressons les constats suivants\u202f:\u00a0<\/span><span data-ccp-props=\"{&quot;134233117&quot;:false,&quot;134233118&quot;:false,&quot;201341983&quot;:0,&quot;335551550&quot;:6,&quot;335551620&quot;:6,&quot;335559738&quot;:0,&quot;335559739&quot;:0,&quot;335559740&quot;:240}\">\u00a0<\/span><\/p>\n<ul>\n<li data-leveltext=\"-\" data-font=\"Segoe UI\" data-listid=\"6\" data-list-defn-props=\"{&quot;335551671&quot;:80,&quot;335552541&quot;:1,&quot;335559684&quot;:-2,&quot;335559685&quot;:720,&quot;335559991&quot;:360,&quot;469769226&quot;:&quot;Segoe UI&quot;,&quot;469769242&quot;:[8226],&quot;469777803&quot;:&quot;left&quot;,&quot;469777804&quot;:&quot;-&quot;,&quot;469777815&quot;:&quot;hybridMultilevel&quot;}\" aria-setsize=\"-1\" data-aria-posinset=\"80\" data-aria-level=\"1\"><span data-contrast=\"none\">En 2021,<\/span><span data-contrast=\"auto\"> quatre types de professions rassemblent pr\u00e8s des 2\/3 des intervenant.e.s\u202f: les professionnel.le.s des m\u00e9dias (24,79 %), les professions artistiques (15,35 %), les sportif.ve.s professionnel.le.s (13,46 %) et les \u00e9l\u00e8ves et \u00e9tudiant.e.s (11,09 %). Les <\/span><b><span data-contrast=\"auto\">cat\u00e9gories socio-professionnelles sup\u00e9rieures<\/span><\/b><span data-contrast=\"auto\"> (dont les professionnel.le.s des m\u00e9dias et les professions artistiques sont issu.e.s) <\/span><b><span data-contrast=\"auto\">repr\u00e9sentent plus de la moiti\u00e9 des professions encod\u00e9es<\/span><\/b><span data-contrast=\"auto\"> soit 55,29 %.<\/span><span data-contrast=\"auto\"> Pour comparaison, en 2021, les cat\u00e9gories socio-professionnelles sup\u00e9rieures repr\u00e9sentent 32,5 % des personnes ayant une activit\u00e9 professionnelle<\/span><span data-contrast=\"auto\">4<\/span><span data-contrast=\"auto\">. Lorsqu\u2019on se fonde sur un \u00e9chantillon commun, les cat\u00e9gories socio-professionnelles sup\u00e9rieures (dirigeant.e.s et cadres sup\u00e9rieur.e.s\/professions intellectuelles et scientifiques) connaissent une augmentation de 4,44 % entre 2017 et 2021. <\/span><b><span data-contrast=\"auto\">Entre 2017 et 2021, les inactif.ve.s connaissent une diminution\u202fde 6,49 %.\u202f<\/span><\/b><span data-contrast=\"auto\">\u202f<\/span><span data-ccp-props=\"{&quot;134233117&quot;:false,&quot;134233118&quot;:false,&quot;201341983&quot;:0,&quot;335551550&quot;:6,&quot;335551620&quot;:6,&quot;335559738&quot;:0,&quot;335559739&quot;:0,&quot;335559740&quot;:240}\">\u00a0<\/span><\/li>\n<li data-leveltext=\"-\" data-font=\"Segoe UI\" data-listid=\"6\" data-list-defn-props=\"{&quot;335551671&quot;:80,&quot;335552541&quot;:1,&quot;335559684&quot;:-2,&quot;335559685&quot;:720,&quot;335559991&quot;:360,&quot;469769226&quot;:&quot;Segoe UI&quot;,&quot;469769242&quot;:[8226],&quot;469777803&quot;:&quot;left&quot;,&quot;469777804&quot;:&quot;-&quot;,&quot;469777815&quot;:&quot;hybridMultilevel&quot;}\" aria-setsize=\"-1\" data-aria-posinset=\"80\" data-aria-level=\"1\"><span data-contrast=\"auto\">Entre 2011 et 2021, <\/span><b><span data-contrast=\"auto\">les CSP+ ont connu une augmentation consid\u00e9rable \u00e0 l\u2019\u00e9cran (+12,83 %)<\/span><\/b><span data-contrast=\"auto\">. Une augmentation notamment due \u00e0 une repr\u00e9sentation accrue des professions intellectuelles et scientifiques (+14,87 % entre 2011 et 2021). On constate \u00e9galement une diminution des sportif.ve.s entre 2012 et 2021\u202f(-5,54 %) et des inactif.ve.s entre 2011 et 2021 (3,57 %).<\/span> <span data-contrast=\"auto\">Parmi certaines cat\u00e9gories de programmes, on rel\u00e8ve des modifications significatives de la r\u00e9partition des CSP.<\/span><span data-ccp-props=\"{&quot;134233117&quot;:false,&quot;134233118&quot;:false,&quot;201341983&quot;:0,&quot;335551550&quot;:6,&quot;335551620&quot;:6,&quot;335559738&quot;:0,&quot;335559739&quot;:0,&quot;335559740&quot;:240}\">\u00a0<\/span><\/li>\n<li data-leveltext=\"-\" data-font=\"Segoe UI\" data-listid=\"6\" data-list-defn-props=\"{&quot;335551671&quot;:80,&quot;335552541&quot;:1,&quot;335559684&quot;:-2,&quot;335559685&quot;:720,&quot;335559991&quot;:360,&quot;469769226&quot;:&quot;Segoe UI&quot;,&quot;469769242&quot;:[8226],&quot;469777803&quot;:&quot;left&quot;,&quot;469777804&quot;:&quot;-&quot;,&quot;469777815&quot;:&quot;hybridMultilevel&quot;}\" aria-setsize=\"-1\" data-aria-posinset=\"80\" data-aria-level=\"1\"><span data-contrast=\"auto\">En termes de programmes<\/span><b><i><span data-contrast=\"auto\">, <\/span><\/i><\/b><b><span data-contrast=\"auto\">on note en 2021 une domination quasi exclusive des CSP+ au sein de tous les types de programmes \u00e0 l\u2019exception du sport<\/span><\/b><b><i><span data-contrast=\"auto\">. <\/span><\/i><\/b><span data-contrast=\"auto\">Alors qu\u2019en 2017, les CSP+ <\/span><span data-contrast=\"auto\">n\u2019\u00e9taient pas majoritaires dans 3 cat\u00e9gories de programmes, \u00e0 savoir\u202f: la fiction, le sport et les \u00ab\u202fautres \u00e9missions\u202f\u00bb. En 2021, seuls les programmes sportifs \u00e9chappent \u00e0 la domination des CSP sup\u00e9rieures.<\/span><span data-contrast=\"auto\">\u202f<\/span><span data-ccp-props=\"{&quot;134233117&quot;:false,&quot;134233118&quot;:false,&quot;201341983&quot;:0,&quot;335551550&quot;:6,&quot;335551620&quot;:6,&quot;335559738&quot;:0,&quot;335559739&quot;:0,&quot;335559740&quot;:240}\">\u00a0<\/span><\/li>\n<li data-leveltext=\"-\" data-font=\"Segoe UI\" data-listid=\"6\" data-list-defn-props=\"{&quot;335551671&quot;:80,&quot;335552541&quot;:1,&quot;335559684&quot;:-2,&quot;335559685&quot;:720,&quot;335559991&quot;:360,&quot;469769226&quot;:&quot;Segoe UI&quot;,&quot;469769242&quot;:[8226],&quot;469777803&quot;:&quot;left&quot;,&quot;469777804&quot;:&quot;-&quot;,&quot;469777815&quot;:&quot;hybridMultilevel&quot;}\" aria-setsize=\"-1\" data-aria-posinset=\"80\" data-aria-level=\"1\"><b><span data-contrast=\"auto\">Entre 2011 et 2021, les CSP sup\u00e9rieures conservent leur position dominante parmi les intervenant.e.s des programmes d\u2019information,<\/span><\/b><span data-contrast=\"auto\"> m\u00eame si l\u2019on constate une l\u00e9g\u00e8re baisse entre 2011 (54,01 %) et 2021 (53,75 %). Les sportif.ve.s diminuent l\u00e9g\u00e8rement entre 2012 et 2021 (-4,23 %), quant aux ouvrier.\u00e8re.s, artisan.e.s, agriculteur.trice.s, conducteur.trice.s d\u2019installations et employ\u00e9.e.s non qualifi\u00e9.e.s, leur proportion augmente, passant de 3,70 % en 2011 \u00e0 6,48 % en 2021.<\/span> <b><span data-contrast=\"auto\">Au sein de plusieurs cat\u00e9gories de programmes, nous avons identifi\u00e9 une augmentation cons\u00e9quente des CSP+ au d\u00e9triment d\u2019autres CSP parmi lesquelles les inactif.ve.s. <\/span><\/b><span data-contrast=\"auto\">Au sein des programmes courts, on note une forte augmentation de la pr\u00e9sence des cat\u00e9gories socio-professionnelles sup\u00e9rieures entre 2011 et 2021 (+24,89 %) et une r\u00e9duction de la pr\u00e9sence des inactif.ve.s\u202fentre 2011 et 2021 (-19,99 %). Au sein des programmes de fiction, <\/span><span data-contrast=\"auto\">on remarque que les CSP+ ont consid\u00e9rablement augment\u00e9 entre 2012 et 2021 (+31,12 %). Deux cat\u00e9gories socio-professionnelles se distinguent par leur diminution au sein des programmes de fiction : employ\u00e9.e.s administratif.ve.s, professions interm\u00e9diaires et personnel des services (-19,55 %) et inactif.ve.s au sens large (-13,84 %).\u202f<\/span><span data-ccp-props=\"{&quot;134233117&quot;:false,&quot;134233118&quot;:false,&quot;201341983&quot;:0,&quot;335551550&quot;:6,&quot;335551620&quot;:6,&quot;335559738&quot;:0,&quot;335559739&quot;:0,&quot;335559740&quot;:240}\">\u00a0<\/span><\/li>\n<li data-leveltext=\"-\" data-font=\"Segoe UI\" data-listid=\"6\" data-list-defn-props=\"{&quot;335551671&quot;:80,&quot;335552541&quot;:1,&quot;335559684&quot;:-2,&quot;335559685&quot;:720,&quot;335559991&quot;:360,&quot;469769226&quot;:&quot;Segoe UI&quot;,&quot;469769242&quot;:[8226],&quot;469777803&quot;:&quot;left&quot;,&quot;469777804&quot;:&quot;-&quot;,&quot;469777815&quot;:&quot;hybridMultilevel&quot;}\" aria-setsize=\"-1\" data-aria-posinset=\"80\" data-aria-level=\"1\"><span data-contrast=\"auto\">En termes de r\u00f4les m\u00e9diatiques, <\/span><b><span data-contrast=\"auto\">les r\u00f4les discursifs socialement valoris\u00e9s sont incarn\u00e9s principalement par les CSP+ et les r\u00f4les d\u2019arri\u00e8re-plan par les personnes inactives<\/span><\/b><span data-contrast=\"auto\">. Au sein des r\u00f4les discursifs socialement valoris\u00e9s, tels que porte-parole et expert.e, la proportion de CSP+ est la plus \u00e9lev\u00e9e\u202f: 67,88 % dans le r\u00f4le de porte-parole, 75,42 % dans le r\u00f4le d\u2019expert.e<\/span><span data-contrast=\"auto\">.<\/span><span data-contrast=\"auto\"> En 2021, les personnes \u00ab\u202finactives au sens large\u202f\u00bb sont donc plus pr\u00e9sentes dans des r\u00f4les d\u2019arri\u00e8re-plan ou associ\u00e9es \u00e0 l\u2019univers de l\u2019affect et du ludique.<\/span><span data-contrast=\"auto\">\u202f<\/span><span data-ccp-props=\"{&quot;134233117&quot;:false,&quot;134233118&quot;:false,&quot;201341983&quot;:0,&quot;335551550&quot;:6,&quot;335551620&quot;:6,&quot;335559738&quot;:0,&quot;335559739&quot;:0,&quot;335559740&quot;:240}\">\u00a0<\/span><\/li>\n<\/ul>\n<p>[\/et_pb_toggle][\/et_pb_column][\/et_pb_row][\/et_pb_section]<\/p>\n","protected":false},"excerpt":{"rendered":"<p>Les cat\u00e9gories socio-professionnelles en bref (CSP)Les CSPLorsqu\u2019on parcourt transversalement toutes les cat\u00e9gories socio-professionnelles encod\u00e9es, on observe qu\u2019en 2021, \u00a0quatre types de profession rassemblent pr\u00e8s des 2\/3 des intervenant.e.s\u202f: les professionnel.le.s des m\u00e9dias (24,79 %), les professions artistiques (15,35 %), les sportif.ve.s professionnel.le.s (13,46 %), les \u00e9l\u00e8ves et \u00e9tudiant.e.s (11,09 %) (Slide 1).\u00a0 Les cat\u00e9gories socio-professionnelles [&hellip;]<\/p>\n","protected":false},"author":5,"featured_media":0,"parent":3463,"menu_order":0,"comment_status":"closed","ping_status":"closed","template":"","meta":{"_et_pb_use_builder":"on","_et_pb_old_content":"","_et_gb_content_width":"","footnotes":""},"class_list":["post-3422","page","type-page","status-publish","hentry"],"_links":{"self":[{"href":"https:\/\/www.csa.be\/egalitediversite\/wp-json\/wp\/v2\/pages\/3422","targetHints":{"allow":["GET"]}}],"collection":[{"href":"https:\/\/www.csa.be\/egalitediversite\/wp-json\/wp\/v2\/pages"}],"about":[{"href":"https:\/\/www.csa.be\/egalitediversite\/wp-json\/wp\/v2\/types\/page"}],"author":[{"embeddable":true,"href":"https:\/\/www.csa.be\/egalitediversite\/wp-json\/wp\/v2\/users\/5"}],"replies":[{"embeddable":true,"href":"https:\/\/www.csa.be\/egalitediversite\/wp-json\/wp\/v2\/comments?post=3422"}],"version-history":[{"count":14,"href":"https:\/\/www.csa.be\/egalitediversite\/wp-json\/wp\/v2\/pages\/3422\/revisions"}],"predecessor-version":[{"id":3614,"href":"https:\/\/www.csa.be\/egalitediversite\/wp-json\/wp\/v2\/pages\/3422\/revisions\/3614"}],"up":[{"embeddable":true,"href":"https:\/\/www.csa.be\/egalitediversite\/wp-json\/wp\/v2\/pages\/3463"}],"wp:attachment":[{"href":"https:\/\/www.csa.be\/egalitediversite\/wp-json\/wp\/v2\/media?parent=3422"}],"curies":[{"name":"wp","href":"https:\/\/api.w.org\/{rel}","templated":true}]}}