{"id":3698,"date":"2024-05-13T11:39:03","date_gmt":"2024-05-13T09:39:03","guid":{"rendered":"https:\/\/www.csa.be\/egalitediversite\/?page_id=3698"},"modified":"2024-05-13T11:48:12","modified_gmt":"2024-05-13T09:48:12","slug":"accueil","status":"publish","type":"page","link":"https:\/\/www.csa.be\/egalitediversite\/","title":{"rendered":"accueil"},"content":{"rendered":"<p>[et_pb_section fb_built=\u00a0\u00bb1&Prime; admin_label=\u00a0\u00bbHeader\u00a0\u00bb _builder_version=\u00a0\u00bb4.21.0&Prime; _module_preset=\u00a0\u00bbdefault\u00a0\u00bb use_background_color_gradient=\u00a0\u00bbon\u00a0\u00bb background_color_gradient_stops=\u00a0\u00bb#ffffff 10%|rgba(255,255,255,0.65) 100%\u00a0\u00bb background_color_gradient_overlays_image=\u00a0\u00bbon\u00a0\u00bb background_image=\u00a0\u00bbhttps:\/\/www.csa.be\/egalitediversite\/wp-content\/uploads\/sites\/2\/2024\/04\/integration-7406870_1280.jpg\u00a0\u00bb background_enable_mask_style=\u00a0\u00bbon\u00a0\u00bb background_mask_style=\u00a0\u00bbdiagonal-pills\u00a0\u00bb background_mask_size=\u00a0\u00bbcover\u00a0\u00bb custom_padding=\u00a0\u00bb8vw||0px||false|false\u00a0\u00bb collapsed=\u00a0\u00bbon\u00a0\u00bb global_colors_info=\u00a0\u00bb{}\u00a0\u00bb][et_pb_row column_structure=\u00a0\u00bb2_3,1_3&Prime; _builder_version=\u00a0\u00bb4.21.0&Prime; _module_preset=\u00a0\u00bbdefault\u00a0\u00bb custom_padding=\u00a0\u00bb||0px||false|false\u00a0\u00bb global_colors_info=\u00a0\u00bb{}\u00a0\u00bb][et_pb_column type=\u00a0\u00bb2_3&Prime; _builder_version=\u00a0\u00bb4.19.1&Prime; _module_preset=\u00a0\u00bbdefault\u00a0\u00bb global_colors_info=\u00a0\u00bb{}\u00a0\u00bb][et_pb_text _builder_version=\u00a0\u00bb4.21.0&Prime; _module_preset=\u00a0\u00bb193f6107-310f-405b-a5fa-ecfa649a4982&Prime; header_text_color=\u00a0\u00bbgcid-a9d8e14e-2f78-408a-a83c-506939196b52&Prime; custom_margin=\u00a0\u00bb||10px||false|false\u00a0\u00bb global_colors_info=\u00a0\u00bb{%22gcid-a9d8e14e-2f78-408a-a83c-506939196b52%22:%91%22header_text_color%22%93}\u00a0\u00bb]<\/p>\n<h1>Diversit\u00e9 &amp; <span class=\"ILfuVd\" lang=\"fr\"><span class=\"hgKElc\">\u00c9galit\u00e9<\/span><\/span><\/h1>\n<p>[\/et_pb_text][et_pb_text _builder_version=\u00a0\u00bb4.21.0&Prime; _module_preset=\u00a0\u00bb3dbc0dfe-10d6-4c5e-ab20-fbd311cecc65&Prime; text_text_color=\u00a0\u00bbgcid-a9d8e14e-2f78-408a-a83c-506939196b52&Prime; global_colors_info=\u00a0\u00bb{%22gcid-a9d8e14e-2f78-408a-a83c-506939196b52%22:%91%22text_text_color%22%93}\u00a0\u00bb]<\/p>\n<h3><span>Collection d&rsquo;\u00e9tudes du CSA<br \/><\/span><\/h3>\n<p>[\/et_pb_text][\/et_pb_column][et_pb_column type=\u00a0\u00bb1_3&Prime; _builder_version=\u00a0\u00bb4.19.1&Prime; _module_preset=\u00a0\u00bbdefault\u00a0\u00bb global_colors_info=\u00a0\u00bb{}\u00a0\u00bb][\/et_pb_column][\/et_pb_row][et_pb_row column_structure=\u00a0\u00bb1_3,1_3,1_3&Prime; use_custom_gutter=\u00a0\u00bbon\u00a0\u00bb gutter_width=\u00a0\u00bb1&Prime; _builder_version=\u00a0\u00bb4.21.0&Prime; _module_preset=\u00a0\u00bbdefault\u00a0\u00bb custom_padding=\u00a0\u00bb||0px||false|false\u00a0\u00bb global_colors_info=\u00a0\u00bb{}\u00a0\u00bb][et_pb_column type=\u00a0\u00bb1_3&Prime; _builder_version=\u00a0\u00bb4.19.1&Prime; _module_preset=\u00a0\u00bbdefault\u00a0\u00bb global_colors_info=\u00a0\u00bb{}\u00a0\u00bb][\/et_pb_column][et_pb_column type=\u00a0\u00bb1_3&Prime; _builder_version=\u00a0\u00bb4.19.1&Prime; _module_preset=\u00a0\u00bbdefault\u00a0\u00bb global_colors_info=\u00a0\u00bb{}\u00a0\u00bb][\/et_pb_column][et_pb_column type=\u00a0\u00bb1_3&Prime; _builder_version=\u00a0\u00bb4.19.1&Prime; _module_preset=\u00a0\u00bbdefault\u00a0\u00bb global_colors_info=\u00a0\u00bb{}\u00a0\u00bb][et_pb_image src=\u00a0\u00bbhttps:\/\/www.csa.be\/egalitediversite\/wp-content\/uploads\/sites\/2\/2024\/04\/collection_etudes.jpg\u00a0\u00bb title_text=\u00a0\u00bbcollection_etudes\u00a0\u00bb align=\u00a0\u00bbright\u00a0\u00bb _builder_version=\u00a0\u00bb4.21.0&Prime; _module_preset=\u00a0\u00bbdefault\u00a0\u00bb custom_margin=\u00a0\u00bb||||false|false\u00a0\u00bb border_radii=\u00a0\u00bbon|500px|500px|500px|500px\u00a0\u00bb border_width_all=\u00a0\u00bb24px\u00a0\u00bb border_color_all=\u00a0\u00bb#FFFFFF\u00a0\u00bb locked=\u00a0\u00bboff\u00a0\u00bb global_colors_info=\u00a0\u00bb{}\u00a0\u00bb][\/et_pb_image][\/et_pb_column][\/et_pb_row][\/et_pb_section][et_pb_section fb_built=\u00a0\u00bb1&Prime; admin_label=\u00a0\u00bbFeatures\u00a0\u00bb _builder_version=\u00a0\u00bb4.19.1&Prime; _module_preset=\u00a0\u00bbdefault\u00a0\u00bb use_background_color_gradient=\u00a0\u00bbon\u00a0\u00bb background_color_gradient_direction=\u00a0\u00bb90deg\u00a0\u00bb background_color_gradient_stops=\u00a0\u00bbgcid-a9d8e14e-2f78-408a-a83c-506939196b52 50%|gcid-a4870473-0ec3-40e3-b68b-386afbb8d1b5 50%\u00a0\u00bb custom_padding=\u00a0\u00bb0px||0px||true|false\u00a0\u00bb collapsed=\u00a0\u00bbon\u00a0\u00bb global_colors_info=\u00a0\u00bb{%22gcid-a9d8e14e-2f78-408a-a83c-506939196b52%22:%91%22background_color_gradient_stops%22%93,%22gcid-a4870473-0ec3-40e3-b68b-386afbb8d1b5%22:%91%22background_color_gradient_stops%22%93}\u00a0\u00bb][et_pb_row column_structure=\u00a0\u00bb1_3,1_3,1_3&Prime; use_custom_gutter=\u00a0\u00bbon\u00a0\u00bb gutter_width=\u00a0\u00bb1&Prime; make_equal=\u00a0\u00bbon\u00a0\u00bb _builder_version=\u00a0\u00bb4.19.1&Prime; _module_preset=\u00a0\u00bbdefault\u00a0\u00bb custom_padding=\u00a0\u00bb0px||0px||true|false\u00a0\u00bb global_colors_info=\u00a0\u00bb{}\u00a0\u00bb][et_pb_column type=\u00a0\u00bb1_3&Prime; _builder_version=\u00a0\u00bb4.19.1&Prime; _module_preset=\u00a0\u00bbdefault\u00a0\u00bb background_color=\u00a0\u00bbgcid-a9d8e14e-2f78-408a-a83c-506939196b52&Prime; custom_padding=\u00a0\u00bb50px|50px|50px||true|false\u00a0\u00bb custom_padding_tablet=\u00a0\u00bb30px|30px|30px|30px|true|true\u00a0\u00bb custom_padding_phone=\u00a0\u00bb20px|20px|20px|20px|true|true\u00a0\u00bb custom_padding_last_edited=\u00a0\u00bbon|tablet\u00a0\u00bb global_colors_info=\u00a0\u00bb{%22gcid-a9d8e14e-2f78-408a-a83c-506939196b52%22:%91%22background_color%22%93}\u00a0\u00bb][et_pb_blurb title=\u00a0\u00bbLes Barom\u00e8tres\u00a0\u00bb url=\u00a0\u00bbhttps:\/\/www.csa.be\/egalitediversite\/les-barometres-2\/\u00a0\u00bb use_icon=\u00a0\u00bbon\u00a0\u00bb font_icon=\u00a0\u00bb&#xe0ec;||divi||400&Prime; _builder_version=\u00a0\u00bb4.21.0&Prime; _module_preset=\u00a0\u00bb50b5f683-eb03-4c9f-b3e6-7190bcb3748c\u00a0\u00bb hover_enabled=\u00a0\u00bb0&Prime; locked=\u00a0\u00bboff\u00a0\u00bb global_colors_info=\u00a0\u00bb{}\u00a0\u00bb sticky_enabled=\u00a0\u00bb0&Prime;][\/et_pb_blurb][\/et_pb_column][et_pb_column type=\u00a0\u00bb1_3&Prime; _builder_version=\u00a0\u00bb4.19.1&Prime; _module_preset=\u00a0\u00bbdefault\u00a0\u00bb background_color=\u00a0\u00bb#FFFFFF\u00a0\u00bb custom_padding=\u00a0\u00bb50px|50px|50px|50px|true|true\u00a0\u00bb custom_padding_tablet=\u00a0\u00bb30px|30px|30px|30px|true|true\u00a0\u00bb custom_padding_phone=\u00a0\u00bb20px|20px|20px|20px|true|true\u00a0\u00bb custom_padding_last_edited=\u00a0\u00bbon|tablet\u00a0\u00bb global_colors_info=\u00a0\u00bb{}\u00a0\u00bb][et_pb_blurb title=\u00a0\u00bbAutour de la pub\u00a0\u00bb use_icon=\u00a0\u00bbon\u00a0\u00bb font_icon=\u00a0\u00bb&#xf291;||fa||900&Prime; _builder_version=\u00a0\u00bb4.21.0&Prime; _module_preset=\u00a0\u00bb95a70168-6dff-458e-817d-d281f3b69ab5&Prime; hover_enabled=\u00a0\u00bb0&Prime; locked=\u00a0\u00bboff\u00a0\u00bb global_colors_info=\u00a0\u00bb{}\u00a0\u00bb url=\u00a0\u00bbhttps:\/\/www.csa.be\/egalitediversite\/autour-de-la-publicite\/\u00a0\u00bb sticky_enabled=\u00a0\u00bb0&Prime;][\/et_pb_blurb][\/et_pb_column][et_pb_column type=\u00a0\u00bb1_3&Prime; _builder_version=\u00a0\u00bb4.19.1&Prime; _module_preset=\u00a0\u00bbdefault\u00a0\u00bb background_color=\u00a0\u00bbgcid-a4870473-0ec3-40e3-b68b-386afbb8d1b5&Prime; custom_padding=\u00a0\u00bb50px||50px|50px|true|false\u00a0\u00bb custom_padding_tablet=\u00a0\u00bb30px|30px|30px|30px|true|true\u00a0\u00bb custom_padding_phone=\u00a0\u00bb20px|20px|20px|20px|true|true\u00a0\u00bb custom_padding_last_edited=\u00a0\u00bbon|tablet\u00a0\u00bb global_colors_info=\u00a0\u00bb{%22gcid-a4870473-0ec3-40e3-b68b-386afbb8d1b5%22:%91%22background_color%22%93}\u00a0\u00bb][et_pb_blurb title=\u00a0\u00bbAutres th\u00e9matiques\u00a0\u00bb use_icon=\u00a0\u00bbon\u00a0\u00bb font_icon=\u00a0\u00bb&#xf07c;||fa||400&Prime; _builder_version=\u00a0\u00bb4.21.0&Prime; _module_preset=\u00a0\u00bb95a70168-6dff-458e-817d-d281f3b69ab5&Prime; hover_enabled=\u00a0\u00bb0&Prime; locked=\u00a0\u00bboff\u00a0\u00bb global_colors_info=\u00a0\u00bb{}\u00a0\u00bb url=\u00a0\u00bbhttps:\/\/www.csa.be\/egalitediversite\/autres-etudes-thematiques\/\u00a0\u00bb sticky_enabled=\u00a0\u00bb0&Prime;][\/et_pb_blurb][\/et_pb_column][\/et_pb_row][\/et_pb_section][et_pb_section fb_built=\u00a0\u00bb1&Prime; admin_label=\u00a0\u00bbCall to Action\u00a0\u00bb _builder_version=\u00a0\u00bb4.21.0&Prime; _module_preset=\u00a0\u00bbdefault\u00a0\u00bb background_color=\u00a0\u00bbgcid-cb91e05a-a65b-4604-a848-3eebeb47b543&Prime; background_image=\u00a0\u00bbhttps:\/\/www.csa.be\/egalitediversite\/wp-content\/uploads\/sites\/2\/2024\/04\/online-university-2.jpg\u00a0\u00bb custom_padding=\u00a0\u00bb0px||0px||true|false\u00a0\u00bb collapsed=\u00a0\u00bbon\u00a0\u00bb global_colors_info=\u00a0\u00bb{%22gcid-cb91e05a-a65b-4604-a848-3eebeb47b543%22:%91%22background_color%22%93}\u00a0\u00bb][et_pb_row column_structure=\u00a0\u00bb2_3,1_3&Prime; use_custom_gutter=\u00a0\u00bbon\u00a0\u00bb gutter_width=\u00a0\u00bb1&Prime; make_equal=\u00a0\u00bbon\u00a0\u00bb _builder_version=\u00a0\u00bb4.21.0&Prime; _module_preset=\u00a0\u00bbdefault\u00a0\u00bb custom_padding=\u00a0\u00bb0px||0px||true|false\u00a0\u00bb box_shadow_style=\u00a0\u00bbpreset4&Prime; box_shadow_horizontal=\u00a0\u00bb-30vw\u00a0\u00bb box_shadow_vertical=\u00a0\u00bb0px\u00a0\u00bb box_shadow_color=\u00a0\u00bbgcid-cb91e05a-a65b-4604-a848-3eebeb47b543&Prime; global_colors_info=\u00a0\u00bb{%22gcid-cb91e05a-a65b-4604-a848-3eebeb47b543%22:%91%22box_shadow_color%22%93}\u00a0\u00bb][et_pb_column type=\u00a0\u00bb2_3&Prime; _builder_version=\u00a0\u00bb4.21.0&Prime; _module_preset=\u00a0\u00bbdefault\u00a0\u00bb background_color=\u00a0\u00bbgcid-cb91e05a-a65b-4604-a848-3eebeb47b543&Prime; custom_padding=\u00a0\u00bb6vw|6vw|6vw||true|false\u00a0\u00bb global_colors_info=\u00a0\u00bb{%22gcid-cb91e05a-a65b-4604-a848-3eebeb47b543%22:%91%22background_color%22%93}\u00a0\u00bb][et_pb_text _builder_version=\u00a0\u00bb4.21.0&Prime; _module_preset=\u00a0\u00bb058b821c-0873-4a3a-927e-3029dee2e2c1&Prime; custom_margin=\u00a0\u00bb||10px||false|false\u00a0\u00bb global_colors_info=\u00a0\u00bb{}\u00a0\u00bb]<\/p>\n<h2>Des \u00e9tudes consacr\u00e9es \u00e0 la diversit\u00e9 et \u00e0 l&rsquo;\u00e9galit\u00e9 dans les m\u00e9dias<\/h2>\n<p>[\/et_pb_text][et_pb_text _builder_version=\u00a0\u00bb4.21.0&Prime; _module_preset=\u00a0\u00bb5bd28599-26a1-4ab3-a4eb-7ab737d20186&Prime; text_text_color=\u00a0\u00bbgcid-a9d8e14e-2f78-408a-a83c-506939196b52&Prime; width=\u00a0\u00bb100%\u00a0\u00bb custom_margin=\u00a0\u00bb||30px||false|false\u00a0\u00bb global_colors_info=\u00a0\u00bb{%22gcid-a9d8e14e-2f78-408a-a83c-506939196b52%22:%91%22text_text_color%22%93}\u00a0\u00bb]<\/p>\n<div class=\"et_pb_with_border et_pb_module et_pb_text et_pb_text_1  et_pb_text_align_left et_pb_bg_layout_light\">\n<div class=\"et_pb_text_inner\">\n<p>Dans cette section de notre site, retrouvez l\u2019ensemble des \u00e9tudes consacr\u00e9es \u00e0 la diversit\u00e9 et \u00e0 l\u2019\u00e9galit\u00e9 dans les m\u00e9dias quelles soient men\u00e9es par notre Direction des \u00c9tudes et des Recherches\u00a0 ou par des chercheurs et chercheuses en r\u00e9sidence.<\/p>\n<p>Depuis 2011, nos barom\u00e8tres font l\u2019\u00e9tat des lieux de l\u2019\u00e9galit\u00e9 et de la diversit\u00e9 dans la publicit\u00e9 et dans les\u202fprogrammes\u202fdes\u202fservices\u202fradiophoniques et t\u00e9l\u00e9visuels \u00e0 la lumi\u00e8re des\u202fcrit\u00e8res de genre, d\u2019origine, d\u2019\u00e2ge, de cat\u00e9gorie socio-professionnelle et de handicap.<\/p>\n<p>Le CSA sonde \u00e9galement les questions d\u2019\u00e9galit\u00e9 et de diversit\u00e9 au travers d&rsquo;\u00e9tudes th\u00e9matiques telles l&rsquo;\u00e9galit\u00e9 de genre dans les m\u00e9tiers de l&rsquo;audivisuel, la repr\u00e9sentation de l&rsquo;homosexualit\u00e9 dans les m\u00e9dias, la place et la repr\u00e9sentation des femmes dans la fiction, &#8230;<\/p>\n<\/div>\n<\/div>\n<p>[\/et_pb_text][\/et_pb_column][et_pb_column type=\u00a0\u00bb1_3&Prime; _builder_version=\u00a0\u00bb4.19.1&Prime; _module_preset=\u00a0\u00bbdefault\u00a0\u00bb global_colors_info=\u00a0\u00bb{}\u00a0\u00bb][et_pb_divider show_divider=\u00a0\u00bboff\u00a0\u00bb _builder_version=\u00a0\u00bb4.21.0&Prime; _module_preset=\u00a0\u00bbdefault\u00a0\u00bb height_tablet=\u00a0\u00bb16vw\u00a0\u00bb height_phone=\u00a0\u00bb16vw\u00a0\u00bb height_last_edited=\u00a0\u00bbon|tablet\u00a0\u00bb global_colors_info=\u00a0\u00bb{}\u00a0\u00bb][\/et_pb_divider][\/et_pb_column][\/et_pb_row][\/et_pb_section][et_pb_section fb_built=\u00a0\u00bb1&Prime; admin_label=\u00a0\u00bbCourses\u00a0\u00bb _builder_version=\u00a0\u00bb4.19.1&Prime; _module_preset=\u00a0\u00bbdefault\u00a0\u00bb saved_tabs=\u00a0\u00bball\u00a0\u00bb collapsed=\u00a0\u00bbon\u00a0\u00bb global_colors_info=\u00a0\u00bb{}\u00a0\u00bb][et_pb_row _builder_version=\u00a0\u00bb4.21.0&Prime; _module_preset=\u00a0\u00bbdefault\u00a0\u00bb width=\u00a0\u00bb89%\u00a0\u00bb global_colors_info=\u00a0\u00bb{}\u00a0\u00bb][et_pb_column type=\u00a0\u00bb4_4&Prime; _builder_version=\u00a0\u00bb4.19.1&Prime; _module_preset=\u00a0\u00bbdefault\u00a0\u00bb global_colors_info=\u00a0\u00bb{}\u00a0\u00bb][et_pb_text _builder_version=\u00a0\u00bb4.21.0&Prime; _module_preset=\u00a0\u00bb058b821c-0873-4a3a-927e-3029dee2e2c1&Prime; header_2_font_size=\u00a0\u00bb43px\u00a0\u00bb text_orientation=\u00a0\u00bbcenter\u00a0\u00bb global_colors_info=\u00a0\u00bb{}\u00a0\u00bb]<\/p>\n<h2 style=\"text-align: left;\"><strong>L\u2019\u00e9galit\u00e9 et la diversit\u00e9 dans les m\u00e9dias sur le plan l\u00e9gal<\/strong><\/h2>\n<p>[\/et_pb_text][et_pb_text _builder_version=\u00a0\u00bb4.21.0&Prime; _module_preset=\u00a0\u00bb5bd28599-26a1-4ab3-a4eb-7ab737d20186&Prime; text_orientation=\u00a0\u00bbcenter\u00a0\u00bb width=\u00a0\u00bb100%\u00a0\u00bb global_colors_info=\u00a0\u00bb{}\u00a0\u00bb]<\/p>\n<p style=\"text-align: justify;\">L\u2019\u00e9galit\u00e9, la diversit\u00e9 et plus globalement les discriminations font l\u2019objet d\u2019\u00e9volutions plus ou moins importantes dans la l\u00e9gislation qui concerne directement le paysage audiovisuel. Le d\u00e9cret sur les services de m\u00e9dias audiovisuels et les plateformes de partage de vid\u00e9os \u00a0a \u00e9volu\u00e9 ces derni\u00e8res ann\u00e9es dans le but de renforcer certains principes et certaines obligations pour les m\u00e9dias.<\/p>\n<p style=\"text-align: justify;\">En 2016, le d\u00e9cret s\u2019est dot\u00e9 d\u2019une premi\u00e8re \u00e9volution importante puisqu\u2019il a introduit l\u2019obligation, pour tous les m\u00e9dias, ainsi que les publicit\u00e9s, de <em>respecter le principe d\u2019\u00e9galit\u00e9 entre les femmes et les hommes<\/em>. Cette \u00e9volution marque un tournant, car jusqu\u2019alors, il \u00e9tait n\u00e9cessaire qu\u2019il y ait une <em>incitation<\/em> \u00e0 la discrimination, \u00e0 la haine ou \u00e0 la violence, sur base du crit\u00e8re du sexe pour qu\u2019un m\u00e9dia soit condamn\u00e9. D\u00e9sormais, la \u00ab\u00a0<em>promotion \u00e0 la discrimination<\/em>\u00a0\u00bb sur base du sexe est passible d\u2019une condamnation. Cette \u00e9volution a permis de faire \u00e9voluer la jurisprudence en mati\u00e8re de lutte contre le sexisme et les discriminations, avec des sanctions du CSA en r\u00e9ponses \u00e0 des publicit\u00e9s et des propos sexistes, qui n\u2019auraient pas pu \u00eatre condamn\u00e9s sans ces \u00e9volutions d\u00e9cr\u00e9tales.<\/p>\n<p style=\"text-align: justify;\">En 2021, l\u2019ensemble des autres crit\u00e8res de discrimination ont \u00e9t\u00e9 int\u00e9gr\u00e9s \u00e0 l\u2019interdiction de promotion \u00e0 la discrimination, dont le racisme, la x\u00e9nophobie, l\u2019homophobie, la transphobie, etc. La liste de ces crit\u00e8res \u00e9voluent par ailleurs sans cesse. En 2021 par exemple, l\u2019origine sociale, la conviction politique et syndicale ont \u00e9t\u00e9 ajout\u00e9s \u00e0 ces crit\u00e8res de discrimination. Concernant le principe d\u2019\u00e9galit\u00e9 entre les femmes et les hommes, le nouveau d\u00e9cret va encore plus loin puisqu\u2019il a \u00e9largi ce principe au \u201ctraitement m\u00e9diatique\u201d des violences faites aux femmes.<\/p>\n<p>[\/et_pb_text][\/et_pb_column][\/et_pb_row][\/et_pb_section]<\/p>\n","protected":false},"excerpt":{"rendered":"<p>Diversit\u00e9 &amp; \u00c9galit\u00e9Collection d&rsquo;\u00e9tudes du CSADes \u00e9tudes consacr\u00e9es \u00e0 la diversit\u00e9 et \u00e0 l&rsquo;\u00e9galit\u00e9 dans les m\u00e9dias Dans cette section de notre site, retrouvez l\u2019ensemble des \u00e9tudes consacr\u00e9es \u00e0 la diversit\u00e9 et \u00e0 l\u2019\u00e9galit\u00e9 dans les m\u00e9dias quelles soient men\u00e9es par notre Direction des \u00c9tudes et des Recherches\u00a0 ou par des chercheurs et chercheuses en [&hellip;]<\/p>\n","protected":false},"author":2,"featured_media":0,"parent":0,"menu_order":0,"comment_status":"closed","ping_status":"closed","template":"","meta":{"_et_pb_use_builder":"on","_et_pb_old_content":"","_et_gb_content_width":"","footnotes":""},"class_list":["post-3698","page","type-page","status-publish","hentry"],"_links":{"self":[{"href":"https:\/\/www.csa.be\/egalitediversite\/wp-json\/wp\/v2\/pages\/3698","targetHints":{"allow":["GET"]}}],"collection":[{"href":"https:\/\/www.csa.be\/egalitediversite\/wp-json\/wp\/v2\/pages"}],"about":[{"href":"https:\/\/www.csa.be\/egalitediversite\/wp-json\/wp\/v2\/types\/page"}],"author":[{"embeddable":true,"href":"https:\/\/www.csa.be\/egalitediversite\/wp-json\/wp\/v2\/users\/2"}],"replies":[{"embeddable":true,"href":"https:\/\/www.csa.be\/egalitediversite\/wp-json\/wp\/v2\/comments?post=3698"}],"version-history":[{"count":18,"href":"https:\/\/www.csa.be\/egalitediversite\/wp-json\/wp\/v2\/pages\/3698\/revisions"}],"predecessor-version":[{"id":3851,"href":"https:\/\/www.csa.be\/egalitediversite\/wp-json\/wp\/v2\/pages\/3698\/revisions\/3851"}],"wp:attachment":[{"href":"https:\/\/www.csa.be\/egalitediversite\/wp-json\/wp\/v2\/media?parent=3698"}],"curies":[{"name":"wp","href":"https:\/\/api.w.org\/{rel}","templated":true}]}}