{"id":708,"date":"2023-10-18T14:34:36","date_gmt":"2023-10-18T12:34:36","guid":{"rendered":"https:\/\/www.csa.be\/elections\/?page_id=708"},"modified":"2024-01-22T16:00:58","modified_gmt":"2024-01-22T15:00:58","slug":"dispositifs-electoraux-campagne-2019","status":"publish","type":"page","link":"https:\/\/www.csa.be\/elections\/dispositifs-electoraux-campagne-2019\/","title":{"rendered":"Dispositifs \u00e9lectoraux (campagne 2019)"},"content":{"rendered":"<p>[et_pb_section fb_built=\u00a0\u00bb1&Prime; _builder_version=\u00a0\u00bb4.21.0&Prime; _module_preset=\u00a0\u00bbdefault\u00a0\u00bb global_colors_info=\u00a0\u00bb{}\u00a0\u00bb][et_pb_row _builder_version=\u00a0\u00bb4.21.0&Prime; _module_preset=\u00a0\u00bbdefault\u00a0\u00bb global_colors_info=\u00a0\u00bb{}\u00a0\u00bb][et_pb_column type=\u00a0\u00bb4_4&Prime; _builder_version=\u00a0\u00bb4.21.0&Prime; _module_preset=\u00a0\u00bbdefault\u00a0\u00bb global_colors_info=\u00a0\u00bb{}\u00a0\u00bb][et_pb_text _builder_version=\u00a0\u00bb4.21.0&Prime; _module_preset=\u00a0\u00bbdefault\u00a0\u00bb global_colors_info=\u00a0\u00bb{}\u00a0\u00bb]<\/p>\n<h1>Dispositifs \u00e9lectoraux (campagne 2019)<\/h1>\n<p>Le r\u00e8glement, adopt\u00e9 par le Coll\u00e8ge d\u2019avis du CSA, impose aux \u00e9diteurs d\u2019adopter un dispositif \u00e9lectoral s&rsquo;ils souhaitent de couvrir les \u00e9lections.<\/p>\n<p>L\u2019adoption d\u2019un dispositif est certes obligatoire mais elle est aussi destin\u00e9e \u00e0 faciliter le travail des m\u00e9dias. En effet, un dispositif bien r\u00e9fl\u00e9chi et r\u00e9dig\u00e9, par rapport aux grands principes d\u00e9velopp\u00e9s du r\u00e8glement, diminue fortement le risque de contestations de la part des candidats et candidates, des partis et des \u00e9lecteurs et \u00e9lectrices puisqu&rsquo;il garantit la transparence des d\u00e9bats et l&rsquo;objectivit\u00e9 dans la couverture des \u00e9lections.<\/p>\n<p>Retrouvez ci-dessous les dispositifs des m\u00e9dias qui ont couvert les \u00e9lections en 2019:<\/p>\n<p>[\/et_pb_text][et_pb_blog fullwidth=\u00a0\u00bboff\u00a0\u00bb posts_number=\u00a0\u00bb15&Prime; include_categories=\u00a0\u00bb4&Prime; show_author=\u00a0\u00bboff\u00a0\u00bb use_overlay=\u00a0\u00bbon\u00a0\u00bb _builder_version=\u00a0\u00bb4.21.0&Prime; _module_preset=\u00a0\u00bbdefault\u00a0\u00bb box_shadow_style_image=\u00a0\u00bbpreset1&Prime; global_colors_info=\u00a0\u00bb{}\u00a0\u00bb][\/et_pb_blog][\/et_pb_column][\/et_pb_row][\/et_pb_section]<\/p>\n","protected":false},"excerpt":{"rendered":"<p>Dispositifs \u00e9lectoraux (campagne 2019) Le r\u00e8glement, adopt\u00e9 par le Coll\u00e8ge d\u2019avis du CSA, impose aux \u00e9diteurs d\u2019adopter un dispositif \u00e9lectoral s&rsquo;ils souhaitent de couvrir les \u00e9lections. L\u2019adoption d\u2019un dispositif est certes obligatoire mais elle est aussi destin\u00e9e \u00e0 faciliter le travail des m\u00e9dias. En effet, un dispositif bien r\u00e9fl\u00e9chi et r\u00e9dig\u00e9, par rapport aux grands [&hellip;]<\/p>\n","protected":false},"author":2,"featured_media":0,"parent":0,"menu_order":0,"comment_status":"closed","ping_status":"closed","template":"","meta":{"_et_pb_use_builder":"on","_et_pb_old_content":"","_et_gb_content_width":"","footnotes":""},"class_list":["post-708","page","type-page","status-publish","hentry"],"_links":{"self":[{"href":"https:\/\/www.csa.be\/elections\/wp-json\/wp\/v2\/pages\/708","targetHints":{"allow":["GET"]}}],"collection":[{"href":"https:\/\/www.csa.be\/elections\/wp-json\/wp\/v2\/pages"}],"about":[{"href":"https:\/\/www.csa.be\/elections\/wp-json\/wp\/v2\/types\/page"}],"author":[{"embeddable":true,"href":"https:\/\/www.csa.be\/elections\/wp-json\/wp\/v2\/users\/2"}],"replies":[{"embeddable":true,"href":"https:\/\/www.csa.be\/elections\/wp-json\/wp\/v2\/comments?post=708"}],"version-history":[{"count":6,"href":"https:\/\/www.csa.be\/elections\/wp-json\/wp\/v2\/pages\/708\/revisions"}],"predecessor-version":[{"id":717,"href":"https:\/\/www.csa.be\/elections\/wp-json\/wp\/v2\/pages\/708\/revisions\/717"}],"wp:attachment":[{"href":"https:\/\/www.csa.be\/elections\/wp-json\/wp\/v2\/media?parent=708"}],"curies":[{"name":"wp","href":"https:\/\/api.w.org\/{rel}","templated":true}]}}