{"id":1060,"date":"2021-04-07T09:23:36","date_gmt":"2021-04-07T07:23:36","guid":{"rendered":"https:\/\/www.csa.be\/map\/?page_id=1060"},"modified":"2021-04-07T09:23:36","modified_gmt":"2021-04-07T07:23:36","slug":"benedicte-linard-ministre","status":"publish","type":"page","link":"https:\/\/www.csa.be\/map\/benedicte-linard-ministre\/","title":{"rendered":"B\u00e9n\u00e9dicte Linard &#8211; Ministre"},"content":{"rendered":"[et_pb_section fb_built=\u00a0\u00bb1&Prime; admin_label=\u00a0\u00bbsection\u00a0\u00bb _builder_version=\u00a0\u00bb3.22&Prime;][et_pb_row admin_label=\u00a0\u00bbrow\u00a0\u00bb _builder_version=\u00a0\u00bb3.25&Prime; background_size=\u00a0\u00bbinitial\u00a0\u00bb background_position=\u00a0\u00bbtop_left\u00a0\u00bb background_repeat=\u00a0\u00bbrepeat\u00a0\u00bb][et_pb_column type=\u00a0\u00bb4_4&Prime; _builder_version=\u00a0\u00bb3.25&Prime; custom_padding=\u00a0\u00bb|||\u00a0\u00bb custom_padding__hover=\u00a0\u00bb|||\u00a0\u00bb][et_pb_text admin_label=\u00a0\u00bbText\u00a0\u00bb _builder_version=\u00a0\u00bb4.6.6&Prime; header_text_color=\u00a0\u00bb#00a19a\u00a0\u00bb background_size=\u00a0\u00bbinitial\u00a0\u00bb background_position=\u00a0\u00bbtop_left\u00a0\u00bb background_repeat=\u00a0\u00bbrepeat\u00a0\u00bb]<h1 class=\"main_title\">\u00ab\u00a0Notre force r\u00e9sidera dans une offre de contenus diversifi\u00e9s, diff\u00e9rents, de qualit\u00e9, uniques et locaux.\u00a0\u00bb<\/h1>\n<p>&nbsp;<\/p>\n<h3><strong data-rich-text-format-boundary=\"true\">Entretien avec B\u00e9n\u00e9dicte Linard, Ministre de la Petite enfance, de la Culture, des M\u00e9dias, de la Sant\u00e9 et des Droits des femmes<br \/><\/strong><\/h3>\n<p style=\"text-align: justify;\"><strong><\/strong><\/p>\n<p>&nbsp;<\/p>\n<p><strong><\/strong><\/p>\n\n<p><strong>Au vu des r\u00e9sultats qui d\u00e9coulent de l\u2019\u00e9tude MAP, quel bilan tirez-vous sur les usages des modes de consommation\u00a0? Quel serait selon vous l\u2019enjeu majeur en mati\u00e8re de consommation de m\u00e9dias audiovisuels, \u00e0 court et\/ou moyen terme au regard des enseignements et recommandations de cette \u00e9tude ?<\/strong><\/p>\n\n<p>&nbsp;<\/p>\n\n<p>L\u2019\u00e9tude a montr\u00e9 que la t\u00e9l\u00e9vision garde une place pr\u00e9pond\u00e9rante parmi les modes de consommation des contenus audiovisuels, au sein de toutes les classes d\u2019\u00e2ge et cat\u00e9gories sociales. D\u00e8s lors, il semble essentiel d\u2019assurer le maintien des contenus de qualit\u00e9 sur les services lin\u00e9aires, et en particulier des contenus r\u00e9pondant aux missions de service public de la RTBF et des m\u00e9dias de proximit\u00e9.<\/p>\n\n<p>&nbsp;<\/p>\n\n<p>Cet enjeu d\u2019acc\u00e8s aux contenus pertinents, par exemple culturels ou informatifs, est par ailleurs double et concerne aussi bien les services lin\u00e9aires que non lin\u00e9aires mais se d\u00e9cline diff\u00e9remment en fonction du mode de consommation\u00a0: si en lin\u00e9aire il est essentiel d\u2019en assurer la pr\u00e9sence, en non-lin\u00e9aire l\u2019enjeu est \u00e9galement celui de la mise en valeur et la promotion de ces contenus.<\/p>\n\n<p>&nbsp;<\/p>\n\n<p>Cette observation provient d\u2019une autre conclusion importante de l\u2019\u00e9tude\u00a0: la compl\u00e9mentarit\u00e9 des modes de consommation\u00a0(lin\u00e9aire et non lin\u00e9aire), en particulier chez les jeunes. Par ailleurs, il me semble int\u00e9ressant de relever comment cette compl\u00e9mentarit\u00e9 s\u2019articule\u00a0: en fonction des habitudes mais \u00e9galement en fonction de types de contenus, bien \u00e9videmment.<\/p>\n\n<p>&nbsp;<\/p>\n\n<p>L\u2019articulation et l\u2019interd\u00e9pendance entre les modes de consommation sont \u00e9galement des constats importants.<\/p>\n\n<p>&nbsp;<\/p>\n\n<p>Nos acteurs ont aussi int\u00e9gr\u00e9 cette approche multimodale notamment avec la RTBF et Auvio, et la pr\u00e9sence sur la plateforme d\u2019un nombre croissant d\u2019acteurs locaux \u2013 Sooner mais aussi des contenus du groupe AB ou encore l\u2019arriv\u00e9e imminente de LN24. Assurer la diversit\u00e9 des contenus au sein de l\u2019ensemble des m\u00e9dias reste un enjeu majeur.<\/p>\n\n<p>&nbsp;<\/p>\n\n<p>Ces questions vont m\u2019animer dans les mois \u00e0 venir, notamment avec la r\u00e9vision des conventions des M\u00e9dias de proximit\u00e9. En effet, les accompagner dans ce virage num\u00e9rique et leur assurer une pr\u00e9sence forte et marquante dans le paysage non-lin\u00e9aire est primordial, tout en gardant le curseur sur ce qui est essentiel\u00a0: leur position en tant que m\u00e9dia de service public, \u00e0 destination de tous les publics.<\/p>\n\n<p>&nbsp;<\/p>\n\n<p><strong>L\u2019\u00e9tude MAP a montr\u00e9 une bonne connaissance et une utilisation significative des consommateur.trice.s d\u2019un certain nombre de marques, aussi bien locales que globales (YouTube, Facebook et Netflix y c\u00f4toient les offres respectives des distributeurs de services de m\u00e9dias audiovisuels Proximus, VOO, Telenet et Orange ainsi que RTBF Auvio ou les sites de journaux de presse quotidienne). Etant donn\u00e9 cette myriade d\u2019offres et de services, quelle est votre ambition pour p\u00e9renniser le secteur audiovisuel belge francophone ?<\/strong><\/p>\n\n<p>&nbsp;<\/p>\n\n<p>Les acteurs du secteur audiovisuel belge francophone ont parfaitement conscience des enjeux li\u00e9s \u00e0 la forte p\u00e9n\u00e9tration des plateformes en ligne.<\/p>\n\n<p>&nbsp;<\/p>\n\n<p>Leur p\u00e9rennisation passera certainement par l\u2019existence, de mani\u00e8re structur\u00e9e, d\u2019offres alternatives, locales et de qualit\u00e9, de contenus audiovisuels.<\/p>\n\n<p>&nbsp;<\/p>\n\n<p>Plusieurs initiatives du secteur peuvent \u00eatre cit\u00e9es. Je pense par exemple, en radio, aux initiatives structurantes mises en place par la scrl maradio.be telles que radioplayer.be. On peut \u00e9galement parler de la volont\u00e9 de la RTBF d\u2019ouvrir sa plateforme Auvio aux \u00e9diteurs locaux.<\/p>\n\n<p>&nbsp;<\/p>\n\n<p>La d\u00e9cr\u00e9talisation du Fonds des s\u00e9ries, l\u2019ouverture de l\u2019assiette de contribution \u00e0 la production audiovisuelle aux \u00e9diteurs ext\u00e9rieurs ciblant le public de la Communaut\u00e9 fran\u00e7aise, le quota catalogue des \u0153uvres europ\u00e9ennes et des \u0153uvres audiovisuelles d\u2019initiative belge francophone doubl\u00e9 d\u2019une obligation de mise en valeur et de promotion sont autant d\u2019exemples de mesures nouvelles, introduites par le d\u00e9cret du 3 f\u00e9vrier 2021 relatif aux services de m\u00e9dias audiovisuels et aux services de partage de vid\u00e9os, qui tendent \u00e0 garantir la p\u00e9rennisation du secteur de l\u2019audiovisuel belge francophone.<\/p>\n\n<p>&nbsp;<\/p>\n\n<p>Des concertations sont, par ailleurs, ouvertes sur le niveau de contribution des \u00e9diteurs dans la production audiovisuelle. Cette obligation de contribution permet, avec les autres mesures pr\u00e9cit\u00e9es, la mise en place d\u2019un cercle vertueux de production et de diffusion des \u0153uvres.<\/p>\n\n<p>&nbsp;<\/p>\n\n<p>Le Gouvernement a par ailleurs command\u00e9 une \u00e9tude approfondie du march\u00e9 publicitaire belge francophone afin de mieux comprendre, de mani\u00e8re \u00e9volutive et dynamique, les interactions entre la publicit\u00e9 et les m\u00e9dias, l\u2019enjeu \u00e9tant de renforcer la r\u00e9silience des m\u00e9dias par rapport au march\u00e9 publicitaire au regard de l\u2019\u00e9volution des modes de consommation des m\u00e9dias. Des recommandations doivent \u00eatre formul\u00e9es en ce sens.<\/p>\n\n<p>&nbsp;<\/p>\n\n<p><strong>L\u2019\u00e9tude r\u00e9v\u00e8le que la RTBF Auvio est connue de 71,1% consommateur.trice.s de vid\u00e9o \u00e0 la demande (VOD) et utilis\u00e9e par 57% de ceux.celles qui ont d\u00e9clar\u00e9 conna\u00eetre ce service. RTL Play est connu de 66,4% des consommateur.trice.s de VOD et utilis\u00e9 par 27,6% de ceux.celles qui ont d\u00e9clar\u00e9 conna\u00eetre ce service. Selon vous, afin de concurrencer les GAFAN sur le terrain des \u0153uvres audiovisuelles, ne faudrait-il pas entamer une r\u00e9flexion sur le d\u00e9veloppement d\u2019offres audiovisuelles globales adapt\u00e9es \u00e0 la demande ?<\/strong><\/p>\n\n<p>&nbsp;<\/p>\n\n<p>Il me semble qu\u2019il ne faut pas analyser la situation sous cet angle-l\u00e0. L\u2019objectif n\u2019est pas de concurrencer les GAFAN mais de se diff\u00e9rencier de ce type d\u2019op\u00e9rateurs mondiaux. Notre force r\u00e9sidera dans une offre de contenus diversifi\u00e9s, diff\u00e9rents, de qualit\u00e9, uniques et locaux.C\u2019est le sens de la r\u00e9flexion \u00e0 avoir. La FWB regorge de talents, nous avons tous les ingr\u00e9dients pour cr\u00e9er des contenus forts. Mais l\u2019objectif n\u2019est pas de se comparer aux GAFAN, l\u2019objectif est d\u2019exister en offrant des contenus qui nous permettent d\u2019avoir une identit\u00e9 propre forte.<\/p>\n\n<p>&nbsp;<\/p>\n\n<p>L\u2019heure est \u00e0 la compl\u00e9mentarit\u00e9 entre les contenus globaux, offerts par les GAFAN et des contenus locaux, voire ultra-locaux, ayant un potentiel d\u2019exportation mais \u00e9galement et surtout trouvant le public au sein de notre f\u00e9d\u00e9ration.<\/p>\n\n<p>&nbsp;<\/p>\n\n<p><strong>L\u2019\u00e9tude MAP a mis en exergue que le rapport aux nouveaux modes de consommation des m\u00e9dias et aux \u00e9quipements num\u00e9riques s\u2019inscrit dans des in\u00e9galit\u00e9s sociales et de genre. Leur appropriation par les usager.\u00e8re.s diff\u00e8re selon le genre, l\u2019\u00e2ge ou encore le niveau de revenu de ces dernier.\u00e8re.s. L\u2019\u00e9tude sugg\u00e8re alors dans ses recommandations d\u2019inclure une r\u00e9flexion sur l\u2019\u00e9galit\u00e9 des chances dans la mise en place de politiques publiques et de projets li\u00e9s \u00e0 la transition num\u00e9rique. Qu\u2019en pensez-vous\u00a0? Quelles mesures concr\u00e8tes pourraient-elles \u00eatre mises en place pour r\u00e9pondre \u00e0 cet objectif\u00a0?<\/strong>\u00a0\u00a0\u00a0\u00a0\u00a0\u00a0\u00a0\u00a0\u00a0\u00a0\u00a0\u00a0\u00a0 <strong><\/strong><\/p>\n\n<p>&nbsp;<\/p>\n\n<p>Cette r\u00e9flexion est effectivement essentielle ; le Plan Droits des femmes approuv\u00e9 par le F\u00e9d\u00e9ration Wallonie-Bruxelles aborde certaines de ces facettes, en collaboration avec les autres entit\u00e9s \u2013 par exemple par la mise en \u0153uvre du plan interf\u00e9d\u00e9ral \u00ab\u00a0Women in digital\u00a0\u00bb\u00a0:<\/p>\n\n<p>&nbsp;<\/p>\n\n<p>D\u00e9velopper l\u2019utilisation, par des femmes et personnes souffrant le plus de la fracture num\u00e9rique, de l\u2019ensemble des outils num\u00e9riques, qu\u2019ils soient professionnels ou pas, la connaissance des technologies mais \u00e9galement renforcer la place des femmes dans le secteur en tant que professionnelles permettra une meilleure maitrise des outils et une meilleure connaissance. Ces enjeux sont les deux faces d\u2019une m\u00eame m\u00e9daille.<\/p>\n\n<p>&nbsp;<\/p>\n\n<p>L\u2019\u00e9ducation aux m\u00e9dias, l\u2019utilisation des m\u00e9dias num\u00e9riques ne concerne pas que les plus jeunes, par ailleurs. La fracture num\u00e9rique se ressent particuli\u00e8rement au niveau des personnes plus \u00e2g\u00e9es, et l\u2019enjeu de la d\u00e9sinformation, par exemple, les concerne de mani\u00e8re importante. \u00a0Les personnes plus \u00e2g\u00e9es partagent par exemple plus d\u2019infox. L\u2019\u00e9ducation aux m\u00e9dias doit d\u00e8s lors concerner toutes les tranches d\u2019\u00e2ge.<\/p>\n\n<p>&nbsp;<\/p>\n\n<p><strong>L\u2019\u00e9tude MAP a mis en exergue que le trio de t\u00eate des services de vid\u00e9o \u00e0 la demande les plus utilis\u00e9s par les consommateur.trice.s de VOD (ayant pr\u00e9alablement affirm\u00e9 les conna\u00eetre) est constitu\u00e9 de YouTube (77,1%), Facebook (70,6%) et Netflix (67,7%). Ces \u00e9volutions soul\u00e8vent des questions sur l\u2019appropriation des nouveaux modes de consommation et de leurs contenus par les jeunes publics. On observe en effet que les jeunes g\u00e9n\u00e9rations sont confront\u00e9es de but en blanc \u00e0 cette profusion de l\u2019offre sans n\u00e9cessairement disposer des cl\u00e9s de compr\u00e9hension fondamentales des contenus qui leurs sont propos\u00e9s. Quelles solutions pourraient \u00eatre envisag\u00e9es pour mieux r\u00e9pondre \u00e0 cette r\u00e9alit\u00e9\u00a0?<\/strong><\/p>\n\n<p>&nbsp;<\/p>\n\n<p>Je mettrai en lumi\u00e8re deux \u00e9l\u00e9ments de solution : la r\u00e9gulation et la suprar\u00e9gulation des acteurs, d\u2019une part, et l\u2019enjeu de l\u2019\u00e9ducation aux m\u00e9dias, d\u2019autre part.<\/p>\n\n<p>&nbsp;<\/p>\n\n<p>Pour les r\u00e9seaux sociaux et les plateformes de partage de vid\u00e9os ne relevant pas \u00e0 proprement parler directement de la comp\u00e9tence de la Communaut\u00e9 fran\u00e7aise de Belgique, telles que Youtube, dont l\u2019objet principal est de proposer au public des contenus cr\u00e9\u00e9s par les utilisateurs, ce sont notamment les enjeux de d\u00e9sinformation et de protection des mineurs qui pr\u00e9dominent.<\/p>\n\n<p>&nbsp;<\/p>\n\n<p>A l\u2019\u00e9gard de ces acteurs, outre les initiatives d\u2019autor\u00e9gulation r\u00e9cemment prises par le secteur en concertation avec les services de la Commission europ\u00e9enne, il y a la n\u00e9cessit\u00e9 d\u2019instaurer des r\u00e8gles harmonis\u00e9es ou coordonn\u00e9es au niveau europ\u00e9en, via l\u2019ERGA, l\u2019autorit\u00e9 europ\u00e9enne qui r\u00e9unit l\u2019ensemble des r\u00e9gulateurs nationaux de l\u2019Union europ\u00e9enne. Celle-ci se double \u00e9galement de la n\u00e9cessit\u00e9 d\u2019adopter un arsenal juridique moderne au niveau europ\u00e9en.<\/p>\n\n<p>&nbsp;<\/p>\n\n<p>Le lancement de la proc\u00e9dure l\u00e9gislative en vue de l\u2019adoption du projet de r\u00e8glement de la Commission europ\u00e9enne sur les services num\u00e9riques, en d\u00e9cembre dernier, va dans le bon sens en ce qu\u2019il se donne pour ambition de renforcer les outils juridiques des autorit\u00e9s nationales, administratives et judiciaires, pour intervenir plus efficacement sur des contenus illicites.<\/p>\n\n<p>&nbsp;<\/p>\n\n<p>L\u2019enjeu de l\u2019\u00e9ducation aux m\u00e9dias est \u00e9galement essentiel\u00a0ici. C\u2019est pour cette raison que nous \u00e9laborons un plan \u201c\u00e9ducation aux m\u00e9dias\u201d destin\u00e9 \u00e0 favoriser l\u2019utilisation pratique, mais aussi critique, des m\u00e9dias, num\u00e9riques ou non.<\/p>\n\n<p>&nbsp;<\/p>\n\n<p>Pour des plateformes de vid\u00e9os \u00e0 la demande, telles que Netflix ou Amazon Prime Video, qui exercent une responsabilit\u00e9 \u00e9ditoriale sur les contenus qu\u2019ils proposent dans leur catalogue, ces derniers sont soumis (via la transposition des mesures de coordination pr\u00e9vues par la directive 2018\/1808 sur les services de m\u00e9dias audiovisuels) \u00e0 des mesures plus pr\u00e9cises et contraignantes, notamment en termes de protection des mineurs.<\/p>\n\n<p>&nbsp;<\/p>\n\n<p>Ces plateformes doivent d\u00e9sormais mettre en place \u00e9galement des mesures afin de prot\u00e9ger des plus jeunes des contenus illicites et pr\u00e9judiciables, notamment en ce qui concerne l\u2019identification de contenus publicitaires, mais bien \u00e9videmment, nous avons un r\u00f4le \u00e0 jouer dans le fait de permettre aux utilisateurs et utilisatrices de se rep\u00e9rer dans l\u2019ensemble des contenus existants.<\/p>\n\n<p>&nbsp;<\/p>\n<p><strong><br \/><\/strong><\/p>\n<p>&nbsp;<\/p>\n<p style=\"text-align: center;\"><a href=\"https:\/\/www.csa.be\/map\/entretiens-2\/\">Tous les entretiens autour de l&rsquo;\u00e9tude MAP<\/a><\/p>\n<p>\u00a0<\/p>\n<p>&nbsp;<\/p>[\/et_pb_text][\/et_pb_column][\/et_pb_row][\/et_pb_section]","protected":false},"excerpt":{"rendered":"<p>\u00ab\u00a0Notre force r\u00e9sidera dans une offre de contenus diversifi\u00e9s, diff\u00e9rents, de qualit\u00e9, uniques et locaux.\u00a0\u00bb &nbsp; Entretien avec B\u00e9n\u00e9dicte Linard, Ministre de la Petite enfance, de la Culture, des M\u00e9dias, de la Sant\u00e9 et des Droits des femmes &nbsp; Au vu des r\u00e9sultats qui d\u00e9coulent de l\u2019\u00e9tude MAP, quel bilan tirez-vous sur les usages des [&hellip;]<\/p>\n","protected":false},"author":2,"featured_media":0,"parent":0,"menu_order":0,"comment_status":"closed","ping_status":"closed","template":"","meta":{"_et_pb_use_builder":"on","_et_pb_old_content":"","_et_gb_content_width":"","footnotes":""},"class_list":["post-1060","page","type-page","status-publish","hentry"],"_links":{"self":[{"href":"https:\/\/www.csa.be\/map\/wp-json\/wp\/v2\/pages\/1060","targetHints":{"allow":["GET"]}}],"collection":[{"href":"https:\/\/www.csa.be\/map\/wp-json\/wp\/v2\/pages"}],"about":[{"href":"https:\/\/www.csa.be\/map\/wp-json\/wp\/v2\/types\/page"}],"author":[{"embeddable":true,"href":"https:\/\/www.csa.be\/map\/wp-json\/wp\/v2\/users\/2"}],"replies":[{"embeddable":true,"href":"https:\/\/www.csa.be\/map\/wp-json\/wp\/v2\/comments?post=1060"}],"version-history":[{"count":3,"href":"https:\/\/www.csa.be\/map\/wp-json\/wp\/v2\/pages\/1060\/revisions"}],"predecessor-version":[{"id":1063,"href":"https:\/\/www.csa.be\/map\/wp-json\/wp\/v2\/pages\/1060\/revisions\/1063"}],"wp:attachment":[{"href":"https:\/\/www.csa.be\/map\/wp-json\/wp\/v2\/media?parent=1060"}],"curies":[{"name":"wp","href":"https:\/\/api.w.org\/{rel}","templated":true}]}}