{"id":1126,"date":"2022-11-09T11:30:24","date_gmt":"2022-11-09T10:30:24","guid":{"rendered":"https:\/\/www.csa.be\/map\/?page_id=1126"},"modified":"2022-11-16T20:03:37","modified_gmt":"2022-11-16T19:03:37","slug":"map-2022-contexte","status":"publish","type":"page","link":"https:\/\/www.csa.be\/map\/map-2022-accueil\/map-2022-contexte\/","title":{"rendered":"MAP 2022: Contexte"},"content":{"rendered":"<p>[et_pb_section fb_built=\u00a0\u00bb1&Prime; admin_label=\u00a0\u00bbsection\u00a0\u00bb _builder_version=\u00a0\u00bb3.22&Prime;][et_pb_row admin_label=\u00a0\u00bbrow\u00a0\u00bb _builder_version=\u00a0\u00bb3.25&Prime; background_size=\u00a0\u00bbinitial\u00a0\u00bb background_position=\u00a0\u00bbtop_left\u00a0\u00bb background_repeat=\u00a0\u00bbrepeat\u00a0\u00bb][et_pb_column type=\u00a0\u00bb4_4&Prime; _builder_version=\u00a0\u00bb3.25&Prime; custom_padding=\u00a0\u00bb|||\u00a0\u00bb custom_padding__hover=\u00a0\u00bb|||\u00a0\u00bb][et_pb_text admin_label=\u00a0\u00bbText\u00a0\u00bb _builder_version=\u00a0\u00bb4.6.6&Prime; header_font=\u00a0\u00bb||||||||\u00a0\u00bb header_text_color=\u00a0\u00bb#ef7d00&Prime; header_font_size=\u00a0\u00bb39px\u00a0\u00bb background_size=\u00a0\u00bbinitial\u00a0\u00bb background_position=\u00a0\u00bbtop_left\u00a0\u00bb background_repeat=\u00a0\u00bbrepeat\u00a0\u00bb]<\/p>\n<h1>Contexte<\/h1>\n<p>[\/et_pb_text][\/et_pb_column][\/et_pb_row][et_pb_row column_structure=\u00a0\u00bb1_3,2_3&Prime; _builder_version=\u00a0\u00bb4.6.6&Prime; _module_preset=\u00a0\u00bbdefault\u00a0\u00bb][et_pb_column type=\u00a0\u00bb1_3&Prime; _builder_version=\u00a0\u00bb4.6.6&Prime; _module_preset=\u00a0\u00bbdefault\u00a0\u00bb][et_pb_image src=\u00a0\u00bbhttps:\/\/www.csa.be\/map\/wp-content\/uploads\/sites\/6\/2022\/10\/FWB-1.png\u00a0\u00bb title_text=\u00a0\u00bbFWB\u00a0\u00bb align=\u00a0\u00bbcenter\u00a0\u00bb _builder_version=\u00a0\u00bb4.6.6&Prime; _module_preset=\u00a0\u00bbdefault\u00a0\u00bb width=\u00a0\u00bb69%\u00a0\u00bb][\/et_pb_image][\/et_pb_column][et_pb_column type=\u00a0\u00bb2_3&Prime; _builder_version=\u00a0\u00bb4.6.6&Prime; _module_preset=\u00a0\u00bbdefault\u00a0\u00bb][et_pb_text _builder_version=\u00a0\u00bb4.6.6&Prime; _module_preset=\u00a0\u00bbdefault\u00a0\u00bb]<\/p>\n<p style=\"text-align: justify;\">La pr\u00e9sente \u00e9tude s\u2019inscrit dans le prolongement de la premi\u00e8re \u00e9dition, publi\u00e9e \u00e0 la fin de l\u2019ann\u00e9e 2020, de \u00ab M\u00e9dias : Attitudes et Perceptions \u00bb (ci-apr\u00e8s \u00ab MAP \u00bb). Comme l\u2019\u00e9tude pr\u00e9c\u00e9dente, cette nouvelle \u00e9dition est r\u00e9dig\u00e9e par une \u00e9quipe pluridisciplinaire issue des unit\u00e9s Etudes et Recherches, d\u2019une part, et Distributeurs &amp; Op\u00e9rateurs, d\u2019autre part, du Conseil sup\u00e9rieur de l\u2019audiovisuel de la Communaut\u00e9 fran\u00e7aise de Belgique (CSA), l\u2019autorit\u00e9 administrative ind\u00e9pendante charg\u00e9e de la r\u00e9gulation du secteur des m\u00e9dias audiovisuels dans la partie francophone de la Belgique.<\/p>\n<p>[\/et_pb_text][\/et_pb_column][\/et_pb_row][et_pb_row admin_label=\u00a0\u00bbrow\u00a0\u00bb _builder_version=\u00a0\u00bb3.25&Prime; background_size=\u00a0\u00bbinitial\u00a0\u00bb background_position=\u00a0\u00bbtop_left\u00a0\u00bb background_repeat=\u00a0\u00bbrepeat\u00a0\u00bb custom_padding=\u00a0\u00bb16px|||||\u00a0\u00bb][et_pb_column type=\u00a0\u00bb4_4&Prime; _builder_version=\u00a0\u00bb3.25&Prime; custom_padding=\u00a0\u00bb|||\u00a0\u00bb custom_padding__hover=\u00a0\u00bb|||\u00a0\u00bb][et_pb_text admin_label=\u00a0\u00bbText\u00a0\u00bb _builder_version=\u00a0\u00bb4.6.6&Prime; header_font=\u00a0\u00bb||||||||\u00a0\u00bb header_text_color=\u00a0\u00bb#ef7d00&Prime; header_font_size=\u00a0\u00bb39px\u00a0\u00bb background_size=\u00a0\u00bbinitial\u00a0\u00bb background_position=\u00a0\u00bbtop_left\u00a0\u00bb background_repeat=\u00a0\u00bbrepeat\u00a0\u00bb]<\/p>\n<p style=\"text-align: justify;\">Les deux \u00e9tudes ont en commun le souci de r\u00e9pondre \u00e0 la question de recherche suivante : <strong>\u00ab Comment \u00e9volue l\u2019utilisation de la t\u00e9l\u00e9vision avec le d\u00e9veloppement des nouveaux modes de consommation des contenus audiovisuels ? \u00bb<\/strong><\/p>\n<p style=\"text-align: justify;\">La pr\u00e9sente \u00e9tude repose sur une enqu\u00eate quantitative men\u00e9e sur base d\u2019un questionnaire standardis\u00e9, diffus\u00e9 aupr\u00e8s d\u2019un \u00e9chantillon statistiquement repr\u00e9sentatif de la population de la F\u00e9d\u00e9ration Wallonie-Bruxelles \u00e2g\u00e9e de 15 ans et plus, constitu\u00e9 de 2200 r\u00e9pondant.e.s. Ceci vise \u00e0 garantir des donn\u00e9es aussi robustes que celles de l\u2019\u00e9tude de 2020 (et portant sur des donn\u00e9es de 2019) et de permettre des analyses pertinentes.<\/p>\n<p style=\"text-align: justify;\">L\u2019objectif de <span style=\"color: #666666;\">l\u2019analyse quantitative<\/span> consiste \u00e0 d\u00e9peindre les comportements des consommateur.trices \u00e0 un instant donn\u00e9 : <span style=\"text-decoration: underline;\"><span style=\"color: #f0aa00; text-decoration: underline;\">les \u00abAttitudes\u00bb<\/span><\/span>. Elle tend vers une g\u00e9n\u00e9ralisation des r\u00e9sultats au d\u00e9part de l\u2019analyse d\u2019un \u00e9chantillon statistiquement repr\u00e9sentatif. Les grandes dimensions qui ont structur\u00e9 l\u2019\u00e9tude MAP 2020, soit l\u2019exposition \u00e0 la technologie, la consommation audiovisuelle unique et simultan\u00e9e ainsi que la compl\u00e9mentarit\u00e9 et la substituabilit\u00e9 des modes de consommation sont r\u00e9pliqu\u00e9es dans la pr\u00e9sente \u00e9tude.<\/p>\n<p style=\"text-align: justify;\">Ce nouvel exercice permet d\u2019actualiser les donn\u00e9es recueillies et d\u2019\u00e9tablir des comparaisons par rapport aux r\u00e9sultats de l\u2019\u00e9tude pr\u00e9c\u00e9dente. Cela nous parait particuli\u00e8rement int\u00e9ressant car les deux \u00e9tudes ont \u00e9t\u00e9 men\u00e9es \u00e0 deux \u00e9poques intuitivement tr\u00e8s diff\u00e9rentes, dans la mesure o\u00f9 est survenue entretemps la crise sanitaire li\u00e9e \u00e0 la pand\u00e9mie de Covid-19 dont on \u00e9tait curieux des \u00e9ventuelles implications\u00a0<span style=\"color: #666666;\">l\u2019analyse quantitative<\/span> durables sur les modes de consommation des contenus audiovisuels.<\/p>\n<p style=\"text-align: justify;\">Un certain nombre de questions ont \u00e9t\u00e9 ajout\u00e9es au questionnaire de la pr\u00e9sente \u00e9tude sur la base des conclusions issues de l\u2019analyse qualitative de MAP 2020. Ces questions introduisent dans le volet quantitatif de l\u2019\u00e9tude des items relatifs \u00e0 la signification que les individus donnent \u00e0 leurs pratiques : <span style=\"text-decoration: underline;\"><span style=\"color: #f0aa00; text-decoration: underline;\">\u00abPerceptions\u00bb<\/span><\/span>. Cela permet d\u2019approcher l\u2019opinion et les repr\u00e9sentations des consommateur.trice.s, au-del\u00e0 de la \u00ab photographie \u00bb de leurs comportements.<\/p>\n<p>[\/et_pb_text][\/et_pb_column][\/et_pb_row][\/et_pb_section]<\/p>\n","protected":false},"excerpt":{"rendered":"<p>ContexteLa pr\u00e9sente \u00e9tude s\u2019inscrit dans le prolongement de la premi\u00e8re \u00e9dition, publi\u00e9e \u00e0 la fin de l\u2019ann\u00e9e 2020, de \u00ab M\u00e9dias : Attitudes et Perceptions \u00bb (ci-apr\u00e8s \u00ab MAP \u00bb). Comme l\u2019\u00e9tude pr\u00e9c\u00e9dente, cette nouvelle \u00e9dition est r\u00e9dig\u00e9e par une \u00e9quipe pluridisciplinaire issue des unit\u00e9s Etudes et Recherches, d\u2019une part, et Distributeurs &amp; Op\u00e9rateurs, d\u2019autre [&hellip;]<\/p>\n","protected":false},"author":2,"featured_media":0,"parent":1100,"menu_order":0,"comment_status":"closed","ping_status":"closed","template":"","meta":{"_et_pb_use_builder":"on","_et_pb_old_content":"","_et_gb_content_width":"","footnotes":""},"class_list":["post-1126","page","type-page","status-publish","hentry"],"_links":{"self":[{"href":"https:\/\/www.csa.be\/map\/wp-json\/wp\/v2\/pages\/1126","targetHints":{"allow":["GET"]}}],"collection":[{"href":"https:\/\/www.csa.be\/map\/wp-json\/wp\/v2\/pages"}],"about":[{"href":"https:\/\/www.csa.be\/map\/wp-json\/wp\/v2\/types\/page"}],"author":[{"embeddable":true,"href":"https:\/\/www.csa.be\/map\/wp-json\/wp\/v2\/users\/2"}],"replies":[{"embeddable":true,"href":"https:\/\/www.csa.be\/map\/wp-json\/wp\/v2\/comments?post=1126"}],"version-history":[{"count":8,"href":"https:\/\/www.csa.be\/map\/wp-json\/wp\/v2\/pages\/1126\/revisions"}],"predecessor-version":[{"id":1477,"href":"https:\/\/www.csa.be\/map\/wp-json\/wp\/v2\/pages\/1126\/revisions\/1477"}],"up":[{"embeddable":true,"href":"https:\/\/www.csa.be\/map\/wp-json\/wp\/v2\/pages\/1100"}],"wp:attachment":[{"href":"https:\/\/www.csa.be\/map\/wp-json\/wp\/v2\/media?parent=1126"}],"curies":[{"name":"wp","href":"https:\/\/api.w.org\/{rel}","templated":true}]}}