{"id":1147,"date":"2022-11-09T11:29:15","date_gmt":"2022-11-09T10:29:15","guid":{"rendered":"https:\/\/www.csa.be\/map\/?page_id=1147"},"modified":"2022-11-16T20:03:03","modified_gmt":"2022-11-16T19:03:03","slug":"map-2022-attitudes","status":"publish","type":"page","link":"https:\/\/www.csa.be\/map\/map-2022-accueil\/map-2022-attitudes\/","title":{"rendered":"MAP 2022: Attitudes"},"content":{"rendered":"<p>[et_pb_section fb_built=\u00a0\u00bb1&Prime; admin_label=\u00a0\u00bbsection\u00a0\u00bb _builder_version=\u00a0\u00bb3.22&Prime;][et_pb_row admin_label=\u00a0\u00bbrow\u00a0\u00bb _builder_version=\u00a0\u00bb3.25&Prime; background_size=\u00a0\u00bbinitial\u00a0\u00bb background_position=\u00a0\u00bbtop_left\u00a0\u00bb background_repeat=\u00a0\u00bbrepeat\u00a0\u00bb][et_pb_column type=\u00a0\u00bb4_4&Prime; _builder_version=\u00a0\u00bb3.25&Prime; custom_padding=\u00a0\u00bb|||\u00a0\u00bb custom_padding__hover=\u00a0\u00bb|||\u00a0\u00bb][et_pb_text admin_label=\u00a0\u00bbText\u00a0\u00bb _builder_version=\u00a0\u00bb4.6.6&Prime; header_font=\u00a0\u00bb||||||||\u00a0\u00bb header_text_color=\u00a0\u00bb#ef7d00&Prime; header_font_size=\u00a0\u00bb39px\u00a0\u00bb background_size=\u00a0\u00bbinitial\u00a0\u00bb background_position=\u00a0\u00bbtop_left\u00a0\u00bb background_repeat=\u00a0\u00bbrepeat\u00a0\u00bb]<\/p>\n<h1>Attitudes<\/h1>\n<p>[\/et_pb_text][\/et_pb_column][\/et_pb_row][et_pb_row column_structure=\u00a0\u00bb1_3,2_3&Prime; _builder_version=\u00a0\u00bb4.6.6&Prime; _module_preset=\u00a0\u00bbdefault\u00a0\u00bb][et_pb_column type=\u00a0\u00bb1_3&Prime; _builder_version=\u00a0\u00bb4.6.6&Prime; _module_preset=\u00a0\u00bbdefault\u00a0\u00bb][et_pb_image src=\u00a0\u00bbhttps:\/\/www.csa.be\/map\/wp-content\/uploads\/sites\/6\/2022\/10\/attitudes.png\u00a0\u00bb title_text=\u00a0\u00bbattitudes\u00a0\u00bb align=\u00a0\u00bbcenter\u00a0\u00bb _builder_version=\u00a0\u00bb4.6.6&Prime; _module_preset=\u00a0\u00bbdefault\u00a0\u00bb width=\u00a0\u00bb69%\u00a0\u00bb][\/et_pb_image][\/et_pb_column][et_pb_column type=\u00a0\u00bb2_3&Prime; _builder_version=\u00a0\u00bb4.6.6&Prime; _module_preset=\u00a0\u00bbdefault\u00a0\u00bb][et_pb_text _builder_version=\u00a0\u00bb4.6.6&Prime; _module_preset=\u00a0\u00bbdefault\u00a0\u00bb]<\/p>\n<p style=\"text-align: justify;\">Le volet quantitatif de l\u2019enqu\u00eate relative aux modes de consommation de m\u00e9dias audiovisuels en F\u00e9d\u00e9ration Wallonie-Bruxelles s\u2019inscrit dans le cadre de la question de recherche. Actuellement, d\u2019importantes transformations tendent \u00e0 bousculer les mani\u00e8res de consommer les services de m\u00e9dias audiovisuels. Pour les besoins de l\u2019enqu\u00eate, les types de consommation de contenus audiovisuels peuvent \u00eatre cat\u00e9goris\u00e9s entre la t\u00e9l\u00e9vision, d\u2019une part, et les nouveaux modes de consommation, d\u2019autre part. On cherche donc \u00e0 comprendre <em>comment \u00e9volue l\u2019utilisation de la t\u00e9l\u00e9vision avec le d\u00e9veloppement des nouveaux modes de consommation des contenus audiovisuels<\/em>, ce qui constitue la question de recherche de l\u2019enqu\u00eate.<\/p>\n<p>[\/et_pb_text][\/et_pb_column][\/et_pb_row][et_pb_row admin_label=\u00a0\u00bbrow\u00a0\u00bb _builder_version=\u00a0\u00bb3.25&Prime; background_size=\u00a0\u00bbinitial\u00a0\u00bb background_position=\u00a0\u00bbtop_left\u00a0\u00bb background_repeat=\u00a0\u00bbrepeat\u00a0\u00bb custom_padding=\u00a0\u00bb16px|||||\u00a0\u00bb][et_pb_column type=\u00a0\u00bb4_4&Prime; _builder_version=\u00a0\u00bb3.25&Prime; custom_padding=\u00a0\u00bb|||\u00a0\u00bb custom_padding__hover=\u00a0\u00bb|||\u00a0\u00bb][et_pb_text admin_label=\u00a0\u00bbText\u00a0\u00bb _builder_version=\u00a0\u00bb4.6.6&Prime; header_font=\u00a0\u00bb||||||||\u00a0\u00bb header_text_color=\u00a0\u00bb#ef7d00&Prime; header_font_size=\u00a0\u00bb39px\u00a0\u00bb header_2_text_color=\u00a0\u00bb#ef7d00&Prime; header_3_text_color=\u00a0\u00bb#004650&Prime; background_size=\u00a0\u00bbinitial\u00a0\u00bb background_position=\u00a0\u00bbtop_left\u00a0\u00bb background_repeat=\u00a0\u00bbrepeat\u00a0\u00bb]<\/p>\n<h2>D\u00e9finitions<\/h2>\n<p><span style=\"color: #29235c;\"><strong><\/strong><\/span><\/p>\n<p style=\"text-align: justify;\">La <em>t\u00e9l\u00e9vision<\/em> y est entendue comme l\u2019ensemble des services de m\u00e9dias audiovisuels fournis par les \u00e9diteurs de services de m\u00e9dias pour le visionnage simultan\u00e9 de programmes sur la base d\u2019une grille de programmes.<\/p>\n<p style=\"text-align: justify;\">Les nouveaux modes de consommation sont entendus comme l\u2019ensemble des moyens qui permettent d\u2019utiliser des services proposant des contenus audiovisuels \u00e0 la demande. Ceux-ci permettent ainsi de consommer des contenus audiovisuels en s\u2019affranchissant des contraintes li\u00e9es \u00e0 la t\u00e9l\u00e9vision, c\u2019est-\u00e0-dire un horaire fixe et une grille de programme \u00e9tablie.<\/p>\n<p style=\"text-align: justify;\">La vid\u00e9o \u00e0 la demande comporte aussi bien la vid\u00e9o \u00e0 la demande gratuite que payante.<\/p>\n<p>&nbsp;<\/p>\n<h2>Dimensions<\/h2>\n<p><strong><span style=\"color: #29235c;\"><\/span><\/strong><\/p>\n<p style=\"text-align: justify;\">Afin de cerner les contours de l\u2019\u00e9volution des modes de consommation, <strong>trois dimensions<\/strong> distinctes ont \u00e9t\u00e9 identifi\u00e9es :<\/p>\n<ul>\n<li style=\"text-align: justify;\">l<strong>\u2019exposition \u00e0 la technologie<\/strong> des m\u00e9nages qui r\u00e9sident en Belgique francophone ;<\/li>\n<li style=\"text-align: justify;\">la <strong>consommation audiovisuelle <\/strong>des individus, envisag\u00e9e de mani\u00e8re unique, d\u2019une part, et simultan\u00e9e, d\u2019autre part\u00a0;<\/li>\n<li style=\"text-align: justify;\">la <strong>compl\u00e9mentarit\u00e9<\/strong> et la <strong>substituabilit\u00e9<\/strong> des diff\u00e9rents modes de consommation audiovisuels.<\/li>\n<\/ul>\n<h3 style=\"text-align: justify;\"><\/h3>\n<h3 style=\"padding-left: 30px;\"><span style=\"text-decoration: underline;\">Exposition \u00e0 la technologie<\/span><\/h3>\n<p style=\"text-align: justify;\">La premi\u00e8re dimension d\u2019int\u00e9r\u00eat, l\u2019exposition \u00e0 la technologie, renvoie aux \u00e9quipements dont disposent les m\u00e9nages, c\u2019est-\u00e0-dire aux diff\u00e9rents appareils leur permettant de consommer des contenus audiovisuels (t\u00e9l\u00e9viseur, vid\u00e9oprojecteur, ordinateur, t\u00e9l\u00e9phone portable, tablette, console de jeux, casque de r\u00e9alit\u00e9 virtuelle ou VR).<\/p>\n<h3 style=\"padding-left: 30px;\"><span style=\"text-decoration: underline;\">Consommation audiovisuelle<\/span><\/h3>\n<p style=\"text-align: justify;\">La deuxi\u00e8me dimension concerne la consommation audiovisuelle individuelle. Elle se d\u00e9cline selon trois modes de consommation : la t\u00e9l\u00e9vision, la vid\u00e9o \u00e0 la demande payante et la vid\u00e9o \u00e0 la demande gratuite. Pour chacun de ces modes, on distingue deux types de consommation : la consommation unique, qui renvoie \u00e0 l\u2019utilisation d\u2019un seul mode de consommation audiovisuel \u00e0 la fois, et la consommation simultan\u00e9e, c\u2019est-\u00e0-dire l\u2019utilisation d\u2019un mode de consommation audiovisuel simultan\u00e9ment \u00e0 une autre activit\u00e9 (m\u00e9dia ou pas).<\/p>\n<h3 style=\"text-align: justify;\"><\/h3>\n<h3 style=\"padding-left: 30px;\"><span style=\"text-decoration: underline;\">Compl\u00e9mentarit\u00e9 et substituabilit\u00e9<\/span><\/h3>\n<p style=\"text-align: justify;\">La troisi\u00e8me et derni\u00e8re dimension envisag\u00e9e dans cette \u00e9tude concerne la compl\u00e9mentarit\u00e9 et la substituabilit\u00e9 des diff\u00e9rents modes de consommation audiovisuels afin de d\u00e9terminer s\u2019il existe une consommation compl\u00e9mentaire des modes de consommation des contenus audiovisuels, ou si l\u2019on doit plut\u00f4t constater l\u2019abandon d\u2019un mode au profit d\u2019un autre.<\/p>\n<p style=\"text-align: justify;\">La compl\u00e9mentarit\u00e9 des modes de consommation renvoie \u00e0 une utilisation crois\u00e9e des diff\u00e9rents modes de consommation audiovisuelle par les individus : les r\u00e9pondant.e.s utilisent-ils.elles un seul mode de consommation (c\u2019est-\u00e0-dire uniquement la t\u00e9l\u00e9vision ou uniquement la vid\u00e9o \u00e0 la demande) ou, au contraire, une combinaison de plusieurs modes de consommation ?<\/p>\n<p style=\"text-align: justify;\">La substituabilit\u00e9 des modes de consommation, consid\u00e9r\u00e9e ici du c\u00f4t\u00e9 de la demande, se rapporte quant \u00e0 elle \u00e0 la mesure dans laquelle les consommateur.trice.s sont dispos\u00e9.e.s \u00e0 remplacer un certain service ou produit par d\u2019autres services ou produits.<\/p>\n<p>&nbsp;<\/p>\n<p>[\/et_pb_text][\/et_pb_column][\/et_pb_row][\/et_pb_section]<\/p>\n","protected":false},"excerpt":{"rendered":"<p>AttitudesLe volet quantitatif de l\u2019enqu\u00eate relative aux modes de consommation de m\u00e9dias audiovisuels en F\u00e9d\u00e9ration Wallonie-Bruxelles s\u2019inscrit dans le cadre de la question de recherche. Actuellement, d\u2019importantes transformations tendent \u00e0 bousculer les mani\u00e8res de consommer les services de m\u00e9dias audiovisuels. Pour les besoins de l\u2019enqu\u00eate, les types de consommation de contenus audiovisuels peuvent \u00eatre cat\u00e9goris\u00e9s [&hellip;]<\/p>\n","protected":false},"author":2,"featured_media":0,"parent":1100,"menu_order":0,"comment_status":"closed","ping_status":"closed","template":"","meta":{"_et_pb_use_builder":"on","_et_pb_old_content":"","_et_gb_content_width":"","footnotes":""},"class_list":["post-1147","page","type-page","status-publish","hentry"],"_links":{"self":[{"href":"https:\/\/www.csa.be\/map\/wp-json\/wp\/v2\/pages\/1147","targetHints":{"allow":["GET"]}}],"collection":[{"href":"https:\/\/www.csa.be\/map\/wp-json\/wp\/v2\/pages"}],"about":[{"href":"https:\/\/www.csa.be\/map\/wp-json\/wp\/v2\/types\/page"}],"author":[{"embeddable":true,"href":"https:\/\/www.csa.be\/map\/wp-json\/wp\/v2\/users\/2"}],"replies":[{"embeddable":true,"href":"https:\/\/www.csa.be\/map\/wp-json\/wp\/v2\/comments?post=1147"}],"version-history":[{"count":6,"href":"https:\/\/www.csa.be\/map\/wp-json\/wp\/v2\/pages\/1147\/revisions"}],"predecessor-version":[{"id":1475,"href":"https:\/\/www.csa.be\/map\/wp-json\/wp\/v2\/pages\/1147\/revisions\/1475"}],"up":[{"embeddable":true,"href":"https:\/\/www.csa.be\/map\/wp-json\/wp\/v2\/pages\/1100"}],"wp:attachment":[{"href":"https:\/\/www.csa.be\/map\/wp-json\/wp\/v2\/media?parent=1147"}],"curies":[{"name":"wp","href":"https:\/\/api.w.org\/{rel}","templated":true}]}}