{"id":432,"date":"2020-12-03T12:51:25","date_gmt":"2020-12-03T11:51:25","guid":{"rendered":"https:\/\/www.csa.be\/map\/?page_id=432"},"modified":"2020-12-16T15:57:07","modified_gmt":"2020-12-16T14:57:07","slug":"televiseur-et-telephone-portable-equipements-medias-les-plus-presents","status":"publish","type":"page","link":"https:\/\/www.csa.be\/map\/televiseur-et-telephone-portable-equipements-medias-les-plus-presents\/","title":{"rendered":"T\u00e9l\u00e9viseur et t\u00e9l\u00e9phone portable : \u00e9quipements m\u00e9dias les plus pr\u00e9sents"},"content":{"rendered":"<p>[et_pb_section fb_built=\u00a0\u00bb1&Prime; _builder_version=\u00a0\u00bb4.6.6&Prime; _module_preset=\u00a0\u00bbdefault\u00a0\u00bb width=\u00a0\u00bb100%\u00a0\u00bb max_width=\u00a0\u00bb100%\u00a0\u00bb custom_css_main_element=\u00a0\u00bbmin-height:100vh \u00ab\u00a0][et_pb_row column_structure=\u00a0\u00bb1_2,1_2&Prime; _builder_version=\u00a0\u00bb4.6.6&Prime; _module_preset=\u00a0\u00bbdefault\u00a0\u00bb width=\u00a0\u00bb90%\u00a0\u00bb max_width=\u00a0\u00bb100%\u00a0\u00bb][et_pb_column type=\u00a0\u00bb1_2&Prime; _builder_version=\u00a0\u00bb4.6.6&Prime; _module_preset=\u00a0\u00bbdefault\u00a0\u00bb][et_pb_text _builder_version=\u00a0\u00bb4.6.6&Prime; text_font=\u00a0\u00bbVarela Round||||||||\u00a0\u00bb text_text_color=\u00a0\u00bb#7c6eb0&Prime; header_font=\u00a0\u00bb||||||||\u00a0\u00bb header_2_font=\u00a0\u00bb|700|||||||\u00a0\u00bb header_2_text_color=\u00a0\u00bb#7272ff\u00a0\u00bb header_2_font_size=\u00a0\u00bb36px\u00a0\u00bb header_2_line_height=\u00a0\u00bb1.3em\u00a0\u00bb custom_margin=\u00a0\u00bb||20px|\u00a0\u00bb animation_style=\u00a0\u00bbslide\u00a0\u00bb animation_direction=\u00a0\u00bbbottom\u00a0\u00bb animation_intensity_slide=\u00a0\u00bb10%\u00a0\u00bb locked=\u00a0\u00bboff\u00a0\u00bb header_font_size__hover=\u00a0\u00bb30px\u00a0\u00bb header_font_size__hover_enabled=\u00a0\u00bb30px\u00a0\u00bb header_letter_spacing__hover=\u00a0\u00bb0px\u00a0\u00bb header_letter_spacing__hover_enabled=\u00a0\u00bb0px\u00a0\u00bb header_text_shadow_style__hover=\u00a0\u00bbnone\u00a0\u00bb header_text_shadow_style__hover_enabled=\u00a0\u00bbnone\u00a0\u00bb header_text_shadow_color__hover=\u00a0\u00bbrgba(0,0,0,0.4)\u00a0\u00bb header_text_shadow_color__hover_enabled=\u00a0\u00bbrgba(0,0,0,0.4)\u00a0\u00bb]<\/p>\n<h2 style=\"color:#7C6EB0 !important\">T\u00e9l\u00e9viseur et t\u00e9l\u00e9phone portable : \u00e9quipements m\u00e9dias les plus pr\u00e9sents<\/h2>\n<p>[\/et_pb_text][et_pb_divider color=\u00a0\u00bb#64C2C8&Prime; divider_weight=\u00a0\u00bb4px\u00a0\u00bb disabled_on=\u00a0\u00bbon|on|off\u00a0\u00bb _builder_version=\u00a0\u00bb4.6.6&Prime; background_size=\u00a0\u00bbinitial\u00a0\u00bb background_position=\u00a0\u00bbtop_left\u00a0\u00bb background_repeat=\u00a0\u00bbrepeat\u00a0\u00bb max_width=\u00a0\u00bb40px\u00a0\u00bb module_alignment=\u00a0\u00bbleft\u00a0\u00bb custom_margin=\u00a0\u00bb||10px|\u00a0\u00bb animation_style=\u00a0\u00bbzoom\u00a0\u00bb animation_direction=\u00a0\u00bbleft\u00a0\u00bb saved_tabs=\u00a0\u00bball\u00a0\u00bb locked=\u00a0\u00bboff\u00a0\u00bb][\/et_pb_divider][et_pb_text _builder_version=\u00a0\u00bb4.6.6&Prime; _module_preset=\u00a0\u00bbdefault\u00a0\u00bb text_font_size=\u00a0\u00bb18px\u00a0\u00bb]<\/p>\n<p style=\"text-align: justify;\">Le t\u00e9l\u00e9viseur et le t\u00e9l\u00e9phone portable sont les \u00e9quipements les plus pr\u00e9sents dans les m\u00e9nages belges situ\u00e9s en r\u00e9gion de langue fran\u00e7aise et en r\u00e9gion bilingue de Bruxelles-Capitale.<\/p>\n<p style=\"text-align: justify;\">\n<p style=\"text-align: justify;\">93,5% des r\u00e9pondant.e.s d\u00e9clarent disposer d\u2019au moins un t\u00e9l\u00e9viseur au sein du m\u00e9nage et 93,3% d\u2019entre eux, d\u2019au moins un t\u00e9l\u00e9phone portable individuel.<\/p>\n<p>[\/et_pb_text][\/et_pb_column][et_pb_column type=\u00a0\u00bb1_2&Prime; _builder_version=\u00a0\u00bb4.6.6&Prime; _module_preset=\u00a0\u00bbdefault\u00a0\u00bb background_color=\u00a0\u00bb#F1F1F1&Prime; custom_padding=\u00a0\u00bb25px|25px|25px|25px|false|false\u00a0\u00bb box_shadow_style=\u00a0\u00bbpreset3&Prime;][et_pb_text _builder_version=\u00a0\u00bb4.6.6&Prime; _module_preset=\u00a0\u00bbdefault\u00a0\u00bb text_font_size=\u00a0\u00bb18px\u00a0\u00bb]<\/p>\n<h3>Quels sont les \u00e9quipement m\u00e9dias fonctionnels et branch\u00e9s dont vous disposez \u201cchez-vous\u201d pour un usage priv\u00e9 (non professionnel) ?<\/h3>\n<h3><\/h3>\n<h4><strong>Taux de r\u00e9ponse : 100%<br \/> <\/strong><strong>Total : 2200<\/strong><\/h4>\n<p>[\/et_pb_text][et_pb_text _builder_version=\u00a0\u00bb4.6.6&Prime; _module_preset=\u00a0\u00bbdefault\u00a0\u00bb background_enable_color=\u00a0\u00bboff\u00a0\u00bb custom_margin=\u00a0\u00bb||||false|false\u00a0\u00bb custom_padding=\u00a0\u00bb||||false|false\u00a0\u00bb]<\/p>\n<div class=\"infogram-embed\" data-id=\"6791f4aa-0307-4892-9a6c-34ea4e21c996\" data-type=\"interactive\" data-title=\"MAP-1\"><\/div>\n<p><script>!function(e,i,n,s){var t=\"InfogramEmbeds\",d=e.getElementsByTagName(\"script\")[0];if(window[t]&&window[t].initialized)window[t].process&&window[t].process();else if(!e.getElementById(n)){var o=e.createElement(\"script\");o.async=1,o.id=n,o.src=\"https:\/\/e.infogram.com\/js\/dist\/embed-loader-min.js\",d.parentNode.insertBefore(o,d)}}(document,0,\"infogram-async\");<\/script>[\/et_pb_text][et_pb_text _builder_version=\u00a0\u00bb4.6.6&Prime; _module_preset=\u00a0\u00bbdefault\u00a0\u00bb]<\/p>\n<p style=\"text-align: center;\"><strong>Nature des \u00e9quipements m\u00e9dias chez soi<\/strong><\/p>\n<p>[\/et_pb_text][\/et_pb_column][\/et_pb_row][\/et_pb_section]<\/p>\n","protected":false},"excerpt":{"rendered":"<p>T\u00e9l\u00e9viseur et t\u00e9l\u00e9phone portable : \u00e9quipements m\u00e9dias les plus pr\u00e9sentsLe t\u00e9l\u00e9viseur et le t\u00e9l\u00e9phone portable sont les \u00e9quipements les plus pr\u00e9sents dans les m\u00e9nages belges situ\u00e9s en r\u00e9gion de langue fran\u00e7aise et en r\u00e9gion bilingue de Bruxelles-Capitale. 93,5% des r\u00e9pondant.e.s d\u00e9clarent disposer d\u2019au moins un t\u00e9l\u00e9viseur au sein du m\u00e9nage et 93,3% d\u2019entre eux, d\u2019au [&hellip;]<\/p>\n","protected":false},"author":2,"featured_media":0,"parent":0,"menu_order":0,"comment_status":"closed","ping_status":"closed","template":"","meta":{"_et_pb_use_builder":"on","_et_pb_old_content":"","_et_gb_content_width":"","footnotes":""},"class_list":["post-432","page","type-page","status-publish","hentry"],"_links":{"self":[{"href":"https:\/\/www.csa.be\/map\/wp-json\/wp\/v2\/pages\/432","targetHints":{"allow":["GET"]}}],"collection":[{"href":"https:\/\/www.csa.be\/map\/wp-json\/wp\/v2\/pages"}],"about":[{"href":"https:\/\/www.csa.be\/map\/wp-json\/wp\/v2\/types\/page"}],"author":[{"embeddable":true,"href":"https:\/\/www.csa.be\/map\/wp-json\/wp\/v2\/users\/2"}],"replies":[{"embeddable":true,"href":"https:\/\/www.csa.be\/map\/wp-json\/wp\/v2\/comments?post=432"}],"version-history":[{"count":20,"href":"https:\/\/www.csa.be\/map\/wp-json\/wp\/v2\/pages\/432\/revisions"}],"predecessor-version":[{"id":966,"href":"https:\/\/www.csa.be\/map\/wp-json\/wp\/v2\/pages\/432\/revisions\/966"}],"wp:attachment":[{"href":"https:\/\/www.csa.be\/map\/wp-json\/wp\/v2\/media?parent=432"}],"curies":[{"name":"wp","href":"https:\/\/api.w.org\/{rel}","templated":true}]}}