{"id":557,"date":"2020-12-13T15:14:03","date_gmt":"2020-12-13T14:14:03","guid":{"rendered":"https:\/\/www.csa.be\/map\/?page_id=557"},"modified":"2020-12-14T21:09:05","modified_gmt":"2020-12-14T20:09:05","slug":"on-choisit-la-television-ou-la-vod-avant-tout-en-fonction-de-linteret-que-lon-porte-a-leurs-contenus-respectifs","status":"publish","type":"page","link":"https:\/\/www.csa.be\/map\/on-choisit-la-television-ou-la-vod-avant-tout-en-fonction-de-linteret-que-lon-porte-a-leurs-contenus-respectifs\/","title":{"rendered":"On choisit la t\u00e9l\u00e9vision ou la VOD avant tout en fonction de l\u2019int\u00e9r\u00eat que l\u2019on porte \u00e0 leurs contenus respectifs"},"content":{"rendered":"<p>[et_pb_section fb_built=\u00a0\u00bb1&Prime; _builder_version=\u00a0\u00bb4.6.6&Prime; _module_preset=\u00a0\u00bbdefault\u00a0\u00bb width=\u00a0\u00bb100%\u00a0\u00bb max_width=\u00a0\u00bb100%\u00a0\u00bb custom_css_main_element=\u00a0\u00bbmin-height:100vh \u00ab\u00a0][et_pb_row column_structure=\u00a0\u00bb2_5,3_5&Prime; _builder_version=\u00a0\u00bb4.6.6&Prime; _module_preset=\u00a0\u00bbdefault\u00a0\u00bb width=\u00a0\u00bb90%\u00a0\u00bb max_width=\u00a0\u00bb100%\u00a0\u00bb][et_pb_column type=\u00a0\u00bb2_5&Prime; _builder_version=\u00a0\u00bb4.6.6&Prime; _module_preset=\u00a0\u00bbdefault\u00a0\u00bb][et_pb_text _builder_version=\u00a0\u00bb4.6.6&Prime; text_font=\u00a0\u00bbVarela Round||||||||\u00a0\u00bb text_text_color=\u00a0\u00bb#7c6eb0&Prime; header_font=\u00a0\u00bb||||||||\u00a0\u00bb header_2_font=\u00a0\u00bb|700|||||||\u00a0\u00bb header_2_text_color=\u00a0\u00bb#7272ff\u00a0\u00bb header_2_font_size=\u00a0\u00bb36px\u00a0\u00bb header_2_line_height=\u00a0\u00bb1.3em\u00a0\u00bb custom_margin=\u00a0\u00bb||20px|\u00a0\u00bb animation_style=\u00a0\u00bbslide\u00a0\u00bb animation_direction=\u00a0\u00bbbottom\u00a0\u00bb animation_intensity_slide=\u00a0\u00bb10%\u00a0\u00bb locked=\u00a0\u00bboff\u00a0\u00bb header_font_size__hover=\u00a0\u00bb30px\u00a0\u00bb header_font_size__hover_enabled=\u00a0\u00bb30px\u00a0\u00bb header_letter_spacing__hover=\u00a0\u00bb0px\u00a0\u00bb header_letter_spacing__hover_enabled=\u00a0\u00bb0px\u00a0\u00bb header_text_shadow_style__hover=\u00a0\u00bbnone\u00a0\u00bb header_text_shadow_style__hover_enabled=\u00a0\u00bbnone\u00a0\u00bb header_text_shadow_color__hover=\u00a0\u00bbrgba(0,0,0,0.4)\u00a0\u00bb header_text_shadow_color__hover_enabled=\u00a0\u00bbrgba(0,0,0,0.4)\u00a0\u00bb]<\/p>\n<h2 style=\"color:#7C6EB0 !important\">On choisit la t\u00e9l\u00e9vision ou la VOD avant tout en fonction de l\u2019int\u00e9r\u00eat que l\u2019on porte \u00e0 leurs contenus respectifs<\/h2>\n<p>[\/et_pb_text][et_pb_divider color=\u00a0\u00bb#64C2C8&Prime; divider_weight=\u00a0\u00bb4px\u00a0\u00bb disabled_on=\u00a0\u00bbon|on|off\u00a0\u00bb _builder_version=\u00a0\u00bb4.6.6&Prime; background_size=\u00a0\u00bbinitial\u00a0\u00bb background_position=\u00a0\u00bbtop_left\u00a0\u00bb background_repeat=\u00a0\u00bbrepeat\u00a0\u00bb max_width=\u00a0\u00bb40px\u00a0\u00bb module_alignment=\u00a0\u00bbleft\u00a0\u00bb custom_margin=\u00a0\u00bb||10px|\u00a0\u00bb animation_style=\u00a0\u00bbzoom\u00a0\u00bb animation_direction=\u00a0\u00bbleft\u00a0\u00bb saved_tabs=\u00a0\u00bball\u00a0\u00bb locked=\u00a0\u00bboff\u00a0\u00bb][\/et_pb_divider][et_pb_text _builder_version=\u00a0\u00bb4.6.6&Prime; _module_preset=\u00a0\u00bbdefault\u00a0\u00bb text_font_size=\u00a0\u00bb18px\u00a0\u00bb]<\/p>\n<p style=\"text-align: justify;\">La majorit\u00e9 des m\u00e9nages choisit de consommer soit la t\u00e9l\u00e9vision, soit la VOD en fonction de l\u2019int\u00e9r\u00eat port\u00e9 aux contenus offerts respectivement sur l\u2019un ou l\u2019autre mode. Si une personne n\u2019utilise pas, chez elle, un mode de consommation donn\u00e9, c\u2019est en premier lieu parce qu\u2019elle n\u2019y voit pas d\u2019int\u00e9r\u00eat. Les autres raisons invoqu\u00e9es par les r\u00e9pondant.e.s diff\u00e8rent suivant le mode de consommation consid\u00e9r\u00e9. S\u2019agissant de la t\u00e9l\u00e9vision, ces raisons ont trait surtout \u00e0 la flexibilit\u00e9 offerte par ce mode de consommation (quant au moment et au lieu de visionnage) ainsi qu\u2019au caract\u00e8re incommodant de la publicit\u00e9. S\u2019agissant de la VOD payante, les raisons ont trait surtout \u00e0 l\u2019offre suffisante par ailleurs et au prix.<\/p>\n<p style=\"text-align: justify;\">La principale raison invoqu\u00e9e pour ne pas utiliser un mode de consommation, quel qu\u2019il soit, chez soi, rel\u00e8ve d\u2019une absence d\u2019int\u00e9r\u00eat pour ses contenus. C\u2019est la raison premi\u00e8re invoqu\u00e9e par 46% de celles et ceux qui ne regardent pas la t\u00e9l\u00e9vision chez elles.eux\u00a0; par 35,1% de celles et ceux qui ne regardent pas la VOD payante chez elles.eux et par 42,5% de celles qui et ceux qui ne regardent pas la VOD gratuite chez elles.eux. L\u2019int\u00e9r\u00eat des r\u00e9pondant.e.s pour les contenus est donc plus fort pour la VOD payante (et moins fort pour la t\u00e9l\u00e9vision).<\/p>\n<p style=\"text-align: justify;\">Les raisons cit\u00e9es ensuite, pour ne pas regarder la t\u00e9l\u00e9vision chez soi, sont, dans la mesure o\u00f9 ce sont les programmateurs des diff\u00e9rentes cha\u00eenes de t\u00e9l\u00e9vision qui fixent les grilles de programmes, l\u2019impossibilit\u00e9 de pouvoir d\u00e9terminer soi-m\u00eame le moment auquel on va regarder son programme (37,2%) et de d\u00e9terminer soi-m\u00eame les contenus regard\u00e9s (35,7%). La derni\u00e8re raison cit\u00e9e est la publicit\u00e9 (qui incommode 28,6% des r\u00e9pondant.e.s). Le prix de l\u2019abonnement \u00e0 la t\u00e9l\u00e9distribution est cit\u00e9 par 9,8% des r\u00e9pondant.e.s.<\/p>\n<p style=\"text-align: justify;\">Ceux.celles qui se passent de vid\u00e9os \u00e0 la demande invoquent comme deuxi\u00e8me raison pour ce faire plut\u00f4t le fait qu\u2019ils.elles disposent d\u2019une offre suffisante par ailleurs (28,4% relativement \u00e0 la VOD payante et 23,2% pour la VOD gratuite). Enfin, le prix \u00e9lev\u00e9 est un motif pertinent pour environ 24% de ceux.celles qui se passent de VOD payante (24,8% pour le prix d\u2019un abonnement mensuel VOD et 24,2% pour le prix d\u2019un achat ou d\u2019une location \u00e0 l\u2019unit\u00e9).<\/p>\n<p>[\/et_pb_text][\/et_pb_column][et_pb_column type=\u00a0\u00bb3_5&Prime; _builder_version=\u00a0\u00bb4.6.6&Prime; _module_preset=\u00a0\u00bbdefault\u00a0\u00bb background_color=\u00a0\u00bb#F1F1F1&Prime; custom_padding=\u00a0\u00bb25px|25px|25px|25px|false|false\u00a0\u00bb box_shadow_style=\u00a0\u00bbpreset3&Prime;][et_pb_text _builder_version=\u00a0\u00bb4.6.6&Prime; _module_preset=\u00a0\u00bbdefault\u00a0\u00bb text_font_size=\u00a0\u00bb18px\u00a0\u00bb]<\/p>\n<h3>Pour quelle(s) raison(s) ne regardez-vous pas la t\u00e9l\u00e9vision chez-vous ?<\/h3>\n<h4><strong>Taux de r\u00e9ponse : 99,1%<br \/><\/strong><strong>Total : 622<\/strong><\/h4>\n<p>[\/et_pb_text][et_pb_text _builder_version=\u00a0\u00bb4.6.6&Prime; _module_preset=\u00a0\u00bbdefault\u00a0\u00bb background_enable_color=\u00a0\u00bboff\u00a0\u00bb]<\/p>\n<div class=\"infogram-embed\" data-id=\"c5a8b070-4ed2-4b76-9ddb-9e090c4d59d7\" data-type=\"interactive\" data-title=\"Copy: MAP-4\"><\/div>\n<p><script>!function(e,i,n,s){var t=\"InfogramEmbeds\",d=e.getElementsByTagName(\"script\")[0];if(window[t]&&window[t].initialized)window[t].process&&window[t].process();else if(!e.getElementById(n)){var o=e.createElement(\"script\");o.async=1,o.id=n,o.src=\"https:\/\/e.infogram.com\/js\/dist\/embed-loader-min.js\",d.parentNode.insertBefore(o,d)}}(document,0,\"infogram-async\");<\/script>[\/et_pb_text][et_pb_text _builder_version=\u00a0\u00bb4.6.6&Prime; _module_preset=\u00a0\u00bbdefault\u00a0\u00bb]<\/p>\n<p style=\"text-align: center;\"><strong>Raisons de ne pas regarder la t\u00e9l\u00e9vision chez soi<\/strong><\/p>\n<p>[\/et_pb_text][et_pb_divider color=\u00a0\u00bb#64C2C8&Prime; divider_position=\u00a0\u00bbcenter\u00a0\u00bb divider_weight=\u00a0\u00bb4px\u00a0\u00bb disabled_on=\u00a0\u00bbon|on|off\u00a0\u00bb _builder_version=\u00a0\u00bb4.6.6&Prime; background_size=\u00a0\u00bbinitial\u00a0\u00bb background_position=\u00a0\u00bbtop_left\u00a0\u00bb background_repeat=\u00a0\u00bbrepeat\u00a0\u00bb max_width=\u00a0\u00bb40px\u00a0\u00bb module_alignment=\u00a0\u00bbcenter\u00a0\u00bb custom_margin=\u00a0\u00bb||10px|\u00a0\u00bb animation_style=\u00a0\u00bbzoom\u00a0\u00bb animation_direction=\u00a0\u00bbleft\u00a0\u00bb saved_tabs=\u00a0\u00bball\u00a0\u00bb locked=\u00a0\u00bboff\u00a0\u00bb][\/et_pb_divider][et_pb_text _builder_version=\u00a0\u00bb4.6.6&Prime; _module_preset=\u00a0\u00bbdefault\u00a0\u00bb text_font_size=\u00a0\u00bb18px\u00a0\u00bb]<\/p>\n<h3>Pour quelle(s) raison(s) ne regardez-vous pas de vid\u00e9os \u00e0 la demande (VOD) payantes chez-vous ?<\/h3>\n<h4><strong>Taux de r\u00e9ponse : 99,5%<br \/><\/strong><strong>Total : 1618<\/strong><\/h4>\n<p>[\/et_pb_text][et_pb_text _builder_version=\u00a0\u00bb4.6.6&Prime; _module_preset=\u00a0\u00bbdefault\u00a0\u00bb background_enable_color=\u00a0\u00bboff\u00a0\u00bb]<\/p>\n<div class=\"infogram-embed\" data-id=\"cb06499c-714b-4c48-87d8-933b6e7a9718\" data-type=\"interactive\" data-title=\"MAP-5\"><\/div>\n<p><script>!function(e,i,n,s){var t=\"InfogramEmbeds\",d=e.getElementsByTagName(\"script\")[0];if(window[t]&&window[t].initialized)window[t].process&&window[t].process();else if(!e.getElementById(n)){var o=e.createElement(\"script\");o.async=1,o.id=n,o.src=\"https:\/\/e.infogram.com\/js\/dist\/embed-loader-min.js\",d.parentNode.insertBefore(o,d)}}(document,0,\"infogram-async\");<\/script>[\/et_pb_text][et_pb_text _builder_version=\u00a0\u00bb4.6.6&Prime; _module_preset=\u00a0\u00bbdefault\u00a0\u00bb]<\/p>\n<p style=\"text-align: center;\"><strong>Raisons de ne pas regarder la vid\u00e9o \u00e0 la demande payante chez soi<\/strong><\/p>\n<p>[\/et_pb_text][et_pb_divider color=\u00a0\u00bb#64C2C8&Prime; divider_position=\u00a0\u00bbcenter\u00a0\u00bb divider_weight=\u00a0\u00bb4px\u00a0\u00bb disabled_on=\u00a0\u00bbon|on|off\u00a0\u00bb _builder_version=\u00a0\u00bb4.6.6&Prime; background_size=\u00a0\u00bbinitial\u00a0\u00bb background_position=\u00a0\u00bbtop_left\u00a0\u00bb background_repeat=\u00a0\u00bbrepeat\u00a0\u00bb max_width=\u00a0\u00bb40px\u00a0\u00bb module_alignment=\u00a0\u00bbcenter\u00a0\u00bb custom_margin=\u00a0\u00bb||10px|\u00a0\u00bb animation_style=\u00a0\u00bbzoom\u00a0\u00bb animation_direction=\u00a0\u00bbleft\u00a0\u00bb saved_tabs=\u00a0\u00bball\u00a0\u00bb locked=\u00a0\u00bboff\u00a0\u00bb][\/et_pb_divider][et_pb_text _builder_version=\u00a0\u00bb4.6.6&Prime; _module_preset=\u00a0\u00bbdefault\u00a0\u00bb text_font_size=\u00a0\u00bb18px\u00a0\u00bb]<\/p>\n<h3>Pour quelle(s) raison(s) ne regardez-vous pas de vid\u00e9os \u00e0 la demande (VOD) gratuite chez vous ?<br \/>\n<\/h3>\n<h4><strong>Taux de r\u00e9ponse : 98,80%<br \/>\n<\/strong><strong>Total : 1210<\/strong><\/h4>\n<p>[\/et_pb_text][et_pb_text _builder_version=\u00a0\u00bb4.6.6&Prime; _module_preset=\u00a0\u00bbdefault\u00a0\u00bb background_enable_color=\u00a0\u00bboff\u00a0\u00bb hover_enabled=\u00a0\u00bb0&Prime; sticky_enabled=\u00a0\u00bb0&Prime;]<\/p>\n<div class=\"infogram-embed\" data-id=\"0949da40-4285-44a4-9511-a247f2128299\" data-type=\"interactive\" data-title=\"MAP-6\"><\/div>\n<p><script>!function(e,i,n,s){var t=\"InfogramEmbeds\",d=e.getElementsByTagName(\"script\")[0];if(window[t]&&window[t].initialized)window[t].process&&window[t].process();else if(!e.getElementById(n)){var o=e.createElement(\"script\");o.async=1,o.id=n,o.src=\"https:\/\/e.infogram.com\/js\/dist\/embed-loader-min.js\",d.parentNode.insertBefore(o,d)}}(document,0,\"infogram-async\");<\/script>[\/et_pb_text][et_pb_text _builder_version=\u00a0\u00bb4.6.6&Prime; _module_preset=\u00a0\u00bbdefault\u00a0\u00bb]<\/p>\n<p style=\"text-align: center;\"><strong>Raisons de ne pas regarder la vid\u00e9o \u00e0 la demande gratuite chez soi<br \/>\n<\/strong><\/p>\n<p>[\/et_pb_text][\/et_pb_column][\/et_pb_row][\/et_pb_section]<\/p>\n","protected":false},"excerpt":{"rendered":"<p>On choisit la t\u00e9l\u00e9vision ou la VOD avant tout en fonction de l\u2019int\u00e9r\u00eat que l\u2019on porte \u00e0 leurs contenus respectifsLa majorit\u00e9 des m\u00e9nages choisit de consommer soit la t\u00e9l\u00e9vision, soit la VOD en fonction de l\u2019int\u00e9r\u00eat port\u00e9 aux contenus offerts respectivement sur l\u2019un ou l\u2019autre mode. Si une personne n\u2019utilise pas, chez elle, un mode [&hellip;]<\/p>\n","protected":false},"author":2,"featured_media":0,"parent":0,"menu_order":0,"comment_status":"closed","ping_status":"closed","template":"","meta":{"_et_pb_use_builder":"on","_et_pb_old_content":"","_et_gb_content_width":"","footnotes":""},"class_list":["post-557","page","type-page","status-publish","hentry"],"_links":{"self":[{"href":"https:\/\/www.csa.be\/map\/wp-json\/wp\/v2\/pages\/557","targetHints":{"allow":["GET"]}}],"collection":[{"href":"https:\/\/www.csa.be\/map\/wp-json\/wp\/v2\/pages"}],"about":[{"href":"https:\/\/www.csa.be\/map\/wp-json\/wp\/v2\/types\/page"}],"author":[{"embeddable":true,"href":"https:\/\/www.csa.be\/map\/wp-json\/wp\/v2\/users\/2"}],"replies":[{"embeddable":true,"href":"https:\/\/www.csa.be\/map\/wp-json\/wp\/v2\/comments?post=557"}],"version-history":[{"count":12,"href":"https:\/\/www.csa.be\/map\/wp-json\/wp\/v2\/pages\/557\/revisions"}],"predecessor-version":[{"id":893,"href":"https:\/\/www.csa.be\/map\/wp-json\/wp\/v2\/pages\/557\/revisions\/893"}],"wp:attachment":[{"href":"https:\/\/www.csa.be\/map\/wp-json\/wp\/v2\/media?parent=557"}],"curies":[{"name":"wp","href":"https:\/\/api.w.org\/{rel}","templated":true}]}}