{"id":561,"date":"2020-12-13T15:20:30","date_gmt":"2020-12-13T14:20:30","guid":{"rendered":"https:\/\/www.csa.be\/map\/?page_id=561"},"modified":"2020-12-15T16:23:50","modified_gmt":"2020-12-15T15:23:50","slug":"les-services-les-plus-connus-sont-les-plus-utilises","status":"publish","type":"page","link":"https:\/\/www.csa.be\/map\/les-services-les-plus-connus-sont-les-plus-utilises\/","title":{"rendered":"Les services les plus connus sont les plus utilis\u00e9s"},"content":{"rendered":"<p>[et_pb_section fb_built=\u00a0\u00bb1&Prime; _builder_version=\u00a0\u00bb4.6.6&Prime; _module_preset=\u00a0\u00bbdefault\u00a0\u00bb width=\u00a0\u00bb100%\u00a0\u00bb max_width=\u00a0\u00bb100%\u00a0\u00bb custom_css_main_element=\u00a0\u00bbmin-height:100vh \u00ab\u00a0][et_pb_row column_structure=\u00a0\u00bb1_2,1_2&Prime; _builder_version=\u00a0\u00bb4.6.6&Prime; _module_preset=\u00a0\u00bbdefault\u00a0\u00bb width=\u00a0\u00bb90%\u00a0\u00bb max_width=\u00a0\u00bb100%\u00a0\u00bb][et_pb_column type=\u00a0\u00bb1_2&Prime; _builder_version=\u00a0\u00bb4.6.6&Prime; _module_preset=\u00a0\u00bbdefault\u00a0\u00bb][et_pb_text _builder_version=\u00a0\u00bb4.6.6&Prime; text_font=\u00a0\u00bbVarela Round||||||||\u00a0\u00bb text_text_color=\u00a0\u00bb#7c6eb0&Prime; header_font=\u00a0\u00bb||||||||\u00a0\u00bb header_2_font=\u00a0\u00bb|700|||||||\u00a0\u00bb header_2_text_color=\u00a0\u00bb#7272ff\u00a0\u00bb header_2_font_size=\u00a0\u00bb36px\u00a0\u00bb header_2_line_height=\u00a0\u00bb1.3em\u00a0\u00bb custom_margin=\u00a0\u00bb||20px|\u00a0\u00bb animation_style=\u00a0\u00bbslide\u00a0\u00bb animation_direction=\u00a0\u00bbbottom\u00a0\u00bb animation_intensity_slide=\u00a0\u00bb10%\u00a0\u00bb locked=\u00a0\u00bboff\u00a0\u00bb header_font_size__hover=\u00a0\u00bb30px\u00a0\u00bb header_font_size__hover_enabled=\u00a0\u00bb30px\u00a0\u00bb header_letter_spacing__hover=\u00a0\u00bb0px\u00a0\u00bb header_letter_spacing__hover_enabled=\u00a0\u00bb0px\u00a0\u00bb header_text_shadow_style__hover=\u00a0\u00bbnone\u00a0\u00bb header_text_shadow_style__hover_enabled=\u00a0\u00bbnone\u00a0\u00bb header_text_shadow_color__hover=\u00a0\u00bbrgba(0,0,0,0.4)\u00a0\u00bb header_text_shadow_color__hover_enabled=\u00a0\u00bbrgba(0,0,0,0.4)\u00a0\u00bb]<\/p>\n<h2 style=\"color:#7C6EB0 !important\">Les services les plus connus sont les plus utilis\u00e9s<\/h2>\n<p>[\/et_pb_text][et_pb_divider color=\u00a0\u00bb#64C2C8&Prime; divider_weight=\u00a0\u00bb4px\u00a0\u00bb disabled_on=\u00a0\u00bbon|on|off\u00a0\u00bb _builder_version=\u00a0\u00bb4.6.6&Prime; background_size=\u00a0\u00bbinitial\u00a0\u00bb background_position=\u00a0\u00bbtop_left\u00a0\u00bb background_repeat=\u00a0\u00bbrepeat\u00a0\u00bb max_width=\u00a0\u00bb40px\u00a0\u00bb module_alignment=\u00a0\u00bbleft\u00a0\u00bb custom_margin=\u00a0\u00bb||10px|\u00a0\u00bb animation_style=\u00a0\u00bbzoom\u00a0\u00bb animation_direction=\u00a0\u00bbleft\u00a0\u00bb saved_tabs=\u00a0\u00bball\u00a0\u00bb locked=\u00a0\u00bboff\u00a0\u00bb][\/et_pb_divider][et_pb_text _builder_version=\u00a0\u00bb4.6.6&Prime; _module_preset=\u00a0\u00bbdefault\u00a0\u00bb text_font_size=\u00a0\u00bb18px\u00a0\u00bb]<\/p>\n<p style=\"text-align: justify;\">Le trio de t\u00eate des services les mieux connus, c\u2019est-\u00e0-dire YouTube, Facebook et Netflix, correspond exactement \u00e0 celui des services les plus utilis\u00e9s pour regarder des vid\u00e9os \u00e0 la demande. A titre de comparaison\u00a0:<\/p>\n<p style=\"text-align: justify;\">\n<p style=\"text-align: justify;\">\n<ul>\n<li style=\"text-align: justify;\">YouTube est connu de 95,8% des consommateur.trice.s de VOD et utilis\u00e9 par 77,1% de ceux.celles qui ont d\u00e9clar\u00e9 conna\u00eetre ce service ;<\/li>\n<li style=\"text-align: justify;\">Facebook est connu de 93,8% des consommateur.trice.s de VOD et utilis\u00e9 par 70,6% de ceux.celles qui ont d\u00e9clar\u00e9 conna\u00eetre ce service ;<\/li>\n<li style=\"text-align: justify;\">Netflix est connu de 93% des consommateur.trice.s de VOD et utilis\u00e9 par 67,7% de ceux.celles qui ont d\u00e9clar\u00e9 conna\u00eetre ce service ;<\/li>\n<li style=\"text-align: justify;\">RTBF Auvio est connu de 71,1% consommateur.trice.s de VOD et utilis\u00e9 par 57% de ceux.celles qui ont d\u00e9clar\u00e9 conna\u00eetre ce service ;<\/li>\n<li style=\"text-align: justify;\">RTL Play est connu de 66,4% des consommateur.trice.s de VOD et utilis\u00e9 par 27,6% de ceux.celles qui ont d\u00e9clar\u00e9 conna\u00eetre ce service.<\/li>\n<\/ul>\n<p>[\/et_pb_text][\/et_pb_column][et_pb_column type=\u00a0\u00bb1_2&Prime; _builder_version=\u00a0\u00bb4.6.6&Prime; _module_preset=\u00a0\u00bbdefault\u00a0\u00bb background_color=\u00a0\u00bb#F1F1F1&Prime; custom_padding=\u00a0\u00bb25px|25px|25px|25px|false|false\u00a0\u00bb box_shadow_style=\u00a0\u00bbpreset3&Prime;][et_pb_text _builder_version=\u00a0\u00bb4.6.6&Prime; _module_preset=\u00a0\u00bbdefault\u00a0\u00bb text_font_size=\u00a0\u00bb18px\u00a0\u00bb]<\/p>\n<h3>Voici une liste de services, pour chacun d&rsquo;eux, pouvez-vous me dire si vous en avez d\u00e9j\u00e0 entendu parler ?<br \/>\n<\/h3>\n<p>[\/et_pb_text][et_pb_text _builder_version=\u00a0\u00bb4.6.6&Prime; _module_preset=\u00a0\u00bbdefault\u00a0\u00bb background_enable_color=\u00a0\u00bboff\u00a0\u00bb]<\/p>\n<div class=\"infogram-embed\" data-id=\"0e05675c-216f-4f61-a0ba-3bddc8196553\" data-type=\"interactive\" data-title=\"MAP-boxe-4\"><\/div>\n<p><script>!function(e,i,n,s){var t=\"InfogramEmbeds\",d=e.getElementsByTagName(\"script\")[0];if(window[t]&&window[t].initialized)window[t].process&&window[t].process();else if(!e.getElementById(n)){var o=e.createElement(\"script\");o.async=1,o.id=n,o.src=\"https:\/\/e.infogram.com\/js\/dist\/embed-loader-min.js\",d.parentNode.insertBefore(o,d)}}(document,0,\"infogram-async\");<\/script>[\/et_pb_text][et_pb_divider color=\u00a0\u00bb#64C2C8&Prime; divider_weight=\u00a0\u00bb4px\u00a0\u00bb disabled_on=\u00a0\u00bbon|on|off\u00a0\u00bb _builder_version=\u00a0\u00bb4.6.6&Prime; background_size=\u00a0\u00bbinitial\u00a0\u00bb background_position=\u00a0\u00bbtop_left\u00a0\u00bb background_repeat=\u00a0\u00bbrepeat\u00a0\u00bb max_width=\u00a0\u00bb40px\u00a0\u00bb module_alignment=\u00a0\u00bbleft\u00a0\u00bb custom_margin=\u00a0\u00bb||10px|\u00a0\u00bb animation_style=\u00a0\u00bbzoom\u00a0\u00bb animation_direction=\u00a0\u00bbleft\u00a0\u00bb saved_tabs=\u00a0\u00bball\u00a0\u00bb locked=\u00a0\u00bboff\u00a0\u00bb][\/et_pb_divider][et_pb_text _builder_version=\u00a0\u00bb4.6.6&Prime; _module_preset=\u00a0\u00bbdefault\u00a0\u00bb text_font_size=\u00a0\u00bb18px\u00a0\u00bb hover_enabled=\u00a0\u00bb0&Prime; sticky_enabled=\u00a0\u00bb0&Prime;]<\/p>\n<h3>Voici une liste de services, pour chacun d&rsquo;eux, pouvez-vous me dire si vous-\u00eates abonn\u00e9.e ou si vous l&rsquo;utilisez pour regarder des vid\u00e9os \u00e0 la demande ?<\/h3>\n<p>[\/et_pb_text][et_pb_text _builder_version=\u00a0\u00bb4.6.6&Prime; _module_preset=\u00a0\u00bbdefault\u00a0\u00bb background_enable_color=\u00a0\u00bboff\u00a0\u00bb]<\/p>\n<div class=\"infogram-embed\" data-id=\"8827f76e-478f-47e2-8034-db5b90a6d45c\" data-type=\"interactive\" data-title=\"MAP-boxe-4-2\"><\/div>\n<p><script>!function(e,i,n,s){var t=\"InfogramEmbeds\",d=e.getElementsByTagName(\"script\")[0];if(window[t]&&window[t].initialized)window[t].process&&window[t].process();else if(!e.getElementById(n)){var o=e.createElement(\"script\");o.async=1,o.id=n,o.src=\"https:\/\/e.infogram.com\/js\/dist\/embed-loader-min.js\",d.parentNode.insertBefore(o,d)}}(document,0,\"infogram-async\");<\/script>[\/et_pb_text][\/et_pb_column][\/et_pb_row][\/et_pb_section]<\/p>\n","protected":false},"excerpt":{"rendered":"<p>Les services les plus connus sont les plus utilis\u00e9sLe trio de t\u00eate des services les mieux connus, c\u2019est-\u00e0-dire YouTube, Facebook et Netflix, correspond exactement \u00e0 celui des services les plus utilis\u00e9s pour regarder des vid\u00e9os \u00e0 la demande. A titre de comparaison\u00a0: YouTube est connu de 95,8% des consommateur.trice.s de VOD et utilis\u00e9 par 77,1% [&hellip;]<\/p>\n","protected":false},"author":2,"featured_media":0,"parent":0,"menu_order":0,"comment_status":"closed","ping_status":"closed","template":"","meta":{"_et_pb_use_builder":"on","_et_pb_old_content":"","_et_gb_content_width":"","footnotes":""},"class_list":["post-561","page","type-page","status-publish","hentry"],"_links":{"self":[{"href":"https:\/\/www.csa.be\/map\/wp-json\/wp\/v2\/pages\/561","targetHints":{"allow":["GET"]}}],"collection":[{"href":"https:\/\/www.csa.be\/map\/wp-json\/wp\/v2\/pages"}],"about":[{"href":"https:\/\/www.csa.be\/map\/wp-json\/wp\/v2\/types\/page"}],"author":[{"embeddable":true,"href":"https:\/\/www.csa.be\/map\/wp-json\/wp\/v2\/users\/2"}],"replies":[{"embeddable":true,"href":"https:\/\/www.csa.be\/map\/wp-json\/wp\/v2\/comments?post=561"}],"version-history":[{"count":7,"href":"https:\/\/www.csa.be\/map\/wp-json\/wp\/v2\/pages\/561\/revisions"}],"predecessor-version":[{"id":947,"href":"https:\/\/www.csa.be\/map\/wp-json\/wp\/v2\/pages\/561\/revisions\/947"}],"wp:attachment":[{"href":"https:\/\/www.csa.be\/map\/wp-json\/wp\/v2\/media?parent=561"}],"curies":[{"name":"wp","href":"https:\/\/api.w.org\/{rel}","templated":true}]}}