{"id":568,"date":"2020-12-13T15:23:31","date_gmt":"2020-12-13T14:23:31","guid":{"rendered":"https:\/\/www.csa.be\/map\/?page_id=568"},"modified":"2020-12-15T10:07:37","modified_gmt":"2020-12-15T09:07:37","slug":"consommation-multimedia-simultanee-ou-non","status":"publish","type":"page","link":"https:\/\/www.csa.be\/map\/consommation-multimedia-simultanee-ou-non\/","title":{"rendered":"Consommation (multi)m\u00e9dia simultan\u00e9e ou non"},"content":{"rendered":"<p>[et_pb_section fb_built=\u00a0\u00bb1&Prime; _builder_version=\u00a0\u00bb4.6.6&Prime; _module_preset=\u00a0\u00bbdefault\u00a0\u00bb width=\u00a0\u00bb100%\u00a0\u00bb max_width=\u00a0\u00bb100%\u00a0\u00bb custom_css_main_element=\u00a0\u00bbmin-height:100vh \u00ab\u00a0][et_pb_row column_structure=\u00a0\u00bb1_2,1_2&Prime; _builder_version=\u00a0\u00bb4.6.6&Prime; _module_preset=\u00a0\u00bbdefault\u00a0\u00bb width=\u00a0\u00bb90%\u00a0\u00bb max_width=\u00a0\u00bb100%\u00a0\u00bb][et_pb_column type=\u00a0\u00bb1_2&Prime; _builder_version=\u00a0\u00bb4.6.6&Prime; _module_preset=\u00a0\u00bbdefault\u00a0\u00bb][et_pb_text _builder_version=\u00a0\u00bb4.6.6&Prime; text_font=\u00a0\u00bbVarela Round||||||||\u00a0\u00bb text_text_color=\u00a0\u00bb#7c6eb0&Prime; header_font=\u00a0\u00bb||||||||\u00a0\u00bb header_2_font=\u00a0\u00bb|700|||||||\u00a0\u00bb header_2_text_color=\u00a0\u00bb#7272ff\u00a0\u00bb header_2_font_size=\u00a0\u00bb36px\u00a0\u00bb header_2_line_height=\u00a0\u00bb1.3em\u00a0\u00bb custom_margin=\u00a0\u00bb||20px|\u00a0\u00bb animation_style=\u00a0\u00bbslide\u00a0\u00bb animation_direction=\u00a0\u00bbbottom\u00a0\u00bb animation_intensity_slide=\u00a0\u00bb10%\u00a0\u00bb locked=\u00a0\u00bboff\u00a0\u00bb header_font_size__hover=\u00a0\u00bb30px\u00a0\u00bb header_font_size__hover_enabled=\u00a0\u00bb30px\u00a0\u00bb header_letter_spacing__hover=\u00a0\u00bb0px\u00a0\u00bb header_letter_spacing__hover_enabled=\u00a0\u00bb0px\u00a0\u00bb header_text_shadow_style__hover=\u00a0\u00bbnone\u00a0\u00bb header_text_shadow_style__hover_enabled=\u00a0\u00bbnone\u00a0\u00bb header_text_shadow_color__hover=\u00a0\u00bbrgba(0,0,0,0.4)\u00a0\u00bb header_text_shadow_color__hover_enabled=\u00a0\u00bbrgba(0,0,0,0.4)\u00a0\u00bb]<\/p>\n<h2 style=\"color:#7C6EB0 !important\">Consommation (multi)m\u00e9dia simultan\u00e9e ou non\u00a0: la r\u00e9alisation d\u2019activit\u00e9s (multi)m\u00e9dias en simultan\u00e9 est plus fr\u00e9quente pendant le visionnage de la t\u00e9l\u00e9vision que de la VOD<\/h2>\n<p>[\/et_pb_text][et_pb_divider color=\u00a0\u00bb#64C2C8&Prime; divider_weight=\u00a0\u00bb4px\u00a0\u00bb disabled_on=\u00a0\u00bbon|on|off\u00a0\u00bb _builder_version=\u00a0\u00bb4.6.6&Prime; background_size=\u00a0\u00bbinitial\u00a0\u00bb background_position=\u00a0\u00bbtop_left\u00a0\u00bb background_repeat=\u00a0\u00bbrepeat\u00a0\u00bb max_width=\u00a0\u00bb40px\u00a0\u00bb module_alignment=\u00a0\u00bbleft\u00a0\u00bb custom_margin=\u00a0\u00bb||10px|\u00a0\u00bb animation_style=\u00a0\u00bbzoom\u00a0\u00bb animation_direction=\u00a0\u00bbleft\u00a0\u00bb saved_tabs=\u00a0\u00bball\u00a0\u00bb locked=\u00a0\u00bboff\u00a0\u00bb][\/et_pb_divider][et_pb_text _builder_version=\u00a0\u00bb4.6.6&Prime; _module_preset=\u00a0\u00bbdefault\u00a0\u00bb text_font_size=\u00a0\u00bb18px\u00a0\u00bb]<\/p>\n<p style=\"text-align: justify;\">52,4% des r\u00e9pondant.e.s ne pratiquent pas d\u2019activit\u00e9 (multi)m\u00e9dia simultan\u00e9ment \u00e0 leur consommation de t\u00e9l\u00e9vision, de VOD payante ou gratuite chez eux (ou d\u00e9clarent ne consommer des contenus audiovisuels qu\u2019en d\u00e9placement ou ailleurs, suite \u00e0 quoi la question de la simultan\u00e9it\u00e9 ne leur a pas \u00e9t\u00e9 pos\u00e9e). A l\u2019inverse, 47,6% pratiquent une activit\u00e9 (multi)m\u00e9dia simultan\u00e9ment \u00e0 leur consommation de t\u00e9l\u00e9vision, de VOD payante ou gratuite chez eux.elles. Les r\u00e9pondant.e.s qui ne pratiquent pas d\u2019activit\u00e9 (multi)m\u00e9dia simultan\u00e9ment \u00e0 leur consommation de t\u00e9l\u00e9vision, de VOD payante ou gratuite peuvent pratiquer une autre activit\u00e9 qu\u2019une activit\u00e9 m\u00e9dia en parall\u00e8le de cette consommation.<\/p>\n<p style=\"text-align: justify;\">La r\u00e9alisation d\u2019activit\u00e9s (multi)m\u00e9dias en simultan\u00e9 est plus fr\u00e9quente pendant le visionnage de la t\u00e9l\u00e9vision (34,7%), que de la VOD gratuite (22,3%) et a fortiori de la VOD payante (13,1%). Cette distribution de fr\u00e9quences pourrait s\u2019expliquer notamment par le fait que consommer de la vid\u00e9o \u00e0 la demande implique une d\u00e9marche plus \u00ab\u00a0active\u00a0\u00bb de choix d\u2019un programme au sein d\u2019un catalogue et une \u00e9coute plus \u00ab\u00a0attentive\u00a0\u00bb face \u00e0 un contenu que l\u2019on a cherch\u00e9, s\u00e9lectionn\u00e9 et, le cas \u00e9ch\u00e9ant, pay\u00e9. Un indicateur de ce niveau d\u2019attention et d\u2019activit\u00e9 accru est que la proportion d\u2019activit\u00e9s (multi)m\u00e9dias r\u00e9alis\u00e9es simultan\u00e9ment \u00e0 la consommation de VOD (gratuite mais surtout payante) est moindre qu\u2019en t\u00e9l\u00e9vision.<\/p>\n<p>[\/et_pb_text][\/et_pb_column][et_pb_column type=\u00a0\u00bb1_2&Prime; _builder_version=\u00a0\u00bb4.6.6&Prime; _module_preset=\u00a0\u00bbdefault\u00a0\u00bb background_color=\u00a0\u00bb#F1F1F1&Prime; custom_padding=\u00a0\u00bb25px|25px|25px|25px|false|false\u00a0\u00bb box_shadow_style=\u00a0\u00bbpreset3&Prime;][et_pb_text _builder_version=\u00a0\u00bb4.6.6&Prime; _module_preset=\u00a0\u00bbdefault\u00a0\u00bb text_font_size=\u00a0\u00bb18px\u00a0\u00bb]<\/p>\n<h3>Non exposition simultan\u00e9e vs. type d&rsquo;exposition(s)<\/h3>\n<h4><strong>Taux de r\u00e9ponse : 91,30%<br \/><\/strong><strong>Total : 2009<\/strong><\/h4>\n<p>[\/et_pb_text][et_pb_text _builder_version=\u00a0\u00bb4.6.6&Prime; _module_preset=\u00a0\u00bbdefault\u00a0\u00bb background_enable_color=\u00a0\u00bboff\u00a0\u00bb]<\/p>\n<div class=\"infogram-embed\" data-id=\"056d37b4-ff11-4b1e-b211-4c6e0dabd00e\" data-type=\"interactive\" data-title=\"MAP-6\"><\/div>\n<p><script>!function(e,i,n,s){var t=\"InfogramEmbeds\",d=e.getElementsByTagName(\"script\")[0];if(window[t]&&window[t].initialized)window[t].process&&window[t].process();else if(!e.getElementById(n)){var o=e.createElement(\"script\");o.async=1,o.id=n,o.src=\"https:\/\/e.infogram.com\/js\/dist\/embed-loader-min.js\",d.parentNode.insertBefore(o,d)}}(document,0,\"infogram-async\");<\/script>[\/et_pb_text][et_pb_text _builder_version=\u00a0\u00bb4.6.6&Prime; _module_preset=\u00a0\u00bbdefault\u00a0\u00bb]<\/p>\n<p style=\"text-align: center;\"><strong>Consommation (multi)m\u00e9dia simultan\u00e9e ou non<\/strong><\/p>\n<p>[\/et_pb_text][\/et_pb_column][\/et_pb_row][\/et_pb_section]<\/p>\n","protected":false},"excerpt":{"rendered":"<p>Consommation (multi)m\u00e9dia simultan\u00e9e ou non\u00a0: la r\u00e9alisation d\u2019activit\u00e9s (multi)m\u00e9dias en simultan\u00e9 est plus fr\u00e9quente pendant le visionnage de la t\u00e9l\u00e9vision que de la VOD52,4% des r\u00e9pondant.e.s ne pratiquent pas d\u2019activit\u00e9 (multi)m\u00e9dia simultan\u00e9ment \u00e0 leur consommation de t\u00e9l\u00e9vision, de VOD payante ou gratuite chez eux (ou d\u00e9clarent ne consommer des contenus audiovisuels qu\u2019en d\u00e9placement ou ailleurs, [&hellip;]<\/p>\n","protected":false},"author":2,"featured_media":0,"parent":0,"menu_order":0,"comment_status":"closed","ping_status":"closed","template":"","meta":{"_et_pb_use_builder":"on","_et_pb_old_content":"","_et_gb_content_width":"","footnotes":""},"class_list":["post-568","page","type-page","status-publish","hentry"],"_links":{"self":[{"href":"https:\/\/www.csa.be\/map\/wp-json\/wp\/v2\/pages\/568","targetHints":{"allow":["GET"]}}],"collection":[{"href":"https:\/\/www.csa.be\/map\/wp-json\/wp\/v2\/pages"}],"about":[{"href":"https:\/\/www.csa.be\/map\/wp-json\/wp\/v2\/types\/page"}],"author":[{"embeddable":true,"href":"https:\/\/www.csa.be\/map\/wp-json\/wp\/v2\/users\/2"}],"replies":[{"embeddable":true,"href":"https:\/\/www.csa.be\/map\/wp-json\/wp\/v2\/comments?post=568"}],"version-history":[{"count":8,"href":"https:\/\/www.csa.be\/map\/wp-json\/wp\/v2\/pages\/568\/revisions"}],"predecessor-version":[{"id":940,"href":"https:\/\/www.csa.be\/map\/wp-json\/wp\/v2\/pages\/568\/revisions\/940"}],"wp:attachment":[{"href":"https:\/\/www.csa.be\/map\/wp-json\/wp\/v2\/media?parent=568"}],"curies":[{"name":"wp","href":"https:\/\/api.w.org\/{rel}","templated":true}]}}