{"id":1049,"date":"2022-08-10T15:08:45","date_gmt":"2022-08-10T13:08:45","guid":{"rendered":"https:\/\/www.csa.be\/plandefrequences\/?page_id=1049"},"modified":"2022-12-07T15:36:21","modified_gmt":"2022-12-07T14:36:21","slug":"fm2023-aide","status":"publish","type":"page","link":"https:\/\/www.csa.be\/plandefrequences\/fm2023-aide\/","title":{"rendered":"FM2023 Aide"},"content":{"rendered":"<p>[et_pb_section fb_built=\u00a0\u00bb1&Prime; _builder_version=\u00a0\u00bb3.22&Prime;][et_pb_row _builder_version=\u00a0\u00bb3.25&Prime; background_size=\u00a0\u00bbinitial\u00a0\u00bb background_position=\u00a0\u00bbtop_left\u00a0\u00bb background_repeat=\u00a0\u00bbrepeat\u00a0\u00bb][et_pb_column type=\u00a0\u00bb4_4&Prime; _builder_version=\u00a0\u00bb3.25&Prime; custom_padding=\u00a0\u00bb|||\u00a0\u00bb custom_padding__hover=\u00a0\u00bb|||\u00a0\u00bb][et_pb_text _builder_version=\u00a0\u00bb4.5.6&Prime;]<\/p>\n<p>&nbsp;<\/p>\n<div class=\"et_pb_text et_pb_module et_pb_bg_layout_light et_pb_text_align_left et_pb_text_0\">\n<div class=\"et_pb_text_inner\">\n<h3>Aide<\/h3>\n<h4><\/h4>\n<h4>Questions concernant cet appel d&rsquo;offres<\/h4>\n<p>Afin d\u2019assurer l\u2019\u00e9galit\u00e9 de traitement des candidats ainsi que la transparence de la proc\u00e9dure, aucune information ne sera donn\u00e9e par t\u00e9l\u00e9phone. Vous pouvez prendre contact avec les gestionnaires de l\u2019appel d\u2019offre \u00e0 l\u2019adresse <a href=\"mailto:info@csa.be\">radio@csa.be.<\/a> Les questions qui sont pos\u00e9es par ce biais et que ne trouvent pas de r\u00e9ponse sur ce site seront ajout\u00e9es au fur et \u00e0 mesure sur cette page avec une r\u00e9ponse disponible pour tous les candidats potentiels.<\/p>\n<h4>Document d&rsquo;aide<\/h4>\n<p>Vous trouverez sur la page \u00ab\u00a0D\u00e9posez votre candidature\u00a0\u00bb le formulaire de candidature et un guide d&rsquo;aide au remplissage qui, pour chaque question du formulaire, donne des explications vous permettant de compl\u00e9ter celui-ci.<\/p>\n<p>Sur la page \u00ab\u00a0Documents\u00a0\u00bb vous trouverez tous les documents li\u00e9s \u00e0 cette proc\u00e9dure d&rsquo;appel d&rsquo;offres ( Arr\u00eat\u00e9s, Recommandations du Coll\u00e8ge d&rsquo;autorisation et de contr\u00f4le, D\u00e9cret coordonn\u00e9 sur les services de m\u00e9dias audiovisuels.<\/p>\n<h4>Restez inform\u00e9s sur cet appel d&rsquo;offres<\/h4>\n<p>Vous pouvez vous abonner \u00e0 une newsletter enti\u00e8rement d\u00e9di\u00e9 \u00e0 l&rsquo;appel d&rsquo;offres actuellement en cours. Les mises \u00e0 jour de ce site et autres informations seront communiqu\u00e9s de cette mani\u00e8re.<\/p>\n<p><a href=\"https:\/\/csa.us8.list-manage.com\/subscribe?u=ef81de5eb6213343aba36e36f&amp;id=20d670eb04\" target=\"_blank\" rel=\"noopener noreferrer\">Je m&rsquo;abonne \u00e0 la newsletter de cet appel d&rsquo;offres<span style=\"color: #ff0000;\"><\/span><\/a><\/p>\n<h4>S\u00e9ances d&rsquo;information<\/h4>\n<p>Aucune s\u00e9ance d&rsquo;information n&rsquo;est programm\u00e9e pour cet appel d&rsquo;offres.<\/p>\n<\/div>\n<\/div>\n<p style=\"text-align: center;\"><span style=\"font-size: x-large;\"><strong>Questions du public<\/strong><\/span><\/p>\n<p>&nbsp;<\/p>\n<p><strong>Questions et r\u00e9ponses ajout\u00e9es le 07\/12\/2022<br \/> <\/strong><\/p>\n<p><span style=\"text-decoration: underline;\">Question<\/span> : Je voulais savoir quels sont les formats de radio prioritaires pour cette fr\u00e9quence, o\u00f9 trouver cette information ?<\/p>\n<p><span style=\"text-decoration: underline;\">R\u00e9ponse<\/span> : \u00a0Dans le cadre de la proc\u00e9dure d\u2019appel d\u2019offre, le Coll\u00e8ge d\u2019autorisation adoptera dans le courant du mois de d\u00e9cembre 2022 une recommandation relative \u00e0 la diversit\u00e9 du paysage radiophonique et \u00e0 l\u2019\u00e9quilibre des formats, qui d\u00e9terminera le ou les formats prioritaire(s) pour l\u2019attribution de la fr\u00e9quence.<\/p>\n<p>&nbsp;<\/p>\n<p><span style=\"text-decoration: underline;\">Question<\/span> : Pourquoi n\u2019ai-je pas \u00e9t\u00e9 inform\u00e9 personnellement du lancement de cet appel d\u2019offre ?<\/p>\n<p><span style=\"text-decoration: underline;\">R\u00e9ponse<\/span> : Dans le cadre d\u2019une proc\u00e9dure d\u2019appel d\u2019offre, le CSA ne peut communiquer directement avec aucun des candidats afin d\u2019\u00e9viter tout d\u00e9s\u00e9quilibre en termes de circulation de l\u2019information. Toute communication relative \u00e0 l\u2019appel d\u2019offre se fait par voie publique. Vous \u00eates invit\u00e9s \u00e0 vous abonner \u00e0 la<a href=\"https:\/\/csa.us8.list-manage.com\/subscribe?u=ef81de5eb6213343aba36e36f&amp;id=20d670eb04\"> newsletter \u00ab appel d\u2019offre \u00bb<\/a> pour recevoir toutes les informations li\u00e9es \u00e0 l&rsquo;actuel appel d&rsquo;offre qui seront publi\u00e9es sur ce site \u00e0 ce sujet. Pour rester inform\u00e9s de tout lancement d&rsquo;appel d&rsquo;offre, vous \u00eates invit\u00e9s \u00e0 vous abonner \u00e0 la <a href=\"https:\/\/csa.us8.list-manage.com\/subscribe?u=ef81de5eb6213343aba36e36f&amp;id=262a7f9b03\">newsletter mensuelle du CSA<\/a> sur le<a href=\"https:\/\/www.csa.be\"> site principal du CSA<\/a>.<\/p>\n<p>&nbsp;<\/p>\n<p style=\"text-align: center;\">\n<p>[\/et_pb_text][\/et_pb_column][\/et_pb_row][\/et_pb_section]<\/p>\n","protected":false},"excerpt":{"rendered":"<p>&nbsp; Aide Questions concernant cet appel d&rsquo;offres Afin d\u2019assurer l\u2019\u00e9galit\u00e9 de traitement des candidats ainsi que la transparence de la proc\u00e9dure, aucune information ne sera donn\u00e9e par t\u00e9l\u00e9phone. Vous pouvez prendre contact avec les gestionnaires de l\u2019appel d\u2019offre \u00e0 l\u2019adresse radio@csa.be. Les questions qui sont pos\u00e9es par ce biais et que ne trouvent pas de [&hellip;]<\/p>\n","protected":false},"author":2,"featured_media":0,"parent":0,"menu_order":0,"comment_status":"closed","ping_status":"closed","template":"","meta":{"_et_pb_use_builder":"on","_et_pb_old_content":"","_et_gb_content_width":"","footnotes":""},"class_list":["post-1049","page","type-page","status-publish","hentry"],"_links":{"self":[{"href":"https:\/\/www.csa.be\/plandefrequences\/wp-json\/wp\/v2\/pages\/1049","targetHints":{"allow":["GET"]}}],"collection":[{"href":"https:\/\/www.csa.be\/plandefrequences\/wp-json\/wp\/v2\/pages"}],"about":[{"href":"https:\/\/www.csa.be\/plandefrequences\/wp-json\/wp\/v2\/types\/page"}],"author":[{"embeddable":true,"href":"https:\/\/www.csa.be\/plandefrequences\/wp-json\/wp\/v2\/users\/2"}],"replies":[{"embeddable":true,"href":"https:\/\/www.csa.be\/plandefrequences\/wp-json\/wp\/v2\/comments?post=1049"}],"version-history":[{"count":13,"href":"https:\/\/www.csa.be\/plandefrequences\/wp-json\/wp\/v2\/pages\/1049\/revisions"}],"predecessor-version":[{"id":1125,"href":"https:\/\/www.csa.be\/plandefrequences\/wp-json\/wp\/v2\/pages\/1049\/revisions\/1125"}],"wp:attachment":[{"href":"https:\/\/www.csa.be\/plandefrequences\/wp-json\/wp\/v2\/media?parent=1049"}],"curies":[{"name":"wp","href":"https:\/\/api.w.org\/{rel}","templated":true}]}}