{"id":1069,"date":"2022-09-12T12:09:33","date_gmt":"2022-09-12T10:09:33","guid":{"rendered":"https:\/\/www.csa.be\/plandefrequences\/?page_id=1069"},"modified":"2023-07-24T15:49:16","modified_gmt":"2023-07-24T13:49:16","slug":"pourquoi-des-appels-doffres","status":"publish","type":"page","link":"https:\/\/www.csa.be\/plandefrequences\/pourquoi-des-appels-doffres\/","title":{"rendered":"Pourquoi des appels d&rsquo;offres?"},"content":{"rendered":"<p>[et_pb_section fb_built=\u00a0\u00bb1&Prime; _builder_version=\u00a0\u00bb4.16&Prime; global_colors_info=\u00a0\u00bb{}\u00a0\u00bb][et_pb_row _builder_version=\u00a0\u00bb4.16&Prime; background_size=\u00a0\u00bbinitial\u00a0\u00bb background_position=\u00a0\u00bbtop_left\u00a0\u00bb background_repeat=\u00a0\u00bbrepeat\u00a0\u00bb global_colors_info=\u00a0\u00bb{}\u00a0\u00bb][et_pb_column type=\u00a0\u00bb4_4&Prime; _builder_version=\u00a0\u00bb4.16&Prime; custom_padding=\u00a0\u00bb|||\u00a0\u00bb global_colors_info=\u00a0\u00bb{}\u00a0\u00bb custom_padding__hover=\u00a0\u00bb|||\u00a0\u00bb][et_pb_text _builder_version=\u00a0\u00bb4.21.0&Prime; global_colors_info=\u00a0\u00bb{}\u00a0\u00bb]<\/p>\n<p>&nbsp;<\/p>\n<div class=\"et_pb_text et_pb_module et_pb_bg_layout_light et_pb_text_align_left et_pb_text_0\">\n<div class=\"et_pb_text_inner\">\n<h3>Pourquoi des appels d&rsquo;offres pour diffuser une radio?<\/h3>\n<p>Le CSA est comp\u00e9tent pour autoriser tout service de radiodiffusion sonore dans le cadre du cadastre des fr\u00e9quences d\u00e9fini par le Gouvernement. Ce pouvoir d&rsquo;autorisation s&rsquo;inscrit dans le respect de crit\u00e8res fix\u00e9s par le d\u00e9cret, aux articles 3.1.3-1 \u00e0 3.1.3-7 du <a href=\"https:\/\/www.csa.be\/document\/decret-relatif-aux-services-de-medias-audiovisuels-et-aux-services-de-partage-de-videos\/\">D\u00e9cret relatif aux services de m\u00e9dias audiovisuels et aux services de partage de vid\u00e9os<\/a>.<\/p>\n<p>Plus particuli\u00e8rement, pour les radios souhaitant disposer de fr\u00e9quences hertziennes analogiques et\/ou num\u00e9riques, le l\u00e9gislateur a d\u00e9termin\u00e9 \u00e0 l&rsquo;article 3.1.3-4 du D\u00e9cret les cinq crit\u00e8res sur base desquels le CSA appr\u00e9cie les demandes :<\/p>\n<ol>\n<li>La mani\u00e8re dont les demandeurs s&rsquo;engagent \u00e0 r\u00e9pondre aux obligations vis\u00e9es au cahier des charges en ce qui concerne les programmes, les aspects techniques et la contribution au financement du Fonds d&rsquo;aide \u00e0 la cr\u00e9ation radiophonique.<\/li>\n<li>La pertinence des plans financiers.<\/li>\n<li>L&rsquo;originalit\u00e9 et le caract\u00e8re novateur de chaque demande.<\/li>\n<li>L&rsquo;importance de la production d\u00e9centralis\u00e9e en Communaut\u00e9 fran\u00e7aise.<\/li>\n<li>L&rsquo;exp\u00e9rience acquise dans le domaine de la radiophonie par les demandeurs.<\/li>\n<\/ol>\n<p>La d\u00e9livrance de ces autorisations ne peut toutefois se faire que sur la base des listes de fr\u00e9quences arr\u00eat\u00e9es par le Gouvernement de la F\u00e9d\u00e9ration Wallonie-Bruxelles. En d&rsquo;autres termes, c&rsquo;est le Gouvernement qui d\u00e9termine le cadastre des fr\u00e9quences utilisables et le CSA qui d\u00e9termine qui les utilise.<\/p>\n<p><strong>Dans le cadre d\u2019appels d\u2019offres uniquement <\/strong><\/p>\n<p>Le CSA ne peut autoriser un nouvel \u00e9diteur radio sur la bande FM et ou en DAB+ qu\u2019en suivant une proc\u00e9dure stricte dans le cadre d\u2019un appel d\u2019offres tel que pr\u00e9vu dans le d\u00e9cret relatif aux services de m\u00e9dias audiovisuels et aux services de partage de vid\u00e9os.<\/p>\n<p>Seul le Gouvernement de la F\u00e9d\u00e9ration Wallonie-Bruxelles d\u00e9cide du lancement d\u2019appels d\u2019offres. En pratique, les appels d\u2019offres sont peu fr\u00e9quents, il faut compter en mois voire en ann\u00e9es. Le dernier appel d\u2019offres global a eu lieu en 2019 et les autorisations ont \u00e9t\u00e9 octroy\u00e9es jusqu\u2019en 2028.<\/p>\n<p>La meilleure mani\u00e8re d\u2019\u00eatre tenu au courant de l\u2019ouverture d\u2019appels d\u2019offres est de <a href=\"https:\/\/csa.us8.list-manage.com\/subscribe?u=ef81de5eb6213343aba36e36f&amp;id=262a7f9b03\">s\u2019abonner \u00e0 la newsletter mensuelle du CSA<\/a>.<\/p>\n<p>Remplir un dossier de candidature dans le cadre d\u2019un appel d\u2019offres n\u00e9cessite un travail important. Ce mini-site est con\u00e7u pour vous permettre de consulter les appels d\u2019offres pass\u00e9s et en cours et mieux comprendre ce qui est demand\u00e9.<\/p>\n<\/div>\n<\/div>\n<p>[\/et_pb_text][\/et_pb_column][\/et_pb_row][\/et_pb_section]<\/p>\n","protected":false},"excerpt":{"rendered":"<p>&nbsp; Pourquoi des appels d&rsquo;offres pour diffuser une radio? Le CSA est comp\u00e9tent pour autoriser tout service de radiodiffusion sonore dans le cadre du cadastre des fr\u00e9quences d\u00e9fini par le Gouvernement. Ce pouvoir d&rsquo;autorisation s&rsquo;inscrit dans le respect de crit\u00e8res fix\u00e9s par le d\u00e9cret, aux articles 3.1.3-1 \u00e0 3.1.3-7 du D\u00e9cret relatif aux services de [&hellip;]<\/p>\n","protected":false},"author":2,"featured_media":0,"parent":0,"menu_order":0,"comment_status":"closed","ping_status":"closed","template":"","meta":{"_et_pb_use_builder":"on","_et_pb_old_content":"","_et_gb_content_width":"","footnotes":""},"class_list":["post-1069","page","type-page","status-publish","hentry"],"_links":{"self":[{"href":"https:\/\/www.csa.be\/plandefrequences\/wp-json\/wp\/v2\/pages\/1069","targetHints":{"allow":["GET"]}}],"collection":[{"href":"https:\/\/www.csa.be\/plandefrequences\/wp-json\/wp\/v2\/pages"}],"about":[{"href":"https:\/\/www.csa.be\/plandefrequences\/wp-json\/wp\/v2\/types\/page"}],"author":[{"embeddable":true,"href":"https:\/\/www.csa.be\/plandefrequences\/wp-json\/wp\/v2\/users\/2"}],"replies":[{"embeddable":true,"href":"https:\/\/www.csa.be\/plandefrequences\/wp-json\/wp\/v2\/comments?post=1069"}],"version-history":[{"count":10,"href":"https:\/\/www.csa.be\/plandefrequences\/wp-json\/wp\/v2\/pages\/1069\/revisions"}],"predecessor-version":[{"id":1158,"href":"https:\/\/www.csa.be\/plandefrequences\/wp-json\/wp\/v2\/pages\/1069\/revisions\/1158"}],"wp:attachment":[{"href":"https:\/\/www.csa.be\/plandefrequences\/wp-json\/wp\/v2\/media?parent=1069"}],"curies":[{"name":"wp","href":"https:\/\/api.w.org\/{rel}","templated":true}]}}