{"id":1209,"date":"2024-01-05T11:02:54","date_gmt":"2024-01-05T10:02:54","guid":{"rendered":"https:\/\/www.csa.be\/plandefrequences\/?page_id=1209"},"modified":"2024-02-02T14:28:39","modified_gmt":"2024-02-02T13:28:39","slug":"dab2024-deposez-votre-candidature","status":"publish","type":"page","link":"https:\/\/www.csa.be\/plandefrequences\/dab2024-deposez-votre-candidature\/","title":{"rendered":"DAB2024 &#8211; D\u00e9posez votre candidature"},"content":{"rendered":"<p>[et_pb_section fb_built=\u00a0\u00bb1&Prime; admin_label=\u00a0\u00bbsection\u00a0\u00bb _builder_version=\u00a0\u00bb4.16&Prime; global_colors_info=\u00a0\u00bb{}\u00a0\u00bb][et_pb_row admin_label=\u00a0\u00bbrow\u00a0\u00bb _builder_version=\u00a0\u00bb4.16&Prime; background_size=\u00a0\u00bbinitial\u00a0\u00bb background_position=\u00a0\u00bbtop_left\u00a0\u00bb background_repeat=\u00a0\u00bbrepeat\u00a0\u00bb global_colors_info=\u00a0\u00bb{}\u00a0\u00bb][et_pb_column type=\u00a0\u00bb4_4&Prime; _builder_version=\u00a0\u00bb4.16&Prime; custom_padding=\u00a0\u00bb|||\u00a0\u00bb global_colors_info=\u00a0\u00bb{}\u00a0\u00bb custom_padding__hover=\u00a0\u00bb|||\u00a0\u00bb][et_pb_text admin_label=\u00a0\u00bbText\u00a0\u00bb _builder_version=\u00a0\u00bb4.21.0&Prime; background_size=\u00a0\u00bbinitial\u00a0\u00bb background_position=\u00a0\u00bbtop_left\u00a0\u00bb background_repeat=\u00a0\u00bbrepeat\u00a0\u00bb global_colors_info=\u00a0\u00bb{}\u00a0\u00bb]<\/p>\n<h1 style=\"text-align: center;\"><strong>D\u00e9posez votre Candidature<\/strong><\/h1>\n<h2><strong>Proc\u00e9dure et formulaire:<\/strong><\/h2>\n<p>L\u2019assignation d\u2019un droit d\u2019usage d\u2019un r\u00e9seau de radiofr\u00e9quences num\u00e9riques en Communaut\u00e9 fran\u00e7aise fait l\u2019objet d\u2019un appel d\u2019offre : cette proc\u00e9dure implique certaines exigences afin d\u2019assurer tant son assise juridique que le respect du principe de l\u2019\u00e9galit\u00e9 de traitement entre tous les demandeurs. Les dossiers feront l\u2019objet d\u2019un traitement standardis\u00e9 par le CSA dans des d\u00e9lais restreints, impos\u00e9s par d\u00e9cret. Il est donc dans l\u2019int\u00e9r\u00eat des demandeurs, afin que leurs dossiers soient trait\u00e9s dans les meilleures conditions, de respecter les formes requises dans la constitution de ceux-ci. C\u2019est pourquoi, en compl\u00e9ment des consignes r\u00e9pertori\u00e9es en t\u00eate du formulaire, nous vous rappelons les points suivants :<\/p>\n<ul>\n<ul>\n<li>La r\u00e9ponse \u00e0 l\u2019appel d\u2019offre est introduite, par envoi postal et recommand\u00e9 avec accus\u00e9 de r\u00e9ception, aupr\u00e8s du Pr\u00e9sident du Conseil sup\u00e9rieur de l\u2019Audiovisuel (CSA). Les documents doivent \u00eatre gliss\u00e9s dans une enveloppe scell\u00e9e portant les mentions suivantes : \u00ab NE PAS OUVRIR SVP, R\u00e9ponse \u00e0 l\u2019appel d\u2019offre pour le r\u00e9seau C11\u00bb, suivi des nom et adresse du si\u00e8ge social du demandeur. Cette enveloppe doit \u00eatre gliss\u00e9e dans une autre enveloppe d\u00fbment affranchie \u00e0 l\u2019adresse suivante\u00a0:\u00a0<u>CSA, 89 rue Royale, 1000 Bruxelles<\/u>. Elle doit \u00eatre d\u00e9pos\u00e9e \u00e0 la poste<strong>\u00a0au plus tard le 15 mars 2024<\/strong>, le cachet de la poste faisant foi. Si la r\u00e9ponse est envoy\u00e9e sous plusieurs plis, chaque pli doit \u00eatre envoy\u00e9 par courrier postal recommand\u00e9 avec accus\u00e9 de r\u00e9ception;<\/li>\n<li>La r\u00e9ponse \u00e0 l\u2019appel d\u2019offre doit \u00eatre r\u00e9dig\u00e9e sur le formulaire type<strong> t\u00e9l\u00e9chargeable ci-dessous<\/strong>. Chaque demande d\u2019autorisation et ses annexes seront adress\u00e9es en un exemplaire papier et une version \u00e9lectronique dans un format exploitable (pas de scans d\u2019image) sur cl\u00e9 USB sous pli ferm\u00e9 mentionnant lisiblement le nom et l\u2019adresse du si\u00e8ge social du demandeur;<\/li>\n<li>Chaque demande d\u2019autorisation sera sign\u00e9e, au nom du demandeur, par la ou les personnes l\u00e9galement habilit\u00e9es \u00e0 engager le demandeur ;<\/li>\n<li><span class=\"ILfuVd\" lang=\"fr\"><span class=\"hgKElc\"><span><span jscontroller=\"BicQqd\" jsname=\"XtloMb\">\u00c0<\/span><\/span><\/span><\/span> d\u00e9faut de respecter les conditions de formes d\u2019introduction de la demande et de fournir un dossier complet dans le d\u00e9lai imparti, la demande est irrecevable ;<\/li>\n<li>Dans le mois de la date de cl\u00f4ture de l\u2019appel d\u2019offre, le Pr\u00e9sident du CSA notifie au demandeur la prise en compte de sa demande et en informe le Ministre ayant l\u2019audiovisuel dans ses attributions ainsi que le Secr\u00e9taire g\u00e9n\u00e9ral du Minist\u00e8re de la Communaut\u00e9 fran\u00e7aise. Dans le cadre de cette notification, le Pr\u00e9sident du CSA informe le demandeur de la recevabilit\u00e9 ou de l\u2019irrecevabilit\u00e9 de sa demande;<\/li>\n<li>Le Coll\u00e8ge d\u2019autorisation et de contr\u00f4le analyse ensuite les offres re\u00e7ues qui ont \u00e9t\u00e9 d\u00e9clar\u00e9es recevables;<\/li>\n<li>Les d\u00e9cisions du Coll\u00e8ge d\u2019autorisation et de contr\u00f4le sont prises dans un d\u00e9lai maximum de 4 mois \u00e0 partir de la date limite d\u2019envoi des dossiers de candidature.<\/li>\n<\/ul>\n<\/ul>\n<p>[\/et_pb_text][\/et_pb_column][\/et_pb_row][et_pb_row _builder_version=\u00a0\u00bb4.21.0&Prime; _module_preset=\u00a0\u00bbdefault\u00a0\u00bb global_colors_info=\u00a0\u00bb{}\u00a0\u00bb][et_pb_column type=\u00a0\u00bb4_4&Prime; _builder_version=\u00a0\u00bb4.21.0&Prime; _module_preset=\u00a0\u00bbdefault\u00a0\u00bb global_colors_info=\u00a0\u00bb{}\u00a0\u00bb][et_pb_cta title=\u00a0\u00bbGuide d&rsquo;aide au remplissage de votre candidature\u00a0\u00bb button_url=\u00a0\u00bbhttps:\/\/www.csa.be\/wp-content\/uploads\/2024\/01\/DAB2024-Guide-remplissage.docx\u00a0\u00bb button_text=\u00a0\u00bbJe t\u00e9l\u00e9charge\u00a0\u00bb _builder_version=\u00a0\u00bb4.21.0&Prime; _module_preset=\u00a0\u00bbdefault\u00a0\u00bb background_color=\u00a0\u00bb#ad3a65&Prime; custom_button=\u00a0\u00bbon\u00a0\u00bb button_icon=\u00a0\u00bb&#xe092;||divi||400&Prime; button_on_hover=\u00a0\u00bboff\u00a0\u00bb link_option_url=\u00a0\u00bbhttps:\/\/www.csa.be\/wp-content\/uploads\/2024\/01\/DAB2024-Guide-remplissage.docx\u00a0\u00bb global_colors_info=\u00a0\u00bb{}\u00a0\u00bb][\/et_pb_cta][et_pb_cta title=\u00a0\u00bbFormulaire de candidature (vierge) pour radios en r\u00e9seau\u00a0\u00bb button_url=\u00a0\u00bbhttps:\/\/www.csa.be\/wp-content\/uploads\/2024\/01\/DAB2024-Annexe-3-Formulaire-de-candidature-C11.docx\u00a0\u00bb button_text=\u00a0\u00bbJe t\u00e9l\u00e9charge\u00a0\u00bb _builder_version=\u00a0\u00bb4.21.0&Prime; _module_preset=\u00a0\u00bbdefault\u00a0\u00bb background_color=\u00a0\u00bb#46afab\u00a0\u00bb custom_button=\u00a0\u00bbon\u00a0\u00bb button_icon=\u00a0\u00bb&#xe092;||divi||400&Prime; button_icon_color=\u00a0\u00bb#FFFFFF\u00a0\u00bb button_on_hover=\u00a0\u00bboff\u00a0\u00bb button_alignment=\u00a0\u00bbcenter\u00a0\u00bb link_option_url=\u00a0\u00bbhttps:\/\/www.csa.be\/wp-content\/uploads\/2024\/01\/DAB2024-Annexe-3-Formulaire-de-candidature-C11.docx\u00a0\u00bb global_colors_info=\u00a0\u00bb{}\u00a0\u00bb][\/et_pb_cta][et_pb_cta title=\u00a0\u00bbExplications compl\u00e9mentaires \u00e0 la r\u00e9daction d&rsquo;une candidature via le formulaire\u00a0\u00bb button_url=\u00a0\u00bbhttps:\/\/www.csa.be\/plandefrequences\/dab2024-mode-demploi\/\u00a0\u00bb button_text=\u00a0\u00bbJe consulte\u00a0\u00bb _builder_version=\u00a0\u00bb4.21.0&Prime; _module_preset=\u00a0\u00bbdefault\u00a0\u00bb background_color=\u00a0\u00bb#f5be2f\u00a0\u00bb custom_button=\u00a0\u00bbon\u00a0\u00bb button_icon=\u00a0\u00bb&#xf5da;||fa||900&Prime; button_on_hover=\u00a0\u00bboff\u00a0\u00bb link_option_url=\u00a0\u00bbhttps:\/\/www.csa.be\/plandefrequences\/dab2024-mode-demploi\/\u00a0\u00bb global_colors_info=\u00a0\u00bb{}\u00a0\u00bb][\/et_pb_cta][\/et_pb_column][\/et_pb_row][et_pb_row _builder_version=\u00a0\u00bb4.16&Prime; background_size=\u00a0\u00bbinitial\u00a0\u00bb background_position=\u00a0\u00bbtop_left\u00a0\u00bb background_repeat=\u00a0\u00bbrepeat\u00a0\u00bb global_colors_info=\u00a0\u00bb{}\u00a0\u00bb][et_pb_column type=\u00a0\u00bb4_4&Prime; _builder_version=\u00a0\u00bb4.16&Prime; custom_padding=\u00a0\u00bb|||\u00a0\u00bb global_colors_info=\u00a0\u00bb{}\u00a0\u00bb custom_padding__hover=\u00a0\u00bb|||\u00a0\u00bb][et_pb_cta title=\u00a0\u00bbVade-mecum relatif au traitement des offres en r\u00e9ponse \u00e0 l\u2019arr\u00eat\u00e9 du 14 d\u00e9cembre 2023 fixant le pr\u00e9sent appel d&rsquo;offre\u00a0\u00bb button_url=\u00a0\u00bbhttps:\/\/www.csa.be\/wp-content\/uploads\/2024\/02\/20240125_UR_vademecum_complet_DAB2024_FINAL.pdf\u00a0\u00bb url_new_window=\u00a0\u00bbon\u00a0\u00bb button_text=\u00a0\u00bbJe t\u00e9l\u00e9charge\u00a0\u00bb _builder_version=\u00a0\u00bb4.21.0&Prime; header_text_color=\u00a0\u00bb#000000&Prime; body_text_color=\u00a0\u00bb#000000&Prime; background_color=\u00a0\u00bb#D6D6D6&Prime; custom_button=\u00a0\u00bbon\u00a0\u00bb button_text_color=\u00a0\u00bb#6B6B6B\u00a0\u00bb button_icon=\u00a0\u00bb&#xe092;||divi||400&Prime; button_on_hover=\u00a0\u00bboff\u00a0\u00bb hover_enabled=\u00a0\u00bb0&Prime; global_colors_info=\u00a0\u00bb{}\u00a0\u00bb button_text_size__hover_enabled=\u00a0\u00bboff\u00a0\u00bb button_one_text_size__hover_enabled=\u00a0\u00bboff\u00a0\u00bb button_two_text_size__hover_enabled=\u00a0\u00bboff\u00a0\u00bb button_text_color__hover_enabled=\u00a0\u00bboff\u00a0\u00bb button_one_text_color__hover_enabled=\u00a0\u00bboff\u00a0\u00bb button_two_text_color__hover_enabled=\u00a0\u00bboff\u00a0\u00bb button_border_width__hover_enabled=\u00a0\u00bboff\u00a0\u00bb button_one_border_width__hover_enabled=\u00a0\u00bboff\u00a0\u00bb button_two_border_width__hover_enabled=\u00a0\u00bboff\u00a0\u00bb button_border_color__hover_enabled=\u00a0\u00bboff\u00a0\u00bb button_one_border_color__hover_enabled=\u00a0\u00bboff\u00a0\u00bb button_two_border_color__hover_enabled=\u00a0\u00bboff\u00a0\u00bb button_border_radius__hover_enabled=\u00a0\u00bboff\u00a0\u00bb button_one_border_radius__hover_enabled=\u00a0\u00bboff\u00a0\u00bb button_two_border_radius__hover_enabled=\u00a0\u00bboff\u00a0\u00bb button_letter_spacing__hover_enabled=\u00a0\u00bboff\u00a0\u00bb button_one_letter_spacing__hover_enabled=\u00a0\u00bboff\u00a0\u00bb button_two_letter_spacing__hover_enabled=\u00a0\u00bboff\u00a0\u00bb button_bg_color__hover_enabled=\u00a0\u00bboff\u00a0\u00bb button_one_bg_color__hover_enabled=\u00a0\u00bboff\u00a0\u00bb button_two_bg_color__hover_enabled=\u00a0\u00bboff\u00a0\u00bb sticky_enabled=\u00a0\u00bb0&Prime;][\/et_pb_cta][et_pb_cta title=\u00a0\u00bbNewsletter: pour rester inform\u00e9 sur la proc\u00e9dure en cours \u00a0\u00bb button_url=\u00a0\u00bbhttp:\/\/eepurl.com\/iHq2bk\u00a0\u00bb button_text=\u00a0\u00bbJe m&rsquo;inscris\u00a0\u00bb _builder_version=\u00a0\u00bb4.21.0&Prime; _module_preset=\u00a0\u00bbdefault\u00a0\u00bb background_color=\u00a0\u00bb#52284e\u00a0\u00bb custom_button=\u00a0\u00bbon\u00a0\u00bb button_icon=\u00a0\u00bb&#xe010;||divi||400&Prime; button_on_hover=\u00a0\u00bboff\u00a0\u00bb link_option_url=\u00a0\u00bbhttp:\/\/eepurl.com\/iHq2bk\u00a0\u00bb global_colors_info=\u00a0\u00bb{}\u00a0\u00bb][\/et_pb_cta][\/et_pb_column][\/et_pb_row][\/et_pb_section]<\/p>\n","protected":false},"excerpt":{"rendered":"<p>D\u00e9posez votre Candidature Proc\u00e9dure et formulaire: L\u2019assignation d\u2019un droit d\u2019usage d\u2019un r\u00e9seau de radiofr\u00e9quences num\u00e9riques en Communaut\u00e9 fran\u00e7aise fait l\u2019objet d\u2019un appel d\u2019offre : cette proc\u00e9dure implique certaines exigences afin d\u2019assurer tant son assise juridique que le respect du principe de l\u2019\u00e9galit\u00e9 de traitement entre tous les demandeurs. Les dossiers feront l\u2019objet d\u2019un traitement standardis\u00e9 [&hellip;]<\/p>\n","protected":false},"author":2,"featured_media":0,"parent":0,"menu_order":0,"comment_status":"closed","ping_status":"closed","template":"","meta":{"_et_pb_use_builder":"on","_et_pb_old_content":"","_et_gb_content_width":"","footnotes":""},"class_list":["post-1209","page","type-page","status-publish","hentry"],"_links":{"self":[{"href":"https:\/\/www.csa.be\/plandefrequences\/wp-json\/wp\/v2\/pages\/1209","targetHints":{"allow":["GET"]}}],"collection":[{"href":"https:\/\/www.csa.be\/plandefrequences\/wp-json\/wp\/v2\/pages"}],"about":[{"href":"https:\/\/www.csa.be\/plandefrequences\/wp-json\/wp\/v2\/types\/page"}],"author":[{"embeddable":true,"href":"https:\/\/www.csa.be\/plandefrequences\/wp-json\/wp\/v2\/users\/2"}],"replies":[{"embeddable":true,"href":"https:\/\/www.csa.be\/plandefrequences\/wp-json\/wp\/v2\/comments?post=1209"}],"version-history":[{"count":9,"href":"https:\/\/www.csa.be\/plandefrequences\/wp-json\/wp\/v2\/pages\/1209\/revisions"}],"predecessor-version":[{"id":1248,"href":"https:\/\/www.csa.be\/plandefrequences\/wp-json\/wp\/v2\/pages\/1209\/revisions\/1248"}],"wp:attachment":[{"href":"https:\/\/www.csa.be\/plandefrequences\/wp-json\/wp\/v2\/media?parent=1209"}],"curies":[{"name":"wp","href":"https:\/\/api.w.org\/{rel}","templated":true}]}}