{"id":14,"date":"2018-11-06T11:39:59","date_gmt":"2018-11-06T10:39:59","guid":{"rendered":"https:\/\/cdoc-csa.be\/pfrequence\/?page_id=14"},"modified":"2018-11-06T11:39:59","modified_gmt":"2018-11-06T10:39:59","slug":"documents-utiles","status":"publish","type":"page","link":"https:\/\/www.csa.be\/plandefrequences\/documents-utiles\/","title":{"rendered":"Documents officiels"},"content":{"rendered":"<p>[et_pb_section fb_built=\u00a0\u00bb1&Prime; admin_label=\u00a0\u00bbsection\u00a0\u00bb _builder_version=\u00a0\u00bb3.0.47&Prime;][et_pb_row _builder_version=\u00a0\u00bb3.0.106&Prime;][et_pb_column type=\u00a0\u00bb4_4&Prime; _builder_version=\u00a0\u00bb3.0.106&Prime; parallax=\u00a0\u00bboff\u00a0\u00bb parallax_method=\u00a0\u00bbon\u00a0\u00bb][et_pb_text _builder_version=\u00a0\u00bb3.0.106&Prime;]<\/p>\n<p><strong>Plan de fr\u00e9quences 2019 : Documents officiels relatifs \u00e0 l&rsquo;appel d&rsquo;offre<\/strong><\/p>\n<p>&nbsp;<\/p>\n<p>[\/et_pb_text][\/et_pb_column][\/et_pb_row][et_pb_row _builder_version=\u00a0\u00bb3.0.106&Prime;][et_pb_column type=\u00a0\u00bb4_4&Prime; _builder_version=\u00a0\u00bb3.0.106&Prime; parallax=\u00a0\u00bboff\u00a0\u00bb parallax_method=\u00a0\u00bbon\u00a0\u00bb][et_pb_cta title=\u00a0\u00bbAPPEL D&rsquo;OFFRE\u00a0\u00bb button_url=\u00a0\u00bbhttp:\/\/www.csa.be\/system\/documents_files\/2973\/original\/Moniteur_arrete_appel_offre_analogique_numerique.pdf?1547544013&Prime; url_new_window=\u00a0\u00bbon\u00a0\u00bb button_text=\u00a0\u00bbJe t\u00e9l\u00e9charge\u00a0\u00bb background_color=\u00a0\u00bb#8300e9&Prime; _builder_version=\u00a0\u00bb3.0.106&Prime;][\/et_pb_cta][\/et_pb_column][\/et_pb_row][et_pb_row _builder_version=\u00a0\u00bb3.0.106&Prime;][et_pb_column type=\u00a0\u00bb1_2&Prime; _builder_version=\u00a0\u00bb3.0.106&Prime; parallax=\u00a0\u00bboff\u00a0\u00bb parallax_method=\u00a0\u00bbon\u00a0\u00bb][et_pb_cta title=\u00a0\u00bbArr\u00eat\u00e9 architecture analogique\u00a0\u00bb button_url=\u00a0\u00bbhttp:\/\/www.csa.be\/system\/documents_files\/2976\/original\/Moniteur_arrete_liste_frequences_analogiques.pdf?1547544263&Prime; button_text=\u00a0\u00bbje t\u00e9l\u00e9charge\u00a0\u00bb _builder_version=\u00a0\u00bb3.0.106&Prime;][\/et_pb_cta][et_pb_cta title=\u00a0\u00bbArr\u00eat\u00e9 fr\u00e9quences analogiques\u00a0\u00bb button_url=\u00a0\u00bbhttp:\/\/www.csa.be\/system\/documents_files\/2977\/original\/OK_20180702_Arrete_frequences_analogiques.pdf?1547551627&Prime; url_new_window=\u00a0\u00bbon\u00a0\u00bb button_text=\u00a0\u00bbje t\u00e9l\u00e9charge\u00a0\u00bb _builder_version=\u00a0\u00bb3.0.106&Prime;][\/et_pb_cta][\/et_pb_column][et_pb_column type=\u00a0\u00bb1_2&Prime; _builder_version=\u00a0\u00bb3.0.106&Prime; parallax=\u00a0\u00bboff\u00a0\u00bb parallax_method=\u00a0\u00bbon\u00a0\u00bb][et_pb_cta title=\u00a0\u00bbArr\u00eat\u00e9 architecture num\u00e9rique\u00a0\u00bb button_url=\u00a0\u00bbhttp:\/\/www.csa.be\/system\/documents_files\/2975\/original\/Moniteur_arrete_liste_frequences_numerique2.pdf?1547544166&Prime; button_text=\u00a0\u00bbJe t\u00e9l\u00e9charge\u00a0\u00bb background_color=\u00a0\u00bb#bf7d7a\u00a0\u00bb _builder_version=\u00a0\u00bb3.0.106&Prime;][\/et_pb_cta][et_pb_cta title=\u00a0\u00bbArr\u00eat\u00e9 fr\u00e9quences num\u00e9riques\u00a0\u00bb button_url=\u00a0\u00bbhttp:\/\/www.csa.be\/system\/documents_files\/2978\/original\/OK_20181017_Arrete_frequences_attribuables_numeriques.pdf?1547551771&Prime; url_new_window=\u00a0\u00bbon\u00a0\u00bb button_text=\u00a0\u00bbJe t\u00e9l\u00e9charge\u00a0\u00bb background_color=\u00a0\u00bb#b57873&Prime; _builder_version=\u00a0\u00bb3.0.106&Prime;][\/et_pb_cta][\/et_pb_column][\/et_pb_row][et_pb_row admin_label=\u00a0\u00bbrow\u00a0\u00bb _builder_version=\u00a0\u00bb3.0.47&Prime; background_size=\u00a0\u00bbinitial\u00a0\u00bb background_position=\u00a0\u00bbtop_left\u00a0\u00bb background_repeat=\u00a0\u00bbrepeat\u00a0\u00bb][et_pb_column type=\u00a0\u00bb4_4&Prime; _builder_version=\u00a0\u00bb3.0.47&Prime; parallax=\u00a0\u00bboff\u00a0\u00bb parallax_method=\u00a0\u00bbon\u00a0\u00bb][et_pb_text admin_label=\u00a0\u00bbText\u00a0\u00bb _builder_version=\u00a0\u00bb3.0.47&Prime; background_size=\u00a0\u00bbinitial\u00a0\u00bb background_position=\u00a0\u00bbtop_left\u00a0\u00bb background_repeat=\u00a0\u00bbrepeat\u00a0\u00bb]<\/p>\n<p>\u00a0<\/p>\n<p>\u00a0<\/p>\n<p><strong>Historique des appels d&rsquo;offres<\/strong><\/p>\n<p>En date du 17 juin 2008, \u00e0 la cl\u00f4ture d&rsquo;un\u00a0premier appel d&rsquo;offres<a href=\"http:\/\/www.csa.be\/pages\/show\/15\">\u00a0<\/a>relatif \u00e0 l&rsquo;attribution des radiofr\u00e9quences destin\u00e9es \u00e0 la radiodiffusion sonore hertzienne terrestre en mode analogique en Communaut\u00e9 fran\u00e7aise de Belgique, lanc\u00e9 par les arr\u00eat\u00e9s du 21 d\u00e9cembre 2007 publi\u00e9s le 22 janvier 2008, le Conseil sup\u00e9rieur de l&rsquo;audiovisuel a attribu\u00e9 10 r\u00e9seaux de radiofr\u00e9quences et 78 radiofr\u00e9quences ind\u00e9pendantes \u00e0 88 candidats parmi les 163 dossiers d\u00e9pos\u00e9s.<\/p>\n<p>A la suite de cette proc\u00e9dure, le Gouvernement de la Communaut\u00e9 fran\u00e7aise a adopt\u00e9, en sa s\u00e9ance 4 juillet 2008, trois nouveaux arr\u00eat\u00e9s organisant un\u00a0appel d&rsquo;offres compl\u00e9mentaire. A la cl\u00f4ture de cette proc\u00e9dure, le Conseil sup\u00e9rieur de l&rsquo;audiovisuel a attribu\u00e9 le r\u00e9seau de radiofr\u00e9quences U2, non attribu\u00e9 lors du premier appel d&rsquo;offres, et 6 radiofr\u00e9quences ind\u00e9pendantes \u00e0 7 candidats parmi les 32 dossiers d\u00e9pos\u00e9s.<\/p>\n<p>En date du 27 mai 2009, le Gouvernement de la Communaut\u00e9 fran\u00e7aise a adopt\u00e9 deux nouveaux arr\u00eat\u00e9s organisant un\u00a0nouvel appel d&rsquo;offres compl\u00e9mentaire. A la cl\u00f4ture de cette proc\u00e9dure, le Conseil sup\u00e9rieur de l&rsquo;audiovisuel a attribu\u00e9 le r\u00e9seau de radiofr\u00e9quences LI, r\u00e9seau provincial li\u00e9geois devenu disponible suite \u00e0 l&rsquo;extinction de l&rsquo;autorisation dont il avait fait l&rsquo;objet lors du premier appel d&rsquo;offres, et 3 radiofr\u00e9quences ind\u00e9pendantes \u00e0 5 candidats parmi les 8 dossiers d\u00e9pos\u00e9s.<\/p>\n<p>En date du 21 octobre 2010, le Gouvernement de la Communaut\u00e9 fran\u00e7aise a adopt\u00e9 deux nouveaux arr\u00eat\u00e9s organisant un\u00a0nouvel appel d&rsquo;offres compl\u00e9mentaire. A la cl\u00f4ture de cette proc\u00e9dure, le Conseil sup\u00e9rieur de l&rsquo;audiovisuel a attribu\u00e9 5 radiofr\u00e9quences ind\u00e9pendantes \u00e0 5 candidats parmi les 10 dossiers d\u00e9pos\u00e9s.<\/p>\n<p>En date du 19 avril 2011, le Gouvernement de la Communaut\u00e9 fran\u00e7aise a adopt\u00e9 deux nouveaux arr\u00eat\u00e9s organisant un\u00a0nouvel appel d&rsquo;offres compl\u00e9mentaire. A la cl\u00f4ture de cette proc\u00e9dure, le Conseil sup\u00e9rieur de l&rsquo;audiovisuel a attribu\u00e9 une radiofr\u00e9quence ind\u00e9pendante \u00e0 un candidat parmi les 2 dossiers d\u00e9pos\u00e9s.<\/p>\n<p>En date du 12 juillet 2012, le Gouvernement de la Communaut\u00e9 fran\u00e7aise a adopt\u00e9 un nouvel arr\u00eat\u00e9 organisant un\u00a0nouvel appel d&rsquo;offres compl\u00e9mentaire. A la cl\u00f4ture de cette proc\u00e9dure, le Conseil sup\u00e9rieur de l&rsquo;audiovisuel a attribu\u00e9 une radiofr\u00e9quence ind\u00e9pendante \u00e0 un candidat parmi les 15 dossiers d\u00e9pos\u00e9s.<\/p>\n<p>En date du 21 novembre 2013, le Gouvernement de la Communaut\u00e9 fran\u00e7aise a adopt\u00e9 un nouvel arr\u00eat\u00e9 organisant un\u00a0nouvel appel d\u2019offres compl\u00e9mentaire. A la cl\u00f4ture de cette proc\u00e9dure, le Conseil sup\u00e9rieur de l\u2019audiovisuel a attribu\u00e9 une radiofr\u00e9quence ind\u00e9pendante \u00e0 un candidat parmi les 2 dossiers d\u00e9pos\u00e9s.<\/p>\n<p>\u00a0<\/p>\n<p>\u00a0<\/p>\n<p>[\/et_pb_text][\/et_pb_column][\/et_pb_row][\/et_pb_section]<\/p>\n","protected":false},"excerpt":{"rendered":"<p>Plan de fr\u00e9quences 2019 : Documents officiels relatifs \u00e0 l&rsquo;appel d&rsquo;offre &nbsp;\u00a0 \u00a0 Historique des appels d&rsquo;offres En date du 17 juin 2008, \u00e0 la cl\u00f4ture d&rsquo;un\u00a0premier appel d&rsquo;offres\u00a0relatif \u00e0 l&rsquo;attribution des radiofr\u00e9quences destin\u00e9es \u00e0 la radiodiffusion sonore hertzienne terrestre en mode analogique en Communaut\u00e9 fran\u00e7aise de Belgique, lanc\u00e9 par les arr\u00eat\u00e9s du 21 d\u00e9cembre [&hellip;]<\/p>\n","protected":false},"author":2,"featured_media":0,"parent":0,"menu_order":0,"comment_status":"closed","ping_status":"closed","template":"","meta":{"_et_pb_use_builder":"on","_et_pb_old_content":"<strong>Documentation<\/strong>\n\n&nbsp;\n\n<strong>Historique des appels d'offres<\/strong>\n\nEn date du 17 juin 2008, \u00e0 la cl\u00f4ture d'un\u00a0<a href=\"http:\/\/fm.csa.be\/fm2008\">premier appel d'offres\u00a0<\/a>relatif \u00e0 l'attribution des radiofr\u00e9quences destin\u00e9es \u00e0 la radiodiffusion sonore hertzienne terrestre en mode analogique en Communaut\u00e9 fran\u00e7aise de Belgique, lanc\u00e9 par les arr\u00eat\u00e9s du 21 d\u00e9cembre 2007 publi\u00e9s le 22 janvier 2008, le Conseil sup\u00e9rieur de l'audiovisuel a attribu\u00e9 10 r\u00e9seaux de radiofr\u00e9quences et 78 radiofr\u00e9quences ind\u00e9pendantes \u00e0 88 candidats parmi les 163 dossiers d\u00e9pos\u00e9s.\n\nA la suite de cette proc\u00e9dure, le Gouvernement de la Communaut\u00e9 fran\u00e7aise a adopt\u00e9, en sa s\u00e9ance 4 juillet 2008, trois nouveaux arr\u00eat\u00e9s organisant un\u00a0<a href=\"http:\/\/fm.csa.be\/fm2008bis\">appel d'offres compl\u00e9mentaire<\/a>. A la cl\u00f4ture de cette proc\u00e9dure, le Conseil sup\u00e9rieur de l'audiovisuel a attribu\u00e9 le r\u00e9seau de radiofr\u00e9quences U2, non attribu\u00e9 lors du premier appel d'offres, et 6 radiofr\u00e9quences ind\u00e9pendantes \u00e0 7 candidats parmi les 32 dossiers d\u00e9pos\u00e9s.\n\nEn date du 27 mai 2009, le Gouvernement de la Communaut\u00e9 fran\u00e7aise a adopt\u00e9 deux nouveaux arr\u00eat\u00e9s organisant un\u00a0<a href=\"http:\/\/fm.csa.be\/fm2009\">nouvel appel d'offres compl\u00e9mentaire<\/a>. A la cl\u00f4ture de cette proc\u00e9dure, le Conseil sup\u00e9rieur de l'audiovisuel a attribu\u00e9 le r\u00e9seau de radiofr\u00e9quences LI, r\u00e9seau provincial li\u00e9geois devenu disponible suite \u00e0 l'extinction de l'autorisation dont il avait fait l'objet lors du premier appel d'offres, et 3 radiofr\u00e9quences ind\u00e9pendantes \u00e0 5 candidats parmi les 8 dossiers d\u00e9pos\u00e9s.\n\nEn date du 21 octobre 2010, le Gouvernement de la Communaut\u00e9 fran\u00e7aise a adopt\u00e9 deux nouveaux arr\u00eat\u00e9s organisant un\u00a0<a href=\"http:\/\/fm.csa.be\/fm2010\">nouvel appel d'offres compl\u00e9mentaire<\/a>. A la cl\u00f4ture de cette proc\u00e9dure, le Conseil sup\u00e9rieur de l'audiovisuel a attribu\u00e9 5 radiofr\u00e9quences ind\u00e9pendantes \u00e0 5 candidats parmi les 10 dossiers d\u00e9pos\u00e9s.\n\nEn date du 19 avril 2011, le Gouvernement de la Communaut\u00e9 fran\u00e7aise a adopt\u00e9 deux nouveaux arr\u00eat\u00e9s organisant un\u00a0<a href=\"http:\/\/fm.csa.be\/pages\/fm2011.csa.be\">nouvel appel d'offres compl\u00e9mentaire<\/a>. A la cl\u00f4ture de cette proc\u00e9dure, le Conseil sup\u00e9rieur de l'audiovisuel a attribu\u00e9 une radiofr\u00e9quence ind\u00e9pendante \u00e0 un candidat parmi les 2 dossiers d\u00e9pos\u00e9s.\n\nEn date du 12 juillet 2012, le Gouvernement de la Communaut\u00e9 fran\u00e7aise a adopt\u00e9 un nouvel arr\u00eat\u00e9 organisant un\u00a0<a href=\"http:\/\/fm.csa.be\/pages\/fm2011.csa.be\">nouvel appel d'offres compl\u00e9mentaire<\/a>. A la cl\u00f4ture de cette proc\u00e9dure, le Conseil sup\u00e9rieur de l'audiovisuel a attribu\u00e9 une radiofr\u00e9quence ind\u00e9pendante \u00e0 un candidat parmi les 15 dossiers d\u00e9pos\u00e9s.\n\n&nbsp;\n\n<strong>Documents divers<\/strong>\n\nVous pouvez prendre connaissance de la proc\u00e9dure pr\u00e9vue par le d\u00e9cret en vigueur :\n\n<strong>Textes l\u00e9gaux<\/strong>\n<ul>\n \t<li><a href=\"http:\/\/www.csa.be\/documents\/show\/1057\" target=\"_blank\" rel=\"noopener\">D\u00e9cret coordonn\u00e9 sur les services de m\u00e9dias audiovisuels<\/a><\/li>\n \t<li><a href=\"http:\/\/www.csa.be\/documents\/show\/501\" target=\"_blank\" rel=\"noopener\">D\u00e9cret fixant le cadastre initial de r\u00e9f\u00e9rence de la Communaut\u00e9 fran\u00e7aise pour la radiodiffusion sonore FM - bande 87.5-108 MHz<\/a><\/li>\n<\/ul>\n&nbsp;\n\n<strong>Pr\u00e9c\u00e9dentes pages d'accompagnement<\/strong>\n\n<strong><em>Certaines informations reprises sur les pages qui suivent peuvent ne plus s'appliquer au pr\u00e9sent appel d'offre. En cas de doute, veuillez poser votre question \u00e0 l'adresse\u00a0<\/em><\/strong><a href=\"mailto:fm@csa.be\"><strong><em>info@csa.be<\/em><\/strong><\/a>\n<ul>\n \t<li><a href=\"http:\/\/fm.csa.be\/pages\/162\">Site d\u2019accompagnement du cinqui\u00e8me appel d\u2019offres FM 2012\u00a0<\/a>lanc\u00e9 le 7 septembre 2012\u00a0;<\/li>\n \t<li><a href=\"http:\/\/fm2011.csa.be\/\">Site d'accompagnement du quatri\u00e8me appel d'offres FM 2011<\/a>\u00a0lanc\u00e9 le 19 avril 2011 ;<\/li>\n \t<li><a href=\"http:\/\/fm2010.csa.be\/\">Site d'accompagnement du troisi\u00e8me appel d'offres FM 2010<\/a>\u00a0lanc\u00e9 le 16 d\u00e9cembre 2010 ;<\/li>\n \t<li><a href=\"http:\/\/fm2009.csa.be\/\">Site d'accompagnement du troisi\u00e8me appel d'offres FM 2009<\/a>\u00a0lanc\u00e9 le 24 juillet 2009 ;<\/li>\n \t<li><a href=\"http:\/\/www.csa.be\/fm2008bis\">Site d'accompagnement du deuxi\u00e8me appel d'offres FM 2008bis<\/a>\u00a0lanc\u00e9 le 8 juillet 2008 ;<\/li>\n \t<li><a href=\"http:\/\/www.csa.be\/pages\/show\/15\">Site d'accompagnement du premier appel d'offres FM 2008<\/a>\u00a0lanc\u00e9 le 22 janvier 2008 ;<\/li>\n<\/ul>\n&nbsp;","_et_gb_content_width":"","footnotes":""},"class_list":["post-14","page","type-page","status-publish","hentry"],"_links":{"self":[{"href":"https:\/\/www.csa.be\/plandefrequences\/wp-json\/wp\/v2\/pages\/14","targetHints":{"allow":["GET"]}}],"collection":[{"href":"https:\/\/www.csa.be\/plandefrequences\/wp-json\/wp\/v2\/pages"}],"about":[{"href":"https:\/\/www.csa.be\/plandefrequences\/wp-json\/wp\/v2\/types\/page"}],"author":[{"embeddable":true,"href":"https:\/\/www.csa.be\/plandefrequences\/wp-json\/wp\/v2\/users\/2"}],"replies":[{"embeddable":true,"href":"https:\/\/www.csa.be\/plandefrequences\/wp-json\/wp\/v2\/comments?post=14"}],"version-history":[{"count":0,"href":"https:\/\/www.csa.be\/plandefrequences\/wp-json\/wp\/v2\/pages\/14\/revisions"}],"wp:attachment":[{"href":"https:\/\/www.csa.be\/plandefrequences\/wp-json\/wp\/v2\/media?parent=14"}],"curies":[{"name":"wp","href":"https:\/\/api.w.org\/{rel}","templated":true}]}}