{"id":192,"date":"2019-01-11T15:11:28","date_gmt":"2019-01-11T14:11:28","guid":{"rendered":"https:\/\/cdoc-csa.be\/pfrequence\/?page_id=192"},"modified":"2019-01-11T15:11:28","modified_gmt":"2019-01-11T14:11:28","slug":"recommandations-utiles-du-college-dautorisation-et-de-controle-du-csa","status":"publish","type":"page","link":"https:\/\/www.csa.be\/plandefrequences\/recommandations-utiles-du-college-dautorisation-et-de-controle-du-csa\/","title":{"rendered":"Recommandations utiles du Coll\u00e8ge d&rsquo;autorisation et de contr\u00f4le du CSA"},"content":{"rendered":"<p>[et_pb_section fb_built=\u00a0\u00bb1&Prime; admin_label=\u00a0\u00bbsection\u00a0\u00bb _builder_version=\u00a0\u00bb3.0.47&Prime;][et_pb_row admin_label=\u00a0\u00bbrow\u00a0\u00bb _builder_version=\u00a0\u00bb3.0.47&Prime; background_size=\u00a0\u00bbinitial\u00a0\u00bb background_position=\u00a0\u00bbtop_left\u00a0\u00bb background_repeat=\u00a0\u00bbrepeat\u00a0\u00bb][et_pb_column type=\u00a0\u00bb4_4&Prime; _builder_version=\u00a0\u00bb3.0.47&Prime; parallax=\u00a0\u00bboff\u00a0\u00bb parallax_method=\u00a0\u00bbon\u00a0\u00bb][et_pb_text admin_label=\u00a0\u00bbText\u00a0\u00bb _builder_version=\u00a0\u00bb3.0.106&Prime; background_size=\u00a0\u00bbinitial\u00a0\u00bb background_position=\u00a0\u00bbtop_left\u00a0\u00bb background_repeat=\u00a0\u00bbrepeat\u00a0\u00bb]<\/p>\n<p><a href=\"..\/newsletter-plan-de-frequences-2019\/\"><\/a><\/p>\n<p>[\/et_pb_text][\/et_pb_column][\/et_pb_row][et_pb_row _builder_version=\u00a0\u00bb3.0.106&Prime;][et_pb_column type=\u00a0\u00bb1_3&Prime; _builder_version=\u00a0\u00bb3.0.106&Prime; parallax=\u00a0\u00bboff\u00a0\u00bb parallax_method=\u00a0\u00bbon\u00a0\u00bb][et_pb_cta title=\u00a0\u00bbRecommandation sur le statut de radio associative et d\u2019expression\u00a0\u00bb button_url=\u00a0\u00bbhttps:\/\/www.csa.be\/dabplus2019\/wp-content\/uploads\/sites\/3\/2019\/01\/CAC_20150423_Recommandation_radios_associatives.pdf\u00a0\u00bb button_text=\u00a0\u00bbJe t\u00e9l\u00e9charge\u00a0\u00bb _builder_version=\u00a0\u00bb3.0.106&Prime;][\/et_pb_cta][\/et_pb_column][et_pb_column type=\u00a0\u00bb1_3&Prime; _builder_version=\u00a0\u00bb3.0.106&Prime; parallax=\u00a0\u00bboff\u00a0\u00bb parallax_method=\u00a0\u00bbon\u00a0\u00bb][et_pb_cta title=\u00a0\u00bbArr\u00eat\u00e9 pr\u00e9cisant la d\u00e9finition de radio associative et d\u2019expression \u00e0 vocation culturelle ou d\u2019\u00e9ducation permanente\u00a0\u00bb button_url=\u00a0\u00bbhttp:\/\/www.csa.be\/system\/documents_files\/2974\/original\/Moniteur_arrete_definition_radio_associtaive.pdf?1547544108&Prime; button_text=\u00a0\u00bbJe t\u00e9l\u00e9charge\u00a0\u00bb _builder_version=\u00a0\u00bb3.0.106&Prime;][\/et_pb_cta][et_pb_cta title=\u00a0\u00bbRecommandation relative \u00e0 la production propre des radios ind\u00e9pendantes dans le cadre de l&rsquo;article 56bis du D\u00e9cret sur les services de m\u00e9dias audiovisuels\u00a0\u00bb button_url=\u00a0\u00bbhttp:\/\/www.csa.be\/system\/documents_files\/2985\/original\/CAC_20190124_recommandation_56bis_radio.pdf?1548336965&Prime; url_new_window=\u00a0\u00bbon\u00a0\u00bb button_text=\u00a0\u00bbJe t\u00e9l\u00e9charge\u00a0\u00bb _builder_version=\u00a0\u00bb3.0.106&Prime;][\/et_pb_cta][\/et_pb_column][et_pb_column type=\u00a0\u00bb1_3&Prime; _builder_version=\u00a0\u00bb3.0.106&Prime; parallax=\u00a0\u00bboff\u00a0\u00bb parallax_method=\u00a0\u00bbon\u00a0\u00bb][et_pb_cta title=\u00a0\u00bb   Recommandation relative \u00e0 l&rsquo;\u00e9quilibre, la diversit\u00e9 et les formats de radio\u00a0\u00bb button_url=\u00a0\u00bbhttp:\/\/www.csa.be\/system\/documents_files\/2987\/original\/RECOMMANDATION%20RELATIVE%20A%20LA%20DIVERSITE%20DU%20PAYSAGE%20RADIOPHONIQUE.pdf?1550228813&Prime; button_text=\u00a0\u00bbJe t\u00e9l\u00e9charge\u00a0\u00bb _builder_version=\u00a0\u00bb3.0.106&Prime;][\/et_pb_cta][\/et_pb_column][\/et_pb_row][\/et_pb_section]<\/p>\n","protected":false},"excerpt":{"rendered":"","protected":false},"author":2,"featured_media":0,"parent":0,"menu_order":0,"comment_status":"closed","ping_status":"closed","template":"","meta":{"_et_pb_use_builder":"on","_et_pb_old_content":"","_et_gb_content_width":"","footnotes":""},"class_list":["post-192","page","type-page","status-publish","hentry"],"_links":{"self":[{"href":"https:\/\/www.csa.be\/plandefrequences\/wp-json\/wp\/v2\/pages\/192","targetHints":{"allow":["GET"]}}],"collection":[{"href":"https:\/\/www.csa.be\/plandefrequences\/wp-json\/wp\/v2\/pages"}],"about":[{"href":"https:\/\/www.csa.be\/plandefrequences\/wp-json\/wp\/v2\/types\/page"}],"author":[{"embeddable":true,"href":"https:\/\/www.csa.be\/plandefrequences\/wp-json\/wp\/v2\/users\/2"}],"replies":[{"embeddable":true,"href":"https:\/\/www.csa.be\/plandefrequences\/wp-json\/wp\/v2\/comments?post=192"}],"version-history":[{"count":0,"href":"https:\/\/www.csa.be\/plandefrequences\/wp-json\/wp\/v2\/pages\/192\/revisions"}],"wp:attachment":[{"href":"https:\/\/www.csa.be\/plandefrequences\/wp-json\/wp\/v2\/media?parent=192"}],"curies":[{"name":"wp","href":"https:\/\/api.w.org\/{rel}","templated":true}]}}