{"id":25,"date":"2018-11-06T11:42:48","date_gmt":"2018-11-06T10:42:48","guid":{"rendered":"https:\/\/cdoc-csa.be\/pfrequence\/?page_id=25"},"modified":"2018-11-06T11:42:48","modified_gmt":"2018-11-06T10:42:48","slug":"modifications-du-decret","status":"publish","type":"page","link":"https:\/\/www.csa.be\/plandefrequences\/modifications-du-decret\/","title":{"rendered":"D\u00e9cret coordonn\u00e9 sur les services de m\u00e9dias audiovisuels"},"content":{"rendered":"<p>[et_pb_section fb_built=\u00a0\u00bb1&Prime; admin_label=\u00a0\u00bbsection\u00a0\u00bb _builder_version=\u00a0\u00bb3.0.47&Prime;][et_pb_row admin_label=\u00a0\u00bbrow\u00a0\u00bb _builder_version=\u00a0\u00bb3.0.47&Prime; background_size=\u00a0\u00bbinitial\u00a0\u00bb background_position=\u00a0\u00bbtop_left\u00a0\u00bb background_repeat=\u00a0\u00bbrepeat\u00a0\u00bb][et_pb_column type=\u00a0\u00bb4_4&Prime; _builder_version=\u00a0\u00bb3.0.47&Prime; parallax=\u00a0\u00bboff\u00a0\u00bb parallax_method=\u00a0\u00bbon\u00a0\u00bb][et_pb_text admin_label=\u00a0\u00bbText\u00a0\u00bb _builder_version=\u00a0\u00bb3.0.47&Prime; background_size=\u00a0\u00bbinitial\u00a0\u00bb background_position=\u00a0\u00bbtop_left\u00a0\u00bb background_repeat=\u00a0\u00bbrepeat\u00a0\u00bb]<\/p>\n<p><strong>Cette section est consacr\u00e9e \u00e0 la mise en exergue des \u00e9l\u00e9ments pertinents du D\u00e9cret coordonn\u00e9 sur les services de m\u00e9dias audiovisuels dans le cadre de la r\u00e9daction du formulaire de candidature<\/strong><\/p>\n<p>Chaque \u00e9l\u00e9ment nouveau dans cette rubrique vous sera communiqu\u00e9 par le biais de notre newsletter th\u00e9matique \u00e0 laquelle nous vous invitons \u00e0 vous inscrire via le <a href=\"..\/newsletter-plan-de-frequences-2019\/\">lien suivant\u00a0<\/a><\/p>\n<p>[\/et_pb_text][\/et_pb_column][\/et_pb_row][et_pb_row custom_padding=\u00a0\u00bb27px|0px|24px|0px\u00a0\u00bb _builder_version=\u00a0\u00bb3.0.106&Prime;][et_pb_column type=\u00a0\u00bb4_4&Prime; _builder_version=\u00a0\u00bb3.0.106&Prime; parallax=\u00a0\u00bboff\u00a0\u00bb parallax_method=\u00a0\u00bbon\u00a0\u00bb][et_pb_cta title=\u00a0\u00bbD\u00e9cret coordonn\u00e9 sur les services de m\u00e9dias audiovisuels\u00a0\u00bb button_url=\u00a0\u00bbhttps:\/\/www.csa.be\/dabplus2019\/wp-content\/uploads\/sites\/3\/2019\/01\/DSMA-consolid\u00e9-post-d\u00e9cret-modificatif-du-14-juin-2018-12.docx\u00a0\u00bb button_text=\u00a0\u00bbJe t\u00e9l\u00e9charge\u00a0\u00bb _builder_version=\u00a0\u00bb3.0.106&Prime;][\/et_pb_cta][\/et_pb_column][\/et_pb_row][\/et_pb_section]<\/p>\n","protected":false},"excerpt":{"rendered":"<p>Cette section est consacr\u00e9e \u00e0 la mise en exergue des \u00e9l\u00e9ments pertinents du D\u00e9cret coordonn\u00e9 sur les services de m\u00e9dias audiovisuels dans le cadre de la r\u00e9daction du formulaire de candidature Chaque \u00e9l\u00e9ment nouveau dans cette rubrique vous sera communiqu\u00e9 par le biais de notre newsletter th\u00e9matique \u00e0 laquelle nous vous invitons \u00e0 vous inscrire [&hellip;]<\/p>\n","protected":false},"author":2,"featured_media":0,"parent":0,"menu_order":0,"comment_status":"closed","ping_status":"closed","template":"","meta":{"_et_pb_use_builder":"on","_et_pb_old_content":"Focus sur les principales modifications du D\u00e9cret\n\nCitation + explications pratiques\n\n<lien vers le texte officiel>","_et_gb_content_width":"","footnotes":""},"class_list":["post-25","page","type-page","status-publish","hentry"],"_links":{"self":[{"href":"https:\/\/www.csa.be\/plandefrequences\/wp-json\/wp\/v2\/pages\/25","targetHints":{"allow":["GET"]}}],"collection":[{"href":"https:\/\/www.csa.be\/plandefrequences\/wp-json\/wp\/v2\/pages"}],"about":[{"href":"https:\/\/www.csa.be\/plandefrequences\/wp-json\/wp\/v2\/types\/page"}],"author":[{"embeddable":true,"href":"https:\/\/www.csa.be\/plandefrequences\/wp-json\/wp\/v2\/users\/2"}],"replies":[{"embeddable":true,"href":"https:\/\/www.csa.be\/plandefrequences\/wp-json\/wp\/v2\/comments?post=25"}],"version-history":[{"count":0,"href":"https:\/\/www.csa.be\/plandefrequences\/wp-json\/wp\/v2\/pages\/25\/revisions"}],"wp:attachment":[{"href":"https:\/\/www.csa.be\/plandefrequences\/wp-json\/wp\/v2\/media?parent=25"}],"curies":[{"name":"wp","href":"https:\/\/api.w.org\/{rel}","templated":true}]}}