{"id":64,"date":"2018-11-07T15:53:32","date_gmt":"2018-11-07T14:53:32","guid":{"rendered":"https:\/\/cdoc-csa.be\/pfrequence\/?page_id=64"},"modified":"2018-11-07T15:53:32","modified_gmt":"2018-11-07T14:53:32","slug":"informations","status":"publish","type":"page","link":"https:\/\/www.csa.be\/plandefrequences\/informations\/","title":{"rendered":"Informations"},"content":{"rendered":"<p>[et_pb_section fb_built=\u00a0\u00bb1&Prime; admin_label=\u00a0\u00bbsection\u00a0\u00bb _builder_version=\u00a0\u00bb3.0.47&Prime;][et_pb_row admin_label=\u00a0\u00bbrow\u00a0\u00bb _builder_version=\u00a0\u00bb3.0.47&Prime; background_size=\u00a0\u00bbinitial\u00a0\u00bb background_position=\u00a0\u00bbtop_left\u00a0\u00bb background_repeat=\u00a0\u00bbrepeat\u00a0\u00bb][et_pb_column type=\u00a0\u00bb4_4&Prime; _builder_version=\u00a0\u00bb3.0.47&Prime; parallax=\u00a0\u00bboff\u00a0\u00bb parallax_method=\u00a0\u00bbon\u00a0\u00bb][et_pb_text admin_label=\u00a0\u00bbText\u00a0\u00bb _builder_version=\u00a0\u00bb3.0.47&Prime; background_size=\u00a0\u00bbinitial\u00a0\u00bb background_position=\u00a0\u00bbtop_left\u00a0\u00bb background_repeat=\u00a0\u00bbrepeat\u00a0\u00bb]<\/p>\n<p>Afin d&rsquo;assurer l&rsquo;\u00e9galit\u00e9 de traitement des candidats ainsi que la transparence de la proc\u00e9dure, aucune information ne sera donn\u00e9e par t\u00e9l\u00e9phone. Vous pouvez prendre contact avec les gestionnaires de l&rsquo;appel d&rsquo;offre \u00e0 l&rsquo;adresse\u00a0<a href=\"mailto:info@csa.be\">info@csa.be.<\/a><\/p>\n<p>Les r\u00e9ponses aux questions relatives \u00e0 la proc\u00e9dure sont publi\u00e9es dans un document mis \u00e0 jour r\u00e9guli\u00e8rement.<\/p>\n<p>Toutefois, le CSA met \u00e0 votre disposition diff\u00e9rents \u00e9l\u00e9ments pour vous aider dans vos r\u00e9flexions et d\u00e9marches.<\/p>\n<p><a href=\"..\/documents-utiles\/\">Documents utiles<\/a><\/p>\n<p><a href=\"..\/documents-de-reference\/\">Questions\/r\u00e9ponses<\/a><\/p>\n<p><a href=\"..\/seances-dinfo\/\">S\u00e9ances d&rsquo;information<\/a><\/p>\n<p>[\/et_pb_text][\/et_pb_column][\/et_pb_row][\/et_pb_section]<\/p>\n","protected":false},"excerpt":{"rendered":"<p>Afin d&rsquo;assurer l&rsquo;\u00e9galit\u00e9 de traitement des candidats ainsi que la transparence de la proc\u00e9dure, aucune information ne sera donn\u00e9e par t\u00e9l\u00e9phone. Vous pouvez prendre contact avec les gestionnaires de l&rsquo;appel d&rsquo;offre \u00e0 l&rsquo;adresse\u00a0info@csa.be. Les r\u00e9ponses aux questions relatives \u00e0 la proc\u00e9dure sont publi\u00e9es dans un document mis \u00e0 jour r\u00e9guli\u00e8rement. Toutefois, le CSA met \u00e0 [&hellip;]<\/p>\n","protected":false},"author":2,"featured_media":0,"parent":0,"menu_order":0,"comment_status":"closed","ping_status":"closed","template":"","meta":{"_et_pb_use_builder":"on","_et_pb_old_content":"Afin d'assurer l'\u00e9galit\u00e9 de traitement des candidats ainsi que la transparence de la proc\u00e9dure, aucune information ne sera donn\u00e9e par t\u00e9l\u00e9phone. Vous pouvez prendre contact avec les gestionnaires de l'appel d'offre \u00e0 l'adresse\u00a0<a href=\"mailto:info@csa.be\">info@csa.be<\/a>\u00a0ou par fax au 02\/349 58 97.\n\nLes r\u00e9ponses aux questions relatives \u00e0 la proc\u00e9dure sont publi\u00e9es dans un document mis \u00e0 jour r\u00e9guli\u00e8rement.\n\nToutefois, le CSA met \u00e0 votre disposition diff\u00e9rents \u00e9l\u00e9ments pour vous aider dans vos r\u00e9flexions et d\u00e9marches.\n\n<lien> Documents pratiques\n\n<lien> Questions\/r\u00e9ponses\n\n<lien> S\u00e9ances d'info","_et_gb_content_width":"","footnotes":""},"class_list":["post-64","page","type-page","status-publish","hentry"],"_links":{"self":[{"href":"https:\/\/www.csa.be\/plandefrequences\/wp-json\/wp\/v2\/pages\/64","targetHints":{"allow":["GET"]}}],"collection":[{"href":"https:\/\/www.csa.be\/plandefrequences\/wp-json\/wp\/v2\/pages"}],"about":[{"href":"https:\/\/www.csa.be\/plandefrequences\/wp-json\/wp\/v2\/types\/page"}],"author":[{"embeddable":true,"href":"https:\/\/www.csa.be\/plandefrequences\/wp-json\/wp\/v2\/users\/2"}],"replies":[{"embeddable":true,"href":"https:\/\/www.csa.be\/plandefrequences\/wp-json\/wp\/v2\/comments?post=64"}],"version-history":[{"count":0,"href":"https:\/\/www.csa.be\/plandefrequences\/wp-json\/wp\/v2\/pages\/64\/revisions"}],"wp:attachment":[{"href":"https:\/\/www.csa.be\/plandefrequences\/wp-json\/wp\/v2\/media?parent=64"}],"curies":[{"name":"wp","href":"https:\/\/api.w.org\/{rel}","templated":true}]}}