{"id":644,"date":"2019-08-23T10:22:44","date_gmt":"2019-08-23T08:22:44","guid":{"rendered":"http:\/\/dabplus2019.be\/?page_id=644"},"modified":"2019-08-23T10:22:44","modified_gmt":"2019-08-23T08:22:44","slug":"aide-2","status":"publish","type":"page","link":"https:\/\/www.csa.be\/plandefrequences\/aide-2\/","title":{"rendered":"Aide 2"},"content":{"rendered":"<p>[et_pb_section fb_built=\u00a0\u00bb1&Prime; _builder_version=\u00a0\u00bb3.0.47&Prime;][et_pb_row _builder_version=\u00a0\u00bb3.0.47&Prime; background_size=\u00a0\u00bbinitial\u00a0\u00bb background_position=\u00a0\u00bbtop_left\u00a0\u00bb background_repeat=\u00a0\u00bbrepeat\u00a0\u00bb][et_pb_column type=\u00a0\u00bb4_4&Prime; _builder_version=\u00a0\u00bb3.0.47&Prime; parallax=\u00a0\u00bboff\u00a0\u00bb parallax_method=\u00a0\u00bbon\u00a0\u00bb][et_pb_text _builder_version=\u00a0\u00bb3.0.106&Prime;]<\/p>\n<p>&nbsp;<\/p>\n<div class=\"et_pb_text et_pb_module et_pb_bg_layout_light et_pb_text_align_left et_pb_text_0\">\n<div class=\"et_pb_text_inner\">\n<h3>Aide<\/h3>\n<h4><\/h4>\n<h4>Questions concernant cet appel d&rsquo;offres<\/h4>\n<p>Afin d\u2019assurer l\u2019\u00e9galit\u00e9 de traitement des candidats ainsi que la transparence de la proc\u00e9dure, aucune information ne sera donn\u00e9e par t\u00e9l\u00e9phone. Vous pouvez prendre contact avec les gestionnaires de l\u2019appel d\u2019offre \u00e0 l\u2019adresse\u00a0<a href=\"mailto:info@csa.be\">info@csa.be.<\/a> Les questions qui sont pos\u00e9es par ce biais et que ne trouvent pas de r\u00e9ponse sur ce site seront ajout\u00e9es au fur et \u00e0 mesure sur cette page avec une r\u00e9ponse disponible pour tous les candidats potentiels.<\/p>\n<h4>Document d&rsquo;aide<\/h4>\n<p>Vous trouverez sur la page \u00ab\u00a0D\u00e9posez votre candidature\u00a0\u00bb le formulaire de candidature et un guide d&rsquo;aide au remplissage qui, pour chaque question du formulaire, donne des explications vous permettant de compl\u00e9ter celui-ci.<\/p>\n<p>Sur la page \u00ab\u00a0Documents\u00a0\u00bb vous trouverez tous les documents li\u00e9s \u00e0 cette proc\u00e9dure d&rsquo;appel d&rsquo;offres ( Arr\u00eat\u00e9s, Recommandations du Coll\u00e8ge d&rsquo;autorisation et de contr\u00f4le, D\u00e9cret coordonn\u00e9 sur les services de m\u00e9dias audiovisuels.<\/p>\n<h4>Rester informer sur cet appel d&rsquo;offres<\/h4>\n<p>Vous pouvez vous abonner \u00e0 une newsletter enti\u00e8rement d\u00e9di\u00e9 \u00e0 l&rsquo;appel d&rsquo;offres actuellement en cours. Les mises \u00e0 jour de ce site et autres informations seront communiqu\u00e9s de cette mani\u00e8re.<\/p>\n<p><a href=\"http:\/\/eepurl.com\/gB-pKP\" target=\"_blank\" rel=\"noopener noreferrer\">Je m&rsquo;abonne \u00e0 la newsletter de cet appel d&rsquo;offres<\/a><\/p>\n<h4>S\u00e9ances d&rsquo;information<\/h4>\n<p>Aucune s\u00e9ance d&rsquo;information n&rsquo;est programm\u00e9e pour cet appel d&rsquo;offres.<\/p>\n<\/div>\n<\/div>\n<p style=\"text-align: center\"><span style=\"font-size: x-large\"><strong>Questions du public<\/strong><\/span><\/p>\n<p>&nbsp;<\/p>\n<p><strong>19\/09\/2019 : Je souhaite soumettre \u00e0 nouveau une candidature. Dois-je joindre les annexes d\u00e9j\u00e0 transmises lors du pr\u00e9c\u00e9dent appel d&rsquo;offres?<\/strong><\/p>\n<p>Oui. Le Coll\u00e8ge d&rsquo;autorisation et de contr\u00f4le ne pourra prendre en consid\u00e9ration que les \u00e9l\u00e9ments que contient l&rsquo;envoi recommand\u00e9 pour ce nouvel appel d&rsquo;offres. Les pi\u00e8ces manquantes peuvent entra\u00eener l&rsquo;irrecevabilit\u00e9 de la candidature ou la non conformit\u00e9 de celle-ci.<\/p>\n<p style=\"text-align: center\">\n<p>[\/et_pb_text][\/et_pb_column][\/et_pb_row][\/et_pb_section]<\/p>\n","protected":false},"excerpt":{"rendered":"<p>&nbsp; Aide Questions concernant cet appel d&rsquo;offres Afin d\u2019assurer l\u2019\u00e9galit\u00e9 de traitement des candidats ainsi que la transparence de la proc\u00e9dure, aucune information ne sera donn\u00e9e par t\u00e9l\u00e9phone. Vous pouvez prendre contact avec les gestionnaires de l\u2019appel d\u2019offre \u00e0 l\u2019adresse\u00a0info@csa.be. Les questions qui sont pos\u00e9es par ce biais et que ne trouvent pas de r\u00e9ponse [&hellip;]<\/p>\n","protected":false},"author":2,"featured_media":0,"parent":0,"menu_order":0,"comment_status":"closed","ping_status":"closed","template":"","meta":{"_et_pb_use_builder":"on","_et_pb_old_content":"","_et_gb_content_width":"","footnotes":""},"class_list":["post-644","page","type-page","status-publish","hentry"],"_links":{"self":[{"href":"https:\/\/www.csa.be\/plandefrequences\/wp-json\/wp\/v2\/pages\/644","targetHints":{"allow":["GET"]}}],"collection":[{"href":"https:\/\/www.csa.be\/plandefrequences\/wp-json\/wp\/v2\/pages"}],"about":[{"href":"https:\/\/www.csa.be\/plandefrequences\/wp-json\/wp\/v2\/types\/page"}],"author":[{"embeddable":true,"href":"https:\/\/www.csa.be\/plandefrequences\/wp-json\/wp\/v2\/users\/2"}],"replies":[{"embeddable":true,"href":"https:\/\/www.csa.be\/plandefrequences\/wp-json\/wp\/v2\/comments?post=644"}],"version-history":[{"count":0,"href":"https:\/\/www.csa.be\/plandefrequences\/wp-json\/wp\/v2\/pages\/644\/revisions"}],"wp:attachment":[{"href":"https:\/\/www.csa.be\/plandefrequences\/wp-json\/wp\/v2\/media?parent=644"}],"curies":[{"name":"wp","href":"https:\/\/api.w.org\/{rel}","templated":true}]}}