{"id":895,"date":"2021-07-16T16:56:49","date_gmt":"2021-07-16T14:56:49","guid":{"rendered":"https:\/\/www.csa.be\/plandefrequences\/?page_id=895"},"modified":"2021-08-24T16:48:54","modified_gmt":"2021-08-24T14:48:54","slug":"documents-2","status":"publish","type":"page","link":"https:\/\/www.csa.be\/plandefrequences\/documents-2\/","title":{"rendered":"Documents"},"content":{"rendered":"<p>[et_pb_section fb_built=\u00a0\u00bb1&Prime; _builder_version=\u00a0\u00bb3.22&Prime; custom_padding=\u00a0\u00bb|||0px||\u00a0\u00bb][et_pb_row _builder_version=\u00a0\u00bb3.25&Prime; background_size=\u00a0\u00bbinitial\u00a0\u00bb background_position=\u00a0\u00bbtop_left\u00a0\u00bb background_repeat=\u00a0\u00bbrepeat\u00a0\u00bb][et_pb_column type=\u00a0\u00bb4_4&Prime; _builder_version=\u00a0\u00bb3.25&Prime; custom_padding=\u00a0\u00bb|||\u00a0\u00bb custom_padding__hover=\u00a0\u00bb|||\u00a0\u00bb][et_pb_text _builder_version=\u00a0\u00bb4.5.6&Prime;]<\/p>\n<h2>\u00a0Documents<\/h2>\n<p>Retrouvez ci-dessous l&rsquo;ensemble des documents li\u00e9s \u00e0 l&rsquo;appel d&rsquo;offre.<\/p>\n<h3>Formulaires et guide de remplissage<\/h3>\n<ul>\n<li><span style=\"color: #000000;\"><a href=\"https:\/\/www.csa.be\/plandefrequences\/wp-content\/uploads\/sites\/3\/2021\/07\/FM2021-Formulaire-radio-independante.docx\">Formulaire de candidature (vierge)<\/a><\/span><span style=\"color: #ff0000;\"><em><\/em><br \/> <\/span><\/li>\n<li><a href=\"https:\/\/www.csa.be\/plandefrequences\/wp-content\/uploads\/sites\/3\/2021\/08\/FM2021-Guide-remplissage-FINAL.docx\" target=\"_blank\" rel=\"noopener noreferrer\">Guide d&rsquo;aide au remplissage du formulaire<\/a><span style=\"color: #000000;\"><a href=\"https:\/\/www.csa.be\/plandefrequences\/wp-content\/uploads\/sites\/3\/2021\/08\/FM2021-Guide-remplissage-FINAL.docx\" target=\"_blank\" rel=\"noopener noreferrer\"><span style=\"color: #ff0000;\"><\/span><\/a><\/span><\/li>\n<\/ul>\n<h3>Arr\u00eat\u00e9s:<\/h3>\n<ul>\n<li><a href=\"https:\/\/www.csa.be\/plandefrequences\/wp-content\/uploads\/sites\/3\/2021\/07\/AR_AppelOffre_104.3Bruxelles_2021.pdf\" target=\"_blank\" rel=\"noopener noreferrer\">Arr\u00eat\u00e9 du Gouvernement de la Communaut\u00e9 fran\u00e7aise fixant un appel d\u2019offre pour l\u2019attribution d&rsquo;une radiofr\u00e9quence destin\u00e9e \u00e0 la diffusion d&rsquo;un service sonore en mode analogique du 30 juin 2021 (publi\u00e9 au moniteur le 14 juillet 2021)<\/a><\/li>\n<li><a href=\"https:\/\/www.csa.be\/document\/arrete-du-gouvernement-de-la-communaute-francaise-fixant-une-liste-de-radiofrequences-attribuables-pour-la-diffusion-de-service-sonore-en-mode-analogique-par-voie-hertzienne-terrestre\/\">Arr\u00eat\u00e9 du Gouvernement de la Communaut\u00e9 fran\u00e7aise fixant une liste de radiofr\u00e9quences attribuables pour la diffusion de service sonore en mode analogique par voie hertzienne terrestre du 7 f\u00e9vrier 2018.<\/a><\/li>\n<li><a href=\"https:\/\/www.csa.be\/wp-content\/uploads\/documents-csa\/Moniteur_arrete_liste_frequences_analogiques.pdf\">Arr\u00eat\u00e9 du Gouvernement de la Communaut\u00e9 fran\u00e7aise du 21 d\u00e9cembre 2018 fixant, pour la diffusion en mode analogique, la liste des radiosfr\u00e9quences assignables aux radios ind\u00e9pendantes ainsi que le nombre de radios en r\u00e9seau, leurs zones de service th\u00e9oriques et les radiofr\u00e9quences assignables qui les composent<\/a><\/li>\n<li><a href=\"http:\/\/www.csa.be\/system\/documents_files\/2974\/original\/Moniteur_arrete_definition_radio_associtaive.pdf?1547544108\">Arr\u00eat\u00e9 pr\u00e9cisant la d\u00e9finition de radio associative et d\u2019expression \u00e0 vocation culturelle ou d\u2019\u00e9ducation permanente<\/a><\/li>\n<\/ul>\n<h3>Recommandations du Coll\u00e8ge d&rsquo;autorisation et de contr\u00f4le:<\/h3>\n<ul>\n<li class=\"et_pb_module_header\"><span style=\"color: #ff0000;\"><a href=\"https:\/\/www.csa.be\/wp-content\/uploads\/2021\/08\/20210806_UR_Recom_art3.1.3-4_formats_zones_FINAL.pdf\" target=\"_blank\" rel=\"noopener noreferrer\"><span>Recommandation relative \u00e0 la diversit\u00e9 du paysage radiophonique, \u00e0 l\u2019\u00e9quilibre des formats<\/span><\/a><br \/> <\/span><\/li>\n<li class=\"et_pb_module_header\"><a href=\"https:\/\/www.csa.be\/wp-content\/uploads\/2020\/05\/Recommandation-radios-associatives-14-mai-2020.pdf\">Recommandation sur le statut de radio associative et d\u2019expression<\/a><\/li>\n<li class=\"et_pb_module_header\"><a href=\"https:\/\/www.csa.be\/wp-content\/uploads\/documents-csa\/CAC_20190124_recommandation_56bis_radio.pdf\">Recommandation relative \u00e0 la production propre des radios ind\u00e9pendantes dans le cadre de l&rsquo;article 56bis du D\u00e9cret sur les services de m\u00e9dias audiovisuels<\/a><\/li>\n<\/ul>\n<h3>Vade-mecum:<\/h3>\n<ul>\n<li><a href=\"https:\/\/www.csa.be\/wp-content\/uploads\/2021\/08\/20210824_UR_vademecum_FM2021.pdf\">Vade-mecum relatif au traitement des offres en r\u00e9ponse \u00e0 l\u2019arr\u00eat\u00e9 du 30 juin 2021 fixant le pr\u00e9sent appel d&rsquo;offre<\/a><\/li>\n<\/ul>\n<h3>D\u00e9cret:<\/h3>\n<ul>\n<li><a href=\"https:\/\/www.csa.be\/wp-content\/uploads\/2021\/03\/Nouveau-decret-SMA-du-4-fevrier-2021-Publication-au-MB.pdf\">D\u00e9cret relatif aux services de m\u00e9dias audiovisuels et aux services de partage de vid\u00e9os<\/a><a href=\"..\/wp-content\/uploads\/2019\/01\/DSMA-consolid%C3%A9-post-d%C3%A9cret-modificatif-du-14-juin-2018-12.docx\"><\/a><\/li>\n<\/ul>\n<p>&nbsp;<\/p>\n<p>&nbsp;<\/p>\n<p>&nbsp;<\/p>\n<p>&nbsp;<\/p>\n<p>[\/et_pb_text][\/et_pb_column][\/et_pb_row][\/et_pb_section]<\/p>\n","protected":false},"excerpt":{"rendered":"<p>\u00a0Documents Retrouvez ci-dessous l&rsquo;ensemble des documents li\u00e9s \u00e0 l&rsquo;appel d&rsquo;offre. Formulaires et guide de remplissage Formulaire de candidature (vierge) Guide d&rsquo;aide au remplissage du formulaire Arr\u00eat\u00e9s: Arr\u00eat\u00e9 du Gouvernement de la Communaut\u00e9 fran\u00e7aise fixant un appel d\u2019offre pour l\u2019attribution d&rsquo;une radiofr\u00e9quence destin\u00e9e \u00e0 la diffusion d&rsquo;un service sonore en mode analogique du 30 juin 2021 [&hellip;]<\/p>\n","protected":false},"author":2,"featured_media":0,"parent":0,"menu_order":0,"comment_status":"closed","ping_status":"closed","template":"","meta":{"_et_pb_use_builder":"on","_et_pb_old_content":"","_et_gb_content_width":"","footnotes":""},"class_list":["post-895","page","type-page","status-publish","hentry"],"_links":{"self":[{"href":"https:\/\/www.csa.be\/plandefrequences\/wp-json\/wp\/v2\/pages\/895","targetHints":{"allow":["GET"]}}],"collection":[{"href":"https:\/\/www.csa.be\/plandefrequences\/wp-json\/wp\/v2\/pages"}],"about":[{"href":"https:\/\/www.csa.be\/plandefrequences\/wp-json\/wp\/v2\/types\/page"}],"author":[{"embeddable":true,"href":"https:\/\/www.csa.be\/plandefrequences\/wp-json\/wp\/v2\/users\/2"}],"replies":[{"embeddable":true,"href":"https:\/\/www.csa.be\/plandefrequences\/wp-json\/wp\/v2\/comments?post=895"}],"version-history":[{"count":19,"href":"https:\/\/www.csa.be\/plandefrequences\/wp-json\/wp\/v2\/pages\/895\/revisions"}],"predecessor-version":[{"id":975,"href":"https:\/\/www.csa.be\/plandefrequences\/wp-json\/wp\/v2\/pages\/895\/revisions\/975"}],"wp:attachment":[{"href":"https:\/\/www.csa.be\/plandefrequences\/wp-json\/wp\/v2\/media?parent=895"}],"curies":[{"name":"wp","href":"https:\/\/api.w.org\/{rel}","templated":true}]}}