{"id":1103,"date":"2023-01-06T14:31:27","date_gmt":"2023-01-06T13:31:27","guid":{"rendered":"https:\/\/www.csa.be\/reperesdunumerique\/?page_id=1103"},"modified":"2023-01-06T16:02:35","modified_gmt":"2023-01-06T15:02:35","slug":"carte-numerique","status":"publish","type":"page","link":"https:\/\/www.csa.be\/reperesdunumerique\/acceder-a-la-tv\/carte-numerique\/","title":{"rendered":"Carte num\u00e9rique"},"content":{"rendered":"<p>[et_pb_section fb_built=\u00a0\u00bb1&Prime; specialty=\u00a0\u00bbon\u00a0\u00bb next_background_color=\u00a0\u00bb#ffffff\u00a0\u00bb padding_top_bottom_link_1=\u00a0\u00bbfalse\u00a0\u00bb padding_left_right_link_1=\u00a0\u00bbfalse\u00a0\u00bb padding_top_1=\u00a0\u00bb50px\u00a0\u00bb padding_1_tablet=\u00a0\u00bb0px||||false|false\u00a0\u00bb padding_1_phone=\u00a0\u00bb\u00a0\u00bb padding_1_last_edited=\u00a0\u00bbon|phone\u00a0\u00bb admin_label=\u00a0\u00bbHeader\u00a0\u00bb _builder_version=\u00a0\u00bb4.6.6&Prime; background_color=\u00a0\u00bb#f8f9fa\u00a0\u00bb bottom_divider_style=\u00a0\u00bbwave\u00a0\u00bb bottom_divider_height=\u00a0\u00bb103px\u00a0\u00bb bottom_divider_repeat=\u00a0\u00bb1.1x\u00a0\u00bb][et_pb_column type=\u00a0\u00bb1_2&Prime; specialty_columns=\u00a0\u00bb2&Prime; _builder_version=\u00a0\u00bb3.25&Prime; custom_padding=\u00a0\u00bb|||\u00a0\u00bb custom_padding__hover=\u00a0\u00bb|||\u00a0\u00bb][et_pb_row_inner _builder_version=\u00a0\u00bb4.3.2&Prime; custom_margin=\u00a0\u00bb||||false|false\u00a0\u00bb custom_margin_last_edited=\u00a0\u00bboff|tablet\u00a0\u00bb][et_pb_column_inner saved_specialty_column_type=\u00a0\u00bb1_2&Prime; _builder_version=\u00a0\u00bb4.2.2&Prime;][et_pb_divider color=\u00a0\u00bb#f9ce6e\u00a0\u00bb divider_position=\u00a0\u00bbcenter\u00a0\u00bb divider_weight=\u00a0\u00bb1px\u00a0\u00bb _builder_version=\u00a0\u00bb4.3.2&Prime; width=\u00a0\u00bb120px\u00a0\u00bb height=\u00a0\u00bb7px\u00a0\u00bb box_shadow_style=\u00a0\u00bbpreset7&Prime; box_shadow_horizontal=\u00a0\u00bb40px\u00a0\u00bb box_shadow_vertical=\u00a0\u00bb0px\u00a0\u00bb box_shadow_color=\u00a0\u00bb#f9ce6e\u00a0\u00bb locked=\u00a0\u00bboff\u00a0\u00bb][\/et_pb_divider][et_pb_text _builder_version=\u00a0\u00bb4.6.6&Prime; header_4_font=\u00a0\u00bbPT Sans|700||on|||||\u00a0\u00bb header_4_text_color=\u00a0\u00bb#ffc107&Prime; header_4_font_size=\u00a0\u00bb11px\u00a0\u00bb header_4_letter_spacing=\u00a0\u00bb1px\u00a0\u00bb custom_margin=\u00a0\u00bb-38px|||130px|false|false\u00a0\u00bb custom_padding=\u00a0\u00bb||||false|false\u00a0\u00bb locked=\u00a0\u00bboff\u00a0\u00bb]<\/p>\n<h4>T\u00e9l\u00e9vision num\u00e9rique par carte num\u00e9rique<\/h4>\n<p>[\/et_pb_text][et_pb_text _builder_version=\u00a0\u00bb4.6.6&Prime; text_font=\u00a0\u00bbPT Sans||||||||\u00a0\u00bb text_font_size=\u00a0\u00bb16px\u00a0\u00bb text_line_height=\u00a0\u00bb1.8em\u00a0\u00bb header_font=\u00a0\u00bbPlayfair Display|700|||||||\u00a0\u00bb header_font_size=\u00a0\u00bb60px\u00a0\u00bb header_line_height=\u00a0\u00bb1.1em\u00a0\u00bb header_font_size_tablet=\u00a0\u00bb40px\u00a0\u00bb header_font_size_phone=\u00a0\u00bb30px\u00a0\u00bb header_font_size_last_edited=\u00a0\u00bbon|phone\u00a0\u00bb]<\/p>\n<h1><strong>T\u00e9l\u00e9vision num\u00e9rique par carte num\u00e9rique<br \/> <\/strong><\/h1>\n<p style=\"text-align: justify;\">Aujourd\u2019hui, les consommateurs et consommatrice.s acc\u00e8dent tr\u00e8s majoritairement \u00e0 la t\u00e9l\u00e9distribution en format num\u00e9rique, qui leur offre un plus grand choix dans une meilleure qualit\u00e9 et tend donc \u00e0 supplanter le format analogique, techniquement d\u00e9pass\u00e9. Cependant, la r\u00e9ception de la t\u00e9l\u00e9distribution num\u00e9rique n\u00e9cessite en g\u00e9n\u00e9ral l\u2019utilisation d\u2019un mat\u00e9riel de d\u00e9codage tel qu\u2019un d\u00e9codeur.<\/p>\n<p style=\"text-align: justify;\">Il subsiste n\u00e9anmoins, dans certaines r\u00e9gions, une offre de t\u00e9l\u00e9distribution analogique sur certains r\u00e9seaux du c\u00e2ble coaxial. D\u2019autre part, certains consommateur.trice.s r\u00e9sidant dans des r\u00e9gions pass\u00e9es au format num\u00e9rique pourraient pr\u00e9f\u00e9rer ne pas recourir \u00e0 un d\u00e9codeur, malgr\u00e9 le confort que celui-ci peut repr\u00e9senter.<\/p>\n<p style=\"text-align: justify;\">Dans ces deux cas, il est possible d\u2019utiliser une carte TV num\u00e9rique (aussi appel\u00e9e \u00ab\u00a0module CI+\u00a0\u00bb) qu\u2019il suffit de placer dans un t\u00e9l\u00e9viseur compatible.<\/p>\n<p style=\"text-align: justify;\">[\/et_pb_text][\/et_pb_column_inner][\/et_pb_row_inner][\/et_pb_column][et_pb_column type=\u00a0\u00bb1_2&Prime; _builder_version=\u00a0\u00bb3.25&Prime; custom_padding=\u00a0\u00bb|||\u00a0\u00bb custom_padding__hover=\u00a0\u00bb|||\u00a0\u00bb][et_pb_image src=\u00a0\u00bbhttps:\/\/www.csa.be\/reperesdunumerique\/wp-content\/uploads\/sites\/7\/2022\/12\/cache_04.png\u00a0\u00bb title_text=\u00a0\u00bbpexels-rachel-claire-cartenum\u00a0\u00bb _builder_version=\u00a0\u00bb4.6.6&Prime; background_enable_color=\u00a0\u00bboff\u00a0\u00bb background_image=\u00a0\u00bbhttps:\/\/www.csa.be\/reperesdunumerique\/wp-content\/uploads\/sites\/7\/2023\/01\/pexels-rachel-claire-cartenum.jpg\u00a0\u00bb max_height_last_edited=\u00a0\u00bboff|tablet\u00a0\u00bb custom_margin=\u00a0\u00bb||30px||false|false\u00a0\u00bb][\/et_pb_image][\/et_pb_column][\/et_pb_section][et_pb_section fb_built=\u00a0\u00bb1&Prime; admin_label=\u00a0\u00bbHow it Works\u00a0\u00bb _builder_version=\u00a0\u00bb4.6.6&Prime; min_height=\u00a0\u00bb792px\u00a0\u00bb bottom_divider_style=\u00a0\u00bbwave\u00a0\u00bb bottom_divider_color=\u00a0\u00bb#212121&Prime; bottom_divider_height=\u00a0\u00bb86px\u00a0\u00bb][et_pb_row custom_padding_last_edited=\u00a0\u00bbon|phone\u00a0\u00bb _builder_version=\u00a0\u00bb4.6.6&Prime; background_color=\u00a0\u00bbrgba(0,0,0,0)\u00a0\u00bb min_height=\u00a0\u00bb579px\u00a0\u00bb custom_margin=\u00a0\u00bb-20px|auto||auto||\u00a0\u00bb custom_padding=\u00a0\u00bb2px|40px|30px|40px|false|true\u00a0\u00bb custom_padding_tablet=\u00a0\u00bb|30px||30px|false|true\u00a0\u00bb custom_padding_phone=\u00a0\u00bb|20px||20px|false|true\u00a0\u00bb border_radii=\u00a0\u00bbon|10px|10px|10px|10px\u00a0\u00bb][et_pb_column type=\u00a0\u00bb4_4&Prime; _builder_version=\u00a0\u00bb4.0.8&Prime;][et_pb_tabs active_tab_background_color=\u00a0\u00bb#46afab\u00a0\u00bb inactive_tab_background_color=\u00a0\u00bbrgba(0,0,0,0)\u00a0\u00bb active_tab_text_color=\u00a0\u00bb#ffffff\u00a0\u00bb _builder_version=\u00a0\u00bb4.6.6&Prime; _module_preset=\u00a0\u00bbdefault\u00a0\u00bb body_text_align=\u00a0\u00bbjustify\u00a0\u00bb tab_line_height=\u00a0\u00bb2.8em\u00a0\u00bb background_color=\u00a0\u00bbrgba(0,0,0,0)\u00a0\u00bb animation_style=\u00a0\u00bbfade\u00a0\u00bb border_radii=\u00a0\u00bboff|25px|25px|25px|25px\u00a0\u00bb box_shadow_style=\u00a0\u00bbpreset1&Prime; inactive_tab_background_color__hover_enabled=\u00a0\u00bbon|hover\u00a0\u00bb inactive_tab_background_color__hover=\u00a0\u00bb#46afab\u00a0\u00bb tab_text_color__hover_enabled=\u00a0\u00bbon|hover\u00a0\u00bb active_tab_background_color__hover_enabled=\u00a0\u00bbon|hover\u00a0\u00bb active_tab_text_color__hover_enabled=\u00a0\u00bbon|hover\u00a0\u00bb active_tab_text_color__hover=\u00a0\u00bb#ffffff\u00a0\u00bb tab_text_color__hover=\u00a0\u00bb#ffffff\u00a0\u00bb active_tab_background_color__hover=\u00a0\u00bb#46afab\u00a0\u00bb][et_pb_tab title=\u00a0\u00bb(D\u00c9S)AVANTAGES\u00a0\u00bb _builder_version=\u00a0\u00bb4.6.6&Prime; _module_preset=\u00a0\u00bbdefault\u00a0\u00bb]<\/p>\n<h2>Avantages et d\u00e9savantages<\/h2>\n<p><span data-contrast=\"auto\"><\/span><\/p>\n<p><span data-contrast=\"auto\"><\/span><\/p>\n<h3>Avantages<\/h3>\n<ul>\n<li>Pas besoin d\u2019un d\u00e9codeur\u00a0;<\/li>\n<li>Nombreuses cha\u00eenes\u00a0;<\/li>\n<li>Qualit\u00e9 d\u2019image, notamment nombreuses cha\u00eenes en haute d\u00e9finition (HD)\u00a0;<\/li>\n<li>Qualit\u00e9 de son\u00a0;<\/li>\n<li>Offre \u00e0 la t\u00e9l\u00e9distribution seule (il n\u2019est pas oblig\u00e9 d\u2019\u00eatre abonn\u00e9 \u00e0 une offre group\u00e9e ou \u00e0 Internet, seul l&rsquo;abonnement \u00e0 la t\u00e9l\u00e9distribution est n\u00e9cessaire.)<\/li>\n<\/ul>\n<p>&nbsp;<\/p>\n<h3>\u00a0D\u00e9savantages<\/h3>\n<ul>\n<li>Souscription \u00e0 un abonnement\u00a0;<\/li>\n<li>Pas de vid\u00e9o \u00e0 la demande (VOD)\u00a0;<\/li>\n<li>Pas de t\u00e9l\u00e9vision de rattrapage (catch-up TV);<\/li>\n<li>N\u00e9cessite un t\u00e9l\u00e9viseur compatible dot\u00e9e d\u2019un logement CI+.<\/li>\n<\/ul>\n<p>&nbsp;<\/p>\n<p>[\/et_pb_tab][et_pb_tab title=\u00a0\u00bbOFFRE GRATUITE\u00a0\u00bb _builder_version=\u00a0\u00bb4.6.6&Prime; _module_preset=\u00a0\u00bbdefault\u00a0\u00bb]<\/p>\n<h2>Offre de t\u00e9l\u00e9vision num\u00e9rique gratuite par carte num\u00e9rique <\/h2>\n<p>&nbsp;<\/p>\n<p>Son acc\u00e8s n&rsquo;est pas gratuit et n\u00e9cessite un abonnement.<\/p>\n<p>&nbsp;<\/p>\n<p><span data-ccp-props=\"{&quot;201341983&quot;:0,&quot;335551550&quot;:6,&quot;335551620&quot;:6,&quot;335559739&quot;:160,&quot;335559740&quot;:259}\"><a href=\"https:\/\/www.csa.be\/reperesdunumerique\/icon-1293234_1280\/\"><\/a><\/span><\/p>\n<p>[\/et_pb_tab][et_pb_tab title=\u00a0\u00bbOFFRE PAYANTE\u00a0\u00bb _builder_version=\u00a0\u00bb4.6.6&Prime; _module_preset=\u00a0\u00bbdefault\u00a0\u00bb]<\/p>\n<h2>Offre de t\u00e9l\u00e9vision num\u00e9rique payante par carte num\u00e9rique<\/h2>\n<p>&nbsp;<\/p>\n<p style=\"text-align: justify;\">Il existe une offre pour la t\u00e9l\u00e9vision seule.<\/p>\n<p style=\"text-align: justify;\">Pour le d\u00e9tail, rendez-vous directement sur le site des distributeurs :\u00a0<a href=\"http:\/\/www.voo.be\/fr\/\"><strong>VOO<\/strong><\/a>\/\u00a0<a href=\"http:\/\/telenet.be\/5\/fr\/prive\"><strong>Telenet<\/strong><\/a><\/p>\n<p style=\"text-align: justify;\">Si vous souhaitez comparer les offres, rendez-vous sur\u00a0<a href=\"https:\/\/www.meilleurtarif.be\/#\/home\">meilleurtarif.be<\/a>\u00a0mis au point par l\u2019Institut belge des services postaux et des t\u00e9l\u00e9communications (IBPT).<\/p>\n<p>&nbsp;<\/p>\n<p>[\/et_pb_tab][et_pb_tab title=\u00a0\u00bb\u00c9QUIPEMENT\u00a0\u00bb _builder_version=\u00a0\u00bb4.6.6&Prime; _module_preset=\u00a0\u00bbdefault\u00a0\u00bb]<\/p>\n<h2>Mat\u00e9riel de r\u00e9ception<\/h2>\n<p><strong><\/strong><\/p>\n<p><strong>TV num\u00e9rique<\/strong>\u00a0: un module CI+ avec smartcard pour les t\u00e9l\u00e9viseurs compatibles (actuellement seulement disponible chez\u00a0<a href=\"https:\/\/www2.telenet.be\/fr\/serviceclient\/quest-ce-que-tv-avec-une-carte\/\"><strong>Telenet<\/strong><\/a>\u00a0et\u00a0<a href=\"https:\/\/assistance.voo.be\/fr\/support\/tv\/tv-numerique\/installation-et-activation\/qu-est-ce-que-la-carte-tv-numerique--.html\">VOO<\/a>).<\/p>\n<p>&nbsp;<\/p>\n<p><span data-contrast=\"auto\"><a href=\"https:\/\/www.csa.be\/reperesdunumerique\/outils\/\"><\/a><\/span><\/p>\n<p>[\/et_pb_tab][et_pb_tab title=\u00a0\u00bbDISPONIBILIT\u00c9\u00a0\u00bb _builder_version=\u00a0\u00bb4.6.6&Prime; _module_preset=\u00a0\u00bbdefault\u00a0\u00bb]<\/p>\n<h2>Disponibilit\u00e9<\/h2>\n<p>&nbsp;<\/p>\n<p>Couverture int\u00e9grale en F\u00e9d\u00e9ration Wallonie-Bruxelles. Pour tester la disponibilit\u00e9, rendez-vous directement sur le site des distributeurs :<a href=\"http:\/\/www.voo.be\/fr\/\"><strong><\/strong><\/a><\/p>\n<p><a href=\"http:\/\/www.voo.be\/fr\/\"><strong>VOO<\/strong><\/a>\/\u00a0<a href=\"http:\/\/telenet.be\/5\/fr\/prive\"><strong>Telenet<\/strong><\/a>.<\/p>\n<p>&nbsp;<\/p>\n<p><span data-contrast=\"auto\"><a href=\"https:\/\/www.csa.be\/reperesdunumerique\/localisation\/\"><\/a><\/span><\/p>\n<p>[\/et_pb_tab][\/et_pb_tabs][\/et_pb_column][\/et_pb_row][\/et_pb_section]<\/p>\n","protected":false},"excerpt":{"rendered":"<p>T\u00e9l\u00e9vision num\u00e9rique par carte num\u00e9riqueT\u00e9l\u00e9vision num\u00e9rique par carte num\u00e9rique Aujourd\u2019hui, les consommateurs et consommatrice.s acc\u00e8dent tr\u00e8s majoritairement \u00e0 la t\u00e9l\u00e9distribution en format num\u00e9rique, qui leur offre un plus grand choix dans une meilleure qualit\u00e9 et tend donc \u00e0 supplanter le format analogique, techniquement d\u00e9pass\u00e9. Cependant, la r\u00e9ception de la t\u00e9l\u00e9distribution num\u00e9rique n\u00e9cessite en g\u00e9n\u00e9ral l\u2019utilisation [&hellip;]<\/p>\n","protected":false},"author":2,"featured_media":0,"parent":1023,"menu_order":0,"comment_status":"closed","ping_status":"closed","template":"","meta":{"_et_pb_use_builder":"on","_et_pb_old_content":"","_et_gb_content_width":"","footnotes":""},"class_list":["post-1103","page","type-page","status-publish","hentry"],"_links":{"self":[{"href":"https:\/\/www.csa.be\/reperesdunumerique\/wp-json\/wp\/v2\/pages\/1103","targetHints":{"allow":["GET"]}}],"collection":[{"href":"https:\/\/www.csa.be\/reperesdunumerique\/wp-json\/wp\/v2\/pages"}],"about":[{"href":"https:\/\/www.csa.be\/reperesdunumerique\/wp-json\/wp\/v2\/types\/page"}],"author":[{"embeddable":true,"href":"https:\/\/www.csa.be\/reperesdunumerique\/wp-json\/wp\/v2\/users\/2"}],"replies":[{"embeddable":true,"href":"https:\/\/www.csa.be\/reperesdunumerique\/wp-json\/wp\/v2\/comments?post=1103"}],"version-history":[{"count":7,"href":"https:\/\/www.csa.be\/reperesdunumerique\/wp-json\/wp\/v2\/pages\/1103\/revisions"}],"predecessor-version":[{"id":1129,"href":"https:\/\/www.csa.be\/reperesdunumerique\/wp-json\/wp\/v2\/pages\/1103\/revisions\/1129"}],"up":[{"embeddable":true,"href":"https:\/\/www.csa.be\/reperesdunumerique\/wp-json\/wp\/v2\/pages\/1023"}],"wp:attachment":[{"href":"https:\/\/www.csa.be\/reperesdunumerique\/wp-json\/wp\/v2\/media?parent=1103"}],"curies":[{"name":"wp","href":"https:\/\/api.w.org\/{rel}","templated":true}]}}