{"id":1190,"date":"2023-10-16T13:36:51","date_gmt":"2023-10-16T11:36:51","guid":{"rendered":"https:\/\/www.csa.be\/reperesdunumerique\/?page_id=1190"},"modified":"2023-10-16T13:37:00","modified_gmt":"2023-10-16T11:37:00","slug":"fibreoptique","status":"publish","type":"page","link":"https:\/\/www.csa.be\/reperesdunumerique\/fibreoptique\/","title":{"rendered":"Fibre optique"},"content":{"rendered":"<p>[et_pb_section fb_built=\u00a0\u00bb1&Prime; specialty=\u00a0\u00bbon\u00a0\u00bb next_background_color=\u00a0\u00bb#ffffff\u00a0\u00bb padding_top_1=\u00a0\u00bb50px\u00a0\u00bb padding_top_bottom_link_1=\u00a0\u00bbfalse\u00a0\u00bb padding_left_right_link_1=\u00a0\u00bbfalse\u00a0\u00bb padding_1_tablet=\u00a0\u00bb0px||||false|false\u00a0\u00bb padding_1_phone=\u00a0\u00bb\u00a0\u00bb padding_1_last_edited=\u00a0\u00bbon|phone\u00a0\u00bb admin_label=\u00a0\u00bbHeader\u00a0\u00bb _builder_version=\u00a0\u00bb4.16&Prime; background_color=\u00a0\u00bb#f8f9fa\u00a0\u00bb bottom_divider_style=\u00a0\u00bbwave\u00a0\u00bb bottom_divider_height=\u00a0\u00bb166px\u00a0\u00bb bottom_divider_repeat=\u00a0\u00bb1.2x\u00a0\u00bb global_colors_info=\u00a0\u00bb{}\u00a0\u00bb][et_pb_column type=\u00a0\u00bb1_2&Prime; specialty_columns=\u00a0\u00bb2&Prime; _builder_version=\u00a0\u00bb4.16&Prime; custom_padding=\u00a0\u00bb|||\u00a0\u00bb global_colors_info=\u00a0\u00bb{}\u00a0\u00bb custom_padding__hover=\u00a0\u00bb|||\u00a0\u00bb][et_pb_row_inner _builder_version=\u00a0\u00bb4.16&Prime; custom_margin=\u00a0\u00bb||||false|false\u00a0\u00bb custom_margin_last_edited=\u00a0\u00bboff|tablet\u00a0\u00bb global_colors_info=\u00a0\u00bb{}\u00a0\u00bb][et_pb_column_inner saved_specialty_column_type=\u00a0\u00bb1_2&Prime; _builder_version=\u00a0\u00bb4.16&Prime; global_colors_info=\u00a0\u00bb{}\u00a0\u00bb][et_pb_divider color=\u00a0\u00bb#f9ce6e\u00a0\u00bb divider_position=\u00a0\u00bbcenter\u00a0\u00bb divider_weight=\u00a0\u00bb1px\u00a0\u00bb _builder_version=\u00a0\u00bb4.16&Prime; width=\u00a0\u00bb120px\u00a0\u00bb height=\u00a0\u00bb7px\u00a0\u00bb box_shadow_style=\u00a0\u00bbpreset7&Prime; box_shadow_horizontal=\u00a0\u00bb40px\u00a0\u00bb box_shadow_vertical=\u00a0\u00bb0px\u00a0\u00bb box_shadow_color=\u00a0\u00bb#f9ce6e\u00a0\u00bb locked=\u00a0\u00bboff\u00a0\u00bb global_colors_info=\u00a0\u00bb{}\u00a0\u00bb][\/et_pb_divider][et_pb_text _builder_version=\u00a0\u00bb4.21.0&Prime; header_4_font=\u00a0\u00bbPT Sans|700||on|||||\u00a0\u00bb header_4_text_color=\u00a0\u00bb#ffc107&Prime; header_4_font_size=\u00a0\u00bb11px\u00a0\u00bb header_4_letter_spacing=\u00a0\u00bb1px\u00a0\u00bb custom_margin=\u00a0\u00bb-38px|||130px|false|false\u00a0\u00bb custom_padding=\u00a0\u00bb||||false|false\u00a0\u00bb locked=\u00a0\u00bboff\u00a0\u00bb global_colors_info=\u00a0\u00bb{}\u00a0\u00bb]<\/p>\n<h4><strong>T\u00e9l\u00e9vision par fibre optique<br \/><\/strong><\/h4>\n<p>[\/et_pb_text][et_pb_text _builder_version=\u00a0\u00bb4.21.0&Prime; text_font=\u00a0\u00bbPT Sans||||||||\u00a0\u00bb text_font_size=\u00a0\u00bb16px\u00a0\u00bb text_line_height=\u00a0\u00bb1.8em\u00a0\u00bb header_font=\u00a0\u00bbPlayfair Display|700|||||||\u00a0\u00bb header_font_size=\u00a0\u00bb60px\u00a0\u00bb header_line_height=\u00a0\u00bb1.1em\u00a0\u00bb header_font_size_tablet=\u00a0\u00bb40px\u00a0\u00bb header_font_size_phone=\u00a0\u00bb30px\u00a0\u00bb header_font_size_last_edited=\u00a0\u00bbon|phone\u00a0\u00bb global_colors_info=\u00a0\u00bb{}\u00a0\u00bb]<\/p>\n<h1><strong>T\u00e9l\u00e9vision par fibre optique<br \/><\/strong><\/h1>\n<p>&nbsp;<\/p>\n<p style=\"text-align: justify;\">La fibre optique est un type de c\u00e2ble en fil de verre ou de plastique permettant la transmission de donn\u00e9es sur de grandes distances, \u00e0 une vitesse tr\u00e8s \u00e9lev\u00e9e, par le biais de signaux lumineux. On observe g\u00e9n\u00e9ralement plusieurs fils de fibre optique dans un c\u00e2ble de fibre optique. Le fait de pouvoir transmettre un signal \u00e0 la vitesse de la lumi\u00e8re permet le transport de grandes quantit\u00e9s de donn\u00e9es avec une connexion rapide et stable.<\/p>\n<p style=\"text-align: justify;\">Le r\u00e9seau de fibre optique permet de recevoir des services de distributeurs comprenant notamment la t\u00e9l\u00e9vision.<\/p>\n<p>&nbsp;<\/p>\n<p>&nbsp;<\/p>\n<p>[\/et_pb_text][\/et_pb_column_inner][\/et_pb_row_inner][\/et_pb_column][et_pb_column type=\u00a0\u00bb1_2&Prime; _builder_version=\u00a0\u00bb4.16&Prime; custom_padding=\u00a0\u00bb|||\u00a0\u00bb global_colors_info=\u00a0\u00bb{}\u00a0\u00bb custom_padding__hover=\u00a0\u00bb|||\u00a0\u00bb][et_pb_image src=\u00a0\u00bbhttps:\/\/www.csa.be\/reperesdunumerique\/wp-content\/uploads\/sites\/7\/2022\/12\/cache_04.png\u00a0\u00bb title_text=\u00a0\u00bbglass-fiber-8247503_1280&Prime; _builder_version=\u00a0\u00bb4.21.0&Prime; background_enable_color=\u00a0\u00bboff\u00a0\u00bb background_image=\u00a0\u00bbhttps:\/\/www.csa.be\/reperesdunumerique\/wp-content\/uploads\/sites\/7\/2023\/10\/glass-fiber-8247503_1280.png\u00a0\u00bb max_height_last_edited=\u00a0\u00bboff|tablet\u00a0\u00bb custom_margin=\u00a0\u00bb||30px||false|false\u00a0\u00bb hover_enabled=\u00a0\u00bb0&Prime; global_colors_info=\u00a0\u00bb{}\u00a0\u00bb sticky_enabled=\u00a0\u00bb0&Prime;][\/et_pb_image][\/et_pb_column][\/et_pb_section][et_pb_section fb_built=\u00a0\u00bb1&Prime; admin_label=\u00a0\u00bbHow it Works\u00a0\u00bb _builder_version=\u00a0\u00bb4.16&Prime; bottom_divider_style=\u00a0\u00bbwave\u00a0\u00bb bottom_divider_color=\u00a0\u00bb#212121&Prime; global_colors_info=\u00a0\u00bb{}\u00a0\u00bb custom_padding=\u00a0\u00bb||66px|||\u00a0\u00bb][et_pb_row custom_padding_last_edited=\u00a0\u00bbon|phone\u00a0\u00bb _builder_version=\u00a0\u00bb4.16&Prime; background_color=\u00a0\u00bbrgba(0,0,0,0)\u00a0\u00bb min_height=\u00a0\u00bb579px\u00a0\u00bb custom_margin=\u00a0\u00bb-20px|auto||auto||\u00a0\u00bb custom_padding=\u00a0\u00bb2px|40px|30px|40px|false|true\u00a0\u00bb custom_padding_tablet=\u00a0\u00bb|30px||30px|false|true\u00a0\u00bb custom_padding_phone=\u00a0\u00bb|20px||20px|false|true\u00a0\u00bb border_radii=\u00a0\u00bbon|10px|10px|10px|10px\u00a0\u00bb global_colors_info=\u00a0\u00bb{}\u00a0\u00bb][et_pb_column type=\u00a0\u00bb4_4&Prime; _builder_version=\u00a0\u00bb4.16&Prime; global_colors_info=\u00a0\u00bb{}\u00a0\u00bb][et_pb_tabs active_tab_background_color=\u00a0\u00bb#46afab\u00a0\u00bb inactive_tab_background_color=\u00a0\u00bbrgba(0,0,0,0)\u00a0\u00bb active_tab_text_color=\u00a0\u00bb#ffffff\u00a0\u00bb _builder_version=\u00a0\u00bb4.21.0&Prime; _module_preset=\u00a0\u00bbdefault\u00a0\u00bb body_text_align=\u00a0\u00bbjustify\u00a0\u00bb tab_line_height=\u00a0\u00bb2.8em\u00a0\u00bb background_color=\u00a0\u00bbrgba(0,0,0,0)\u00a0\u00bb animation_style=\u00a0\u00bbfade\u00a0\u00bb border_radii=\u00a0\u00bboff|25px|25px|25px|25px\u00a0\u00bb box_shadow_style=\u00a0\u00bbpreset1&Prime; global_colors_info=\u00a0\u00bb{}\u00a0\u00bb inactive_tab_background_color__hover_enabled=\u00a0\u00bbon|hover\u00a0\u00bb inactive_tab_background_color__hover=\u00a0\u00bb#46afab\u00a0\u00bb tab_text_color__hover_enabled=\u00a0\u00bbon|hover\u00a0\u00bb active_tab_background_color__hover_enabled=\u00a0\u00bbon|hover\u00a0\u00bb active_tab_text_color__hover_enabled=\u00a0\u00bbon|hover\u00a0\u00bb active_tab_text_color__hover=\u00a0\u00bb#ffffff\u00a0\u00bb tab_text_color__hover=\u00a0\u00bb#ffffff\u00a0\u00bb active_tab_background_color__hover=\u00a0\u00bb#46afab\u00a0\u00bb][et_pb_tab title=\u00a0\u00bb(D\u00c9S)AVANTAGES\u00a0\u00bb _builder_version=\u00a0\u00bb4.21.0&Prime; _module_preset=\u00a0\u00bbdefault\u00a0\u00bb global_colors_info=\u00a0\u00bb{}\u00a0\u00bb]<\/p>\n<h2>Avantages et d\u00e9savantages<\/h2>\n<p><span data-contrast=\"auto\"><\/span><\/p>\n<p><span data-contrast=\"auto\"><\/span><\/p>\n<h3>Avantages<\/h3>\n<ul>\n<li>Vitesses ultra-rapides\u00a0;<\/li>\n<li>Stabilit\u00e9 de la connexion\u00a0;<\/li>\n<li>Faible latence\u00a0;<\/li>\n<li>Nombreuses cha\u00eenes\u00a0;<\/li>\n<li>Qualit\u00e9 d\u2019image, notamment nombreuses cha\u00eenes en haute d\u00e9finition (HD)\u00a0;<\/li>\n<li>Internet, VOD et t\u00e9l\u00e9vision interactive disponible\u00a0: guide \u00e9lectronique de programmes, fonctions \u00ab replay \u00bb et \u00ab restart \u00bb, etc.<\/li>\n<li>Offres group\u00e9es (packs regroupant TV, Internet et t\u00e9l\u00e9phonie) et bouquets th\u00e9matiques suppl\u00e9mentaires (sports, cin\u00e9ma, divertissement, etc.).<\/li>\n<\/ul>\n<p>&nbsp;<\/p>\n<h3>\u00a0D\u00e9savantages<\/h3>\n<ul>\n<li>Pas disponible partout \u00e0 ce stade car le d\u00e9ploiement du r\u00e9seau est en cours ;<\/li>\n<li>Raccordement \u00e0 installer ;<\/li>\n<li>Souscription \u00e0 un abonnement\u00a0;<\/li>\n<li>Pas de t\u00e9l\u00e9vision hors des offres group\u00e9es.<\/li>\n<\/ul>\n<p>[\/et_pb_tab][et_pb_tab title=\u00a0\u00bbOFFRE GRATUITE\u00a0\u00bb _builder_version=\u00a0\u00bb4.21.0&Prime; _module_preset=\u00a0\u00bbdefault\u00a0\u00bb global_colors_info=\u00a0\u00bb{}\u00a0\u00bb]<\/p>\n<h2>Offre gratuite<\/h2>\n<p>&nbsp;<\/p>\n<p>Il n\u2019existe pas d\u2019offre gratuite en fibre.<\/p>\n<p>Par ailleurs, afin de disposer d\u2019une offre de t\u00e9l\u00e9vision, il faut au minimum souscrire \u00e0 une offre Internet.<\/p>\n<p>[\/et_pb_tab][et_pb_tab title=\u00a0\u00bbOFFRE PAYANTE\u00a0\u00bb _builder_version=\u00a0\u00bb4.21.0&Prime; _module_preset=\u00a0\u00bbdefault\u00a0\u00bb global_colors_info=\u00a0\u00bb{}\u00a0\u00bb]<\/p>\n<h2>Offre payante<\/h2>\n<p>&nbsp;<\/p>\n<p>Afin de disposer d\u2019une offre de t\u00e9l\u00e9vision, il faut au minimum souscrire \u00e0 une offre Internet.<\/p>\n<p>Si vous souhaitez comparer les offres group\u00e9es (packs) existantes, rendez-vous sur le site <a href=\"https:\/\/meilleurtarif.be\/#\/home\">meilleurtarif.be<\/a>, mis au point par l\u2019Institut belge des services postaux et des t\u00e9l\u00e9communications (IBPT).<\/p>\n<p>[\/et_pb_tab][et_pb_tab title=\u00a0\u00bb\u00c9QUIPEMENT\u00a0\u00bb _builder_version=\u00a0\u00bb4.21.0&Prime; _module_preset=\u00a0\u00bbdefault\u00a0\u00bb global_colors_info=\u00a0\u00bb{}\u00a0\u00bb]<\/p>\n<h2>Mat\u00e9riel de r\u00e9ception<\/h2>\n<p>&nbsp;<\/p>\n<p>L\u2019installation de votre Internet et de votre TV est habituellement effectu\u00e9e par un technicien envoy\u00e9 par l\u2019op\u00e9rateur proposant la fibre de votre choix. Des informations au sujet du raccordement de votre habitation (construction ou r\u00e9novation) sont disponibles sur les sites de ces op\u00e9rateurs.<\/p>\n<p>Dans les offres propos\u00e9es, la location d\u2019un d\u00e9codeur peut \u00eatre \u00e9galement n\u00e9cessaire.<\/p>\n<p>[\/et_pb_tab][et_pb_tab title=\u00a0\u00bbDISPONIBILIT\u00c9\u00a0\u00bb _builder_version=\u00a0\u00bb4.21.0&Prime; _module_preset=\u00a0\u00bbdefault\u00a0\u00bb global_colors_info=\u00a0\u00bb{}\u00a0\u00bb]<\/p>\n<h2>Disponibilit\u00e9<\/h2>\n<p><strong><\/strong><\/p>\n<p>Pour v\u00e9rifier l\u2019\u00e9tat d&rsquo;avancement du d\u00e9ploiement des r\u00e9seaux de fibre optique Fibre To The Home (FTTH) sur le territoire belge tel que fourni par les op\u00e9rateurs, vous pouvez <a href=\"https:\/\/www.bipt-data.be\/fr\/projects\/atlas\/ftth\">consulter la carte de la fibre FTTH<\/a> d\u00e9velopp\u00e9e par l\u2019IBPT.<\/p>\n<p><span data-contrast=\"auto\"><a href=\"https:\/\/www.csa.be\/reperesdunumerique\/localisation\/\"><\/a><\/span><\/p>\n<p>[\/et_pb_tab][\/et_pb_tabs][\/et_pb_column][\/et_pb_row][\/et_pb_section]<\/p>\n","protected":false},"excerpt":{"rendered":"<p>T\u00e9l\u00e9vision par fibre optiqueT\u00e9l\u00e9vision par fibre optique &nbsp; La fibre optique est un type de c\u00e2ble en fil de verre ou de plastique permettant la transmission de donn\u00e9es sur de grandes distances, \u00e0 une vitesse tr\u00e8s \u00e9lev\u00e9e, par le biais de signaux lumineux. On observe g\u00e9n\u00e9ralement plusieurs fils de fibre optique dans un c\u00e2ble de [&hellip;]<\/p>\n","protected":false},"author":2,"featured_media":0,"parent":0,"menu_order":0,"comment_status":"closed","ping_status":"closed","template":"","meta":{"_et_pb_use_builder":"on","_et_pb_old_content":"","_et_gb_content_width":"","footnotes":""},"class_list":["post-1190","page","type-page","status-publish","hentry"],"_links":{"self":[{"href":"https:\/\/www.csa.be\/reperesdunumerique\/wp-json\/wp\/v2\/pages\/1190","targetHints":{"allow":["GET"]}}],"collection":[{"href":"https:\/\/www.csa.be\/reperesdunumerique\/wp-json\/wp\/v2\/pages"}],"about":[{"href":"https:\/\/www.csa.be\/reperesdunumerique\/wp-json\/wp\/v2\/types\/page"}],"author":[{"embeddable":true,"href":"https:\/\/www.csa.be\/reperesdunumerique\/wp-json\/wp\/v2\/users\/2"}],"replies":[{"embeddable":true,"href":"https:\/\/www.csa.be\/reperesdunumerique\/wp-json\/wp\/v2\/comments?post=1190"}],"version-history":[{"count":9,"href":"https:\/\/www.csa.be\/reperesdunumerique\/wp-json\/wp\/v2\/pages\/1190\/revisions"}],"predecessor-version":[{"id":1207,"href":"https:\/\/www.csa.be\/reperesdunumerique\/wp-json\/wp\/v2\/pages\/1190\/revisions\/1207"}],"wp:attachment":[{"href":"https:\/\/www.csa.be\/reperesdunumerique\/wp-json\/wp\/v2\/media?parent=1190"}],"curies":[{"name":"wp","href":"https:\/\/api.w.org\/{rel}","templated":true}]}}