{"id":321,"date":"2021-11-17T13:13:59","date_gmt":"2021-11-17T12:13:59","guid":{"rendered":"https:\/\/www.csa.be\/reperesdunumerique\/?page_id=321"},"modified":"2025-11-04T14:14:08","modified_gmt":"2025-11-04T13:14:08","slug":"iptv","status":"publish","type":"page","link":"https:\/\/www.csa.be\/reperesdunumerique\/iptv\/","title":{"rendered":"IPTV"},"content":{"rendered":"<p>[et_pb_section fb_built=\u00a0\u00bb1&Prime; specialty=\u00a0\u00bbon\u00a0\u00bb next_background_color=\u00a0\u00bb#ffffff\u00a0\u00bb padding_top_1=\u00a0\u00bb50px\u00a0\u00bb padding_top_bottom_link_1=\u00a0\u00bbfalse\u00a0\u00bb padding_left_right_link_1=\u00a0\u00bbfalse\u00a0\u00bb padding_1_tablet=\u00a0\u00bb0px||||false|false\u00a0\u00bb padding_1_phone=\u00a0\u00bb\u00a0\u00bb padding_1_last_edited=\u00a0\u00bbon|phone\u00a0\u00bb admin_label=\u00a0\u00bbHeader\u00a0\u00bb _builder_version=\u00a0\u00bb4.16&Prime; background_color=\u00a0\u00bb#f8f9fa\u00a0\u00bb bottom_divider_style=\u00a0\u00bbwave\u00a0\u00bb bottom_divider_height=\u00a0\u00bb130px\u00a0\u00bb bottom_divider_repeat=\u00a0\u00bb1.4x\u00a0\u00bb global_colors_info=\u00a0\u00bb{}\u00a0\u00bb][et_pb_column type=\u00a0\u00bb1_2&Prime; specialty_columns=\u00a0\u00bb2&Prime; _builder_version=\u00a0\u00bb4.16&Prime; custom_padding=\u00a0\u00bb|||\u00a0\u00bb global_colors_info=\u00a0\u00bb{}\u00a0\u00bb custom_padding__hover=\u00a0\u00bb|||\u00a0\u00bb][et_pb_row_inner _builder_version=\u00a0\u00bb4.16&Prime; custom_margin=\u00a0\u00bb||||false|false\u00a0\u00bb custom_margin_last_edited=\u00a0\u00bboff|tablet\u00a0\u00bb global_colors_info=\u00a0\u00bb{}\u00a0\u00bb][et_pb_column_inner saved_specialty_column_type=\u00a0\u00bb1_2&Prime; _builder_version=\u00a0\u00bb4.16&Prime; global_colors_info=\u00a0\u00bb{}\u00a0\u00bb][et_pb_divider color=\u00a0\u00bb#f9ce6e\u00a0\u00bb divider_position=\u00a0\u00bbcenter\u00a0\u00bb divider_weight=\u00a0\u00bb1px\u00a0\u00bb _builder_version=\u00a0\u00bb4.16&Prime; width=\u00a0\u00bb120px\u00a0\u00bb height=\u00a0\u00bb7px\u00a0\u00bb box_shadow_style=\u00a0\u00bbpreset7&Prime; box_shadow_horizontal=\u00a0\u00bb40px\u00a0\u00bb box_shadow_vertical=\u00a0\u00bb0px\u00a0\u00bb box_shadow_color=\u00a0\u00bb#f9ce6e\u00a0\u00bb locked=\u00a0\u00bboff\u00a0\u00bb global_colors_info=\u00a0\u00bb{}\u00a0\u00bb][\/et_pb_divider][et_pb_text _builder_version=\u00a0\u00bb4.16&Prime; header_4_font=\u00a0\u00bbPT Sans|700||on|||||\u00a0\u00bb header_4_text_color=\u00a0\u00bb#ffc107&Prime; header_4_font_size=\u00a0\u00bb11px\u00a0\u00bb header_4_letter_spacing=\u00a0\u00bb1px\u00a0\u00bb custom_margin=\u00a0\u00bb-38px|||130px|false|false\u00a0\u00bb custom_padding=\u00a0\u00bb||||false|false\u00a0\u00bb locked=\u00a0\u00bboff\u00a0\u00bb global_colors_info=\u00a0\u00bb{}\u00a0\u00bb]<\/p>\n<h4><strong>T\u00e9l\u00e9vision num\u00e9rique sur xDSL <\/strong> (IPTV)<\/h4>\n<p>[\/et_pb_text][et_pb_text _builder_version=\u00a0\u00bb4.16&Prime; text_font=\u00a0\u00bbPT Sans||||||||\u00a0\u00bb text_font_size=\u00a0\u00bb16px\u00a0\u00bb text_line_height=\u00a0\u00bb1.8em\u00a0\u00bb header_font=\u00a0\u00bbPlayfair Display|700|||||||\u00a0\u00bb header_font_size=\u00a0\u00bb60px\u00a0\u00bb header_line_height=\u00a0\u00bb1.1em\u00a0\u00bb header_font_size_tablet=\u00a0\u00bb40px\u00a0\u00bb header_font_size_phone=\u00a0\u00bb30px\u00a0\u00bb header_font_size_last_edited=\u00a0\u00bbon|phone\u00a0\u00bb global_colors_info=\u00a0\u00bb{}\u00a0\u00bb]<\/p>\n<h1><strong>T\u00e9l\u00e9vision num\u00e9rique sur xDSL (IPTV)<\/strong><\/h1>\n<p>&nbsp;<\/p>\n<p style=\"text-align: justify;\">La t\u00e9l\u00e9vision par le c\u00e2ble t\u00e9l\u00e9phonique est exclusivement num\u00e9rique. Elle repose sur le protocole Internet (ci-apr\u00e8s IP). On l\u2019appelle aussi TV sur IP (IPTV) ou encore t\u00e9l\u00e9vision sur xDSL.<\/p>\n<p style=\"text-align: justify;\">Le c\u00e2ble t\u00e9l\u00e9phonique de Proximus (anciennement Belgacom), aussi appel\u00e9 c\u00e2ble \u00ab bifilaire \u00bb puisque constitu\u00e9 d\u2019une paire de fils de cuivre, couvre pratiquement l\u2019ensemble du territoire et est d\u2019abord connu comme r\u00e9seau de t\u00e9l\u00e9phonie et de transmissions de donn\u00e9es (fax, Internet,\u2026). Depuis 2005, ce r\u00e9seau est \u00e9galement utilis\u00e9 pour la t\u00e9l\u00e9vision num\u00e9rique qui est aujourd\u2019hui disponible dans un grand nombre de foyers moyennant l\u2019utilisation d\u2019un mat\u00e9riel de d\u00e9codage.<\/p>\n<p style=\"text-align: justify;\">Ce r\u00e9seau permet de recevoir les services de Proximus et de Scarlet.<\/p>\n<p>&nbsp;<\/p>\n<p>[\/et_pb_text][\/et_pb_column_inner][\/et_pb_row_inner][\/et_pb_column][et_pb_column type=\u00a0\u00bb1_2&Prime; _builder_version=\u00a0\u00bb4.16&Prime; custom_padding=\u00a0\u00bb|||\u00a0\u00bb global_colors_info=\u00a0\u00bb{}\u00a0\u00bb custom_padding__hover=\u00a0\u00bb|||\u00a0\u00bb][et_pb_image src=\u00a0\u00bbhttps:\/\/www.csa.be\/reperesdunumerique\/wp-content\/uploads\/sites\/7\/2022\/12\/cache_04.png\u00a0\u00bb title_text=\u00a0\u00bbiStock-813864814&Prime; _builder_version=\u00a0\u00bb4.16&Prime; background_enable_color=\u00a0\u00bboff\u00a0\u00bb background_image=\u00a0\u00bbhttps:\/\/www.csa.be\/reperesdunumerique\/wp-content\/uploads\/sites\/7\/2022\/12\/iStock-813864814.jpg\u00a0\u00bb max_height_last_edited=\u00a0\u00bboff|tablet\u00a0\u00bb custom_margin=\u00a0\u00bb||30px||false|false\u00a0\u00bb global_colors_info=\u00a0\u00bb{}\u00a0\u00bb][\/et_pb_image][\/et_pb_column][\/et_pb_section][et_pb_section fb_built=\u00a0\u00bb1&Prime; admin_label=\u00a0\u00bbHow it Works\u00a0\u00bb _builder_version=\u00a0\u00bb4.16&Prime; min_height=\u00a0\u00bb1319.9px\u00a0\u00bb bottom_divider_style=\u00a0\u00bbwave\u00a0\u00bb bottom_divider_color=\u00a0\u00bb#212121&Prime; global_colors_info=\u00a0\u00bb{}\u00a0\u00bb][et_pb_row custom_padding_last_edited=\u00a0\u00bbon|phone\u00a0\u00bb _builder_version=\u00a0\u00bb4.16&Prime; background_color=\u00a0\u00bbrgba(0,0,0,0)\u00a0\u00bb min_height=\u00a0\u00bb579px\u00a0\u00bb custom_margin=\u00a0\u00bb-20px|auto||auto||\u00a0\u00bb custom_padding=\u00a0\u00bb2px|40px|30px|40px|false|true\u00a0\u00bb custom_padding_tablet=\u00a0\u00bb|30px||30px|false|true\u00a0\u00bb custom_padding_phone=\u00a0\u00bb|20px||20px|false|true\u00a0\u00bb border_radii=\u00a0\u00bbon|10px|10px|10px|10px\u00a0\u00bb global_colors_info=\u00a0\u00bb{}\u00a0\u00bb][et_pb_column type=\u00a0\u00bb4_4&Prime; _builder_version=\u00a0\u00bb4.16&Prime; global_colors_info=\u00a0\u00bb{}\u00a0\u00bb][et_pb_tabs active_tab_background_color=\u00a0\u00bb#46afab\u00a0\u00bb inactive_tab_background_color=\u00a0\u00bbrgba(0,0,0,0)\u00a0\u00bb active_tab_text_color=\u00a0\u00bb#ffffff\u00a0\u00bb _builder_version=\u00a0\u00bb4.21.0&Prime; _module_preset=\u00a0\u00bbdefault\u00a0\u00bb body_text_align=\u00a0\u00bbjustify\u00a0\u00bb tab_line_height=\u00a0\u00bb2.8em\u00a0\u00bb background_color=\u00a0\u00bbrgba(0,0,0,0)\u00a0\u00bb animation_style=\u00a0\u00bbfade\u00a0\u00bb hover_enabled=\u00a0\u00bb0&Prime; border_radii=\u00a0\u00bboff|25px|25px|25px|25px\u00a0\u00bb box_shadow_style=\u00a0\u00bbpreset1&Prime; global_colors_info=\u00a0\u00bb{}\u00a0\u00bb inactive_tab_background_color__hover_enabled=\u00a0\u00bbon|hover\u00a0\u00bb inactive_tab_background_color__hover=\u00a0\u00bb#46afab\u00a0\u00bb tab_text_color__hover_enabled=\u00a0\u00bbon|hover\u00a0\u00bb active_tab_background_color__hover_enabled=\u00a0\u00bbon|hover\u00a0\u00bb active_tab_text_color__hover_enabled=\u00a0\u00bbon|hover\u00a0\u00bb active_tab_text_color__hover=\u00a0\u00bb#ffffff\u00a0\u00bb tab_text_color__hover=\u00a0\u00bb#ffffff\u00a0\u00bb active_tab_background_color__hover=\u00a0\u00bb#46afab\u00a0\u00bb sticky_enabled=\u00a0\u00bb0&Prime;][et_pb_tab title=\u00a0\u00bb(D\u00c9S)AVANTAGES\u00a0\u00bb _builder_version=\u00a0\u00bb4.16&Prime; _module_preset=\u00a0\u00bbdefault\u00a0\u00bb global_colors_info=\u00a0\u00bb{}\u00a0\u00bb]<\/p>\n<h2>Avantages et d\u00e9savantages<\/h2>\n<p><span data-contrast=\"auto\"><\/span><\/p>\n<p><span data-contrast=\"auto\"><\/span><\/p>\n<h3>Avantages<\/h3>\n<ul>\n<li>Installation le plus souvent existante (une ou plusieurs prise(s) dans votre habitation)\u00a0;<\/li>\n<li>Disponible tr\u00e8s largement;<\/li>\n<li>\u00a0Un grand nombre de cha\u00eenes disponibles ainsi qu\u2019une possibilit\u00e9 de souscrire \u00e0 des bouquets (Sport, Cinema,\u2026);<\/li>\n<li>\u00a0Haute d\u00e9finition (HD) disponible en F\u00e9d\u00e9ration Wallonie-Bruxelles\u202f;<\/li>\n<li>Services interactifs (VOD, guide \u00e9lectronique des programmes TV, TV de rattrapage jusqu\u2019\u00e0 36 heures en arri\u00e8re dans le guide TV, Restart,\u2026);<\/li>\n<li>Offres group\u00e9es disponibles (packs).<\/li>\n<\/ul>\n<p>&nbsp;<\/p>\n<h3>\u00a0D\u00e9savantages<\/h3>\n<ul>\n<li>Signal analogique non disponible, les connexions multiples peuvent d\u00e8s lors \u00eatre moins ais\u00e9es\u00a0;<\/li>\n<li>Dans certains cas : raccordement \u00e0 installer\u00a0;<\/li>\n<li>Souscription \u00e0 un abonnement\u00a0;<\/li>\n<li>Pas de t\u00e9l\u00e9vision hors des offres group\u00e9es.<\/li>\n<\/ul>\n<p>&nbsp;<\/p>\n<h3><\/h3>\n<p>&nbsp;<\/p>\n<p>[\/et_pb_tab][et_pb_tab title=\u00a0\u00bbOFFRE GRATUITE\u00a0\u00bb _builder_version=\u00a0\u00bb4.21.0&Prime; _module_preset=\u00a0\u00bbdefault\u00a0\u00bb hover_enabled=\u00a0\u00bb0&Prime; global_colors_info=\u00a0\u00bb{}\u00a0\u00bb sticky_enabled=\u00a0\u00bb0&Prime;]<\/p>\n<h2>Offre IPTV gratuite<\/h2>\n<p>&nbsp;<\/p>\n<p>Il n&rsquo;existe pas d&rsquo;offre gratuite en IPTV.<\/p>\n<p>Par ailleurs, afin de disposer d\u2019une offre de t\u00e9l\u00e9vision, il faut au minimum souscrire \u00e0 une offre Internet.<\/p>\n<p><span>L\u2019IPTV devient ill\u00e9gale quand elle diffuse des contenus prot\u00e9g\u00e9s sans autorisation : cha\u00eenes payantes, films, s\u00e9ries, \u00e9v\u00e9nements sportifs accessibles via des abonnements pirates. Ces services contournent les droits d\u2019auteur et privent les cr\u00e9ateurs de leurs revenus l\u00e9gitimes.<\/span><\/p>\n<p><a href=\"https:\/\/www.csa.be\/iptv-illegale\/\">En savoir plus sur l&rsquo;IPTV ill\u00e9gale<\/a><\/p>\n<p>[\/et_pb_tab][et_pb_tab title=\u00a0\u00bbOFFRE PAYANTE\u00a0\u00bb _builder_version=\u00a0\u00bb4.16&Prime; _module_preset=\u00a0\u00bbdefault\u00a0\u00bb global_colors_info=\u00a0\u00bb{}\u00a0\u00bb]<\/p>\n<h2>Offre IPTV payante<\/h2>\n<p>&nbsp;<\/p>\n<p>Afin de disposer d\u2019une offre de t\u00e9l\u00e9vision, il faut au minimum souscrire \u00e0 une offre Internet.<\/p>\n<p>Si vous souhaitez comparer les offres group\u00e9es (packs), rendez-vous sur <a href=\"https:\/\/www.meilleurtarif.be\/#\/home\">meilleurtarif.be<\/a> mis au point par l\u2019Institut belge des services postaux et des t\u00e9l\u00e9communications (IBPT).<\/p>\n<p>&nbsp;<\/p>\n<p>[\/et_pb_tab][et_pb_tab title=\u00a0\u00bb\u00c9QUIPEMENT\u00a0\u00bb _builder_version=\u00a0\u00bb4.16&Prime; _module_preset=\u00a0\u00bbdefault\u00a0\u00bb global_colors_info=\u00a0\u00bb{}\u00a0\u00bb]<\/p>\n<h2>Mat\u00e9riel de r\u00e9ception<\/h2>\n<p>&nbsp;<\/p>\n<p>L\u2019installation int\u00e9rieure et ext\u00e9rieure de votre Internet et de votre TV est habituellement <a href=\"https:\/\/www.proximus.be\/fr\/id_cr_install_int_tv\/particuliers\/r-orphans\/installation-de-votre-internet-tv.html\">pr\u00e9vue<\/a> par un technicien. Des informations au sujet du raccordement de votre habitation (construction ou r\u00e9novation) sont disponibles en suivant ce <a href=\"https:\/\/www.proximus.be\/fr\/id_cr_building\/particuliers\/demenagement-sans-soucis\/vous-allez-construire.html\">lien<\/a>.<\/p>\n<p>Dans les offres propos\u00e9es, la location d\u2019un d\u00e9codeur aupr\u00e8s de Proximus est \u00e9galement pr\u00e9vue.<\/p>\n<p>&nbsp;<\/p>\n<p><span data-contrast=\"auto\"><a href=\"https:\/\/www.csa.be\/reperesdunumerique\/outils\/\"><\/a><\/span><\/p>\n<p>[\/et_pb_tab][et_pb_tab title=\u00a0\u00bbDISPONIBILIT\u00c9\u00a0\u00bb _builder_version=\u00a0\u00bb4.16&Prime; _module_preset=\u00a0\u00bbdefault\u00a0\u00bb global_colors_info=\u00a0\u00bb{}\u00a0\u00bb]<\/p>\n<h2>Disponibilit\u00e9<\/h2>\n<p>&nbsp;<\/p>\n<p>L\u2019offre de Proximus est disponible pour plus de 90% des foyers en Belgique. Testez la disponibilit\u00e9 de <a href=\"https:\/\/www.proximus.be\/fr\/id_cr_all_flex_packs\/particuliers\/packs\/cr-all-flex-packs.html\">Proximus \u00e0 votre adresse<\/a>.<\/p>\n<p>&nbsp;<\/p>\n<p>Les offres de Scarlet, utilisent le r\u00e9seau de Proximus. La disponibilit\u00e9 de ces offres est donc en principe identique \u00e0 celle de Proximus.<\/p>\n<p>&nbsp;<\/p>\n<p><span data-contrast=\"auto\"><a href=\"https:\/\/www.csa.be\/reperesdunumerique\/localisation\/\"><\/a><\/span><\/p>\n<p>[\/et_pb_tab][\/et_pb_tabs][\/et_pb_column][\/et_pb_row][et_pb_row column_structure=\u00a0\u00bb1_3,2_3&Prime; _builder_version=\u00a0\u00bb4.16&Prime; _module_preset=\u00a0\u00bbdefault\u00a0\u00bb global_colors_info=\u00a0\u00bb{}\u00a0\u00bb][et_pb_column type=\u00a0\u00bb1_3&Prime; _builder_version=\u00a0\u00bb4.16&Prime; _module_preset=\u00a0\u00bbdefault\u00a0\u00bb global_colors_info=\u00a0\u00bb{}\u00a0\u00bb][et_pb_image src=\u00a0\u00bbhttps:\/\/www.csa.be\/reperesdunumerique\/wp-content\/uploads\/sites\/7\/2022\/12\/business-gd9bed9dc3_1280.png\u00a0\u00bb title_text=\u00a0\u00bbbusiness-gd9bed9dc3_1280&Prime; _builder_version=\u00a0\u00bb4.16&Prime; _module_preset=\u00a0\u00bbdefault\u00a0\u00bb global_colors_info=\u00a0\u00bb{}\u00a0\u00bb][\/et_pb_image][\/et_pb_column][et_pb_column type=\u00a0\u00bb2_3&Prime; _builder_version=\u00a0\u00bb4.16&Prime; _module_preset=\u00a0\u00bbdefault\u00a0\u00bb global_colors_info=\u00a0\u00bb{}\u00a0\u00bb][et_pb_text _builder_version=\u00a0\u00bb4.16&Prime; _module_preset=\u00a0\u00bbdefault\u00a0\u00bb header_2_font=\u00a0\u00bbPlayfair Display|700|||||||\u00a0\u00bb custom_margin=\u00a0\u00bb||27px|||\u00a0\u00bb global_colors_info=\u00a0\u00bb{}\u00a0\u00bb]<\/p>\n<h2>Questions<\/h2>\n<p>[\/et_pb_text][et_pb_divider color=\u00a0\u00bb#f9ce6e\u00a0\u00bb divider_position=\u00a0\u00bbcenter\u00a0\u00bb divider_weight=\u00a0\u00bb1px\u00a0\u00bb _builder_version=\u00a0\u00bb4.16&Prime; width=\u00a0\u00bb120px\u00a0\u00bb height=\u00a0\u00bb7px\u00a0\u00bb box_shadow_style=\u00a0\u00bbpreset7&Prime; box_shadow_horizontal=\u00a0\u00bb40px\u00a0\u00bb box_shadow_vertical=\u00a0\u00bb0px\u00a0\u00bb box_shadow_color=\u00a0\u00bb#f9ce6e\u00a0\u00bb locked=\u00a0\u00bboff\u00a0\u00bb global_colors_info=\u00a0\u00bb{}\u00a0\u00bb][\/et_pb_divider][et_pb_text _builder_version=\u00a0\u00bb4.16&Prime; header_4_font=\u00a0\u00bbPT Sans|700||on|||||\u00a0\u00bb header_4_text_color=\u00a0\u00bb#ffc107&Prime; header_4_font_size=\u00a0\u00bb11px\u00a0\u00bb header_4_letter_spacing=\u00a0\u00bb1px\u00a0\u00bb custom_margin=\u00a0\u00bb-38px|||130px|false|false\u00a0\u00bb custom_padding=\u00a0\u00bb||||false|false\u00a0\u00bb locked=\u00a0\u00bboff\u00a0\u00bb global_colors_info=\u00a0\u00bb{}\u00a0\u00bb]<\/p>\n<h4>Questions sur l&rsquo;IPTV<\/h4>\n<p>[\/et_pb_text][et_pb_toggle title=\u00a0\u00bbPuis-je choisir mon distributeur sur le c\u00e2ble t\u00e9l\u00e9phonique ?\u00a0\u00bb open_toggle_text_color=\u00a0\u00bb#ffffff\u00a0\u00bb open_toggle_background_color=\u00a0\u00bb#46afab\u00a0\u00bb closed_toggle_background_color=\u00a0\u00bb#46afab\u00a0\u00bb icon_color=\u00a0\u00bb#ffffff\u00a0\u00bb open_icon_color=\u00a0\u00bb#ffffff\u00a0\u00bb _builder_version=\u00a0\u00bb4.16&Prime; _module_preset=\u00a0\u00bbdefault\u00a0\u00bb title_text_color=\u00a0\u00bb#ffffff\u00a0\u00bb title_font=\u00a0\u00bbPT Sans|700|||||||\u00a0\u00bb body_text_color=\u00a0\u00bb#ffffff\u00a0\u00bb border_radii=\u00a0\u00bbon|6px|6px|6px|6px\u00a0\u00bb box_shadow_style=\u00a0\u00bbpreset1&Prime; global_colors_info=\u00a0\u00bb{}\u00a0\u00bb]<\/p>\n<p>Oui, vous avez actuellement le choix entre deux offres (Proximus et Scarlet).<\/p>\n<p>[\/et_pb_toggle][et_pb_toggle title=\u00a0\u00bbAi-je acc\u00e8s aux services interactifs (VoD, Replay,&#8230;), \u00e0 Internet et \u00e0 la t\u00e9l\u00e9phonie sur le c\u00e2ble t\u00e9l\u00e9phonique ?\u00a0\u00bb open_toggle_text_color=\u00a0\u00bb#ffffff\u00a0\u00bb open_toggle_background_color=\u00a0\u00bb#46afab\u00a0\u00bb closed_toggle_background_color=\u00a0\u00bb#46afab\u00a0\u00bb icon_color=\u00a0\u00bb#ffffff\u00a0\u00bb open_icon_color=\u00a0\u00bb#ffffff\u00a0\u00bb _builder_version=\u00a0\u00bb4.16&Prime; _module_preset=\u00a0\u00bbdefault\u00a0\u00bb title_text_color=\u00a0\u00bb#ffffff\u00a0\u00bb title_font=\u00a0\u00bbPT Sans|700|||||||\u00a0\u00bb body_text_color=\u00a0\u00bb#ffffff\u00a0\u00bb border_radii=\u00a0\u00bbon|6px|6px|6px|6px\u00a0\u00bb global_colors_info=\u00a0\u00bb{}\u00a0\u00bb]<\/p>\n<p>Oui. D\u00e8s lors que vous avez acc\u00e8s \u00e0 une offre d\u2019IPTV vous pouvez avoir acc\u00e8s \u00e0 tous ces services.<\/p>\n<p>[\/et_pb_toggle][et_pb_toggle title=\u00a0\u00bbAi-je besoin d\u2019un d\u00e9codeur (set-top box) en plus de ma TV ?\u00a0\u00bb open_toggle_text_color=\u00a0\u00bb#ffffff\u00a0\u00bb open_toggle_background_color=\u00a0\u00bb#46afab\u00a0\u00bb closed_toggle_background_color=\u00a0\u00bb#46afab\u00a0\u00bb icon_color=\u00a0\u00bb#ffffff\u00a0\u00bb open_icon_color=\u00a0\u00bb#ffffff\u00a0\u00bb _builder_version=\u00a0\u00bb4.21.0&Prime; _module_preset=\u00a0\u00bbdefault\u00a0\u00bb title_text_color=\u00a0\u00bb#ffffff\u00a0\u00bb title_font=\u00a0\u00bbPT Sans|700|||||||\u00a0\u00bb body_text_color=\u00a0\u00bb#ffffff\u00a0\u00bb border_radii=\u00a0\u00bbon|6px|6px|6px|6px\u00a0\u00bb global_colors_info=\u00a0\u00bb{}\u00a0\u00bb]<\/p>\n<p><span>Dans la majorit\u00e9 des cas, l\u2019acc\u00e8s \u00e0 la t\u00e9l\u00e9vision n\u00e9cessite l\u2019utilisation d\u2019un d\u00e9codeur lou\u00e9 ou vendu par votre distributeur et propre \u00e0 celui-ci. Cependant, certaines offres permettent d\u00e9sormais de s\u2019affranchir d\u2019un d\u00e9codeur en passant notamment par une application sur votre t\u00e9l\u00e9vision connect\u00e9e ou en utilisant \u00e0 la place une box Apple TV ou Android TV. <\/span><\/p>\n<p><span>Pour <\/span><span data-contrast=\"auto\">plus d\u2019informations sur cette question, voir la section relative au prix de la t\u00e9l\u00e9vision sans d\u00e9codeur.<\/span><span data-contrast=\"auto\">\u00a0<\/span><\/p>\n<p>[\/et_pb_toggle][et_pb_toggle title=\u00a0\u00bbQui d\u00e9cide quelles cha\u00eenes sont distribu\u00e9es sur le c\u00e2ble t\u00e9l\u00e9phonique ?\u00a0\u00bb open_toggle_text_color=\u00a0\u00bb#ffffff\u00a0\u00bb open_toggle_background_color=\u00a0\u00bb#46afab\u00a0\u00bb closed_toggle_background_color=\u00a0\u00bb#46afab\u00a0\u00bb icon_color=\u00a0\u00bb#ffffff\u00a0\u00bb open_icon_color=\u00a0\u00bb#ffffff\u00a0\u00bb _builder_version=\u00a0\u00bb4.16&Prime; _module_preset=\u00a0\u00bbdefault\u00a0\u00bb title_text_color=\u00a0\u00bb#ffffff\u00a0\u00bb title_font=\u00a0\u00bbPT Sans|700|||||||\u00a0\u00bb body_text_color=\u00a0\u00bb#ffffff\u00a0\u00bb border_radii=\u00a0\u00bbon|6px|6px|6px|6px\u00a0\u00bb global_colors_info=\u00a0\u00bb{}\u00a0\u00bb]<\/p>\n<p>Ce sont les distributeurs eux-m\u00eames qui d\u00e9cident librement quelles cha\u00eenes ils distribuent, en fonction de leur politique commerciale et moyennant accord avec les cha\u00eenes concern\u00e9es.<\/p>\n<p>Les c\u00e2blodistributeurs VOO, Telenet et Orange sont toutefois tenus de distribuer dans leur offre de base un certain nombre de cha\u00eenes. Il s\u2019agit du droit de distribution obligatoire. En t\u00e9l\u00e9vision, ce droit de distribution obligatoire concerne les trois cha\u00eenes de la RTBF (La Une, Tipik et La Trois\/Ouftivi), les t\u00e9l\u00e9visions locales dans leur zone de couverture, TV5 Monde, E\u00e9n, Ketnet\/Canvas et la BRF. A cela s\u2019ajoutent cinq radios de la RTBF (La Premi\u00e8re, Vivacit\u00e9, Classic 21, Tipik et Musiq3), deux radios de la VRT et une radio de la BRF.<\/p>\n<p>\u00a0Plus d\u2019informations sur cette question voir la section relative aux obligations des distributeurs.\u00a0<\/p>\n<p>[\/et_pb_toggle][\/et_pb_column][\/et_pb_row][\/et_pb_section]<\/p>\n","protected":false},"excerpt":{"rendered":"<p>T\u00e9l\u00e9vision num\u00e9rique sur xDSL (IPTV)T\u00e9l\u00e9vision num\u00e9rique sur xDSL (IPTV) &nbsp; La t\u00e9l\u00e9vision par le c\u00e2ble t\u00e9l\u00e9phonique est exclusivement num\u00e9rique. Elle repose sur le protocole Internet (ci-apr\u00e8s IP). On l\u2019appelle aussi TV sur IP (IPTV) ou encore t\u00e9l\u00e9vision sur xDSL. Le c\u00e2ble t\u00e9l\u00e9phonique de Proximus (anciennement Belgacom), aussi appel\u00e9 c\u00e2ble \u00ab bifilaire \u00bb puisque constitu\u00e9 d\u2019une [&hellip;]<\/p>\n","protected":false},"author":2,"featured_media":0,"parent":0,"menu_order":0,"comment_status":"closed","ping_status":"closed","template":"","meta":{"_et_pb_use_builder":"on","_et_pb_old_content":"","_et_gb_content_width":"","footnotes":""},"class_list":["post-321","page","type-page","status-publish","hentry"],"_links":{"self":[{"href":"https:\/\/www.csa.be\/reperesdunumerique\/wp-json\/wp\/v2\/pages\/321","targetHints":{"allow":["GET"]}}],"collection":[{"href":"https:\/\/www.csa.be\/reperesdunumerique\/wp-json\/wp\/v2\/pages"}],"about":[{"href":"https:\/\/www.csa.be\/reperesdunumerique\/wp-json\/wp\/v2\/types\/page"}],"author":[{"embeddable":true,"href":"https:\/\/www.csa.be\/reperesdunumerique\/wp-json\/wp\/v2\/users\/2"}],"replies":[{"embeddable":true,"href":"https:\/\/www.csa.be\/reperesdunumerique\/wp-json\/wp\/v2\/comments?post=321"}],"version-history":[{"count":21,"href":"https:\/\/www.csa.be\/reperesdunumerique\/wp-json\/wp\/v2\/pages\/321\/revisions"}],"predecessor-version":[{"id":1357,"href":"https:\/\/www.csa.be\/reperesdunumerique\/wp-json\/wp\/v2\/pages\/321\/revisions\/1357"}],"wp:attachment":[{"href":"https:\/\/www.csa.be\/reperesdunumerique\/wp-json\/wp\/v2\/media?parent=321"}],"curies":[{"name":"wp","href":"https:\/\/api.w.org\/{rel}","templated":true}]}}