{"id":338,"date":"2021-11-17T13:47:36","date_gmt":"2021-11-17T12:47:36","guid":{"rendered":"https:\/\/www.csa.be\/reperesdunumerique\/?page_id=338"},"modified":"2023-10-17T14:10:46","modified_gmt":"2023-10-17T12:10:46","slug":"numerique-coaxial","status":"publish","type":"page","link":"https:\/\/www.csa.be\/reperesdunumerique\/numerique-coaxial\/","title":{"rendered":"Num\u00e9rique coaxial"},"content":{"rendered":"<p>[et_pb_section fb_built=\u00a0\u00bb1&Prime; specialty=\u00a0\u00bbon\u00a0\u00bb next_background_color=\u00a0\u00bb#ffffff\u00a0\u00bb padding_top_1=\u00a0\u00bb50px\u00a0\u00bb padding_top_bottom_link_1=\u00a0\u00bbfalse\u00a0\u00bb padding_left_right_link_1=\u00a0\u00bbfalse\u00a0\u00bb padding_1_tablet=\u00a0\u00bb0px||||false|false\u00a0\u00bb padding_1_phone=\u00a0\u00bb\u00a0\u00bb padding_1_last_edited=\u00a0\u00bbon|phone\u00a0\u00bb admin_label=\u00a0\u00bbHeader\u00a0\u00bb _builder_version=\u00a0\u00bb4.16&Prime; background_color=\u00a0\u00bb#f8f9fa\u00a0\u00bb bottom_divider_style=\u00a0\u00bbwave\u00a0\u00bb bottom_divider_height=\u00a0\u00bb136px\u00a0\u00bb bottom_divider_repeat=\u00a0\u00bb1.2x\u00a0\u00bb global_colors_info=\u00a0\u00bb{}\u00a0\u00bb][et_pb_column type=\u00a0\u00bb1_2&Prime; specialty_columns=\u00a0\u00bb2&Prime; _builder_version=\u00a0\u00bb4.16&Prime; custom_padding=\u00a0\u00bb|||\u00a0\u00bb global_colors_info=\u00a0\u00bb{}\u00a0\u00bb custom_padding__hover=\u00a0\u00bb|||\u00a0\u00bb][et_pb_row_inner _builder_version=\u00a0\u00bb4.16&Prime; custom_margin=\u00a0\u00bb||||false|false\u00a0\u00bb custom_margin_last_edited=\u00a0\u00bboff|tablet\u00a0\u00bb global_colors_info=\u00a0\u00bb{}\u00a0\u00bb][et_pb_column_inner saved_specialty_column_type=\u00a0\u00bb1_2&Prime; _builder_version=\u00a0\u00bb4.16&Prime; global_colors_info=\u00a0\u00bb{}\u00a0\u00bb][et_pb_divider color=\u00a0\u00bb#f9ce6e\u00a0\u00bb divider_position=\u00a0\u00bbcenter\u00a0\u00bb divider_weight=\u00a0\u00bb1px\u00a0\u00bb _builder_version=\u00a0\u00bb4.16&Prime; width=\u00a0\u00bb120px\u00a0\u00bb height=\u00a0\u00bb7px\u00a0\u00bb box_shadow_style=\u00a0\u00bbpreset7&Prime; box_shadow_horizontal=\u00a0\u00bb40px\u00a0\u00bb box_shadow_vertical=\u00a0\u00bb0px\u00a0\u00bb box_shadow_color=\u00a0\u00bb#f9ce6e\u00a0\u00bb locked=\u00a0\u00bboff\u00a0\u00bb global_colors_info=\u00a0\u00bb{}\u00a0\u00bb][\/et_pb_divider][et_pb_text _builder_version=\u00a0\u00bb4.21.0&Prime; header_4_font=\u00a0\u00bbPT Sans|700||on|||||\u00a0\u00bb header_4_text_color=\u00a0\u00bb#ffc107&Prime; header_4_font_size=\u00a0\u00bb11px\u00a0\u00bb header_4_letter_spacing=\u00a0\u00bb1px\u00a0\u00bb custom_margin=\u00a0\u00bb-38px|||130px|false|false\u00a0\u00bb custom_padding=\u00a0\u00bb||||false|false\u00a0\u00bb locked=\u00a0\u00bboff\u00a0\u00bb global_colors_info=\u00a0\u00bb{}\u00a0\u00bb]<\/p>\n<h4>T\u00e9l\u00e9vision num\u00e9rique par c\u00e2ble coaxial<\/h4>\n<p>[\/et_pb_text][et_pb_text _builder_version=\u00a0\u00bb4.16&Prime; text_font=\u00a0\u00bbPT Sans||||||||\u00a0\u00bb text_font_size=\u00a0\u00bb16px\u00a0\u00bb text_line_height=\u00a0\u00bb1.8em\u00a0\u00bb header_font=\u00a0\u00bbPlayfair Display|700|||||||\u00a0\u00bb header_font_size=\u00a0\u00bb60px\u00a0\u00bb header_line_height=\u00a0\u00bb1.1em\u00a0\u00bb header_font_size_tablet=\u00a0\u00bb40px\u00a0\u00bb header_font_size_phone=\u00a0\u00bb30px\u00a0\u00bb header_font_size_last_edited=\u00a0\u00bbon|phone\u00a0\u00bb global_colors_info=\u00a0\u00bb{}\u00a0\u00bb]<\/p>\n<h1><strong>T\u00e9l\u00e9vision num\u00e9rique par c\u00e2ble coaxial<br \/> <\/strong><\/h1>\n<p style=\"text-align: justify;\">Le c\u00e2ble \u00ab\u00a0coaxial\u00a0\u00bb, mieux connu sous le nom de c\u00e2ble de t\u00e9l\u00e9distribution, est la plateforme historiquement consacr\u00e9e \u00e0 la t\u00e9l\u00e9distribution. Elle est disponible dans plus de 90% des foyers en Belgique. Aujourd\u2019hui, les offres de t\u00e9l\u00e9distribution num\u00e9riques ont dans une large mesure supplant\u00e9 la t\u00e9l\u00e9distribution traditionnelle en format analogique, qui subsiste n\u00e9anmoins sur certains r\u00e9seaux du c\u00e2ble coaxial. \u00c0 la diff\u00e9rence de l\u2019analogique, la r\u00e9ception de la t\u00e9l\u00e9distribution num\u00e9rique n\u00e9cessite l\u2019utilisation d\u2019un mat\u00e9riel de d\u00e9codage. Suite \u00e0 la modernisation d\u2019une grande partie de ces r\u00e9seaux, il est \u00e9galement possible d\u2019avoir acc\u00e8s \u00e0 la t\u00e9l\u00e9phonie, \u00e0 Internet ainsi qu\u2019\u00e0 la t\u00e9l\u00e9vision interactive qui permet d\u2019acc\u00e9der \u00e0 la vid\u00e9o \u00e0 la demande (<span>VOD<\/span>), \u00e0 la t\u00e9l\u00e9vision de rattrapage (\u00ab\u00a0<span><u>catch-up TV\u00a0\u00bb<\/u><\/span>), etc. En fonction de votre commune, c\u2019est VOO (marque commune aux soci\u00e9t\u00e9s VOO S.A.\/Brut\u00e9l\u00e9) ou Telenet qui op\u00e8re le r\u00e9seau \u00e0 votre adresse. Orange offre \u00e9galement des services de t\u00e9l\u00e9vision et Internet fixes depuis 2016 en acc\u00e9dant aux r\u00e9seaux de VOO S.A., Brut\u00e9l\u00e9 et Telenet.<\/p>\n<p>&nbsp;<\/p>\n<p>[\/et_pb_text][\/et_pb_column_inner][\/et_pb_row_inner][\/et_pb_column][et_pb_column type=\u00a0\u00bb1_2&Prime; _builder_version=\u00a0\u00bb4.16&Prime; custom_padding=\u00a0\u00bb|||\u00a0\u00bb global_colors_info=\u00a0\u00bb{}\u00a0\u00bb custom_padding__hover=\u00a0\u00bb|||\u00a0\u00bb][et_pb_image src=\u00a0\u00bbhttps:\/\/www.csa.be\/reperesdunumerique\/wp-content\/uploads\/sites\/7\/2022\/12\/cache_04.png\u00a0\u00bb title_text=\u00a0\u00bbpexels-cottonbro-studio-4107158&Prime; _builder_version=\u00a0\u00bb4.16&Prime; background_enable_color=\u00a0\u00bboff\u00a0\u00bb background_image=\u00a0\u00bbhttps:\/\/www.csa.be\/reperesdunumerique\/wp-content\/uploads\/sites\/7\/2022\/12\/pexels-cottonbro-studio-4107158.jpg\u00a0\u00bb max_height_last_edited=\u00a0\u00bboff|tablet\u00a0\u00bb custom_margin=\u00a0\u00bb||30px||false|false\u00a0\u00bb global_colors_info=\u00a0\u00bb{}\u00a0\u00bb][\/et_pb_image][\/et_pb_column][\/et_pb_section][et_pb_section fb_built=\u00a0\u00bb1&Prime; admin_label=\u00a0\u00bbHow it Works\u00a0\u00bb _builder_version=\u00a0\u00bb4.16&Prime; min_height=\u00a0\u00bb1068px\u00a0\u00bb bottom_divider_style=\u00a0\u00bbwave\u00a0\u00bb bottom_divider_color=\u00a0\u00bb#212121&Prime; bottom_divider_height=\u00a0\u00bb86px\u00a0\u00bb global_colors_info=\u00a0\u00bb{}\u00a0\u00bb][et_pb_row custom_padding_last_edited=\u00a0\u00bbon|phone\u00a0\u00bb _builder_version=\u00a0\u00bb4.16&Prime; background_color=\u00a0\u00bbrgba(0,0,0,0)\u00a0\u00bb min_height=\u00a0\u00bb579px\u00a0\u00bb custom_margin=\u00a0\u00bb-20px|auto||auto||\u00a0\u00bb custom_padding=\u00a0\u00bb2px|40px|30px|40px|false|true\u00a0\u00bb custom_padding_tablet=\u00a0\u00bb|30px||30px|false|true\u00a0\u00bb custom_padding_phone=\u00a0\u00bb|20px||20px|false|true\u00a0\u00bb border_radii=\u00a0\u00bbon|10px|10px|10px|10px\u00a0\u00bb global_colors_info=\u00a0\u00bb{}\u00a0\u00bb][et_pb_column type=\u00a0\u00bb4_4&Prime; _builder_version=\u00a0\u00bb4.16&Prime; global_colors_info=\u00a0\u00bb{}\u00a0\u00bb][et_pb_tabs active_tab_background_color=\u00a0\u00bb#46afab\u00a0\u00bb inactive_tab_background_color=\u00a0\u00bbrgba(0,0,0,0)\u00a0\u00bb active_tab_text_color=\u00a0\u00bb#ffffff\u00a0\u00bb _builder_version=\u00a0\u00bb4.16&Prime; _module_preset=\u00a0\u00bbdefault\u00a0\u00bb body_text_align=\u00a0\u00bbjustify\u00a0\u00bb tab_line_height=\u00a0\u00bb2.8em\u00a0\u00bb background_color=\u00a0\u00bbrgba(0,0,0,0)\u00a0\u00bb animation_style=\u00a0\u00bbfade\u00a0\u00bb border_radii=\u00a0\u00bboff|25px|25px|25px|25px\u00a0\u00bb box_shadow_style=\u00a0\u00bbpreset1&Prime; global_colors_info=\u00a0\u00bb{}\u00a0\u00bb inactive_tab_background_color__hover_enabled=\u00a0\u00bbon|hover\u00a0\u00bb inactive_tab_background_color__hover=\u00a0\u00bb#46afab\u00a0\u00bb tab_text_color__hover_enabled=\u00a0\u00bbon|hover\u00a0\u00bb active_tab_background_color__hover_enabled=\u00a0\u00bbon|hover\u00a0\u00bb active_tab_text_color__hover_enabled=\u00a0\u00bbon|hover\u00a0\u00bb active_tab_text_color__hover=\u00a0\u00bb#ffffff\u00a0\u00bb tab_text_color__hover=\u00a0\u00bb#ffffff\u00a0\u00bb active_tab_background_color__hover=\u00a0\u00bb#46afab\u00a0\u00bb][et_pb_tab title=\u00a0\u00bb(D\u00c9S)AVANTAGES\u00a0\u00bb _builder_version=\u00a0\u00bb4.16&Prime; _module_preset=\u00a0\u00bbdefault\u00a0\u00bb global_colors_info=\u00a0\u00bb{}\u00a0\u00bb]<\/p>\n<h2>Avantages et d\u00e9savantages<\/h2>\n<p><span data-contrast=\"auto\"><\/span><\/p>\n<p><span data-contrast=\"auto\"><\/span><\/p>\n<h3>Avantages<\/h3>\n<ul>\n<li>Installation le plus souvent existante (une ou plusieurs prise(s) dans votre habitation);<\/li>\n<li>Nombreuses cha\u00eenes;<\/li>\n<li>Qualit\u00e9 d\u2019image, notamment nombreuses cha\u00eenes en haute d\u00e9finition (HD);<\/li>\n<li>Qualit\u00e9 de son;<\/li>\n<li>Internet, VOD et t\u00e9l\u00e9vision interactive disponible sur une grande partie du r\u00e9seau\u00a0: guide \u00e9lectronique de programmes, fonctions <em>\u00ab\u00a0replay\u00a0\u00bb<\/em> et <em>\u00ab\u00a0restart\u00a0\u00bb<\/em>, etc.<\/li>\n<li>Offres group\u00e9es (packs regroupant TV, Internet et t\u00e9l\u00e9phonie) et bouquets th\u00e9matiques suppl\u00e9mentaires (sports, cin\u00e9ma, divertissement, etc.).<\/li>\n<\/ul>\n<p>&nbsp;<\/p>\n<h3>\u00a0D\u00e9savantages<\/h3>\n<ul>\n<li>Souscription \u00e0 un abonnement;<\/li>\n<li>Dans certains cas\u00a0: raccordement \u00e0 installer.<\/li>\n<\/ul>\n<p>&nbsp;<\/p>\n<p>[\/et_pb_tab][et_pb_tab title=\u00a0\u00bbOFFRE GRATUITE\u00a0\u00bb _builder_version=\u00a0\u00bb4.16&Prime; _module_preset=\u00a0\u00bbdefault\u00a0\u00bb global_colors_info=\u00a0\u00bb{}\u00a0\u00bb]<\/p>\n<h2>Offre de t\u00e9l\u00e9vision num\u00e9rique par c\u00e2ble coaxial gratuite<\/h2>\n<p>&nbsp;<\/p>\n<p>Son acc\u00e8s n&rsquo;est pas gratuit et n\u00e9cessite un abonnement.<\/p>\n<p>&nbsp;<\/p>\n<p><span data-ccp-props=\"{&quot;201341983&quot;:0,&quot;335551550&quot;:6,&quot;335551620&quot;:6,&quot;335559739&quot;:160,&quot;335559740&quot;:259}\"><a href=\"https:\/\/www.csa.be\/reperesdunumerique\/icon-1293234_1280\/\"><\/a><\/span><\/p>\n<p>[\/et_pb_tab][et_pb_tab title=\u00a0\u00bbOFFRE PAYANTE\u00a0\u00bb _builder_version=\u00a0\u00bb4.16&Prime; _module_preset=\u00a0\u00bbdefault\u00a0\u00bb global_colors_info=\u00a0\u00bb{}\u00a0\u00bb]<\/p>\n<h2>Offre de t\u00e9l\u00e9vision num\u00e9rique par c\u00e2ble coaxial payante<\/h2>\n<p>&nbsp;<\/p>\n<p>Il existe une offre pour la t\u00e9l\u00e9vision seule. Il est \u00e9galement possible de souscrire \u00e0 une offre group\u00e9e comprenant l\u2019Internet, la t\u00e9l\u00e9vision et\/ou la t\u00e9l\u00e9phonie.<\/p>\n<p>Pour le d\u00e9tail, rendez-vous directement sur le site des distributeurs : <a href=\"http:\/\/www.voo.be\/fr\/\"><strong>VOO<\/strong><\/a>\/\u00a0<a href=\"http:\/\/telenet.be\/5\/fr\/prive\"><strong>Telenet<\/strong><\/a><strong>\/<\/strong><a href=\"https:\/\/www.orange.be\/fr\/produits-et-services\/tv\">Orange<\/a><\/p>\n<p>Si vous souhaitez comparer les offres, rendez-vous sur <a href=\"https:\/\/www.meilleurtarif.be\/#\/home\">meilleurtarif.be<\/a> mis au point par l\u2019Institut belge des services postaux et des t\u00e9l\u00e9communications (IBPT).<\/p>\n<p>[\/et_pb_tab][et_pb_tab title=\u00a0\u00bb\u00c9QUIPEMENT\u00a0\u00bb _builder_version=\u00a0\u00bb4.16&Prime; _module_preset=\u00a0\u00bbdefault\u00a0\u00bb global_colors_info=\u00a0\u00bb{}\u00a0\u00bb]<\/p>\n<h2>Mat\u00e9riel de r\u00e9ception<\/h2>\n<p>&nbsp;<\/p>\n<p>L\u2019installation int\u00e9rieure et ext\u00e9rieure, par un technicien, est habituellement pr\u00e9vue. Des informations au sujet du raccordement de votre habitation (en cas de construction ou r\u00e9novation) sont disponibles en suivant ces <a href=\"https:\/\/www.proximus.be\/fr\/id_cr_building\/particuliers\/demenagement-sans-soucis\/vous-allez-construire.html\">lien<\/a><span>s\u00a0<\/span>: \u00a0<a href=\"http:\/\/media.tn-media.be\/others\/pdf\/brochures\/KabelbrochureFR.pdf\"><strong>Telenet<\/strong><\/a>,\u00a0<a href=\"http:\/\/www.voo.be\/fr\/installation\/produit-service\/\"><strong>VOO<\/strong><\/a>et\u00a0<a href=\"https:\/\/www.orange.be\/fr\/produits-et-services\/internet-tv\/internet-tv-installation\"><strong>Orange<\/strong><\/a><strong>.<\/strong><\/p>\n<p><strong>TV num\u00e9rique<\/strong>\u00a0: location ou achat d\u2019un d\u00e9codeur aupr\u00e8s de votre distributeur ou gr\u00e2ce \u00e0 un module CI+ avec smartcard pour les t\u00e9l\u00e9viseurs adapt\u00e9s (actuellement seulement disponible chez\u00a0<a href=\"https:\/\/www2.telenet.be\/fr\/serviceclient\/quest-ce-que-tv-avec-une-carte\/\"><strong>Telenet<\/strong><\/a> et\u00a0<a href=\"http:\/\/www.voo.be\/fr\/tv\/carte-numerique\/#cartenumerique\"><strong>VOO<\/strong><\/a>).<\/p>\n<p>&nbsp;<\/p>\n<p><span data-contrast=\"auto\"><a href=\"https:\/\/www.csa.be\/reperesdunumerique\/outils\/\"><\/a><\/span><\/p>\n<p>[\/et_pb_tab][et_pb_tab title=\u00a0\u00bbDISPONIBILIT\u00c9\u00a0\u00bb _builder_version=\u00a0\u00bb4.16&Prime; _module_preset=\u00a0\u00bbdefault\u00a0\u00bb global_colors_info=\u00a0\u00bb{}\u00a0\u00bb]<\/p>\n<h2>Disponibilit\u00e9<\/h2>\n<p>&nbsp;<\/p>\n<p>Plus de 90% de couverture en F\u00e9d\u00e9ration Wallonie-Bruxelles. Pour tester la disponibilit\u00e9 rendez-vous directement sur le site des distributeurs :<\/p>\n<p><a href=\"http:\/\/www.voo.be\/fr\/\"><strong>VOO<\/strong><\/a>\/\u00a0<a href=\"http:\/\/telenet.be\/5\/fr\/prive\"><strong>Telenet<\/strong><\/a><strong>\/<\/strong><a href=\"https:\/\/www.orange.be\/fr\/produits-et-services\/tv\">Orange<\/a>.<\/p>\n<p>&nbsp;<\/p>\n<p><span data-contrast=\"auto\"><a href=\"https:\/\/www.csa.be\/reperesdunumerique\/localisation\/\"><\/a><\/span><\/p>\n<p>[\/et_pb_tab][\/et_pb_tabs][\/et_pb_column][\/et_pb_row][et_pb_row column_structure=\u00a0\u00bb1_4,3_4&Prime; _builder_version=\u00a0\u00bb4.16&Prime; _module_preset=\u00a0\u00bbdefault\u00a0\u00bb global_colors_info=\u00a0\u00bb{}\u00a0\u00bb][et_pb_column type=\u00a0\u00bb1_4&Prime; _builder_version=\u00a0\u00bb4.16&Prime; _module_preset=\u00a0\u00bbdefault\u00a0\u00bb global_colors_info=\u00a0\u00bb{}\u00a0\u00bb][et_pb_image src=\u00a0\u00bbhttps:\/\/www.csa.be\/reperesdunumerique\/wp-content\/uploads\/sites\/7\/2022\/12\/business-gd9bed9dc3_1280.png\u00a0\u00bb title_text=\u00a0\u00bbbusiness-gd9bed9dc3_1280&Prime; _builder_version=\u00a0\u00bb4.16&Prime; _module_preset=\u00a0\u00bbdefault\u00a0\u00bb global_colors_info=\u00a0\u00bb{}\u00a0\u00bb][\/et_pb_image][\/et_pb_column][et_pb_column type=\u00a0\u00bb3_4&Prime; _builder_version=\u00a0\u00bb4.16&Prime; _module_preset=\u00a0\u00bbdefault\u00a0\u00bb global_colors_info=\u00a0\u00bb{}\u00a0\u00bb][et_pb_text _builder_version=\u00a0\u00bb4.16&Prime; _module_preset=\u00a0\u00bbdefault\u00a0\u00bb header_2_font=\u00a0\u00bbPlayfair Display|700|||||||\u00a0\u00bb custom_margin=\u00a0\u00bb||27px|||\u00a0\u00bb global_colors_info=\u00a0\u00bb{}\u00a0\u00bb]<\/p>\n<h2>Questions<\/h2>\n<p>[\/et_pb_text][et_pb_divider color=\u00a0\u00bb#f9ce6e\u00a0\u00bb divider_position=\u00a0\u00bbcenter\u00a0\u00bb divider_weight=\u00a0\u00bb1px\u00a0\u00bb _builder_version=\u00a0\u00bb4.16&Prime; width=\u00a0\u00bb120px\u00a0\u00bb height=\u00a0\u00bb7px\u00a0\u00bb box_shadow_style=\u00a0\u00bbpreset7&Prime; box_shadow_horizontal=\u00a0\u00bb40px\u00a0\u00bb box_shadow_vertical=\u00a0\u00bb0px\u00a0\u00bb box_shadow_color=\u00a0\u00bb#f9ce6e\u00a0\u00bb locked=\u00a0\u00bboff\u00a0\u00bb global_colors_info=\u00a0\u00bb{}\u00a0\u00bb][\/et_pb_divider][et_pb_text _builder_version=\u00a0\u00bb4.16&Prime; header_4_font=\u00a0\u00bbPT Sans|700||on|||||\u00a0\u00bb header_4_text_color=\u00a0\u00bb#ffc107&Prime; header_4_font_size=\u00a0\u00bb11px\u00a0\u00bb header_4_letter_spacing=\u00a0\u00bb1px\u00a0\u00bb custom_margin=\u00a0\u00bb-38px|||130px|false|false\u00a0\u00bb custom_padding=\u00a0\u00bb||||false|false\u00a0\u00bb locked=\u00a0\u00bboff\u00a0\u00bb global_colors_info=\u00a0\u00bb{}\u00a0\u00bb]<\/p>\n<h4>Questions sur la t\u00e9l\u00e9vision num\u00e9rique par c\u00e2ble coaxial<\/h4>\n<p>[\/et_pb_text][et_pb_toggle title=\u00a0\u00bbPuis-je choisir mon distributeur sur le c\u00e2ble ?\u00a0\u00bb open_toggle_text_color=\u00a0\u00bb#ffffff\u00a0\u00bb open_toggle_background_color=\u00a0\u00bb#46afab\u00a0\u00bb closed_toggle_background_color=\u00a0\u00bb#46afab\u00a0\u00bb icon_color=\u00a0\u00bb#ffffff\u00a0\u00bb open_icon_color=\u00a0\u00bb#ffffff\u00a0\u00bb _builder_version=\u00a0\u00bb4.21.0&Prime; _module_preset=\u00a0\u00bbdefault\u00a0\u00bb title_text_color=\u00a0\u00bb#ffffff\u00a0\u00bb title_font=\u00a0\u00bbPT Sans|700|||||||\u00a0\u00bb body_text_color=\u00a0\u00bb#ffffff\u00a0\u00bb hover_enabled=\u00a0\u00bb0&Prime; border_radii=\u00a0\u00bbon|6px|6px|6px|6px\u00a0\u00bb box_shadow_style=\u00a0\u00bbpreset1&Prime; global_colors_info=\u00a0\u00bb{}\u00a0\u00bb sticky_enabled=\u00a0\u00bb0&Prime;]<\/p>\n<p>Oui. En principe, il y a toujours deux offres de t\u00e9l\u00e9distribution num\u00e9rique sur le c\u00e2ble coaxial dans votre r\u00e9gion (VOO ou Telenet, d\u2019une part, et Orange, d\u2019autre part). En revanche, il n\u2019est pas possible de choisir entre VOO et Telenet, ceux-ci couvrant chacun des zones distinctes. <\/p>\n<p>[\/et_pb_toggle][et_pb_toggle title=\u00a0\u00bbAi-je acc\u00e8s aux services interactifs (VOD, \u00ab catch-up TV \u00bb,\u2026), \u00e0 Internet et \u00e0 la t\u00e9l\u00e9phonie sur le c\u00e2ble ?\u00a0\u00bb open_toggle_text_color=\u00a0\u00bb#ffffff\u00a0\u00bb open_toggle_background_color=\u00a0\u00bb#46afab\u00a0\u00bb closed_toggle_background_color=\u00a0\u00bb#46afab\u00a0\u00bb icon_color=\u00a0\u00bb#ffffff\u00a0\u00bb open_icon_color=\u00a0\u00bb#ffffff\u00a0\u00bb _builder_version=\u00a0\u00bb4.16&Prime; _module_preset=\u00a0\u00bbdefault\u00a0\u00bb title_text_color=\u00a0\u00bb#ffffff\u00a0\u00bb title_font=\u00a0\u00bbPT Sans|700|||||||\u00a0\u00bb body_text_color=\u00a0\u00bb#ffffff\u00a0\u00bb border_radii=\u00a0\u00bbon|6px|6px|6px|6px\u00a0\u00bb global_colors_info=\u00a0\u00bb{}\u00a0\u00bb]<\/p>\n<p>Vous \u00eates abonn\u00e9(e) \u00e0\u00a0:<\/p>\n<ul>\n<li>Telenet\u00a0: vous avez acc\u00e8s \u00e0 ces services\u00a0;<\/li>\n<li>VOO\u00a0: v\u00e9rifiez si vous avez acc\u00e8s \u00e0 ces services \u00e0 votre adresse sur le\u00a0<a href=\"https:\/\/abonnement.voo.be\/\"><strong>site du distributeur<\/strong><\/a><strong>;<\/strong><\/li>\n<li>Orange propose actuellement la t\u00e9l\u00e9distribution et l\u2019acc\u00e8s \u00e0 Internet et \u00e0 la t\u00e9l\u00e9phonie sur le c\u00e2ble, mais pas encore aux services interactifs tels la VOD ou la t\u00e9l\u00e9vision de rattrapage.<\/li>\n<\/ul>\n<p>&nbsp;<\/p>\n<p>[\/et_pb_toggle][et_pb_toggle title=\u00a0\u00bbQui d\u00e9cide quelles cha\u00eenes sont distribu\u00e9es sur le c\u00e2ble ?\u00a0\u00bb open_toggle_text_color=\u00a0\u00bb#ffffff\u00a0\u00bb open_toggle_background_color=\u00a0\u00bb#46afab\u00a0\u00bb closed_toggle_background_color=\u00a0\u00bb#46afab\u00a0\u00bb icon_color=\u00a0\u00bb#ffffff\u00a0\u00bb open_icon_color=\u00a0\u00bb#ffffff\u00a0\u00bb _builder_version=\u00a0\u00bb4.21.0&Prime; _module_preset=\u00a0\u00bbdefault\u00a0\u00bb title_text_color=\u00a0\u00bb#ffffff\u00a0\u00bb title_font=\u00a0\u00bbPT Sans|700|||||||\u00a0\u00bb body_text_color=\u00a0\u00bb#ffffff\u00a0\u00bb border_radii=\u00a0\u00bbon|6px|6px|6px|6px\u00a0\u00bb global_colors_info=\u00a0\u00bb{}\u00a0\u00bb]<\/p>\n<p><span>Ce sont les distributeurs eux-m\u00eames qui d\u00e9cident librement quelles cha\u00eenes ils distribuent, en fonction de leur politique commerciale et moyennant accord avec les cha\u00eenes concern\u00e9es.<\/span><span data-ccp-props=\"{&quot;134233117&quot;:true,&quot;134233118&quot;:true,&quot;201341983&quot;:0,&quot;335551550&quot;:6,&quot;335551620&quot;:6,&quot;335559740&quot;:240}\">\u00a0<\/span><\/p>\n<p><span data-contrast=\"auto\">Certains distributeurs sont toutefois tenus de distribuer dans leur offre de base un certain nombre de cha\u00eenes. Il s\u2019agit du \u00a0<a href=\"https:\/\/www.csa.be\/faqs\/7#question_23\"><strong>droit de distribution obligatoire.<\/strong><\/a>\u00a0 <\/span><\/p>\n<p><span data-contrast=\"auto\">Pour plus d\u2019informations sur cette question voir la section relative aux obligations des distributeurs.\u00a0<\/span><\/p>\n<p>[\/et_pb_toggle][et_pb_toggle title=\u00a0\u00bbAi-je besoin d\u2019un d\u00e9codeur (\u00ab set-top box \u00bb) en plus de ma TV ?\u00a0\u00bb open_toggle_text_color=\u00a0\u00bb#ffffff\u00a0\u00bb open_toggle_background_color=\u00a0\u00bb#46afab\u00a0\u00bb closed_toggle_background_color=\u00a0\u00bb#46afab\u00a0\u00bb icon_color=\u00a0\u00bb#ffffff\u00a0\u00bb open_icon_color=\u00a0\u00bb#ffffff\u00a0\u00bb _builder_version=\u00a0\u00bb4.21.0&Prime; _module_preset=\u00a0\u00bbdefault\u00a0\u00bb title_text_color=\u00a0\u00bb#ffffff\u00a0\u00bb title_font=\u00a0\u00bbPT Sans|700|||||||\u00a0\u00bb body_text_color=\u00a0\u00bb#ffffff\u00a0\u00bb border_radii=\u00a0\u00bbon|6px|6px|6px|6px\u00a0\u00bb global_colors_info=\u00a0\u00bb{}\u00a0\u00bb]<\/p>\n<p><span>Dans la majorit\u00e9 des cas, l\u2019acc\u00e8s \u00e0 la t\u00e9l\u00e9vision n\u00e9cessite l\u2019utilisation d\u2019un d\u00e9codeur lou\u00e9 ou vendu par votre distributeur et propre \u00e0 celui-ci. Cependant, certaines offres permettent d\u00e9sormais de s\u2019affranchir d\u2019un d\u00e9codeur en passant notamment par une application sur votre t\u00e9l\u00e9vision connect\u00e9e ou en utilisant \u00e0 la place une box Apple TV ou Android TV. Pour <\/span><span data-contrast=\"auto\">plus d\u2019informations sur cette question, voir la section relative au prix de la t\u00e9l\u00e9vision sans d\u00e9codeur.<\/span><span data-contrast=\"auto\">\u00a0<\/span><\/p>\n<p>[\/et_pb_toggle][\/et_pb_column][\/et_pb_row][\/et_pb_section]<\/p>\n","protected":false},"excerpt":{"rendered":"<p>T\u00e9l\u00e9vision num\u00e9rique par c\u00e2ble coaxialT\u00e9l\u00e9vision num\u00e9rique par c\u00e2ble coaxial Le c\u00e2ble \u00ab\u00a0coaxial\u00a0\u00bb, mieux connu sous le nom de c\u00e2ble de t\u00e9l\u00e9distribution, est la plateforme historiquement consacr\u00e9e \u00e0 la t\u00e9l\u00e9distribution. Elle est disponible dans plus de 90% des foyers en Belgique. Aujourd\u2019hui, les offres de t\u00e9l\u00e9distribution num\u00e9riques ont dans une large mesure supplant\u00e9 la t\u00e9l\u00e9distribution traditionnelle [&hellip;]<\/p>\n","protected":false},"author":2,"featured_media":0,"parent":0,"menu_order":0,"comment_status":"closed","ping_status":"closed","template":"","meta":{"_et_pb_use_builder":"on","_et_pb_old_content":"","_et_gb_content_width":"","footnotes":""},"class_list":["post-338","page","type-page","status-publish","hentry"],"_links":{"self":[{"href":"https:\/\/www.csa.be\/reperesdunumerique\/wp-json\/wp\/v2\/pages\/338","targetHints":{"allow":["GET"]}}],"collection":[{"href":"https:\/\/www.csa.be\/reperesdunumerique\/wp-json\/wp\/v2\/pages"}],"about":[{"href":"https:\/\/www.csa.be\/reperesdunumerique\/wp-json\/wp\/v2\/types\/page"}],"author":[{"embeddable":true,"href":"https:\/\/www.csa.be\/reperesdunumerique\/wp-json\/wp\/v2\/users\/2"}],"replies":[{"embeddable":true,"href":"https:\/\/www.csa.be\/reperesdunumerique\/wp-json\/wp\/v2\/comments?post=338"}],"version-history":[{"count":22,"href":"https:\/\/www.csa.be\/reperesdunumerique\/wp-json\/wp\/v2\/pages\/338\/revisions"}],"predecessor-version":[{"id":1254,"href":"https:\/\/www.csa.be\/reperesdunumerique\/wp-json\/wp\/v2\/pages\/338\/revisions\/1254"}],"wp:attachment":[{"href":"https:\/\/www.csa.be\/reperesdunumerique\/wp-json\/wp\/v2\/media?parent=338"}],"curies":[{"name":"wp","href":"https:\/\/api.w.org\/{rel}","templated":true}]}}