{"id":353,"date":"2021-11-17T14:24:51","date_gmt":"2021-11-17T13:24:51","guid":{"rendered":"https:\/\/www.csa.be\/reperesdunumerique\/?page_id=353"},"modified":"2023-10-16T14:00:27","modified_gmt":"2023-10-16T12:00:27","slug":"analogique-coaxial","status":"publish","type":"page","link":"https:\/\/www.csa.be\/reperesdunumerique\/analogique-coaxial\/","title":{"rendered":"Analogique coaxial"},"content":{"rendered":"<p>[et_pb_section fb_built=\u00a0\u00bb1&Prime; specialty=\u00a0\u00bbon\u00a0\u00bb next_background_color=\u00a0\u00bb#ffffff\u00a0\u00bb padding_top_1=\u00a0\u00bb50px\u00a0\u00bb padding_top_bottom_link_1=\u00a0\u00bbfalse\u00a0\u00bb padding_left_right_link_1=\u00a0\u00bbfalse\u00a0\u00bb padding_1_tablet=\u00a0\u00bb0px||||false|false\u00a0\u00bb padding_1_phone=\u00a0\u00bb\u00a0\u00bb padding_1_last_edited=\u00a0\u00bbon|phone\u00a0\u00bb admin_label=\u00a0\u00bbHeader\u00a0\u00bb _builder_version=\u00a0\u00bb4.16&Prime; background_color=\u00a0\u00bb#f8f9fa\u00a0\u00bb bottom_divider_style=\u00a0\u00bbwave\u00a0\u00bb bottom_divider_height=\u00a0\u00bb118px\u00a0\u00bb bottom_divider_repeat=\u00a0\u00bb1.2x\u00a0\u00bb global_colors_info=\u00a0\u00bb{}\u00a0\u00bb][et_pb_column type=\u00a0\u00bb1_2&Prime; specialty_columns=\u00a0\u00bb2&Prime; _builder_version=\u00a0\u00bb4.16&Prime; custom_padding=\u00a0\u00bb|||\u00a0\u00bb global_colors_info=\u00a0\u00bb{}\u00a0\u00bb custom_padding__hover=\u00a0\u00bb|||\u00a0\u00bb][et_pb_row_inner _builder_version=\u00a0\u00bb4.16&Prime; custom_margin=\u00a0\u00bb||||false|false\u00a0\u00bb custom_margin_last_edited=\u00a0\u00bboff|tablet\u00a0\u00bb global_colors_info=\u00a0\u00bb{}\u00a0\u00bb][et_pb_column_inner saved_specialty_column_type=\u00a0\u00bb1_2&Prime; _builder_version=\u00a0\u00bb4.16&Prime; global_colors_info=\u00a0\u00bb{}\u00a0\u00bb][et_pb_divider color=\u00a0\u00bb#f9ce6e\u00a0\u00bb divider_position=\u00a0\u00bbcenter\u00a0\u00bb divider_weight=\u00a0\u00bb1px\u00a0\u00bb _builder_version=\u00a0\u00bb4.16&Prime; width=\u00a0\u00bb120px\u00a0\u00bb height=\u00a0\u00bb7px\u00a0\u00bb box_shadow_style=\u00a0\u00bbpreset7&Prime; box_shadow_horizontal=\u00a0\u00bb40px\u00a0\u00bb box_shadow_vertical=\u00a0\u00bb0px\u00a0\u00bb box_shadow_color=\u00a0\u00bb#f9ce6e\u00a0\u00bb locked=\u00a0\u00bboff\u00a0\u00bb global_colors_info=\u00a0\u00bb{}\u00a0\u00bb][\/et_pb_divider][et_pb_text _builder_version=\u00a0\u00bb4.16&Prime; header_4_font=\u00a0\u00bbPT Sans|700||on|||||\u00a0\u00bb header_4_text_color=\u00a0\u00bb#ffc107&Prime; header_4_font_size=\u00a0\u00bb11px\u00a0\u00bb header_4_letter_spacing=\u00a0\u00bb1px\u00a0\u00bb custom_margin=\u00a0\u00bb-38px|||130px|false|false\u00a0\u00bb custom_padding=\u00a0\u00bb||||false|false\u00a0\u00bb locked=\u00a0\u00bboff\u00a0\u00bb global_colors_info=\u00a0\u00bb{}\u00a0\u00bb]<\/p>\n<h4><strong>T\u00e9l\u00e9vision analogique par c\u00e2ble coaxial<br \/><\/strong><\/h4>\n<p>[\/et_pb_text][et_pb_text _builder_version=\u00a0\u00bb4.16&Prime; text_font=\u00a0\u00bbPT Sans||||||||\u00a0\u00bb text_font_size=\u00a0\u00bb16px\u00a0\u00bb text_line_height=\u00a0\u00bb1.8em\u00a0\u00bb header_font=\u00a0\u00bbPlayfair Display|700|||||||\u00a0\u00bb header_font_size=\u00a0\u00bb60px\u00a0\u00bb header_line_height=\u00a0\u00bb1.1em\u00a0\u00bb header_font_size_tablet=\u00a0\u00bb40px\u00a0\u00bb header_font_size_phone=\u00a0\u00bb30px\u00a0\u00bb header_font_size_last_edited=\u00a0\u00bbon|phone\u00a0\u00bb global_colors_info=\u00a0\u00bb{}\u00a0\u00bb]<\/p>\n<h1><strong>T\u00e9l\u00e9vision analogique par c\u00e2ble coaxial<br \/><\/strong><\/h1>\n<p>&nbsp;<\/p>\n<p style=\"text-align: justify;\">Le c\u00e2ble \u00ab coaxial \u00bb, mieux connu du grand public sous le nom de c\u00e2ble de t\u00e9l\u00e9distribution, est la plateforme historiquement consacr\u00e9e \u00e0 la t\u00e9l\u00e9distribution. Traditionnellement, la t\u00e9l\u00e9distribution \u00e9tait en format analogique en Belgique, mais elle a \u00e9t\u00e9 remplac\u00e9e par des offres de t\u00e9l\u00e9distribution num\u00e9rique.<\/p>\n<p>[\/et_pb_text][\/et_pb_column_inner][\/et_pb_row_inner][\/et_pb_column][et_pb_column type=\u00a0\u00bb1_2&Prime; _builder_version=\u00a0\u00bb4.16&Prime; custom_padding=\u00a0\u00bb|||\u00a0\u00bb global_colors_info=\u00a0\u00bb{}\u00a0\u00bb custom_padding__hover=\u00a0\u00bb|||\u00a0\u00bb][et_pb_image src=\u00a0\u00bbhttps:\/\/www.csa.be\/reperesdunumerique\/wp-content\/uploads\/sites\/7\/2022\/12\/cache_04.png\u00a0\u00bb title_text=\u00a0\u00bbiStock-95736745&Prime; _builder_version=\u00a0\u00bb4.16&Prime; background_enable_color=\u00a0\u00bboff\u00a0\u00bb background_image=\u00a0\u00bbhttps:\/\/www.csa.be\/reperesdunumerique\/wp-content\/uploads\/sites\/7\/2022\/12\/iStock-95736745.jpg\u00a0\u00bb max_height_last_edited=\u00a0\u00bboff|tablet\u00a0\u00bb custom_margin=\u00a0\u00bb||30px||false|false\u00a0\u00bb global_colors_info=\u00a0\u00bb{}\u00a0\u00bb][\/et_pb_image][\/et_pb_column][\/et_pb_section][et_pb_section fb_built=\u00a0\u00bb1&Prime; admin_label=\u00a0\u00bbHow it Works\u00a0\u00bb _builder_version=\u00a0\u00bb4.21.0&Prime; bottom_divider_style=\u00a0\u00bbwave\u00a0\u00bb bottom_divider_color=\u00a0\u00bb#212121&Prime; hover_enabled=\u00a0\u00bb0&Prime; global_colors_info=\u00a0\u00bb{}\u00a0\u00bb sticky_enabled=\u00a0\u00bb0&Prime;][et_pb_row custom_padding_last_edited=\u00a0\u00bbon|phone\u00a0\u00bb _builder_version=\u00a0\u00bb4.16&Prime; background_color=\u00a0\u00bbrgba(0,0,0,0)\u00a0\u00bb min_height=\u00a0\u00bb579px\u00a0\u00bb custom_margin=\u00a0\u00bb-20px|auto||auto||\u00a0\u00bb custom_padding=\u00a0\u00bb2px|40px|12px|40px|false|true\u00a0\u00bb custom_padding_tablet=\u00a0\u00bb|30px||30px|false|true\u00a0\u00bb custom_padding_phone=\u00a0\u00bb|20px||20px|false|true\u00a0\u00bb border_radii=\u00a0\u00bbon|10px|10px|10px|10px\u00a0\u00bb global_colors_info=\u00a0\u00bb{}\u00a0\u00bb][et_pb_column type=\u00a0\u00bb4_4&Prime; _builder_version=\u00a0\u00bb4.16&Prime; global_colors_info=\u00a0\u00bb{}\u00a0\u00bb][et_pb_text _builder_version=\u00a0\u00bb4.21.0&Prime; _module_preset=\u00a0\u00bbdefault\u00a0\u00bb hover_enabled=\u00a0\u00bb0&Prime; sticky_enabled=\u00a0\u00bb0&Prime; box_shadow_style=\u00a0\u00bbpreset1&Prime; border_radii=\u00a0\u00bbon|20px|20px|20px|20px\u00a0\u00bb custom_padding=\u00a0\u00bb20px||20px||false|false\u00a0\u00bb]<\/p>\n<p style=\"text-align: center;\">Telenet et VOO sont pass\u00e9s au tout num\u00e9rique.<\/p>\n<p style=\"text-align: center;\">(voir page <a href=\"https:\/\/www.csa.be\/reperesdunumerique\/analogique-coaxial\/\"><strong>T\u00e9l\u00e9vision num\u00e9rique par c\u00e2ble coaxial<\/strong><\/a>)<\/p>\n<p>[\/et_pb_text][\/et_pb_column][\/et_pb_row][\/et_pb_section]<\/p>\n","protected":false},"excerpt":{"rendered":"<p>T\u00e9l\u00e9vision analogique par c\u00e2ble coaxialT\u00e9l\u00e9vision analogique par c\u00e2ble coaxial &nbsp; Le c\u00e2ble \u00ab coaxial \u00bb, mieux connu du grand public sous le nom de c\u00e2ble de t\u00e9l\u00e9distribution, est la plateforme historiquement consacr\u00e9e \u00e0 la t\u00e9l\u00e9distribution. Traditionnellement, la t\u00e9l\u00e9distribution \u00e9tait en format analogique en Belgique, mais elle a \u00e9t\u00e9 remplac\u00e9e par des offres de t\u00e9l\u00e9distribution num\u00e9rique.Telenet [&hellip;]<\/p>\n","protected":false},"author":2,"featured_media":0,"parent":0,"menu_order":0,"comment_status":"closed","ping_status":"closed","template":"","meta":{"_et_pb_use_builder":"on","_et_pb_old_content":"","_et_gb_content_width":"","footnotes":""},"class_list":["post-353","page","type-page","status-publish","hentry"],"_links":{"self":[{"href":"https:\/\/www.csa.be\/reperesdunumerique\/wp-json\/wp\/v2\/pages\/353","targetHints":{"allow":["GET"]}}],"collection":[{"href":"https:\/\/www.csa.be\/reperesdunumerique\/wp-json\/wp\/v2\/pages"}],"about":[{"href":"https:\/\/www.csa.be\/reperesdunumerique\/wp-json\/wp\/v2\/types\/page"}],"author":[{"embeddable":true,"href":"https:\/\/www.csa.be\/reperesdunumerique\/wp-json\/wp\/v2\/users\/2"}],"replies":[{"embeddable":true,"href":"https:\/\/www.csa.be\/reperesdunumerique\/wp-json\/wp\/v2\/comments?post=353"}],"version-history":[{"count":23,"href":"https:\/\/www.csa.be\/reperesdunumerique\/wp-json\/wp\/v2\/pages\/353\/revisions"}],"predecessor-version":[{"id":1218,"href":"https:\/\/www.csa.be\/reperesdunumerique\/wp-json\/wp\/v2\/pages\/353\/revisions\/1218"}],"wp:attachment":[{"href":"https:\/\/www.csa.be\/reperesdunumerique\/wp-json\/wp\/v2\/media?parent=353"}],"curies":[{"name":"wp","href":"https:\/\/api.w.org\/{rel}","templated":true}]}}