{"id":360,"date":"2021-11-17T14:47:45","date_gmt":"2021-11-17T13:47:45","guid":{"rendered":"https:\/\/www.csa.be\/reperesdunumerique\/?page_id=360"},"modified":"2023-10-16T13:52:46","modified_gmt":"2023-10-16T11:52:46","slug":"satellite","status":"publish","type":"page","link":"https:\/\/www.csa.be\/reperesdunumerique\/satellite\/","title":{"rendered":"Satellite"},"content":{"rendered":"<p>[et_pb_section fb_built=\u00a0\u00bb1&Prime; specialty=\u00a0\u00bbon\u00a0\u00bb next_background_color=\u00a0\u00bb#ffffff\u00a0\u00bb padding_top_1=\u00a0\u00bb50px\u00a0\u00bb padding_top_bottom_link_1=\u00a0\u00bbfalse\u00a0\u00bb padding_left_right_link_1=\u00a0\u00bbfalse\u00a0\u00bb padding_1_tablet=\u00a0\u00bb0px||||false|false\u00a0\u00bb padding_1_phone=\u00a0\u00bb\u00a0\u00bb padding_1_last_edited=\u00a0\u00bbon|phone\u00a0\u00bb admin_label=\u00a0\u00bbHeader\u00a0\u00bb _builder_version=\u00a0\u00bb4.16&Prime; background_color=\u00a0\u00bb#f8f9fa\u00a0\u00bb bottom_divider_style=\u00a0\u00bbwave\u00a0\u00bb bottom_divider_height=\u00a0\u00bb166px\u00a0\u00bb bottom_divider_repeat=\u00a0\u00bb1.2x\u00a0\u00bb global_colors_info=\u00a0\u00bb{}\u00a0\u00bb][et_pb_column type=\u00a0\u00bb1_2&Prime; specialty_columns=\u00a0\u00bb2&Prime; _builder_version=\u00a0\u00bb4.16&Prime; custom_padding=\u00a0\u00bb|||\u00a0\u00bb global_colors_info=\u00a0\u00bb{}\u00a0\u00bb custom_padding__hover=\u00a0\u00bb|||\u00a0\u00bb][et_pb_row_inner _builder_version=\u00a0\u00bb4.16&Prime; custom_margin=\u00a0\u00bb||||false|false\u00a0\u00bb custom_margin_last_edited=\u00a0\u00bboff|tablet\u00a0\u00bb global_colors_info=\u00a0\u00bb{}\u00a0\u00bb][et_pb_column_inner saved_specialty_column_type=\u00a0\u00bb1_2&Prime; _builder_version=\u00a0\u00bb4.16&Prime; global_colors_info=\u00a0\u00bb{}\u00a0\u00bb][et_pb_divider color=\u00a0\u00bb#f9ce6e\u00a0\u00bb divider_position=\u00a0\u00bbcenter\u00a0\u00bb divider_weight=\u00a0\u00bb1px\u00a0\u00bb _builder_version=\u00a0\u00bb4.16&Prime; width=\u00a0\u00bb120px\u00a0\u00bb height=\u00a0\u00bb7px\u00a0\u00bb box_shadow_style=\u00a0\u00bbpreset7&Prime; box_shadow_horizontal=\u00a0\u00bb40px\u00a0\u00bb box_shadow_vertical=\u00a0\u00bb0px\u00a0\u00bb box_shadow_color=\u00a0\u00bb#f9ce6e\u00a0\u00bb locked=\u00a0\u00bboff\u00a0\u00bb global_colors_info=\u00a0\u00bb{}\u00a0\u00bb][\/et_pb_divider][et_pb_text _builder_version=\u00a0\u00bb4.16&Prime; header_4_font=\u00a0\u00bbPT Sans|700||on|||||\u00a0\u00bb header_4_text_color=\u00a0\u00bb#ffc107&Prime; header_4_font_size=\u00a0\u00bb11px\u00a0\u00bb header_4_letter_spacing=\u00a0\u00bb1px\u00a0\u00bb custom_margin=\u00a0\u00bb-38px|||130px|false|false\u00a0\u00bb custom_padding=\u00a0\u00bb||||false|false\u00a0\u00bb locked=\u00a0\u00bboff\u00a0\u00bb global_colors_info=\u00a0\u00bb{}\u00a0\u00bb]<\/p>\n<h4><strong>T\u00e9l\u00e9vision par satellite<br \/><\/strong><\/h4>\n<p>[\/et_pb_text][et_pb_text _builder_version=\u00a0\u00bb4.16&Prime; text_font=\u00a0\u00bbPT Sans||||||||\u00a0\u00bb text_font_size=\u00a0\u00bb16px\u00a0\u00bb text_line_height=\u00a0\u00bb1.8em\u00a0\u00bb header_font=\u00a0\u00bbPlayfair Display|700|||||||\u00a0\u00bb header_font_size=\u00a0\u00bb60px\u00a0\u00bb header_line_height=\u00a0\u00bb1.1em\u00a0\u00bb header_font_size_tablet=\u00a0\u00bb40px\u00a0\u00bb header_font_size_phone=\u00a0\u00bb30px\u00a0\u00bb header_font_size_last_edited=\u00a0\u00bbon|phone\u00a0\u00bb global_colors_info=\u00a0\u00bb{}\u00a0\u00bb]<\/p>\n<h1><strong>T\u00e9l\u00e9vision par satellite<br \/> <\/strong><\/h1>\n<p>&nbsp;<\/p>\n<p style=\"text-align: justify;\">La t\u00e9l\u00e9vision par satellite d\u00e9signe la diffusion sous format num\u00e9rique de cha\u00eenes de t\u00e9l\u00e9vision gr\u00e2ce \u00e0 un \u00e9metteur satellite.<\/p>\n<p style=\"text-align: justify;\">Elle peut \u00eatre capt\u00e9e gr\u00e2ce \u00e0 une antenne parabolique soit via un service payant par abonnement (signal crypt\u00e9), soit via un service gratuit (cha\u00eenes dites <em>\u00ab\u00a0free\u2013to-air\u00a0\u00bb<\/em>, principalement les cha\u00eenes publiques \u00e9trang\u00e8res).<\/p>\n<p style=\"text-align: justify;\">Il est \u00e9galement possible d\u2019utiliser une connexion satellitaire pour acc\u00e9der \u00e0 Internet.<\/p>\n<p>&nbsp;<\/p>\n<p>&nbsp;<\/p>\n<p>[\/et_pb_text][\/et_pb_column_inner][\/et_pb_row_inner][\/et_pb_column][et_pb_column type=\u00a0\u00bb1_2&Prime; _builder_version=\u00a0\u00bb4.16&Prime; custom_padding=\u00a0\u00bb|||\u00a0\u00bb global_colors_info=\u00a0\u00bb{}\u00a0\u00bb custom_padding__hover=\u00a0\u00bb|||\u00a0\u00bb][et_pb_image src=\u00a0\u00bbhttps:\/\/www.csa.be\/reperesdunumerique\/wp-content\/uploads\/sites\/7\/2022\/12\/cache_04.png\u00a0\u00bb title_text=\u00a0\u00bbcache_04&Prime; _builder_version=\u00a0\u00bb4.16&Prime; background_enable_color=\u00a0\u00bboff\u00a0\u00bb background_image=\u00a0\u00bbhttps:\/\/www.csa.be\/reperesdunumerique\/wp-content\/uploads\/sites\/7\/2022\/12\/pexels-artem-avetikyan-11724287-1.jpg\u00a0\u00bb max_height_last_edited=\u00a0\u00bboff|tablet\u00a0\u00bb custom_margin=\u00a0\u00bb||30px||false|false\u00a0\u00bb global_colors_info=\u00a0\u00bb{}\u00a0\u00bb][\/et_pb_image][\/et_pb_column][\/et_pb_section][et_pb_section fb_built=\u00a0\u00bb1&Prime; admin_label=\u00a0\u00bbHow it Works\u00a0\u00bb _builder_version=\u00a0\u00bb4.16&Prime; bottom_divider_style=\u00a0\u00bbwave\u00a0\u00bb bottom_divider_color=\u00a0\u00bb#212121&Prime; global_colors_info=\u00a0\u00bb{}\u00a0\u00bb min_height=\u00a0\u00bb1181.8px\u00a0\u00bb][et_pb_row custom_padding_last_edited=\u00a0\u00bbon|phone\u00a0\u00bb _builder_version=\u00a0\u00bb4.16&Prime; background_color=\u00a0\u00bbrgba(0,0,0,0)\u00a0\u00bb min_height=\u00a0\u00bb579px\u00a0\u00bb custom_margin=\u00a0\u00bb-20px|auto||auto||\u00a0\u00bb custom_padding=\u00a0\u00bb2px|40px|30px|40px|false|true\u00a0\u00bb custom_padding_tablet=\u00a0\u00bb|30px||30px|false|true\u00a0\u00bb custom_padding_phone=\u00a0\u00bb|20px||20px|false|true\u00a0\u00bb border_radii=\u00a0\u00bbon|10px|10px|10px|10px\u00a0\u00bb global_colors_info=\u00a0\u00bb{}\u00a0\u00bb][et_pb_column type=\u00a0\u00bb4_4&Prime; _builder_version=\u00a0\u00bb4.16&Prime; global_colors_info=\u00a0\u00bb{}\u00a0\u00bb][et_pb_tabs active_tab_background_color=\u00a0\u00bb#46afab\u00a0\u00bb inactive_tab_background_color=\u00a0\u00bbrgba(0,0,0,0)\u00a0\u00bb active_tab_text_color=\u00a0\u00bb#ffffff\u00a0\u00bb _builder_version=\u00a0\u00bb4.16&Prime; _module_preset=\u00a0\u00bbdefault\u00a0\u00bb body_text_align=\u00a0\u00bbjustify\u00a0\u00bb tab_line_height=\u00a0\u00bb2.8em\u00a0\u00bb background_color=\u00a0\u00bbrgba(0,0,0,0)\u00a0\u00bb animation_style=\u00a0\u00bbfade\u00a0\u00bb border_radii=\u00a0\u00bboff|25px|25px|25px|25px\u00a0\u00bb box_shadow_style=\u00a0\u00bbpreset1&Prime; global_colors_info=\u00a0\u00bb{}\u00a0\u00bb inactive_tab_background_color__hover_enabled=\u00a0\u00bbon|hover\u00a0\u00bb inactive_tab_background_color__hover=\u00a0\u00bb#46afab\u00a0\u00bb tab_text_color__hover_enabled=\u00a0\u00bbon|hover\u00a0\u00bb active_tab_background_color__hover_enabled=\u00a0\u00bbon|hover\u00a0\u00bb active_tab_text_color__hover_enabled=\u00a0\u00bbon|hover\u00a0\u00bb active_tab_text_color__hover=\u00a0\u00bb#ffffff\u00a0\u00bb tab_text_color__hover=\u00a0\u00bb#ffffff\u00a0\u00bb active_tab_background_color__hover=\u00a0\u00bb#46afab\u00a0\u00bb][et_pb_tab title=\u00a0\u00bb(D\u00c9S)AVANTAGES\u00a0\u00bb _builder_version=\u00a0\u00bb4.16&Prime; _module_preset=\u00a0\u00bbdefault\u00a0\u00bb global_colors_info=\u00a0\u00bb{}\u00a0\u00bb]<\/p>\n<h2>Avantages et d\u00e9savantages<\/h2>\n<p><span data-contrast=\"auto\"><\/span><\/p>\n<p><span data-contrast=\"auto\"><\/span><\/p>\n<h3>Avantages<\/h3>\n<ul>\n<li>Qualit\u00e9 d\u2019image haute d\u00e9finition (HD);<\/li>\n<li>Couverture nationale;<\/li>\n<li>Nombre de cha\u00eenes incluses dans l\u2019offre de base.<\/li>\n<\/ul>\n<p>&nbsp;<\/p>\n<h3>\u00a0D\u00e9savantages<\/h3>\n<ul>\n<li>Acquisition d\u2019un \u00e9quipement sp\u00e9cifique;<\/li>\n<li>Installation de l\u2019antenne parabolique\u00a0: obligation de conformit\u00e9 aux prescriptions urbanistiques locales, r\u00e8gles de copropri\u00e9t\u00e9;<\/li>\n<li>L\u2019absence de voie TV remontante ne permet pas d\u2019offrir de services interactifs (VOD, TV de rattrapage\u2026). Il faut alors combiner un abonnement \u00e0 la TV par satellite \u00e0 un acc\u00e8s \u00e0 Internet;<\/li>\n<li>Internet disponible mais avec certaines contraintes.\u00a0<\/li>\n<\/ul>\n<p>[\/et_pb_tab][et_pb_tab title=\u00a0\u00bbOFFRE GRATUITE\u00a0\u00bb _builder_version=\u00a0\u00bb4.16&Prime; _module_preset=\u00a0\u00bbdefault\u00a0\u00bb global_colors_info=\u00a0\u00bb{}\u00a0\u00bb]<\/p>\n<h2>Offre gratuite<\/h2>\n<p>&nbsp;<\/p>\n<p>Il existe plus de 500 cha\u00eenes disponibles gratuitement en clair (<em>\u00ab\u00a0free-to-air\u00a0\u00bb<\/em>). Cependant certaines chaines Belges (La Une, Tipik, RTL-TVI, \u2026) ne sont pas diffus\u00e9es dans l\u2019offre gratuite.<\/p>\n<p>&nbsp;<\/p>\n<p>Pour plus d\u2019information voir cette <a href=\"https:\/\/m7cdn.io\/static\/telesat\/pdf\/liste-des-chaines.pdf\">liste<\/a>.<\/p>\n<p>[\/et_pb_tab][et_pb_tab title=\u00a0\u00bbOFFRE PAYANTE\u00a0\u00bb _builder_version=\u00a0\u00bb4.16&Prime; _module_preset=\u00a0\u00bbdefault\u00a0\u00bb global_colors_info=\u00a0\u00bb{}\u00a0\u00bb]<\/p>\n<h2>Offre payante<\/h2>\n<p>&nbsp;<\/p>\n<p>L\u2019op\u00e9rateur T\u00e9l\u00e9sat commercialise des offres TV payantes en Belgique. L\u2019op\u00e9rateur propose une offre de base \u00e0 partir de 14,90 \u20ac \/ mois. Pour plus de d\u00e9tails, rendez-vous directement sur le site Internet de T\u00e9l\u00e9sat.<\/p>\n<p>&nbsp;<\/p>\n<p>Si vous souhaitez comparer les offres group\u00e9es (packs), rendez-vous sur le site comparateur de prix mis au point par l\u2019Institut belge des services postaux et des t\u00e9l\u00e9communications (IBPT).<\/p>\n<p>[\/et_pb_tab][et_pb_tab title=\u00a0\u00bb\u00c9QUIPEMENT\u00a0\u00bb _builder_version=\u00a0\u00bb4.16&Prime; _module_preset=\u00a0\u00bbdefault\u00a0\u00bb global_colors_info=\u00a0\u00bb{}\u00a0\u00bb]<\/p>\n<h2>Mat\u00e9riel de r\u00e9ception<\/h2>\n<p>&nbsp;<\/p>\n<p>Une antenne parabolique \u00e0 une ou plusieurs t\u00eates de r\u00e9ception (orient\u00e9e sud, sud-ouest, \u00e0 installer sur un toit, une fa\u00e7ade ou dans votre jardin dans le respect des contraintes urbanistiques).<\/p>\n<p>Un c\u00e2ble coaxial pour relier cette antenne \u00e0 votre t\u00e9l\u00e9viseur ou au d\u00e9codeur.<\/p>\n<p>Un d\u00e9codeur DVB-S2 ou une t\u00e9l\u00e9vision avec un tuner DVB-S2 int\u00e9gr\u00e9 pour les cha\u00eenes <em>\u00ab\u00a0free-to-air\u00a0\u00bb<\/em>.<\/p>\n<p>Pour les offres payantes, un d\u00e9codeur fourni par votre op\u00e9rateur ou un t\u00e9l\u00e9viseur avec un tuner DVB-S2 int\u00e9gr\u00e9 et un kit pour carte CI+.<\/p>\n<p>&nbsp;<\/p>\n<p><span data-contrast=\"auto\"><a href=\"https:\/\/www.csa.be\/reperesdunumerique\/outils\/\"><\/a><\/span><\/p>\n<p>[\/et_pb_tab][et_pb_tab title=\u00a0\u00bbDISPONIBILIT\u00c9\u00a0\u00bb _builder_version=\u00a0\u00bb4.16&Prime; _module_preset=\u00a0\u00bbdefault\u00a0\u00bb global_colors_info=\u00a0\u00bb{}\u00a0\u00bb]<\/p>\n<h2>Disponibilit\u00e9<\/h2>\n<p><strong><\/strong><\/p>\n<p><strong>Couverture nationale<\/strong>\u00a0: la t\u00e9l\u00e9vision par satellite est accessible pratiquement partout, y compris dans les zones rurales les plus recul\u00e9es (pour autant que vous soyez en mesure d\u2019installer une antenne parabolique avec la bonne orientation).<\/p>\n<p>&nbsp;<\/p>\n<p>&nbsp;<\/p>\n<p><span data-contrast=\"auto\"><a href=\"https:\/\/www.csa.be\/reperesdunumerique\/localisation\/\"><\/a><\/span><\/p>\n<p>[\/et_pb_tab][\/et_pb_tabs][\/et_pb_column][\/et_pb_row][et_pb_row column_structure=\u00a0\u00bb1_3,2_3&Prime; _builder_version=\u00a0\u00bb4.16&Prime; _module_preset=\u00a0\u00bbdefault\u00a0\u00bb global_colors_info=\u00a0\u00bb{}\u00a0\u00bb][et_pb_column type=\u00a0\u00bb1_3&Prime; _builder_version=\u00a0\u00bb4.16&Prime; _module_preset=\u00a0\u00bbdefault\u00a0\u00bb global_colors_info=\u00a0\u00bb{}\u00a0\u00bb][et_pb_image src=\u00a0\u00bbhttps:\/\/www.csa.be\/reperesdunumerique\/wp-content\/uploads\/sites\/7\/2022\/12\/business-gd9bed9dc3_1280.png\u00a0\u00bb title_text=\u00a0\u00bbbusiness-gd9bed9dc3_1280&Prime; _builder_version=\u00a0\u00bb4.16&Prime; _module_preset=\u00a0\u00bbdefault\u00a0\u00bb global_colors_info=\u00a0\u00bb{}\u00a0\u00bb][\/et_pb_image][\/et_pb_column][et_pb_column type=\u00a0\u00bb2_3&Prime; _builder_version=\u00a0\u00bb4.16&Prime; _module_preset=\u00a0\u00bbdefault\u00a0\u00bb global_colors_info=\u00a0\u00bb{}\u00a0\u00bb][et_pb_text _builder_version=\u00a0\u00bb4.16&Prime; _module_preset=\u00a0\u00bbdefault\u00a0\u00bb header_2_font=\u00a0\u00bbPlayfair Display|700|||||||\u00a0\u00bb custom_margin=\u00a0\u00bb||27px|||\u00a0\u00bb global_colors_info=\u00a0\u00bb{}\u00a0\u00bb]<\/p>\n<h2>Questions<\/h2>\n<p>[\/et_pb_text][et_pb_divider color=\u00a0\u00bb#f9ce6e\u00a0\u00bb divider_position=\u00a0\u00bbcenter\u00a0\u00bb divider_weight=\u00a0\u00bb1px\u00a0\u00bb _builder_version=\u00a0\u00bb4.16&Prime; width=\u00a0\u00bb120px\u00a0\u00bb height=\u00a0\u00bb7px\u00a0\u00bb box_shadow_style=\u00a0\u00bbpreset7&Prime; box_shadow_horizontal=\u00a0\u00bb40px\u00a0\u00bb box_shadow_vertical=\u00a0\u00bb0px\u00a0\u00bb box_shadow_color=\u00a0\u00bb#f9ce6e\u00a0\u00bb locked=\u00a0\u00bboff\u00a0\u00bb global_colors_info=\u00a0\u00bb{}\u00a0\u00bb][\/et_pb_divider][et_pb_text _builder_version=\u00a0\u00bb4.16&Prime; header_4_font=\u00a0\u00bbPT Sans|700||on|||||\u00a0\u00bb header_4_text_color=\u00a0\u00bb#ffc107&Prime; header_4_font_size=\u00a0\u00bb11px\u00a0\u00bb header_4_letter_spacing=\u00a0\u00bb1px\u00a0\u00bb custom_margin=\u00a0\u00bb-38px|||130px|false|false\u00a0\u00bb custom_padding=\u00a0\u00bb||||false|false\u00a0\u00bb locked=\u00a0\u00bboff\u00a0\u00bb global_colors_info=\u00a0\u00bb{}\u00a0\u00bb]<\/p>\n<h4>Questions sur la t\u00e9l\u00e9vision par satellite<\/h4>\n<p>[\/et_pb_text][et_pb_toggle title=\u00a0\u00bbY a-t-il des cha\u00eenes belges accessibles gratuitement via le satellite ?\u00a0\u00bb open_toggle_text_color=\u00a0\u00bb#ffffff\u00a0\u00bb open_toggle_background_color=\u00a0\u00bb#46afab\u00a0\u00bb closed_toggle_background_color=\u00a0\u00bb#46afab\u00a0\u00bb icon_color=\u00a0\u00bb#ffffff\u00a0\u00bb open_icon_color=\u00a0\u00bb#ffffff\u00a0\u00bb _builder_version=\u00a0\u00bb4.16&Prime; _module_preset=\u00a0\u00bbdefault\u00a0\u00bb title_text_color=\u00a0\u00bb#ffffff\u00a0\u00bb title_font=\u00a0\u00bbPT Sans|700|||||||\u00a0\u00bb body_text_color=\u00a0\u00bb#ffffff\u00a0\u00bb border_radii=\u00a0\u00bbon|6px|6px|6px|6px\u00a0\u00bb box_shadow_style=\u00a0\u00bbpreset1&Prime; global_colors_info=\u00a0\u00bb{}\u00a0\u00bb]<\/p>\n<p>Non. Bien qu\u2019il existe une offre de cha\u00eenes gratuites\u00a0; les cha\u00eenes belges n\u2019en font pas partie. Certains programmes de la RTBF sont toutefois rediffus\u00e9s sur d\u2019autres cha\u00eenes europ\u00e9ennes free-to-air comme TV5 Monde.<\/p>\n<p>[\/et_pb_toggle][et_pb_toggle title=\u00a0\u00bbLa m\u00e9t\u00e9o a-t-elle une influence sur la r\u00e9ception des signaux ?\u00a0\u00bb open_toggle_text_color=\u00a0\u00bb#ffffff\u00a0\u00bb open_toggle_background_color=\u00a0\u00bb#46afab\u00a0\u00bb closed_toggle_background_color=\u00a0\u00bb#46afab\u00a0\u00bb icon_color=\u00a0\u00bb#ffffff\u00a0\u00bb open_icon_color=\u00a0\u00bb#ffffff\u00a0\u00bb _builder_version=\u00a0\u00bb4.16&Prime; _module_preset=\u00a0\u00bbdefault\u00a0\u00bb title_text_color=\u00a0\u00bb#ffffff\u00a0\u00bb title_font=\u00a0\u00bbPT Sans|700|||||||\u00a0\u00bb body_text_color=\u00a0\u00bb#ffffff\u00a0\u00bb border_radii=\u00a0\u00bbon|6px|6px|6px|6px\u00a0\u00bb global_colors_info=\u00a0\u00bb{}\u00a0\u00bb]<\/p>\n<p>Oui. La r\u00e9ception des signaux via satellite peut \u00eatre affect\u00e9e lors de fortes chutes de pluie ou de neige, la r\u00e9ception n\u2019est cependant affect\u00e9e qu\u2019en cas de conditions climatiques extr\u00eames.<\/p>\n<p>[\/et_pb_toggle][et_pb_toggle title=\u00a0\u00bbPuis-je avoir acc\u00e8s \u00e0 des services interactifs tels que la t\u00e9l\u00e9vision de rattrapage ou la vid\u00e9o \u00e0 la demande via le satellite ?\u00a0\u00bb open_toggle_text_color=\u00a0\u00bb#ffffff\u00a0\u00bb open_toggle_background_color=\u00a0\u00bb#46afab\u00a0\u00bb closed_toggle_background_color=\u00a0\u00bb#46afab\u00a0\u00bb icon_color=\u00a0\u00bb#ffffff\u00a0\u00bb open_icon_color=\u00a0\u00bb#ffffff\u00a0\u00bb _builder_version=\u00a0\u00bb4.16&Prime; _module_preset=\u00a0\u00bbdefault\u00a0\u00bb title_text_color=\u00a0\u00bb#ffffff\u00a0\u00bb title_font=\u00a0\u00bbPT Sans|700|||||||\u00a0\u00bb body_text_color=\u00a0\u00bb#ffffff\u00a0\u00bb border_radii=\u00a0\u00bbon|6px|6px|6px|6px\u00a0\u00bb global_colors_info=\u00a0\u00bb{}\u00a0\u00bb]<\/p>\n<p>Non. Cependant, l\u2019acc\u00e8s \u00e0 la t\u00e9l\u00e9vision de rattrapage est possible en combinant sa liaison satellite avec une connexion Internet via une autre plateforme (en particulier sur le c\u00e2ble de t\u00e9l\u00e9distribution ou t\u00e9l\u00e9phonique).<\/p>\n<p>[\/et_pb_toggle][\/et_pb_column][\/et_pb_row][\/et_pb_section]<\/p>\n","protected":false},"excerpt":{"rendered":"<p>T\u00e9l\u00e9vision par satelliteT\u00e9l\u00e9vision par satellite &nbsp; La t\u00e9l\u00e9vision par satellite d\u00e9signe la diffusion sous format num\u00e9rique de cha\u00eenes de t\u00e9l\u00e9vision gr\u00e2ce \u00e0 un \u00e9metteur satellite. Elle peut \u00eatre capt\u00e9e gr\u00e2ce \u00e0 une antenne parabolique soit via un service payant par abonnement (signal crypt\u00e9), soit via un service gratuit (cha\u00eenes dites \u00ab\u00a0free\u2013to-air\u00a0\u00bb, principalement les cha\u00eenes publiques [&hellip;]<\/p>\n","protected":false},"author":2,"featured_media":0,"parent":0,"menu_order":0,"comment_status":"closed","ping_status":"closed","template":"","meta":{"_et_pb_use_builder":"on","_et_pb_old_content":"","_et_gb_content_width":"","footnotes":""},"class_list":["post-360","page","type-page","status-publish","hentry"],"_links":{"self":[{"href":"https:\/\/www.csa.be\/reperesdunumerique\/wp-json\/wp\/v2\/pages\/360","targetHints":{"allow":["GET"]}}],"collection":[{"href":"https:\/\/www.csa.be\/reperesdunumerique\/wp-json\/wp\/v2\/pages"}],"about":[{"href":"https:\/\/www.csa.be\/reperesdunumerique\/wp-json\/wp\/v2\/types\/page"}],"author":[{"embeddable":true,"href":"https:\/\/www.csa.be\/reperesdunumerique\/wp-json\/wp\/v2\/users\/2"}],"replies":[{"embeddable":true,"href":"https:\/\/www.csa.be\/reperesdunumerique\/wp-json\/wp\/v2\/comments?post=360"}],"version-history":[{"count":10,"href":"https:\/\/www.csa.be\/reperesdunumerique\/wp-json\/wp\/v2\/pages\/360\/revisions"}],"predecessor-version":[{"id":1214,"href":"https:\/\/www.csa.be\/reperesdunumerique\/wp-json\/wp\/v2\/pages\/360\/revisions\/1214"}],"wp:attachment":[{"href":"https:\/\/www.csa.be\/reperesdunumerique\/wp-json\/wp\/v2\/media?parent=360"}],"curies":[{"name":"wp","href":"https:\/\/api.w.org\/{rel}","templated":true}]}}